{"id":691,"date":"2020-04-24T09:44:42","date_gmt":"2020-04-24T07:44:42","guid":{"rendered":"https:\/\/blogsaverroes.juntadeandalucia.es\/moveyourworld\/?page_id=691"},"modified":"2020-05-13T16:58:33","modified_gmt":"2020-05-13T14:58:33","slug":"udi-5-esgrima","status":"publish","type":"page","link":"https:\/\/blogsaverroes.juntadeandalucia.es\/moveyourworld\/udi-5-esgrima\/","title":{"rendered":"UDI 5. Esgrima"},"content":{"rendered":"<p><span style=\"font-family: courier new, courier, monospace\">\u00a1Buenas a todos y a todas! Comenzamos con una UDI dedicada a los deportes de combate con armas, a trav\u00e9s de la <strong>Esgrima<\/strong>.<\/span><\/p>\n<p><span style=\"font-family: courier new, courier, monospace\"><img loading=\"lazy\" decoding=\"async\" class=\"aligncenter wp-image-692 size-medium\" src=\"https:\/\/blogsaverroes.juntadeandalucia.es\/moveyourworld\/files\/2020\/04\/1-e1587714148965-300x223.jpg\" alt=\"\" width=\"300\" height=\"223\" srcset=\"https:\/\/blogsaverroes.juntadeandalucia.es\/moveyourworld\/files\/2020\/04\/1-e1587714148965-300x223.jpg 300w, https:\/\/blogsaverroes.juntadeandalucia.es\/moveyourworld\/files\/2020\/04\/1-e1587714148965-24x18.jpg 24w, https:\/\/blogsaverroes.juntadeandalucia.es\/moveyourworld\/files\/2020\/04\/1-e1587714148965-36x27.jpg 36w, https:\/\/blogsaverroes.juntadeandalucia.es\/moveyourworld\/files\/2020\/04\/1-e1587714148965-48x36.jpg 48w, https:\/\/blogsaverroes.juntadeandalucia.es\/moveyourworld\/files\/2020\/04\/1-e1587714148965.jpg 631w\" sizes=\"(max-width: 300px) 100vw, 300px\" \/><\/span><\/p>\n<p><span style=\"font-family: courier new, courier, monospace\">La esgrima es un deporte de combate ol\u00edmpico, basado en agilidad y velocidad de reacci\u00f3n, que busca alcanzar sus objetivos con la m\u00e1xima eficacia posible.<\/span><\/p>\n<p><span style=\"font-family: courier new, courier, monospace\">La finalidad de esta Unidad ser\u00e1 la de familiarizarnos con esta modalidad deportiva, desarrollar aprendizajes relativos a la esgrima e iniciarnos con algunas t\u00e9cnicas de sable.<\/span><\/p>\n<p style=\"text-align: center\"><span style=\"font-family: courier new, courier, monospace\"><strong>Objetivos de aprendizaje<\/strong><\/span><\/p>\n<ul>\n<li><span style=\"font-family: courier new, courier, monospace\">Conocer el deporte de la esgrima, sus normas, la din\u00e1mica,la estructura y los elementos fundamentales que garanticen la seguridad en la pr\u00e1ctica<\/span><\/li>\n<li><span style=\"font-family: courier new, courier, monospace\">Desarrollar el control de la agresividad y el concepto positivo de enfrentamiento. Aprender a gestionar emociones<\/span><\/li>\n<li><span style=\"font-family: courier new, courier, monospace\">Proporcionar un contexto muy c\u00f3modo para que todo el alumnado desarrolle la expresi\u00f3n corporal y la creaci\u00f3n de dramatizaciones.<\/span><\/li>\n<li><span style=\"font-family: courier new, courier, monospace\">Desarrollar la competencia motriz en base a la coordinaci\u00f3n din\u00e1mico-general, \u00f3culo-manual, velocidad gestual de reacci\u00f3n, percepci\u00f3n espacio-temporal, y los mecanismos de percepci\u00f3n, toma de decisiones y ejecuci\u00f3n en situaciones de pr\u00e1ctica.<\/span><\/li>\n<li><span style=\"font-family: courier new, courier, monospace\">Desarrollar la concentraci\u00f3n<\/span><\/li>\n<li><span style=\"font-family: courier new, courier, monospace\">Participar activamente,independientemente del grado de destreza alcanzado, valorando especialmente la iniciativa,la toma de decisi\u00f3n y la interacci\u00f3n con todos los compa\u00f1eros.<\/span><\/li>\n<\/ul>\n","protected":false},"excerpt":{"rendered":"<p>\u00a1Buenas a todos y a todas! Comenzamos con una UDI dedicada a los deportes de combate con armas, a trav\u00e9s de la Esgrima. La esgrima es un deporte de combate ol\u00edmpico, basado en agilidad y velocidad de reacci\u00f3n, que busca alcanzar sus objetivos con la m\u00e1xima eficacia posible. La finalidad de esta Unidad ser\u00e1 la &hellip; <\/p>\n<p class=\"link-more\"><a href=\"https:\/\/blogsaverroes.juntadeandalucia.es\/moveyourworld\/udi-5-esgrima\/\" class=\"more-link\">Continuar leyendo<span class=\"screen-reader-text\"> \u00abUDI 5. Esgrima\u00bb<\/span><\/a><\/p>\n","protected":false},"author":7776,"featured_media":0,"parent":0,"menu_order":0,"comment_status":"closed","ping_status":"closed","template":"","meta":{"ngg_post_thumbnail":0,"footnotes":""},"aioseo_notices":[],"_links":{"self":[{"href":"https:\/\/blogsaverroes.juntadeandalucia.es\/moveyourworld\/wp-json\/wp\/v2\/pages\/691"}],"collection":[{"href":"https:\/\/blogsaverroes.juntadeandalucia.es\/moveyourworld\/wp-json\/wp\/v2\/pages"}],"about":[{"href":"https:\/\/blogsaverroes.juntadeandalucia.es\/moveyourworld\/wp-json\/wp\/v2\/types\/page"}],"author":[{"embeddable":true,"href":"https:\/\/blogsaverroes.juntadeandalucia.es\/moveyourworld\/wp-json\/wp\/v2\/users\/7776"}],"replies":[{"embeddable":true,"href":"https:\/\/blogsaverroes.juntadeandalucia.es\/moveyourworld\/wp-json\/wp\/v2\/comments?post=691"}],"version-history":[{"count":5,"href":"https:\/\/blogsaverroes.juntadeandalucia.es\/moveyourworld\/wp-json\/wp\/v2\/pages\/691\/revisions"}],"predecessor-version":[{"id":748,"href":"https:\/\/blogsaverroes.juntadeandalucia.es\/moveyourworld\/wp-json\/wp\/v2\/pages\/691\/revisions\/748"}],"wp:attachment":[{"href":"https:\/\/blogsaverroes.juntadeandalucia.es\/moveyourworld\/wp-json\/wp\/v2\/media?parent=691"}],"curies":[{"name":"wp","href":"https:\/\/api.w.org\/{rel}","templated":true}]}}