{"id":701,"date":"2020-04-28T11:52:39","date_gmt":"2020-04-28T09:52:39","guid":{"rendered":"https:\/\/blogsaverroes.juntadeandalucia.es\/moveyourworld\/?page_id=701"},"modified":"2020-05-13T16:59:40","modified_gmt":"2020-05-13T14:59:40","slug":"udi-5-kickboxing","status":"publish","type":"page","link":"https:\/\/blogsaverroes.juntadeandalucia.es\/moveyourworld\/udi-5-kickboxing\/","title":{"rendered":"UDI 5. Kickboxing"},"content":{"rendered":"<p><span style=\"font-family: courier new, courier, monospace\">\u00a1Buenas a todos y a todas! Comenzamos con una UDI dedicada a los deportes de combate con golpeos, a trav\u00e9s de la <strong>Kickboxing educativo<\/strong>.<\/span><\/p>\n<p><span style=\"font-family: courier new, courier, monospace\"><img loading=\"lazy\" decoding=\"async\" class=\"size-full wp-image-702 aligncenter\" src=\"https:\/\/blogsaverroes.juntadeandalucia.es\/moveyourworld\/files\/2020\/04\/1-1.jpg\" alt=\"\" width=\"300\" height=\"300\" srcset=\"https:\/\/blogsaverroes.juntadeandalucia.es\/moveyourworld\/files\/2020\/04\/1-1.jpg 300w, https:\/\/blogsaverroes.juntadeandalucia.es\/moveyourworld\/files\/2020\/04\/1-1-150x150.jpg 150w, https:\/\/blogsaverroes.juntadeandalucia.es\/moveyourworld\/files\/2020\/04\/1-1-100x100.jpg 100w, https:\/\/blogsaverroes.juntadeandalucia.es\/moveyourworld\/files\/2020\/04\/1-1-24x24.jpg 24w, https:\/\/blogsaverroes.juntadeandalucia.es\/moveyourworld\/files\/2020\/04\/1-1-36x36.jpg 36w, https:\/\/blogsaverroes.juntadeandalucia.es\/moveyourworld\/files\/2020\/04\/1-1-48x48.jpg 48w\" sizes=\"(max-width: 300px) 100vw, 300px\" \/><\/span><\/p>\n<p><span style=\"font-family: courier new, courier, monospace\">El kickboxing es un deporte de combate, basado en agilidad y velocidad de reacci\u00f3n, que busca alcanzar sus objetivos con la m\u00e1xima eficacia posible y que permite desarrollar la responsabilidad social y personal.<br \/>\n<\/span><\/p>\n<p><span style=\"font-family: courier new, courier, monospace\">Respecto a su modalidad de forma musical, se puede establecer que es una especie de lucha imaginaria contra uno o varios oponentes en la que el deportista utiliza t\u00e9cnicas adaptadas a la m\u00fasica espec\u00edficamente elegida. La elecci\u00f3n de la m\u00fasica es personal.<\/span><\/p>\n<p><span style=\"font-family: courier new, courier, monospace\">La finalidad de esta Unidad ser\u00e1 la de familiarizarnos con esta modalidad deportiva, desarrollar aprendizajes relativos al kickboxing en su modalidad de forma musical, e iniciarnos con algunas t\u00e9cnicas de deportes de golpeo.<\/span><\/p>\n<p style=\"text-align: center\"><span style=\"font-family: courier new, courier, monospace\"><strong>Objetivos de aprendizaje<\/strong><\/span><\/p>\n<ul>\n<li><span style=\"font-family: courier new, courier, monospace\">Conocer un deporte novedoso como el kickboxing educativo (sin contacto), sus normas, la din\u00e1mica,la estructura y los elementos fundamentales que garanticen la seguridad en la pr\u00e1ctica<\/span><\/li>\n<li><span style=\"font-family: courier new, courier, monospace\">Desarrollar el control de la agresividad y el concepto positivo de enfrentamiento. Aprender a gestionar emociones<\/span><\/li>\n<li><span style=\"font-family: courier new, courier, monospace\">Proporcionar un contexto muy c\u00f3modo para que todo el alumnado desarrolle la expresi\u00f3n corporal, favoreciendo el dise\u00f1o y la pr\u00e1ctica de actividades r\u00edtmico-expresivas como veh\u00edculo para comunicar y transmitir a trav\u00e9s de la motricidad.&nbsp;<\/span><\/li>\n<li><span style=\"font-family: courier new, courier, monospace\">Desarrollar la competencia motriz en base a la coordinaci\u00f3n din\u00e1mico-general, la coordinaci\u00f3n segmentaria, la agilidad y la velocidad gestual de reacci\u00f3n, equilibrios, golpeos, desplazamientos, percepci\u00f3n espacio-temporal, y los mecanismos de percepci\u00f3n, toma de decisiones y ejecuci\u00f3n en situaciones de pr\u00e1ctica.<\/span><\/li>\n<li><span style=\"font-family: courier new, courier, monospace\">Desarrollar la concentraci\u00f3n<\/span><\/li>\n<li><span style=\"font-family: courier new, courier, monospace\">Participar activamente,independientemente del grado de destreza alcanzado, valorando especialmente la iniciativa,la toma de decisi\u00f3n y la interacci\u00f3n con todos los compa\u00f1eros, y potenciar conductas de responsabilidad personal y social que favorezcan el desarrollo de actitudes de empat\u00eda, trabajo en equipo y autonom\u00eda.<\/span><\/li>\n<\/ul>\n","protected":false},"excerpt":{"rendered":"<p>\u00a1Buenas a todos y a todas! Comenzamos con una UDI dedicada a los deportes de combate con golpeos, a trav\u00e9s de la Kickboxing educativo. El kickboxing es un deporte de combate, basado en agilidad y velocidad de reacci\u00f3n, que busca alcanzar sus objetivos con la m\u00e1xima eficacia posible y que permite desarrollar la responsabilidad social &hellip; <\/p>\n<p class=\"link-more\"><a href=\"https:\/\/blogsaverroes.juntadeandalucia.es\/moveyourworld\/udi-5-kickboxing\/\" class=\"more-link\">Continuar leyendo<span class=\"screen-reader-text\"> \u00abUDI 5. Kickboxing\u00bb<\/span><\/a><\/p>\n","protected":false},"author":7776,"featured_media":0,"parent":0,"menu_order":0,"comment_status":"closed","ping_status":"closed","template":"","meta":{"ngg_post_thumbnail":0,"footnotes":""},"aioseo_notices":[],"_links":{"self":[{"href":"https:\/\/blogsaverroes.juntadeandalucia.es\/moveyourworld\/wp-json\/wp\/v2\/pages\/701"}],"collection":[{"href":"https:\/\/blogsaverroes.juntadeandalucia.es\/moveyourworld\/wp-json\/wp\/v2\/pages"}],"about":[{"href":"https:\/\/blogsaverroes.juntadeandalucia.es\/moveyourworld\/wp-json\/wp\/v2\/types\/page"}],"author":[{"embeddable":true,"href":"https:\/\/blogsaverroes.juntadeandalucia.es\/moveyourworld\/wp-json\/wp\/v2\/users\/7776"}],"replies":[{"embeddable":true,"href":"https:\/\/blogsaverroes.juntadeandalucia.es\/moveyourworld\/wp-json\/wp\/v2\/comments?post=701"}],"version-history":[{"count":4,"href":"https:\/\/blogsaverroes.juntadeandalucia.es\/moveyourworld\/wp-json\/wp\/v2\/pages\/701\/revisions"}],"predecessor-version":[{"id":751,"href":"https:\/\/blogsaverroes.juntadeandalucia.es\/moveyourworld\/wp-json\/wp\/v2\/pages\/701\/revisions\/751"}],"wp:attachment":[{"href":"https:\/\/blogsaverroes.juntadeandalucia.es\/moveyourworld\/wp-json\/wp\/v2\/media?parent=701"}],"curies":[{"name":"wp","href":"https:\/\/api.w.org\/{rel}","templated":true}]}}