{"id":717,"date":"2020-05-05T08:43:53","date_gmt":"2020-05-05T06:43:53","guid":{"rendered":"https:\/\/blogsaverroes.juntadeandalucia.es\/moveyourworld\/?page_id=717"},"modified":"2020-05-13T16:54:21","modified_gmt":"2020-05-13T14:54:21","slug":"udi-10-acrosport","status":"publish","type":"page","link":"https:\/\/blogsaverroes.juntadeandalucia.es\/moveyourworld\/udi-10-acrosport\/","title":{"rendered":"UDI 10. Acrosport"},"content":{"rendered":"<p><span style=\"font-family: courier new, courier, monospace\">\u00a1Buenas a todos y a todas! Comenzamos con una UDI dedicada a las habilidades acrob\u00e1ticas a trav\u00e9s de <strong>Acrosport<\/strong>.<\/span><\/p>\n<p><span style=\"font-family: courier new, courier, monospace\"><img loading=\"lazy\" decoding=\"async\" class=\"size-full wp-image-718 aligncenter\" src=\"https:\/\/blogsaverroes.juntadeandalucia.es\/moveyourworld\/files\/2020\/05\/2-e1588660672849.jpg\" alt=\"\" width=\"259\" height=\"218\" srcset=\"https:\/\/blogsaverroes.juntadeandalucia.es\/moveyourworld\/files\/2020\/05\/2-e1588660672849.jpg 259w, https:\/\/blogsaverroes.juntadeandalucia.es\/moveyourworld\/files\/2020\/05\/2-e1588660672849-24x20.jpg 24w, https:\/\/blogsaverroes.juntadeandalucia.es\/moveyourworld\/files\/2020\/05\/2-e1588660672849-36x30.jpg 36w, https:\/\/blogsaverroes.juntadeandalucia.es\/moveyourworld\/files\/2020\/05\/2-e1588660672849-48x40.jpg 48w\" sizes=\"(max-width: 259px) 100vw, 259px\" \/><\/span><\/p>\n<p><span style=\"font-family: courier new, courier, monospace\">El acrosport es un deporte que combina acrobacia y coreograf\u00eda. Se trata de una modalidad deportiva incluida en la Federaci\u00f3n Internacional de Deportes Acrob\u00e1ticos que forma parte de la Federaci\u00f3n Internacional de Gimnasia.<\/span><\/p>\n<p><span style=\"font-family: courier new, courier, monospace\">En el acrosport existen tres elementos fundamentales:<\/span><\/p>\n<p><span style=\"font-family: courier new, courier, monospace\">a) Formaci\u00f3n de figuras o pir\u00e1mides corporales.<\/span><\/p>\n<p><span style=\"font-family: courier new, courier, monospace\">b) Acrobacias y elementos de fuerza, flexibilidad y equilibrios como transiciones entre las figuras.<\/span><\/p>\n<p><span style=\"font-family: courier new, courier, monospace\">c) Elementos de danza, saltos y piruetas gimn\u00e1sticas.<\/span><\/p>\n<p><span style=\"font-family: courier new, courier, monospace\">La finalidad de esta Unidad ser\u00e1 por tanto, la de desarrollar en el alumno un amplio bagaje motriz basado en acciones motrices gen\u00e9ricas, que le permita desarrollar un trabajo en equipo eficaz basado en su nivel de habilidad y compromiso.<\/span><\/p>\n<p style=\"text-align: center\"><span style=\"font-family: courier new, courier, monospace\"><strong>Objetivos de aprendizaje<\/strong><\/span><\/p>\n<ul>\n<li><span style=\"font-family: courier new, courier, monospace\">Conocer y poner en pr\u00e1ctica diferentes habilidades gimn\u00e1sticas y figuras acrob\u00e1ticas, identificando los elementos caracter\u00edsticos de las mismas, y el nivel de ejecuci\u00f3n de las cualidades f\u00edsicas implicadas.<\/span><\/li>\n<li><span style=\"font-family: courier new, courier, monospace\">Reconocer y poner en pr\u00e1ctica la importancia la correcta ejecuci\u00f3n de los elementos gimn\u00e1sticos, adoptando las posturas anat\u00f3micas id\u00f3neas en cada figura, para evitar posibles lesiones.<\/span><\/li>\n<li><span style=\"font-family: courier new, courier, monospace\">Participar en la realizaci\u00f3n de composiciones acrob\u00e1ticas grupales, con independencia de las caracter\u00edsticas particulares de los participantes y su nivel de habilidad, desarrollando actitudes positivas de cooperaci\u00f3n y trabajo en equipo, y adoptando una actitud respetuosa y tolerante.<\/span><\/li>\n<li><span style=\"font-family: courier new, courier, monospace\">Elaborar y exponer en peque\u00f1os grupos los elementos trabajados en clase a partir de las experiencias, sensaciones y vivencias desarrolladas durante las distintas sesiones.<\/span><\/li>\n<\/ul>\n","protected":false},"excerpt":{"rendered":"<p>\u00a1Buenas a todos y a todas! Comenzamos con una UDI dedicada a las habilidades acrob\u00e1ticas a trav\u00e9s de Acrosport. El acrosport es un deporte que combina acrobacia y coreograf\u00eda. Se trata de una modalidad deportiva incluida en la Federaci\u00f3n Internacional de Deportes Acrob\u00e1ticos que forma parte de la Federaci\u00f3n Internacional de Gimnasia. En el acrosport &hellip; <\/p>\n<p class=\"link-more\"><a href=\"https:\/\/blogsaverroes.juntadeandalucia.es\/moveyourworld\/udi-10-acrosport\/\" class=\"more-link\">Continuar leyendo<span class=\"screen-reader-text\"> \u00abUDI 10. Acrosport\u00bb<\/span><\/a><\/p>\n","protected":false},"author":7776,"featured_media":0,"parent":0,"menu_order":0,"comment_status":"closed","ping_status":"closed","template":"","meta":{"ngg_post_thumbnail":0,"footnotes":""},"aioseo_notices":[],"_links":{"self":[{"href":"https:\/\/blogsaverroes.juntadeandalucia.es\/moveyourworld\/wp-json\/wp\/v2\/pages\/717"}],"collection":[{"href":"https:\/\/blogsaverroes.juntadeandalucia.es\/moveyourworld\/wp-json\/wp\/v2\/pages"}],"about":[{"href":"https:\/\/blogsaverroes.juntadeandalucia.es\/moveyourworld\/wp-json\/wp\/v2\/types\/page"}],"author":[{"embeddable":true,"href":"https:\/\/blogsaverroes.juntadeandalucia.es\/moveyourworld\/wp-json\/wp\/v2\/users\/7776"}],"replies":[{"embeddable":true,"href":"https:\/\/blogsaverroes.juntadeandalucia.es\/moveyourworld\/wp-json\/wp\/v2\/comments?post=717"}],"version-history":[{"count":2,"href":"https:\/\/blogsaverroes.juntadeandalucia.es\/moveyourworld\/wp-json\/wp\/v2\/pages\/717\/revisions"}],"predecessor-version":[{"id":744,"href":"https:\/\/blogsaverroes.juntadeandalucia.es\/moveyourworld\/wp-json\/wp\/v2\/pages\/717\/revisions\/744"}],"wp:attachment":[{"href":"https:\/\/blogsaverroes.juntadeandalucia.es\/moveyourworld\/wp-json\/wp\/v2\/media?parent=717"}],"curies":[{"name":"wp","href":"https:\/\/api.w.org\/{rel}","templated":true}]}}