{"id":728,"date":"2020-05-09T11:37:41","date_gmt":"2020-05-09T09:37:41","guid":{"rendered":"https:\/\/blogsaverroes.juntadeandalucia.es\/moveyourworld\/?page_id=728"},"modified":"2020-06-19T09:24:13","modified_gmt":"2020-06-19T07:24:13","slug":"udi-9-malabares","status":"publish","type":"page","link":"https:\/\/blogsaverroes.juntadeandalucia.es\/moveyourworld\/udi-9-malabares\/","title":{"rendered":"UDI 9. Malabares"},"content":{"rendered":"<p><span style=\"font-family: courier new, courier, monospace\">\u00a1Buenas a todos y a todas! Comenzamos con una UDI dedicada la mejora del equilibrio, el ritmo, el esquema corporal y la coordinaci\u00f3n a trav\u00e9s de los <strong>Malabares y Equilibrios<\/strong>.<\/span><\/p>\n<p><span style=\"font-family: courier new, courier, monospace\"><img loading=\"lazy\" decoding=\"async\" class=\" wp-image-732 aligncenter\" src=\"https:\/\/blogsaverroes.juntadeandalucia.es\/moveyourworld\/files\/2020\/05\/11-e1589020593365.jpg\" alt=\"\" width=\"192\" height=\"269\" srcset=\"https:\/\/blogsaverroes.juntadeandalucia.es\/moveyourworld\/files\/2020\/05\/11-e1589020593365.jpg 389w, https:\/\/blogsaverroes.juntadeandalucia.es\/moveyourworld\/files\/2020\/05\/11-e1589020593365-215x300.jpg 215w, https:\/\/blogsaverroes.juntadeandalucia.es\/moveyourworld\/files\/2020\/05\/11-e1589020593365-17x24.jpg 17w, https:\/\/blogsaverroes.juntadeandalucia.es\/moveyourworld\/files\/2020\/05\/11-e1589020593365-26x36.jpg 26w, https:\/\/blogsaverroes.juntadeandalucia.es\/moveyourworld\/files\/2020\/05\/11-e1589020593365-34x48.jpg 34w\" sizes=\"(max-width: 192px) 100vw, 192px\" \/><\/span><\/p>\n<p><span style=\"font-family: courier new, courier, monospace\">Los malabares y las distintas actividades de equilibrios que se llevar\u00e1n a cabo, buscan desarrollar habilidades espec\u00edficas que el alumno puede mejorar con la pr\u00e1ctica, y no s\u00f3lo mejorar desde un punto de vista t\u00e9cnico aislado, sino dentro de una din\u00e1mica l\u00fadica de trabajo.<\/span><\/p>\n<p><span style=\"font-family: courier new, courier, monospace\">Adem\u00e1s, es necesano considerar estas actividades dentro de una dimensi\u00f3n de desarrollo comunicativo, creativo y expresivo, que tendr\u00e1 como finalidad \u00faltima, la mejora de los sistemas neuromusculares que regulan la acci\u00f3n de lanzamiento y recepci\u00f3n de objetos, as\u00ed como la mejora de la percici\u00f3n espacial.<\/span><\/p>\n<p style=\"text-align: center\"><span style=\"font-family: courier new, courier, monospace\"><strong>Objetivos de aprendizaje<\/strong><\/span><\/p>\n<ul>\n<li><span style=\"font-family: courier new, courier, monospace\">Conocer los elementos que participan en el desarrollo de la coordinaci\u00f3n y el equilibrio b\u00e1sico<\/span><\/li>\n<li><span style=\"font-family: courier new, courier, monospace\">Desarrollar y mejorar las habilidades y destrezas b\u00e1sicas relativas a la coordinaci\u00f3n \u00f3culo manual. <\/span><\/li>\n<li><span style=\"font-family: courier new, courier, monospace\">Desarrollar y mejorar el equilibrio est\u00e1tico y din\u00e1mico, mejorar la capacidad de ajuste postural, as\u00ed como aquellos que garanticen la seguridad en la pr\u00e1ctica<\/span><\/li>\n<li><span style=\"font-family: courier new, courier, monospace\">Desarrollar actitudes de cooperaci\u00f3n dentro del grupo, tratando de gestionar emociones relativas a las relaciones interpersonales<\/span><\/li>\n<li><span style=\"font-family: courier new, courier, monospace\">Proporcionar un contexto muy c\u00f3modo para que todo el alumnado desarrolle la expresi\u00f3n corporal, favoreciendo el dise\u00f1o y la pr\u00e1ctica de actividades r\u00edtmico-expresivas como veh\u00edculo para comunicar y transmitir a trav\u00e9s de la motricidad<\/span><\/li>\n<li><span style=\"font-family: courier new, courier, monospace\">Participar activamente,independientemente del grado de destreza alcanzado, valorando especialmente la iniciativa,la toma de decisi\u00f3n y la interacci\u00f3n con todos los compa\u00f1eros, y potenciar conductas de responsabilidad personal y social que favorezcan el desarrollo de actitudes de empat\u00eda, trabajo en equipo y autonom\u00eda<\/span><\/li>\n<\/ul>\n","protected":false},"excerpt":{"rendered":"<p>\u00a1Buenas a todos y a todas! Comenzamos con una UDI dedicada la mejora del equilibrio, el ritmo, el esquema corporal y la coordinaci\u00f3n a trav\u00e9s de los Malabares y Equilibrios. Los malabares y las distintas actividades de equilibrios que se llevar\u00e1n a cabo, buscan desarrollar habilidades espec\u00edficas que el alumno puede mejorar con la pr\u00e1ctica, &hellip; <\/p>\n<p class=\"link-more\"><a href=\"https:\/\/blogsaverroes.juntadeandalucia.es\/moveyourworld\/udi-9-malabares\/\" class=\"more-link\">Continuar leyendo<span class=\"screen-reader-text\"> \u00abUDI 9. Malabares\u00bb<\/span><\/a><\/p>\n","protected":false},"author":7776,"featured_media":0,"parent":0,"menu_order":0,"comment_status":"closed","ping_status":"closed","template":"","meta":{"ngg_post_thumbnail":0,"footnotes":""},"aioseo_notices":[],"_links":{"self":[{"href":"https:\/\/blogsaverroes.juntadeandalucia.es\/moveyourworld\/wp-json\/wp\/v2\/pages\/728"}],"collection":[{"href":"https:\/\/blogsaverroes.juntadeandalucia.es\/moveyourworld\/wp-json\/wp\/v2\/pages"}],"about":[{"href":"https:\/\/blogsaverroes.juntadeandalucia.es\/moveyourworld\/wp-json\/wp\/v2\/types\/page"}],"author":[{"embeddable":true,"href":"https:\/\/blogsaverroes.juntadeandalucia.es\/moveyourworld\/wp-json\/wp\/v2\/users\/7776"}],"replies":[{"embeddable":true,"href":"https:\/\/blogsaverroes.juntadeandalucia.es\/moveyourworld\/wp-json\/wp\/v2\/comments?post=728"}],"version-history":[{"count":7,"href":"https:\/\/blogsaverroes.juntadeandalucia.es\/moveyourworld\/wp-json\/wp\/v2\/pages\/728\/revisions"}],"predecessor-version":[{"id":904,"href":"https:\/\/blogsaverroes.juntadeandalucia.es\/moveyourworld\/wp-json\/wp\/v2\/pages\/728\/revisions\/904"}],"wp:attachment":[{"href":"https:\/\/blogsaverroes.juntadeandalucia.es\/moveyourworld\/wp-json\/wp\/v2\/media?parent=728"}],"curies":[{"name":"wp","href":"https:\/\/api.w.org\/{rel}","templated":true}]}}