{"id":736,"date":"2020-05-11T18:04:50","date_gmt":"2020-05-11T16:04:50","guid":{"rendered":"https:\/\/blogsaverroes.juntadeandalucia.es\/moveyourworld\/?page_id=736"},"modified":"2020-05-13T16:57:03","modified_gmt":"2020-05-13T14:57:03","slug":"udi-11-circo-clown","status":"publish","type":"page","link":"https:\/\/blogsaverroes.juntadeandalucia.es\/moveyourworld\/udi-11-circo-clown\/","title":{"rendered":"UDI 11. Circo Clown"},"content":{"rendered":"<div class=\"entry-content\">\n<p><span style=\"font-family: courier new, courier, monospace\">\u00a1Buenas a todos y a todas! Comenzamos con una UDI dedicada a las habilidades circenses a trav\u00e9s de los <strong>Malabares, Equilibrios, Acrobacias y Clown<\/strong>.<\/span><\/p>\n<p><span style=\"font-family: courier new, courier, monospace\"><img loading=\"lazy\" decoding=\"async\" class=\"size-full wp-image-742 aligncenter\" src=\"https:\/\/blogsaverroes.juntadeandalucia.es\/moveyourworld\/files\/2020\/05\/1b-e1589213591570.jpg\" alt=\"\" width=\"564\" height=\"418\" srcset=\"https:\/\/blogsaverroes.juntadeandalucia.es\/moveyourworld\/files\/2020\/05\/1b-e1589213591570.jpg 564w, https:\/\/blogsaverroes.juntadeandalucia.es\/moveyourworld\/files\/2020\/05\/1b-e1589213591570-300x222.jpg 300w, https:\/\/blogsaverroes.juntadeandalucia.es\/moveyourworld\/files\/2020\/05\/1b-e1589213591570-24x18.jpg 24w, https:\/\/blogsaverroes.juntadeandalucia.es\/moveyourworld\/files\/2020\/05\/1b-e1589213591570-36x27.jpg 36w, https:\/\/blogsaverroes.juntadeandalucia.es\/moveyourworld\/files\/2020\/05\/1b-e1589213591570-48x36.jpg 48w\" sizes=\"(max-width: 564px) 100vw, 564px\" \/><\/span><\/p>\n<p><span style=\"font-family: courier new, courier, monospace\">Se trata de una unidad donde se van a trabajar una gran bater\u00eda de actividades, y en donde el principal objetivo es el desarrollo de la responsabilidad grupal e individual del alumnado, a trav\u00e9s de la coordinaci\u00f3n y el desarrollo de la motricidad.<\/span><\/p>\n<p><span style=\"font-family: courier new, courier, monospace\">Adem\u00e1s, es necesano considerar estas actividades dentro de una dimensi\u00f3n de desarrollo comunicativo, creativo y expresivo.<\/span><\/p>\n<p style=\"text-align: center\"><span style=\"font-family: courier new, courier, monospace\"><strong>Objetivos de aprendizaje<\/strong><\/span><\/p>\n<ul>\n<li><span style=\"font-family: courier new, courier, monospace\">Conocer aspectos relativos a la fisiolog\u00eda del ejercicio y sus implicaciones con el equilibrio y la coordinaci\u00f3n<\/span><\/li>\n<li><span style=\"font-family: courier new, courier, monospace\">Desarrollar y mejorar las habilidades y destrezas b\u00e1sicas relativas a la coordinaci\u00f3n \u00f3culo manual.<\/span><\/li>\n<li><span style=\"font-family: courier new, courier, monospace\">Desarrollar y mejorar el equilibrio est\u00e1tico y din\u00e1mico, mejorar la capacidad de ajuste postural, as\u00ed como aquellos que garanticen la seguridad en la pr\u00e1ctica<\/span><\/li>\n<li><span style=\"font-family: courier new, courier, monospace\">Reconocer y poner en pr\u00e1ctica la importancia la correcta ejecuci\u00f3n de los elementos gimn\u00e1sticos, adoptando las posturas anat\u00f3micas id\u00f3neas en cada figura, para evitar posibles lesiones.<\/span><\/li>\n<li><span style=\"font-family: courier new, courier, monospace\">Desarrollar actitudes de cooperaci\u00f3n dentro del grupo, tratando de gestionar emociones relativas a las relaciones interpersonales<\/span><\/li>\n<li><span style=\"font-family: courier new, courier, monospace\">Proporcionar un contexto muy c\u00f3modo para que todo el alumnado desarrolle la expresi\u00f3n corporal, favoreciendo el dise\u00f1o y la pr\u00e1ctica de actividades r\u00edtmico-expresivas como veh\u00edculo para comunicar y transmitir a trav\u00e9s de la motricidad, mediante montajes grupales propios<\/span><\/li>\n<\/ul>\n<\/div>\n","protected":false},"excerpt":{"rendered":"<p>\u00a1Buenas a todos y a todas! Comenzamos con una UDI dedicada a las habilidades circenses a trav\u00e9s de los Malabares, Equilibrios, Acrobacias y Clown. Se trata de una unidad donde se van a trabajar una gran bater\u00eda de actividades, y en donde el principal objetivo es el desarrollo de la responsabilidad grupal e individual del &hellip; <\/p>\n<p class=\"link-more\"><a href=\"https:\/\/blogsaverroes.juntadeandalucia.es\/moveyourworld\/udi-11-circo-clown\/\" class=\"more-link\">Continuar leyendo<span class=\"screen-reader-text\"> \u00abUDI 11. Circo Clown\u00bb<\/span><\/a><\/p>\n","protected":false},"author":7776,"featured_media":0,"parent":0,"menu_order":0,"comment_status":"closed","ping_status":"closed","template":"","meta":{"ngg_post_thumbnail":0,"footnotes":""},"aioseo_notices":[],"_links":{"self":[{"href":"https:\/\/blogsaverroes.juntadeandalucia.es\/moveyourworld\/wp-json\/wp\/v2\/pages\/736"}],"collection":[{"href":"https:\/\/blogsaverroes.juntadeandalucia.es\/moveyourworld\/wp-json\/wp\/v2\/pages"}],"about":[{"href":"https:\/\/blogsaverroes.juntadeandalucia.es\/moveyourworld\/wp-json\/wp\/v2\/types\/page"}],"author":[{"embeddable":true,"href":"https:\/\/blogsaverroes.juntadeandalucia.es\/moveyourworld\/wp-json\/wp\/v2\/users\/7776"}],"replies":[{"embeddable":true,"href":"https:\/\/blogsaverroes.juntadeandalucia.es\/moveyourworld\/wp-json\/wp\/v2\/comments?post=736"}],"version-history":[{"count":5,"href":"https:\/\/blogsaverroes.juntadeandalucia.es\/moveyourworld\/wp-json\/wp\/v2\/pages\/736\/revisions"}],"predecessor-version":[{"id":745,"href":"https:\/\/blogsaverroes.juntadeandalucia.es\/moveyourworld\/wp-json\/wp\/v2\/pages\/736\/revisions\/745"}],"wp:attachment":[{"href":"https:\/\/blogsaverroes.juntadeandalucia.es\/moveyourworld\/wp-json\/wp\/v2\/media?parent=736"}],"curies":[{"name":"wp","href":"https:\/\/api.w.org\/{rel}","templated":true}]}}