{"id":753,"date":"2020-05-13T17:03:01","date_gmt":"2020-05-13T15:03:01","guid":{"rendered":"https:\/\/blogsaverroes.juntadeandalucia.es\/moveyourworld\/?page_id=753"},"modified":"2020-05-14T11:33:59","modified_gmt":"2020-05-14T09:33:59","slug":"udi-9-parkour","status":"publish","type":"page","link":"https:\/\/blogsaverroes.juntadeandalucia.es\/moveyourworld\/udi-9-parkour\/","title":{"rendered":"UDI 9. Parkour"},"content":{"rendered":"<div class=\"entry-content\">\n<p><span style=\"font-family: courier new, courier, monospace\">\u00a1Buenas a todos y a todas! Comenzamos con una UDI dedicada a las habilidades acrob\u00e1ticas, los saltos y la agilidad a trav\u00e9s del <strong>Parkour<\/strong>.<\/span><\/p>\n<p><span style=\"font-family: courier new, courier, monospace\"><img loading=\"lazy\" decoding=\"async\" class=\"aligncenter wp-image-757 \" src=\"https:\/\/blogsaverroes.juntadeandalucia.es\/moveyourworld\/files\/2020\/05\/11-1-e1589383004779.jpg\" alt=\"\" width=\"329\" height=\"252\" srcset=\"https:\/\/blogsaverroes.juntadeandalucia.es\/moveyourworld\/files\/2020\/05\/11-1-e1589383004779.jpg 563w, https:\/\/blogsaverroes.juntadeandalucia.es\/moveyourworld\/files\/2020\/05\/11-1-e1589383004779-300x230.jpg 300w, https:\/\/blogsaverroes.juntadeandalucia.es\/moveyourworld\/files\/2020\/05\/11-1-e1589383004779-24x18.jpg 24w, https:\/\/blogsaverroes.juntadeandalucia.es\/moveyourworld\/files\/2020\/05\/11-1-e1589383004779-36x28.jpg 36w, https:\/\/blogsaverroes.juntadeandalucia.es\/moveyourworld\/files\/2020\/05\/11-1-e1589383004779-48x37.jpg 48w\" sizes=\"(max-width: 329px) 100vw, 329px\" \/><\/span><\/p>\n<p><span style=\"font-family: courier new, courier, monospace\">El parkour se trata de una disciplina no competitiva que requiere de la capacidad de adaptaci\u00f3n al medio, mediante el desarrollo de habilidades motrices b\u00e1sicas utilizadas en el entorno natural y urbano.<b><br \/>\n<\/b><\/span><\/p>\n<p><span style=\"font-family: courier new, courier, monospace\">La finalidad de esta Unidad ser\u00e1 la de desarrollar en el alumno un amplio bagaje motriz basado en acciones motrices gen\u00e9ricas, que le permitan desarrollar su agilidad, coordinaci\u00f3n y equilibrio, as\u00ed como diferentes capacidades f\u00edsicas b\u00e1sicas y por tanto la mejora de su competencia motriz.<\/span><\/p>\n<p style=\"text-align: center\"><span style=\"font-family: courier new, courier, monospace\"><strong>Objetivos de aprendizaje<\/strong><\/span><\/p>\n<ul>\n<li><span style=\"font-family: courier new, courier, monospace\">Conocer y practicas diferentes t\u00e9cnicas de parkour mejorando su ejecuci\u00f3n motriz.<\/span><\/li>\n<li><span style=\"font-family: courier new, courier, monospace\">Cooperar con los compa\u00f1eros durante el aprendizaje de las diferentes t\u00e9cnicas, manteniendo una actitud positiva durante la pr\u00e1ctica diaria.<\/span><\/li>\n<li><span style=\"font-family: courier new, courier, monospace\">Identificar los elementos caracter\u00edsticos de las diferentes t\u00e9cnicas, y ajustar el nivel de ejecuci\u00f3n a el nivel individual de cada uno, tratando de mejorarlo siempre cuidando aquellos aspectos que hacen segura la pr\u00e1ctica.<\/span><\/li>\n<li><span style=\"font-family: courier new, courier, monospace\">Participar en la realizaci\u00f3n de circuitos grupales, teniendo en cuenta las caracter\u00edsticas particulares de los participantes y su nivel de habilidad.<\/span><\/li>\n<\/ul>\n<\/div>\n","protected":false},"excerpt":{"rendered":"<p>\u00a1Buenas a todos y a todas! Comenzamos con una UDI dedicada a las habilidades acrob\u00e1ticas, los saltos y la agilidad a trav\u00e9s del Parkour. El parkour se trata de una disciplina no competitiva que requiere de la capacidad de adaptaci\u00f3n al medio, mediante el desarrollo de habilidades motrices b\u00e1sicas utilizadas en el entorno natural y &hellip; <\/p>\n<p class=\"link-more\"><a href=\"https:\/\/blogsaverroes.juntadeandalucia.es\/moveyourworld\/udi-9-parkour\/\" class=\"more-link\">Continuar leyendo<span class=\"screen-reader-text\"> \u00abUDI 9. Parkour\u00bb<\/span><\/a><\/p>\n","protected":false},"author":7776,"featured_media":0,"parent":0,"menu_order":0,"comment_status":"closed","ping_status":"closed","template":"","meta":{"ngg_post_thumbnail":0,"footnotes":""},"aioseo_notices":[],"_links":{"self":[{"href":"https:\/\/blogsaverroes.juntadeandalucia.es\/moveyourworld\/wp-json\/wp\/v2\/pages\/753"}],"collection":[{"href":"https:\/\/blogsaverroes.juntadeandalucia.es\/moveyourworld\/wp-json\/wp\/v2\/pages"}],"about":[{"href":"https:\/\/blogsaverroes.juntadeandalucia.es\/moveyourworld\/wp-json\/wp\/v2\/types\/page"}],"author":[{"embeddable":true,"href":"https:\/\/blogsaverroes.juntadeandalucia.es\/moveyourworld\/wp-json\/wp\/v2\/users\/7776"}],"replies":[{"embeddable":true,"href":"https:\/\/blogsaverroes.juntadeandalucia.es\/moveyourworld\/wp-json\/wp\/v2\/comments?post=753"}],"version-history":[{"count":6,"href":"https:\/\/blogsaverroes.juntadeandalucia.es\/moveyourworld\/wp-json\/wp\/v2\/pages\/753\/revisions"}],"predecessor-version":[{"id":761,"href":"https:\/\/blogsaverroes.juntadeandalucia.es\/moveyourworld\/wp-json\/wp\/v2\/pages\/753\/revisions\/761"}],"wp:attachment":[{"href":"https:\/\/blogsaverroes.juntadeandalucia.es\/moveyourworld\/wp-json\/wp\/v2\/media?parent=753"}],"curies":[{"name":"wp","href":"https:\/\/api.w.org\/{rel}","templated":true}]}}