{"id":762,"date":"2020-05-15T10:13:25","date_gmt":"2020-05-15T08:13:25","guid":{"rendered":"https:\/\/blogsaverroes.juntadeandalucia.es\/moveyourworld\/?page_id=762"},"modified":"2020-05-15T17:18:11","modified_gmt":"2020-05-15T15:18:11","slug":"udi-3-fornite","status":"publish","type":"page","link":"https:\/\/blogsaverroes.juntadeandalucia.es\/moveyourworld\/udi-3-fornite\/","title":{"rendered":"UDI 3. FornitEF"},"content":{"rendered":"<p><span style=\"font-family: courier new, courier, monospace\">\u00a1Buenas a todos y a todas! Comenzamos con una UDI dedicada a las habilidades motrices y las capacidades f\u00edsicas b\u00e1sicas a trav\u00e9s de juegos como el <strong>Fornite motriz<\/strong>.<\/span><\/p>\n<p><span style=\"font-family: courier new, courier, monospace\"><img loading=\"lazy\" decoding=\"async\" class=\"size-full wp-image-763 aligncenter\" src=\"https:\/\/blogsaverroes.juntadeandalucia.es\/moveyourworld\/files\/2020\/05\/1-1.jpg\" alt=\"\" width=\"564\" height=\"314\" srcset=\"https:\/\/blogsaverroes.juntadeandalucia.es\/moveyourworld\/files\/2020\/05\/1-1.jpg 564w, https:\/\/blogsaverroes.juntadeandalucia.es\/moveyourworld\/files\/2020\/05\/1-1-300x167.jpg 300w, https:\/\/blogsaverroes.juntadeandalucia.es\/moveyourworld\/files\/2020\/05\/1-1-24x13.jpg 24w, https:\/\/blogsaverroes.juntadeandalucia.es\/moveyourworld\/files\/2020\/05\/1-1-36x20.jpg 36w, https:\/\/blogsaverroes.juntadeandalucia.es\/moveyourworld\/files\/2020\/05\/1-1-48x27.jpg 48w\" sizes=\"(max-width: 564px) 100vw, 564px\" \/><\/span><\/p>\n<p><span style=\"font-family: courier new, courier, monospace\">Las habilidades motrices b\u00e1sicas son el vocabulario b\u00e1sico de nuestro aprendizaje motor, base con la que los alumnos podr\u00e1n construir respuestas motoras ricas, complejas y adaptadas.<\/span><\/p>\n<p><span style=\"font-family: courier new, courier, monospace\">Por otro lado, el desarrollo de las capacidades f\u00edsicas b\u00e1sicas determinan la condici\u00f3n f\u00edsica y permiten desarrollar esa base motriz que facilita la pr\u00e1ctica de actividad f\u00edsica con garant\u00edas.<\/span><\/p>\n<p><span style=\"font-family: courier new, courier, monospace\">La finalidad de esta Unidad ser\u00e1 por tanto, la de desarrollar en el alumno un amplio bagaje motriz basado en acciones motrices motivadoras, que le permitan desarrollar su nivel de condici\u00f3n f\u00edsica y habilidad.<\/span><\/p>\n<p><span style=\"font-family: courier new, courier, monospace\"><strong>Objetivos de aprendizaje<\/strong><\/span><\/p>\n<ul>\n<li><span style=\"font-family: courier new, courier, monospace\">Conocer elementos b\u00e1sicos de la motricidad y los beneficios que conlleva su desarrollo para la salud.<\/span><\/li>\n<li><span style=\"font-family: courier new, courier, monospace\">Reconocer y poner en pr\u00e1ctica las distintas habilidades motrices desarrolladas.<\/span><\/li>\n<li><span style=\"font-family: courier new, courier, monospace\">Asumir y responsabilizarse del proceso de pr\u00e1ctica en base a las normas planteadas que permitan una actividad segura, coordinar las tareas de ense\u00f1anza aprendizaje, y participar activamente desde los distintos roles.<\/span><\/li>\n<li><span style=\"font-family: courier new, courier, monospace\">Participar en la realizaci\u00f3n de composiciones r\u00edtmicas y expresivas.<\/span><\/li>\n<li><span style=\"font-family: courier new, courier, monospace\">Elaborar materiales con material reciclado, \u00fatiles para la pr\u00e1ctica de actividad f\u00edsica alternativa, y desarrollar actitudes de cuidado del entorno y respeto a los dem\u00e1s, desde un enfoque de cooperaci\u00f3n.<\/span><\/li>\n<\/ul>\n","protected":false},"excerpt":{"rendered":"<p>\u00a1Buenas a todos y a todas! Comenzamos con una UDI dedicada a las habilidades motrices y las capacidades f\u00edsicas b\u00e1sicas a trav\u00e9s de juegos como el Fornite motriz. Las habilidades motrices b\u00e1sicas son el vocabulario b\u00e1sico de nuestro aprendizaje motor, base con la que los alumnos podr\u00e1n construir respuestas motoras ricas, complejas y adaptadas. Por &hellip; <\/p>\n<p class=\"link-more\"><a href=\"https:\/\/blogsaverroes.juntadeandalucia.es\/moveyourworld\/udi-3-fornite\/\" class=\"more-link\">Continuar leyendo<span class=\"screen-reader-text\"> \u00abUDI 3. FornitEF\u00bb<\/span><\/a><\/p>\n","protected":false},"author":7776,"featured_media":0,"parent":0,"menu_order":0,"comment_status":"closed","ping_status":"closed","template":"","meta":{"ngg_post_thumbnail":0,"footnotes":""},"aioseo_notices":[],"_links":{"self":[{"href":"https:\/\/blogsaverroes.juntadeandalucia.es\/moveyourworld\/wp-json\/wp\/v2\/pages\/762"}],"collection":[{"href":"https:\/\/blogsaverroes.juntadeandalucia.es\/moveyourworld\/wp-json\/wp\/v2\/pages"}],"about":[{"href":"https:\/\/blogsaverroes.juntadeandalucia.es\/moveyourworld\/wp-json\/wp\/v2\/types\/page"}],"author":[{"embeddable":true,"href":"https:\/\/blogsaverroes.juntadeandalucia.es\/moveyourworld\/wp-json\/wp\/v2\/users\/7776"}],"replies":[{"embeddable":true,"href":"https:\/\/blogsaverroes.juntadeandalucia.es\/moveyourworld\/wp-json\/wp\/v2\/comments?post=762"}],"version-history":[{"count":7,"href":"https:\/\/blogsaverroes.juntadeandalucia.es\/moveyourworld\/wp-json\/wp\/v2\/pages\/762\/revisions"}],"predecessor-version":[{"id":772,"href":"https:\/\/blogsaverroes.juntadeandalucia.es\/moveyourworld\/wp-json\/wp\/v2\/pages\/762\/revisions\/772"}],"wp:attachment":[{"href":"https:\/\/blogsaverroes.juntadeandalucia.es\/moveyourworld\/wp-json\/wp\/v2\/media?parent=762"}],"curies":[{"name":"wp","href":"https:\/\/api.w.org\/{rel}","templated":true}]}}