{"id":778,"date":"2020-05-17T22:27:42","date_gmt":"2020-05-17T20:27:42","guid":{"rendered":"https:\/\/blogsaverroes.juntadeandalucia.es\/moveyourworld\/?page_id=778"},"modified":"2020-05-20T09:05:41","modified_gmt":"2020-05-20T07:05:41","slug":"udi-2-atletismo","status":"publish","type":"page","link":"https:\/\/blogsaverroes.juntadeandalucia.es\/moveyourworld\/udi-2-atletismo\/","title":{"rendered":"UDI 2. Atletismo"},"content":{"rendered":"<p><span style=\"font-family: courier new, courier, monospace\">\u00a1Buenas a todos y a todas! Comenzamos con una UDI dedicada a las habilidades motrices b\u00e1sicas a trav\u00e9s del <strong>Atletismo<\/strong>.<\/span><\/p>\n<p><span style=\"font-family: courier new, courier, monospace\"><img loading=\"lazy\" decoding=\"async\" class=\" wp-image-782 aligncenter\" src=\"https:\/\/blogsaverroes.juntadeandalucia.es\/moveyourworld\/files\/2020\/05\/1.atletismo.jpg\" alt=\"\" width=\"385\" height=\"257\" srcset=\"https:\/\/blogsaverroes.juntadeandalucia.es\/moveyourworld\/files\/2020\/05\/1.atletismo.jpg 563w, https:\/\/blogsaverroes.juntadeandalucia.es\/moveyourworld\/files\/2020\/05\/1.atletismo-300x200.jpg 300w, https:\/\/blogsaverroes.juntadeandalucia.es\/moveyourworld\/files\/2020\/05\/1.atletismo-24x16.jpg 24w, https:\/\/blogsaverroes.juntadeandalucia.es\/moveyourworld\/files\/2020\/05\/1.atletismo-36x24.jpg 36w, https:\/\/blogsaverroes.juntadeandalucia.es\/moveyourworld\/files\/2020\/05\/1.atletismo-48x32.jpg 48w\" sizes=\"(max-width: 385px) 100vw, 385px\" \/><\/span><\/p>\n<p><span style=\"font-family: courier new, courier, monospace\">El atletismo es un deporte individual, compuesto por movimientos naturales, como son correr, saltar y lanzar, fundamental en el desarrollo motor del ser humano.<\/span><\/p>\n<p><span style=\"font-family: courier new, courier, monospace\">La finalidad de esta Unidad ser\u00e1 la de desarrollar en el alumno un amplio bagaje motriz basado en acciones motrices espec\u00edficas, que le permitan elaborar estructuras b\u00e1sicas de movimiento.<\/span><\/p>\n<p><span style=\"font-family: courier new, courier, monospace\"><strong>Objetivos de aprendizaje<\/strong><\/span><\/p>\n<ul>\n<li><span style=\"font-family: courier new, courier, monospace\">Conocer y poner en pr\u00e1ctica las diferentes modalidades del atletismo.<\/span><\/li>\n<li><span style=\"font-family: courier new, courier, monospace\">Reconocer la importancia de los patrones de ejecuci\u00f3n t\u00e9cnica en el \u00e9xito de las tareas y saber analizarlas.<\/span><\/li>\n<li><span style=\"font-family: courier new, courier, monospace\">Dise\u00f1ar y poner en pr\u00e1ctica&nbsp; sesiones de entrenamiento dirigiendo peque\u00f1os grupos de trabajo y autoorganizando la actividad.<\/span><\/li>\n<li><span style=\"font-family: courier new, courier, monospace\">Organizar pr\u00e1cticas deportivas y responsabilizarse del buen funcionamiento de las mismas, adoptando distintos roles en la actividad f\u00edsica, como son el de participante, espectador y ciudadano deportivo.<\/span><\/li>\n<\/ul>\n","protected":false},"excerpt":{"rendered":"<p>\u00a1Buenas a todos y a todas! Comenzamos con una UDI dedicada a las habilidades motrices b\u00e1sicas a trav\u00e9s del Atletismo. El atletismo es un deporte individual, compuesto por movimientos naturales, como son correr, saltar y lanzar, fundamental en el desarrollo motor del ser humano. La finalidad de esta Unidad ser\u00e1 la de desarrollar en el &hellip; <\/p>\n<p class=\"link-more\"><a href=\"https:\/\/blogsaverroes.juntadeandalucia.es\/moveyourworld\/udi-2-atletismo\/\" class=\"more-link\">Continuar leyendo<span class=\"screen-reader-text\"> \u00abUDI 2. Atletismo\u00bb<\/span><\/a><\/p>\n","protected":false},"author":7776,"featured_media":0,"parent":0,"menu_order":0,"comment_status":"closed","ping_status":"closed","template":"","meta":{"ngg_post_thumbnail":0,"footnotes":""},"aioseo_notices":[],"_links":{"self":[{"href":"https:\/\/blogsaverroes.juntadeandalucia.es\/moveyourworld\/wp-json\/wp\/v2\/pages\/778"}],"collection":[{"href":"https:\/\/blogsaverroes.juntadeandalucia.es\/moveyourworld\/wp-json\/wp\/v2\/pages"}],"about":[{"href":"https:\/\/blogsaverroes.juntadeandalucia.es\/moveyourworld\/wp-json\/wp\/v2\/types\/page"}],"author":[{"embeddable":true,"href":"https:\/\/blogsaverroes.juntadeandalucia.es\/moveyourworld\/wp-json\/wp\/v2\/users\/7776"}],"replies":[{"embeddable":true,"href":"https:\/\/blogsaverroes.juntadeandalucia.es\/moveyourworld\/wp-json\/wp\/v2\/comments?post=778"}],"version-history":[{"count":5,"href":"https:\/\/blogsaverroes.juntadeandalucia.es\/moveyourworld\/wp-json\/wp\/v2\/pages\/778\/revisions"}],"predecessor-version":[{"id":788,"href":"https:\/\/blogsaverroes.juntadeandalucia.es\/moveyourworld\/wp-json\/wp\/v2\/pages\/778\/revisions\/788"}],"wp:attachment":[{"href":"https:\/\/blogsaverroes.juntadeandalucia.es\/moveyourworld\/wp-json\/wp\/v2\/media?parent=778"}],"curies":[{"name":"wp","href":"https:\/\/api.w.org\/{rel}","templated":true}]}}