{"id":831,"date":"2020-06-01T12:15:28","date_gmt":"2020-06-01T10:15:28","guid":{"rendered":"https:\/\/blogsaverroes.juntadeandalucia.es\/moveyourworld\/?page_id=831"},"modified":"2020-06-01T13:08:05","modified_gmt":"2020-06-01T11:08:05","slug":"udi-6-voleibol-i","status":"publish","type":"page","link":"https:\/\/blogsaverroes.juntadeandalucia.es\/moveyourworld\/udi-6-voleibol-i\/","title":{"rendered":"UDI 6. Voleibol I"},"content":{"rendered":"<p><span style=\"font-family: courier new, courier, monospace\">\u00a1Buenas a todos y a todas! Comenzamos con una UDI dedicada a los deportes de cancha dividida a trav\u00e9s del <strong>Voleibol<\/strong>.<\/span><\/p>\n<p><span style=\"font-family: courier new, courier, monospace\"><img loading=\"lazy\" decoding=\"async\" class=\"size-full wp-image-832 aligncenter\" src=\"https:\/\/blogsaverroes.juntadeandalucia.es\/moveyourworld\/files\/2020\/06\/1.Voleibol-I.jpg\" alt=\"\" width=\"300\" height=\"300\" srcset=\"https:\/\/blogsaverroes.juntadeandalucia.es\/moveyourworld\/files\/2020\/06\/1.Voleibol-I.jpg 300w, https:\/\/blogsaverroes.juntadeandalucia.es\/moveyourworld\/files\/2020\/06\/1.Voleibol-I-150x150.jpg 150w, https:\/\/blogsaverroes.juntadeandalucia.es\/moveyourworld\/files\/2020\/06\/1.Voleibol-I-100x100.jpg 100w, https:\/\/blogsaverroes.juntadeandalucia.es\/moveyourworld\/files\/2020\/06\/1.Voleibol-I-24x24.jpg 24w, https:\/\/blogsaverroes.juntadeandalucia.es\/moveyourworld\/files\/2020\/06\/1.Voleibol-I-36x36.jpg 36w, https:\/\/blogsaverroes.juntadeandalucia.es\/moveyourworld\/files\/2020\/06\/1.Voleibol-I-48x48.jpg 48w\" sizes=\"(max-width: 300px) 100vw, 300px\" \/><\/span><\/p>\n<p><span style=\"font-family: courier new, courier, monospace\">Los deportes de cancha dividida como el voleibol, son deportes en los que no existe una interacci\u00f3n directa con el adversario en el mismo espacio, y permite el desarrollo de t\u00e9cnico individual necesario para desarrollar habilidades b\u00e1sicas y espec\u00edficas en base a la lateralidad, el control de los diferentes segmentos corporales, y el desarrollo de la coordinaci\u00f3n din\u00e1mica general.&nbsp;<\/span><\/p>\n<p><span style=\"font-family: courier new, courier, monospace\">La finalidad de esta Unidad ser\u00e1 la de familiarizarnos con este tipo de deportes, y generar un proceso de construcci\u00f3n grupal, comprensivo y reflexivo, de respuestas motrices t\u00e9cnicas y t\u00e1cticas en el juego. El an\u00e1lisis de este tipo de deportes permitir\u00e1 al alumno modificar su estructura para generar otros entornos propicios para su pr\u00e1ctica.<\/span><\/p>\n<p style=\"text-align: center\"><span style=\"font-family: courier new, courier, monospace\"><strong>Objetivos de aprendizaje<\/strong><\/span><\/p>\n<ul>\n<li><span style=\"font-family: courier new, courier, monospace\">Conocer la finalidad y entender la l\u00f3gica interna y la estructura de los deportes de cancha dividida, as\u00ed como desarrollar un sentido t\u00e1ctico y de ocupaci\u00f3n de espacios durante su pr\u00e1ctica.<\/span><\/li>\n<li><span style=\"font-family: courier new, courier, monospace\">Desarrollar habilidades motrices espec\u00edficas a partir de habilidades b\u00e1sicas de salto y golpeos.<\/span><\/li>\n<li><span style=\"font-family: courier new, courier, monospace\">Participar activamente y con predisposici\u00f3n positiva, en este tipo de deportes desarrollando una actitud reflexiva de an\u00e1lisis del juego, atendiendo a las normas y a las consideraciones de juego limpio.<\/span><\/li>\n<li><span style=\"font-family: courier new, courier, monospace\">Dirigir sesiones de entrenamiento y conocer las fases de una temporada.<\/span><\/li>\n<li><span style=\"font-family: courier new, courier, monospace\">Reflexionar sobre la estructura de los distintos deportes y dise\u00f1ar un deporte propio que atienda a estos criterios.<\/span><\/li>\n<\/ul>\n","protected":false},"excerpt":{"rendered":"<p>\u00a1Buenas a todos y a todas! Comenzamos con una UDI dedicada a los deportes de cancha dividida a trav\u00e9s del Voleibol. Los deportes de cancha dividida como el voleibol, son deportes en los que no existe una interacci\u00f3n directa con el adversario en el mismo espacio, y permite el desarrollo de t\u00e9cnico individual necesario para &hellip; <\/p>\n<p class=\"link-more\"><a href=\"https:\/\/blogsaverroes.juntadeandalucia.es\/moveyourworld\/udi-6-voleibol-i\/\" class=\"more-link\">Continuar leyendo<span class=\"screen-reader-text\"> \u00abUDI 6. Voleibol I\u00bb<\/span><\/a><\/p>\n","protected":false},"author":7776,"featured_media":0,"parent":0,"menu_order":0,"comment_status":"closed","ping_status":"closed","template":"","meta":{"ngg_post_thumbnail":0,"footnotes":""},"aioseo_notices":[],"_links":{"self":[{"href":"https:\/\/blogsaverroes.juntadeandalucia.es\/moveyourworld\/wp-json\/wp\/v2\/pages\/831"}],"collection":[{"href":"https:\/\/blogsaverroes.juntadeandalucia.es\/moveyourworld\/wp-json\/wp\/v2\/pages"}],"about":[{"href":"https:\/\/blogsaverroes.juntadeandalucia.es\/moveyourworld\/wp-json\/wp\/v2\/types\/page"}],"author":[{"embeddable":true,"href":"https:\/\/blogsaverroes.juntadeandalucia.es\/moveyourworld\/wp-json\/wp\/v2\/users\/7776"}],"replies":[{"embeddable":true,"href":"https:\/\/blogsaverroes.juntadeandalucia.es\/moveyourworld\/wp-json\/wp\/v2\/comments?post=831"}],"version-history":[{"count":5,"href":"https:\/\/blogsaverroes.juntadeandalucia.es\/moveyourworld\/wp-json\/wp\/v2\/pages\/831\/revisions"}],"predecessor-version":[{"id":845,"href":"https:\/\/blogsaverroes.juntadeandalucia.es\/moveyourworld\/wp-json\/wp\/v2\/pages\/831\/revisions\/845"}],"wp:attachment":[{"href":"https:\/\/blogsaverroes.juntadeandalucia.es\/moveyourworld\/wp-json\/wp\/v2\/media?parent=831"}],"curies":[{"name":"wp","href":"https:\/\/api.w.org\/{rel}","templated":true}]}}