{"id":838,"date":"2020-06-01T12:28:19","date_gmt":"2020-06-01T10:28:19","guid":{"rendered":"https:\/\/blogsaverroes.juntadeandalucia.es\/moveyourworld\/?page_id=838"},"modified":"2020-06-01T13:16:45","modified_gmt":"2020-06-01T11:16:45","slug":"udi-6-voleibol-ii","status":"publish","type":"page","link":"https:\/\/blogsaverroes.juntadeandalucia.es\/moveyourworld\/udi-6-voleibol-ii\/","title":{"rendered":"UDI 6. Voleibol II"},"content":{"rendered":"<p><span style=\"font-family: courier new, courier, monospace\">\u00a1Buenas a todos y a todas! Comenzamos con una UDI de profundizaci\u00f3n dedicada a los deportes de cancha dividida a trav\u00e9s del <strong>Voleibol<\/strong>.<\/span><\/p>\n<p><span style=\"font-family: courier new, courier, monospace\"><img loading=\"lazy\" decoding=\"async\" class=\" wp-image-841 aligncenter\" src=\"https:\/\/blogsaverroes.juntadeandalucia.es\/moveyourworld\/files\/2020\/06\/1.Voleibol.jpg\" alt=\"\" width=\"250\" height=\"313\" srcset=\"https:\/\/blogsaverroes.juntadeandalucia.es\/moveyourworld\/files\/2020\/06\/1.Voleibol.jpg 564w, https:\/\/blogsaverroes.juntadeandalucia.es\/moveyourworld\/files\/2020\/06\/1.Voleibol-240x300.jpg 240w, https:\/\/blogsaverroes.juntadeandalucia.es\/moveyourworld\/files\/2020\/06\/1.Voleibol-19x24.jpg 19w, https:\/\/blogsaverroes.juntadeandalucia.es\/moveyourworld\/files\/2020\/06\/1.Voleibol-29x36.jpg 29w, https:\/\/blogsaverroes.juntadeandalucia.es\/moveyourworld\/files\/2020\/06\/1.Voleibol-38x48.jpg 38w\" sizes=\"(max-width: 250px) 100vw, 250px\" \/><\/span><\/p>\n<p><span style=\"font-family: courier new, courier, monospace\">Estamos ante una modalidad deportiva con enormes posibilidades en el entorno urbano y natural, para la ocupaci\u00f3n del ocio activo en el alumno. Sin embargo, es habitual que la dificultad t\u00e9cnica genere rechazo para su pr\u00e1ctica.<br \/>\n<\/span><\/p>\n<p><span style=\"font-family: courier new, courier, monospace\">La finalidad de esta Unidad ser\u00e1 por un lado, la de desarrollar un entorno de aprendizaje t\u00e9cnico en el alumnado, a trav\u00e9s de actividades que se ajusten a las necesidades de los participantes. Para ello, ser\u00e1 imprescindible generar un proceso de construcci\u00f3n grupal, comprensivo y reflexivo para su pr\u00e1ctica.<\/span><\/p>\n<p><span style=\"font-family: courier new, courier, monospace\">Del mismo modo, otro de los objetivos fundamentales de esta Unidad ser\u00e1 el de involucrar al alumnado en un proceso de contrucci\u00f3n deportiva, con el objetivo de que en un futuro, no solo se convierta en espectador o practicante de deporte y ejercicio f\u00edsico, sino tambi\u00e9n que asuma un rol de ciudadano deportivo.<\/span><\/p>\n<p style=\"text-align: center\"><span style=\"font-family: courier new, courier, monospace\"><strong>Objetivos de aprendizaje<\/strong><\/span><\/p>\n<ul>\n<li><span style=\"font-family: courier new, courier, monospace\">Reconocer las necesidades individuales y el propio nivel de ejecuci\u00f3n t\u00e9cnica, y ajustar las situaciones de aprendizaje modificando las actividades.<br \/>\n<\/span><\/li>\n<li><span style=\"font-family: courier new, courier, monospace\">Desarrollar habilidades motrices espec\u00edficas a partir de habilidades b\u00e1sicas de salto y golpeos.<\/span><\/li>\n<li><span style=\"font-family: courier new, courier, monospace\">Participar activamente y con predisposici\u00f3n positiva, en este tipo de deportes desarrollando una actitud reflexiva de an\u00e1lisis del juego, atendiendo a las normas y a las consideraciones de juego limpio.<\/span><\/li>\n<li><span style=\"font-family: courier new, courier, monospace\">Dirigir sesiones de entrenamiento y conocer las fases de una temporada.<\/span><\/li>\n<li><span style=\"font-family: courier new, courier, monospace\">Reflexionar sobre la estructura de los distintos modos de competiciones y dise\u00f1ar un campeonato intragrupo teniendo en cuenta los condicionantes de la clase.<\/span><\/li>\n<\/ul>\n","protected":false},"excerpt":{"rendered":"<p>\u00a1Buenas a todos y a todas! Comenzamos con una UDI de profundizaci\u00f3n dedicada a los deportes de cancha dividida a trav\u00e9s del Voleibol. Estamos ante una modalidad deportiva con enormes posibilidades en el entorno urbano y natural, para la ocupaci\u00f3n del ocio activo en el alumno. Sin embargo, es habitual que la dificultad t\u00e9cnica genere &hellip; <\/p>\n<p class=\"link-more\"><a href=\"https:\/\/blogsaverroes.juntadeandalucia.es\/moveyourworld\/udi-6-voleibol-ii\/\" class=\"more-link\">Continuar leyendo<span class=\"screen-reader-text\"> \u00abUDI 6. Voleibol II\u00bb<\/span><\/a><\/p>\n","protected":false},"author":7776,"featured_media":0,"parent":0,"menu_order":0,"comment_status":"closed","ping_status":"closed","template":"","meta":{"ngg_post_thumbnail":0,"footnotes":""},"aioseo_notices":[],"_links":{"self":[{"href":"https:\/\/blogsaverroes.juntadeandalucia.es\/moveyourworld\/wp-json\/wp\/v2\/pages\/838"}],"collection":[{"href":"https:\/\/blogsaverroes.juntadeandalucia.es\/moveyourworld\/wp-json\/wp\/v2\/pages"}],"about":[{"href":"https:\/\/blogsaverroes.juntadeandalucia.es\/moveyourworld\/wp-json\/wp\/v2\/types\/page"}],"author":[{"embeddable":true,"href":"https:\/\/blogsaverroes.juntadeandalucia.es\/moveyourworld\/wp-json\/wp\/v2\/users\/7776"}],"replies":[{"embeddable":true,"href":"https:\/\/blogsaverroes.juntadeandalucia.es\/moveyourworld\/wp-json\/wp\/v2\/comments?post=838"}],"version-history":[{"count":5,"href":"https:\/\/blogsaverroes.juntadeandalucia.es\/moveyourworld\/wp-json\/wp\/v2\/pages\/838\/revisions"}],"predecessor-version":[{"id":846,"href":"https:\/\/blogsaverroes.juntadeandalucia.es\/moveyourworld\/wp-json\/wp\/v2\/pages\/838\/revisions\/846"}],"wp:attachment":[{"href":"https:\/\/blogsaverroes.juntadeandalucia.es\/moveyourworld\/wp-json\/wp\/v2\/media?parent=838"}],"curies":[{"name":"wp","href":"https:\/\/api.w.org\/{rel}","templated":true}]}}