{"id":847,"date":"2020-06-04T11:38:07","date_gmt":"2020-06-04T09:38:07","guid":{"rendered":"https:\/\/blogsaverroes.juntadeandalucia.es\/moveyourworld\/?page_id=847"},"modified":"2020-06-08T19:20:54","modified_gmt":"2020-06-08T17:20:54","slug":"udi-7-balonmano","status":"publish","type":"page","link":"https:\/\/blogsaverroes.juntadeandalucia.es\/moveyourworld\/udi-7-balonmano\/","title":{"rendered":"UDI 7. Balonmano"},"content":{"rendered":"<p><span style=\"font-family: courier new, courier, monospace\">\u00a1Buenas a todos y a todas! Comenzamos con una UDI de profundizaci\u00f3n dedicada a los deportes colectivos de invasi\u00f3n a trav\u00e9s del <strong>Balonmano<\/strong>.<\/span><\/p>\n<p><span style=\"font-family: courier new, courier, monospace\"><img loading=\"lazy\" decoding=\"async\" class=\" wp-image-850 aligncenter\" src=\"https:\/\/blogsaverroes.juntadeandalucia.es\/moveyourworld\/files\/2020\/06\/1.Balonmano.jpg\" alt=\"\" width=\"238\" height=\"336\" srcset=\"https:\/\/blogsaverroes.juntadeandalucia.es\/moveyourworld\/files\/2020\/06\/1.Balonmano.jpg 564w, https:\/\/blogsaverroes.juntadeandalucia.es\/moveyourworld\/files\/2020\/06\/1.Balonmano-212x300.jpg 212w, https:\/\/blogsaverroes.juntadeandalucia.es\/moveyourworld\/files\/2020\/06\/1.Balonmano-17x24.jpg 17w, https:\/\/blogsaverroes.juntadeandalucia.es\/moveyourworld\/files\/2020\/06\/1.Balonmano-25x36.jpg 25w, https:\/\/blogsaverroes.juntadeandalucia.es\/moveyourworld\/files\/2020\/06\/1.Balonmano-34x48.jpg 34w\" sizes=\"(max-width: 238px) 100vw, 238px\" \/><\/span><\/p>\n<p><span style=\"font-family: courier new, courier, monospace\">Estamos ante una modalidad deportiva con una gran proyecci\u00f3n a nivel nacional, cuyo aprendizaje garantiza un desarrollo motriz a distintos niveles, y un desarrollo del pensamiento t\u00e1ctico completo, tanto individual como de grupo, y debido a su estructura con gran importancia tanto de ataque como de defensa. <\/span><\/p>\n<p><span style=\"font-family: courier new, courier, monospace\">Por otro lado, los aspectos reglamentarios de este deporte garantizan el pensamiento cr\u00edtico en el alumno, en relaci\u00f3n a otras modalidades deportivas donde el respeto a las normas y al contrario fomentan actitudes poco c\u00edvicas.<br \/>\n<\/span><\/p>\n<p><span style=\"font-family: courier new, courier, monospace\">La finalidad de esta Unidad ser\u00e1 por un lado, la de desarrollar un entorno de aprendizaje t\u00e9cnico en el alumnado, a trav\u00e9s de actividades que se ajusten a las necesidades de los participantes. Para ello, ser\u00e1 imprescindible generar un proceso de construcci\u00f3n grupal, comprensivo y reflexivo para su pr\u00e1ctica.<\/span><\/p>\n<p><span style=\"font-family: courier new, courier, monospace\">Del mismo modo, otro de los objetivos fundamentales de esta Unidad ser\u00e1 el de involucrar al alumnado en un proceso de contrucci\u00f3n deportiva, con el objetivo de que en un futuro, no solo se convierta en espectador o practicante de deporte y ejercicio f\u00edsico, sino tambi\u00e9n que asuma un rol de ciudadano deportivo.<\/span><\/p>\n<p style=\"text-align: center\"><span style=\"font-family: courier new, courier, monospace\"><strong>Objetivos de aprendizaje<\/strong><\/span><\/p>\n<ul>\n<li><span style=\"font-family: courier new, courier, monospace\">Reconocer los aspectos t\u00e9cnicos, t\u00e1cticos y reglamentarios correspondientes a la pr\u00e1ctica de balonmano.<\/span><\/li>\n<li><span style=\"font-family: courier new, courier, monospace\">Desarrollar y seleccionar actividades dirigidas a mejorar determinados aspectos en una sesi\u00f3n.<\/span><\/li>\n<li><span style=\"font-family: courier new, courier, monospace\">Dise\u00f1ar y dirigir sesiones de preparaci\u00f3n al Balonmano y exponer conceptos clave que ayuden a su comprensi\u00f3n.<\/span><\/li>\n<li><span style=\"font-family: courier new, courier, monospace\">Participar activamente y con predisposici\u00f3n positiva, en este tipo de deportes desarrollando una actitud reflexiva de an\u00e1lisis del juego, atendiendo a las normas y a las consideraciones de juego limpio.<\/span><\/li>\n<li><span style=\"font-family: courier new, courier, monospace\">Identificar aspectos t\u00e1cticos y reglamentarios en juego real.<\/span><\/li>\n<\/ul>\n","protected":false},"excerpt":{"rendered":"<p>\u00a1Buenas a todos y a todas! Comenzamos con una UDI de profundizaci\u00f3n dedicada a los deportes colectivos de invasi\u00f3n a trav\u00e9s del Balonmano. Estamos ante una modalidad deportiva con una gran proyecci\u00f3n a nivel nacional, cuyo aprendizaje garantiza un desarrollo motriz a distintos niveles, y un desarrollo del pensamiento t\u00e1ctico completo, tanto individual como de &hellip; <\/p>\n<p class=\"link-more\"><a href=\"https:\/\/blogsaverroes.juntadeandalucia.es\/moveyourworld\/udi-7-balonmano\/\" class=\"more-link\">Continuar leyendo<span class=\"screen-reader-text\"> \u00abUDI 7. Balonmano\u00bb<\/span><\/a><\/p>\n","protected":false},"author":7776,"featured_media":0,"parent":0,"menu_order":0,"comment_status":"closed","ping_status":"closed","template":"","meta":{"ngg_post_thumbnail":0,"footnotes":""},"aioseo_notices":[],"_links":{"self":[{"href":"https:\/\/blogsaverroes.juntadeandalucia.es\/moveyourworld\/wp-json\/wp\/v2\/pages\/847"}],"collection":[{"href":"https:\/\/blogsaverroes.juntadeandalucia.es\/moveyourworld\/wp-json\/wp\/v2\/pages"}],"about":[{"href":"https:\/\/blogsaverroes.juntadeandalucia.es\/moveyourworld\/wp-json\/wp\/v2\/types\/page"}],"author":[{"embeddable":true,"href":"https:\/\/blogsaverroes.juntadeandalucia.es\/moveyourworld\/wp-json\/wp\/v2\/users\/7776"}],"replies":[{"embeddable":true,"href":"https:\/\/blogsaverroes.juntadeandalucia.es\/moveyourworld\/wp-json\/wp\/v2\/comments?post=847"}],"version-history":[{"count":5,"href":"https:\/\/blogsaverroes.juntadeandalucia.es\/moveyourworld\/wp-json\/wp\/v2\/pages\/847\/revisions"}],"predecessor-version":[{"id":860,"href":"https:\/\/blogsaverroes.juntadeandalucia.es\/moveyourworld\/wp-json\/wp\/v2\/pages\/847\/revisions\/860"}],"wp:attachment":[{"href":"https:\/\/blogsaverroes.juntadeandalucia.es\/moveyourworld\/wp-json\/wp\/v2\/media?parent=847"}],"curies":[{"name":"wp","href":"https:\/\/api.w.org\/{rel}","templated":true}]}}