{"id":876,"date":"2020-06-11T16:26:39","date_gmt":"2020-06-11T14:26:39","guid":{"rendered":"https:\/\/blogsaverroes.juntadeandalucia.es\/moveyourworld\/?page_id=876"},"modified":"2020-06-11T20:53:11","modified_gmt":"2020-06-11T18:53:11","slug":"udi-3-raquetas-i","status":"publish","type":"page","link":"https:\/\/blogsaverroes.juntadeandalucia.es\/moveyourworld\/udi-3-raquetas-i\/","title":{"rendered":"UDI 3. B\u00e1dminton"},"content":{"rendered":"<p><span style=\"font-family: courier new, courier, monospace\">\u00a1Buenas a todos y a todas! Comenzamos con una UDI dedicada a los deportes de adversario con implemento a trav\u00e9s del <strong>B\u00e1dminton<\/strong>.<\/span><\/p>\n<p><span style=\"font-family: courier new, courier, monospace\"><img loading=\"lazy\" decoding=\"async\" class=\"size-full wp-image-883 aligncenter\" src=\"https:\/\/blogsaverroes.juntadeandalucia.es\/moveyourworld\/files\/2020\/06\/1.Ba\u0301dminton.jpg\" alt=\"\" width=\"236\" height=\"393\" srcset=\"https:\/\/blogsaverroes.juntadeandalucia.es\/moveyourworld\/files\/2020\/06\/1.Ba\u0301dminton.jpg 236w, https:\/\/blogsaverroes.juntadeandalucia.es\/moveyourworld\/files\/2020\/06\/1.Ba\u0301dminton-180x300.jpg 180w, https:\/\/blogsaverroes.juntadeandalucia.es\/moveyourworld\/files\/2020\/06\/1.Ba\u0301dminton-14x24.jpg 14w, https:\/\/blogsaverroes.juntadeandalucia.es\/moveyourworld\/files\/2020\/06\/1.Ba\u0301dminton-22x36.jpg 22w, https:\/\/blogsaverroes.juntadeandalucia.es\/moveyourworld\/files\/2020\/06\/1.Ba\u0301dminton-29x48.jpg 29w\" sizes=\"(max-width: 236px) 100vw, 236px\" \/><\/span><\/p>\n<p><span style=\"font-family: courier new, courier, monospace\">El b\u00e1dminton es un deporte id\u00f3neo para la familiarizaci\u00f3n t\u00e9cnico-t\u00e1ctica del alumnado con los deportes de implemento debido a sus caracter\u00edsticas de juego y de materiales, donde el m\u00f3vil que utiliza (volante) garantiza un vuelo que permite el an\u00e1lisis de su trayectoria y situacional del alumno. <\/span><\/p>\n<p><span style=\"font-family: courier new, courier, monospace\">La finalidad de esta Unidad ser\u00e1 la de desarrollar un entorno de aprendizaje t\u00e9cnico-t\u00e1ctico en el alumnado en relaci\u00f3n a los deportes de raqueta, a trav\u00e9s de actividades que ellos mismos seleccionen, mediante un proceso de construcci\u00f3n grupal, comprensivo y reflexivo.<br \/>\n<\/span><\/p>\n<p><span style=\"font-family: courier new, courier, monospace\">Con este objetivo, se plantear\u00e1n situaciones de competici\u00f3n cooperativa en el alumnado, que le anime a ejecutar diferentes elementos t\u00e9cnicos aprendidos y garanticen el dominio de este deporte, favoreciendo su incorporaci\u00f3n en su ocio activo.<\/span><\/p>\n<p style=\"text-align: center\"><span style=\"font-family: courier new, courier, monospace\"><strong>Objetivos de aprendizaje<\/strong><\/span><\/p>\n<ul>\n<li><span style=\"font-family: courier new, courier, monospace\">Reconocer los elementos t\u00e9cnicos, t\u00e1cticos y reglamentarios del b\u00e1dminton.<br \/>\n<\/span><\/li>\n<li><span style=\"font-family: courier new, courier, monospace\">Seleccionar y llevar a la pr\u00e1ctica actividades dirigidas a la mejora de las habilidades espec\u00edficas de este deporte.<br \/>\n<\/span><\/li>\n<li><span style=\"font-family: courier new, courier, monospace\">Participar activamente y con predisposici\u00f3n positiva, en este tipo de deportes desarrollando una actitud reflexiva de an\u00e1lisis del juego, atendiendo a las normas y a las consideraciones de juego limpio.<\/span><\/li>\n<li><span style=\"font-family: courier new, courier, monospace\">Dirigir sesiones de entrenamiento y participar de distintos roles dentro del equipo.<\/span><\/li>\n<li><span style=\"font-family: courier new, courier, monospace\">Participar en competiciones cooperativas, asumiendo las reglas espec\u00edficas y favoreciendo un clima positivo de actividad f\u00edsica.<\/span><\/li>\n<\/ul>\n","protected":false},"excerpt":{"rendered":"<p>\u00a1Buenas a todos y a todas! Comenzamos con una UDI dedicada a los deportes de adversario con implemento a trav\u00e9s del B\u00e1dminton. El b\u00e1dminton es un deporte id\u00f3neo para la familiarizaci\u00f3n t\u00e9cnico-t\u00e1ctica del alumnado con los deportes de implemento debido a sus caracter\u00edsticas de juego y de materiales, donde el m\u00f3vil que utiliza (volante) garantiza &hellip; <\/p>\n<p class=\"link-more\"><a href=\"https:\/\/blogsaverroes.juntadeandalucia.es\/moveyourworld\/udi-3-raquetas-i\/\" class=\"more-link\">Continuar leyendo<span class=\"screen-reader-text\"> \u00abUDI 3. B\u00e1dminton\u00bb<\/span><\/a><\/p>\n","protected":false},"author":7776,"featured_media":0,"parent":0,"menu_order":0,"comment_status":"closed","ping_status":"closed","template":"","meta":{"ngg_post_thumbnail":0,"footnotes":""},"aioseo_notices":[],"_links":{"self":[{"href":"https:\/\/blogsaverroes.juntadeandalucia.es\/moveyourworld\/wp-json\/wp\/v2\/pages\/876"}],"collection":[{"href":"https:\/\/blogsaverroes.juntadeandalucia.es\/moveyourworld\/wp-json\/wp\/v2\/pages"}],"about":[{"href":"https:\/\/blogsaverroes.juntadeandalucia.es\/moveyourworld\/wp-json\/wp\/v2\/types\/page"}],"author":[{"embeddable":true,"href":"https:\/\/blogsaverroes.juntadeandalucia.es\/moveyourworld\/wp-json\/wp\/v2\/users\/7776"}],"replies":[{"embeddable":true,"href":"https:\/\/blogsaverroes.juntadeandalucia.es\/moveyourworld\/wp-json\/wp\/v2\/comments?post=876"}],"version-history":[{"count":8,"href":"https:\/\/blogsaverroes.juntadeandalucia.es\/moveyourworld\/wp-json\/wp\/v2\/pages\/876\/revisions"}],"predecessor-version":[{"id":891,"href":"https:\/\/blogsaverroes.juntadeandalucia.es\/moveyourworld\/wp-json\/wp\/v2\/pages\/876\/revisions\/891"}],"wp:attachment":[{"href":"https:\/\/blogsaverroes.juntadeandalucia.es\/moveyourworld\/wp-json\/wp\/v2\/media?parent=876"}],"curies":[{"name":"wp","href":"https:\/\/api.w.org\/{rel}","templated":true}]}}