{"id":894,"date":"2020-06-16T00:04:12","date_gmt":"2020-06-15T22:04:12","guid":{"rendered":"https:\/\/blogsaverroes.juntadeandalucia.es\/moveyourworld\/?page_id=894"},"modified":"2020-06-16T00:32:44","modified_gmt":"2020-06-15T22:32:44","slug":"udi-7-juegos-paralimpicos","status":"publish","type":"page","link":"https:\/\/blogsaverroes.juntadeandalucia.es\/moveyourworld\/udi-7-juegos-paralimpicos\/","title":{"rendered":"UDI 7. Juegos Paral\u00edmpicos"},"content":{"rendered":"<p><span style=\"font-family: courier new, courier, monospace\">\u00a1Buenas a todos y a todas! Comenzamos con una UDI de familiarizaci\u00f3n y sensibilizaci\u00f3n dedicada a la discapacidad a trav\u00e9s de los <strong>Deportes Adaptados y los Juegos Paral\u00edmpicos<\/strong>.<\/span><\/p>\n<p><span style=\"font-family: courier new, courier, monospace\"><img loading=\"lazy\" decoding=\"async\" class=\"size-full wp-image-896 aligncenter\" src=\"https:\/\/blogsaverroes.juntadeandalucia.es\/moveyourworld\/files\/2020\/06\/1.Deporte-adaptado-1-e1592258625944.jpg\" alt=\"\" width=\"676\" height=\"418\" srcset=\"https:\/\/blogsaverroes.juntadeandalucia.es\/moveyourworld\/files\/2020\/06\/1.Deporte-adaptado-1-e1592258625944.jpg 676w, https:\/\/blogsaverroes.juntadeandalucia.es\/moveyourworld\/files\/2020\/06\/1.Deporte-adaptado-1-e1592258625944-300x186.jpg 300w, https:\/\/blogsaverroes.juntadeandalucia.es\/moveyourworld\/files\/2020\/06\/1.Deporte-adaptado-1-e1592258625944-24x15.jpg 24w, https:\/\/blogsaverroes.juntadeandalucia.es\/moveyourworld\/files\/2020\/06\/1.Deporte-adaptado-1-e1592258625944-36x22.jpg 36w, https:\/\/blogsaverroes.juntadeandalucia.es\/moveyourworld\/files\/2020\/06\/1.Deporte-adaptado-1-e1592258625944-48x30.jpg 48w\" sizes=\"(max-width: 676px) 100vw, 676px\" \/><\/span><\/p>\n<p><span style=\"font-family: courier new, courier, monospace\">Favorecer la inclusi\u00f3n social y sensibilizar sobre la necesidad de reconocer y valorar la diversidad son elementos esenciales en el aprendizaje del alumnado.<\/span><\/p>\n<p><span style=\"font-family: courier new, courier, monospace\">La finalidad de esta Unidad precisamente es fomentar estos aspectos como parte de su formaci\u00f3n integral, a trav\u00e9s de distintas experiencias de aprendizaje y deportes adaptados que garanticen que el alumno adquiere <\/span><span style=\"font-family: courier new, courier, monospace\">actitudes de apoyo, empat\u00eda, cooperaci\u00f3n, tolerancia y solidaridad, asegurando as\u00ed su m\u00e1ximo crecimiento personal y social.<\/span><\/p>\n<p style=\"text-align: center\"><span style=\"font-family: courier new, courier, monospace\"><strong>Objetivos de aprendizaje<\/strong><\/span><\/p>\n<ul>\n<li><span style=\"font-family: courier new, courier, monospace\">Conocer los juegos paral\u00edmpicos y vivenciar situaciones l\u00fadicas y deportivas desde la perspectiva de las personas con discapacidad.&nbsp;<\/span><\/li>\n<li><span style=\"font-family: courier new, courier, monospace\">Valorar las capacidades de las personas con discapacidad, desde una perspectiva cr\u00edtica hacia las dificultades sociales a las que se encuentran.<\/span><\/li>\n<li><span style=\"font-family: courier new, courier, monospace\">Establecer relaciones interpersonales basadas en valores de cooperaci\u00f3n, ayuda, respeto e igualdad; en un contexto de actividad f\u00edsica.<\/span><\/li>\n<li><span style=\"font-family: courier new, courier, monospace\">Mostrar actitudes de rechazo hacia las conductas violentas o discriminatorias<br \/>\nque se manifiesten durante el juego.<\/span><\/li>\n<\/ul>\n","protected":false},"excerpt":{"rendered":"<p>\u00a1Buenas a todos y a todas! Comenzamos con una UDI de familiarizaci\u00f3n y sensibilizaci\u00f3n dedicada a la discapacidad a trav\u00e9s de los Deportes Adaptados y los Juegos Paral\u00edmpicos. Favorecer la inclusi\u00f3n social y sensibilizar sobre la necesidad de reconocer y valorar la diversidad son elementos esenciales en el aprendizaje del alumnado. La finalidad de esta &hellip; <\/p>\n<p class=\"link-more\"><a href=\"https:\/\/blogsaverroes.juntadeandalucia.es\/moveyourworld\/udi-7-juegos-paralimpicos\/\" class=\"more-link\">Continuar leyendo<span class=\"screen-reader-text\"> \u00abUDI 7. Juegos Paral\u00edmpicos\u00bb<\/span><\/a><\/p>\n","protected":false},"author":7776,"featured_media":0,"parent":0,"menu_order":0,"comment_status":"closed","ping_status":"closed","template":"","meta":{"ngg_post_thumbnail":0,"footnotes":""},"aioseo_notices":[],"_links":{"self":[{"href":"https:\/\/blogsaverroes.juntadeandalucia.es\/moveyourworld\/wp-json\/wp\/v2\/pages\/894"}],"collection":[{"href":"https:\/\/blogsaverroes.juntadeandalucia.es\/moveyourworld\/wp-json\/wp\/v2\/pages"}],"about":[{"href":"https:\/\/blogsaverroes.juntadeandalucia.es\/moveyourworld\/wp-json\/wp\/v2\/types\/page"}],"author":[{"embeddable":true,"href":"https:\/\/blogsaverroes.juntadeandalucia.es\/moveyourworld\/wp-json\/wp\/v2\/users\/7776"}],"replies":[{"embeddable":true,"href":"https:\/\/blogsaverroes.juntadeandalucia.es\/moveyourworld\/wp-json\/wp\/v2\/comments?post=894"}],"version-history":[{"count":5,"href":"https:\/\/blogsaverroes.juntadeandalucia.es\/moveyourworld\/wp-json\/wp\/v2\/pages\/894\/revisions"}],"predecessor-version":[{"id":902,"href":"https:\/\/blogsaverroes.juntadeandalucia.es\/moveyourworld\/wp-json\/wp\/v2\/pages\/894\/revisions\/902"}],"wp:attachment":[{"href":"https:\/\/blogsaverroes.juntadeandalucia.es\/moveyourworld\/wp-json\/wp\/v2\/media?parent=894"}],"curies":[{"name":"wp","href":"https:\/\/api.w.org\/{rel}","templated":true}]}}