{"id":925,"date":"2020-06-22T20:12:20","date_gmt":"2020-06-22T18:12:20","guid":{"rendered":"https:\/\/blogsaverroes.juntadeandalucia.es\/moveyourworld\/?page_id=925"},"modified":"2020-07-08T17:29:58","modified_gmt":"2020-07-08T15:29:58","slug":"udi-8-efectoigualdad","status":"publish","type":"page","link":"https:\/\/blogsaverroes.juntadeandalucia.es\/moveyourworld\/udi-8-efectoigualdad\/","title":{"rendered":"UDI 8. #EFectoIgualdad"},"content":{"rendered":"<p><span style=\"font-family: courier new, courier, monospace\">\u00a1Buenas a todos y a todas! Comenzamos con una UDI dedicada a la profundizaci\u00f3n y desarrollo de la cualidad motriz del ritmo a trav\u00e9s del <strong>Baile y algunas t\u00e9cnicas novedosas<\/strong>.<\/span><\/p>\n<p><span style=\"font-family: courier new, courier, monospace\">Para ello vamos a participar de dos proyectos muy interesantes. El primero de ellos relativo a la <strong>Apef Adal<\/strong> (Asociaci\u00f3n de Profesores de Educaci\u00f3n F\u00edsica), y el segundo de ellos a movimiento international <strong>\u00abOne Billion Rising\u00bb<\/strong> a trav\u00e9s de su proyecto <strong>\u00abBreak the Chain\u00bb<\/strong> para la igualdad de todas las personas.<\/span><\/p>\n<p><span style=\"font-family: courier new, courier, monospace\"><img loading=\"lazy\" decoding=\"async\" class=\"wp-image-926 aligncenter\" src=\"https:\/\/blogsaverroes.juntadeandalucia.es\/moveyourworld\/files\/2020\/06\/1.baile-2\u00ba.jpg\" alt=\"\" width=\"294\" height=\"275\" srcset=\"https:\/\/blogsaverroes.juntadeandalucia.es\/moveyourworld\/files\/2020\/06\/1.baile-2\u00ba.jpg 564w, https:\/\/blogsaverroes.juntadeandalucia.es\/moveyourworld\/files\/2020\/06\/1.baile-2\u00ba-300x281.jpg 300w, https:\/\/blogsaverroes.juntadeandalucia.es\/moveyourworld\/files\/2020\/06\/1.baile-2\u00ba-24x22.jpg 24w, https:\/\/blogsaverroes.juntadeandalucia.es\/moveyourworld\/files\/2020\/06\/1.baile-2\u00ba-36x34.jpg 36w, https:\/\/blogsaverroes.juntadeandalucia.es\/moveyourworld\/files\/2020\/06\/1.baile-2\u00ba-48x45.jpg 48w\" sizes=\"(max-width: 294px) 100vw, 294px\" \/><\/span><\/p>\n<p><span style=\"font-family: courier new, courier, monospace\">La m\u00fasica ejerce un efecto estimulante en lo ps\u00edquico y en lo motriz, adem\u00e1s de ser un componente social y cultural enorme, a trav\u00e9s de la danza y el canto. Adem\u00e1s se pueden establecer la armon\u00eda, la melod\u00eda y el ritmo como los elementos b\u00e1sicos de la m\u00fasica.<\/span><\/p>\n<p><span style=\"font-family: courier new, courier, monospace\">En base a ello, en lo que respecta a nuestra materia tanto la danza como el ritmo (cualidad motriz) ser\u00e1n elementos esenciales en la educaci\u00f3n del movimiento del alumnado, que permitir\u00e1 dentro del contexto social actual, atender a un proceso formativo orientado a la mejora de la salud de base a los objetivos did\u00e1cticos previstos.<\/span><\/p>\n<p><span style=\"font-family: courier new, courier, monospace\">Por \u00faltimo, esta Unidad buscar\u00e1 desarrollar un pensamiento cr\u00edtico y de ciudadan\u00eda activa en el alumnado, a trav\u00e9s de acciones de \u00abArtivismo\u00bb vinculadas con su entorno y realidad social.<br \/>\n<\/span><\/p>\n<p style=\"text-align: center\"><span style=\"font-family: courier new, courier, monospace\"><strong>Objetivos de aprendizaje<\/strong><\/span><\/p>\n<ul>\n<li><span style=\"font-family: courier new, courier, monospace\">Recordar elementos clave para el solfeo y la percusi\u00f3n motriz y ponerlos en pr\u00e1ctica.<\/span><\/li>\n<li><span style=\"font-family: courier new, courier, monospace\">Conocer nuevos estilos de bailes latinos y novedosos.<\/span><\/li>\n<li><span style=\"font-family: courier new, courier, monospace\">Establecer relaciones interpersonales basadas en valores de cooperaci\u00f3n, acuerdos, respeto e igualdad; en un contexto de inter\u00e9s hacia todo tipo de manifestaciones culturales.<\/span><\/li>\n<li><span style=\"font-family: courier new, courier, monospace\">Participar en actividades basadas en el ritmo como v\u00eda para potenciar las posibilidades expresivas y de comunicaci\u00f3n.<\/span><\/li>\n<li><span style=\"font-family: courier new, courier, monospace\">Profundizar en la capacidad de utilizar los recursos expresivos del cuerpo mediante la exploraci\u00f3n y experimentaci\u00f3n de sus posibilidades.<\/span><\/li>\n<li><span style=\"font-family: courier new, courier, monospace\">Conocer alternativas para el desarrollo de la condici\u00f3n f\u00edsica y para el disfrute del tiempo libre.<\/span><\/li>\n<li><span style=\"font-family: courier new, courier, monospace\">Dise\u00f1ar y organizar montajes r\u00edtmicos propios desde la construcci\u00f3n social y la responsabilidad individual.<\/span><\/li>\n<li><span style=\"font-family: courier new, courier, monospace\">Dominar habilidades espec\u00edficas r\u00edtmicas, dirigidas a satisfacer necesidades motrices propias.<\/span><\/li>\n<li><span style=\"font-family: courier new, courier, monospace\">Ejecutar ritmos y bailes sencillos valorando su importancia de transmisi\u00f3n cultural desde una perspectiva global.<br \/>\n<\/span><\/li>\n<\/ul>\n","protected":false},"excerpt":{"rendered":"<p>\u00a1Buenas a todos y a todas! Comenzamos con una UDI dedicada a la profundizaci\u00f3n y desarrollo de la cualidad motriz del ritmo a trav\u00e9s del Baile y algunas t\u00e9cnicas novedosas. Para ello vamos a participar de dos proyectos muy interesantes. El primero de ellos relativo a la Apef Adal (Asociaci\u00f3n de Profesores de Educaci\u00f3n F\u00edsica), &hellip; <\/p>\n<p class=\"link-more\"><a href=\"https:\/\/blogsaverroes.juntadeandalucia.es\/moveyourworld\/udi-8-efectoigualdad\/\" class=\"more-link\">Continuar leyendo<span class=\"screen-reader-text\"> \u00abUDI 8. #EFectoIgualdad\u00bb<\/span><\/a><\/p>\n","protected":false},"author":7776,"featured_media":0,"parent":0,"menu_order":0,"comment_status":"closed","ping_status":"closed","template":"","meta":{"ngg_post_thumbnail":0,"footnotes":""},"aioseo_notices":[],"_links":{"self":[{"href":"https:\/\/blogsaverroes.juntadeandalucia.es\/moveyourworld\/wp-json\/wp\/v2\/pages\/925"}],"collection":[{"href":"https:\/\/blogsaverroes.juntadeandalucia.es\/moveyourworld\/wp-json\/wp\/v2\/pages"}],"about":[{"href":"https:\/\/blogsaverroes.juntadeandalucia.es\/moveyourworld\/wp-json\/wp\/v2\/types\/page"}],"author":[{"embeddable":true,"href":"https:\/\/blogsaverroes.juntadeandalucia.es\/moveyourworld\/wp-json\/wp\/v2\/users\/7776"}],"replies":[{"embeddable":true,"href":"https:\/\/blogsaverroes.juntadeandalucia.es\/moveyourworld\/wp-json\/wp\/v2\/comments?post=925"}],"version-history":[{"count":5,"href":"https:\/\/blogsaverroes.juntadeandalucia.es\/moveyourworld\/wp-json\/wp\/v2\/pages\/925\/revisions"}],"predecessor-version":[{"id":953,"href":"https:\/\/blogsaverroes.juntadeandalucia.es\/moveyourworld\/wp-json\/wp\/v2\/pages\/925\/revisions\/953"}],"wp:attachment":[{"href":"https:\/\/blogsaverroes.juntadeandalucia.es\/moveyourworld\/wp-json\/wp\/v2\/media?parent=925"}],"curies":[{"name":"wp","href":"https:\/\/api.w.org\/{rel}","templated":true}]}}