{"id":308,"date":"2022-04-22T05:16:59","date_gmt":"2022-04-22T05:16:59","guid":{"rendered":"https:\/\/blogsaverroes.juntadeandalucia.es\/muac\/?page_id=308"},"modified":"2022-05-12T16:39:59","modified_gmt":"2022-05-12T16:39:59","slug":"actividades-muac","status":"publish","type":"page","link":"https:\/\/blogsaverroes.juntadeandalucia.es\/muac\/actividades-muac\/","title":{"rendered":"Actividades Muac"},"content":{"rendered":"\t\t<div data-elementor-type=\"wp-page\" data-elementor-id=\"308\" class=\"elementor elementor-308\">\n\t\t\t\t\t\t<section class=\"elementor-section elementor-top-section elementor-element elementor-element-5498eb0a elementor-section-boxed elementor-section-height-default elementor-section-height-default\" data-id=\"5498eb0a\" data-element_type=\"section\">\n\t\t\t\t\t\t<div class=\"elementor-container elementor-column-gap-default\">\n\t\t\t\t\t<div class=\"elementor-column elementor-col-100 elementor-top-column elementor-element elementor-element-3b137ae1\" data-id=\"3b137ae1\" data-element_type=\"column\">\n\t\t\t<div class=\"elementor-widget-wrap elementor-element-populated\">\n\t\t\t\t\t\t<div class=\"elementor-element elementor-element-3caf2a42 elementor-widget elementor-widget-text-editor\" data-id=\"3caf2a42\" data-element_type=\"widget\" data-widget_type=\"text-editor.default\">\n\t\t\t\t<div class=\"elementor-widget-container\">\n\t\t\t\t\t\t\t\t\t<h1>2016<\/h1><p><img fetchpriority=\"high\" decoding=\"async\" class=\"wp-image-312 size-full aligncenter\" src=\"https:\/\/blogsaverroes.juntadeandalucia.es\/muac\/files\/2022\/04\/image001.png\" alt=\"\" width=\"1211\" height=\"855\" srcset=\"https:\/\/blogsaverroes.juntadeandalucia.es\/muac\/files\/2022\/04\/image001.png 1211w, https:\/\/blogsaverroes.juntadeandalucia.es\/muac\/files\/2022\/04\/image001-300x212.png 300w, https:\/\/blogsaverroes.juntadeandalucia.es\/muac\/files\/2022\/04\/image001-1024x723.png 1024w, https:\/\/blogsaverroes.juntadeandalucia.es\/muac\/files\/2022\/04\/image001-768x542.png 768w\" sizes=\"(max-width: 1211px) 100vw, 1211px\" \/><\/p><p><a href=\"https:\/\/www.google.com\/url?sa=t&amp;source=web&amp;rct=j&amp;url=http:\/\/ceipvalerianobecquer.blogspot.com\/2016\/04\/el-ceip-valeriano-becquer-participa-en.html%3Fm%3D1&amp;ved=2ahUKEwint_ek9JL2AhUaR_EDHW4yCWs4HhAWegQICBAB&amp;usg=AOvVaw3ekuW9cHeaP79yr1Ak9CaJ\"><strong>CEIP Valeriano B\u00e9cquer<\/strong><\/a><\/p><p><a href=\"https:\/\/www.google.com\/url?sa=t&amp;source=web&amp;rct=j&amp;url=http:\/\/yahutisahara.blogspot.com\/2016\/04\/el-taller-de-rap-el-fontanal-participa.html%3Fm%3D1&amp;ved=2ahUKEwjd2OSH9ZL2AhXrS_EDHWCVBUw4KBAWegQICBAB&amp;usg=AOvVaw2Ikif98lkhBurzEt9ir3l_\"><strong>IES El Fontanal: taller de rap<\/strong><\/a><\/p><p><a href=\"https:\/\/www.google.com\/url?sa=t&amp;source=web&amp;rct=j&amp;url=https:\/\/ceipsanjoseobrero.es\/wp-content\/uploads\/2020\/12\/LIBRO-PROFESOR-OK.pdf&amp;ved=2ahUKEwjW5sWq9ZL2AhW2QvEDHd_EC1Q4MhAWegQIHhAB&amp;usg=AOvVaw1XDhMJygqGR_iPUGRlUmUo\"><strong>CEIP San Jos\u00e9 Obrero<\/strong><\/a><\/p><p><a href=\"https:\/\/europedirectsevilla.us.es\/blog\/?_page=7\"><strong>Europe Direct Sevilla<\/strong><\/a><\/p><p><a href=\"https:\/\/m.youtube.com\/watch?v=sqD-jlF0xnw\"><strong>Taller \u201cNosotras tambi\u00e9n formamos parte de la Historia\u201d:<\/strong><\/a><\/p><h1>2017<\/h1><p><img decoding=\"async\" class=\"alignnone wp-image-313 size-full\" src=\"https:\/\/blogsaverroes.juntadeandalucia.es\/muac\/files\/2022\/04\/image003.jpg\" alt=\"\" width=\"1755\" height=\"1242\" srcset=\"https:\/\/blogsaverroes.juntadeandalucia.es\/muac\/files\/2022\/04\/image003.jpg 1755w, https:\/\/blogsaverroes.juntadeandalucia.es\/muac\/files\/2022\/04\/image003-300x212.jpg 300w, https:\/\/blogsaverroes.juntadeandalucia.es\/muac\/files\/2022\/04\/image003-1024x725.jpg 1024w, https:\/\/blogsaverroes.juntadeandalucia.es\/muac\/files\/2022\/04\/image003-768x544.jpg 768w, https:\/\/blogsaverroes.juntadeandalucia.es\/muac\/files\/2022\/04\/image003-1536x1087.jpg 1536w\" sizes=\"(max-width: 1755px) 100vw, 1755px\" \/><\/p><p><a href=\"https:\/\/jpmoragu.wordpress.com\/2017\/04\/\"><strong>Juan Pablo Mora, wordpress<\/strong><\/a><\/p><h1>2018<\/h1><p><strong>ACTIVIDADES MULTIDISCIPLINARES<\/strong><\/p><p><strong>IES Torreblanca. <\/strong><strong><em>Facepainting. <\/em><\/strong><strong>1\u00ba CFGM de Est\u00e9tica y Belleza. A. Rold\u00e1n. <\/strong>Taller de decoraci\u00f3n facial para promover actividades reales relacionadas con la profesi\u00f3n de maquillador@s.<\/p><p><strong>IES Pol\u00edgono Sur. <\/strong><strong><em>Perdonen las molestias estamos jugando<\/em><\/strong><strong>.<\/strong> <strong>1\u00ba CFGS de Animaci\u00f3n Socio Cultural y Tur\u00edstica. <\/strong><em>\u00a0<\/em><strong>R. Reyes. <\/strong>\u00a0Atenci\u00f3n a l@s participantes. Acompa\u00f1amiento de grupos. Taller y <em>Flashmob<\/em>.<\/p><p><strong><em>Impactos.<\/em><\/strong><strong> 1\u00ba ESO. M. Mateos. S. Romero.<\/strong> Juntos tomaremos conciencia de los impactos sonoros y visuales\u00a0 a los que estamos sometidos a diario y c\u00f3mo esto nos afecta.<\/p><p><strong>IES Diamantino Garc\u00eda Acosta. <em>La lengua de los \u00e1rboles<\/em>. 1\u00baESO. L. G\u00f3mez. A.M\u00e1rquez. M.Torres. <\/strong>Colores, formas y poes\u00eda se unen para entender mejor el entorno natural que nos rodea, respetarlo y reivindicar la importancia de la Naturaleza en nuestras vidas.<\/p><p><strong>IES Vicente Aleixandre. <em>Microcuentos al cubo.<\/em> 1\u00baBachillerato. I. Romero. <\/strong>Lanzar los dados no siempre tiene que dar n\u00fameros como resultado, tambi\u00e9n se pueden contar historias. Cada cara del dado tiene un dibujo, cada dibujo deja volar la fantas\u00eda. Volver al cuento como tradici\u00f3n de diversi\u00f3n y de sabidur\u00eda, creando microcuentos sorprendentes&#8230;<\/p><p><strong>IES Carmen Laff\u00f3n (San Jos\u00e9 de La Rinconada). <em>Un poquito de comp\u00e1s<\/em>. Bachillerato de Artes Esc\u00e9nicas. A. Ruib\u00e9rriz de Torres. <\/strong>Palmas al comp\u00e1s, cante, guitarra y baile para contar historias, conocer tradiciones o expresar sentimientos a trav\u00e9s de una de las manifestaciones m\u00e1s importantes de nuestra cultura: el Flamenco.<\/p><p><strong>I.E.S El Arenal (Dos Hermanas). <em>Prevenkids<\/em>. CFGS de Riesgos Laborales. S. Gata. <\/strong>Presentaci\u00f3n del equipo de protecci\u00f3n individual y reanimaci\u00f3n.<\/p><p><strong>CEIP San Jos\u00e9 Obrero. <\/strong><strong><em>Sanjomix. <\/em><\/strong><strong>5\u00ba de Primaria.\u00a0 A. P\u00e9rez. N. Dur\u00e1n. M. Rosa. I. Navarro.\u00a0 Equipo Antropoloops (N. Garc\u00eda, M. Prada y R. Alonso). <\/strong>SANJOMIX \/ Talleres Antropoloops: remezclando nuestras historias de vida musicales.<\/p><p><strong>CEIP Jardines del Valle. <em>Taller de caligraf\u00eda. <\/em>6\u00ba de Primaria. F. Beltr\u00e1n. <\/strong>Taller para aprender a escribir con tinta china.<\/p><p><strong>CEIP Sor \u00c1ngela de la Cruz. <em>Se busca monstruo. <\/em>2\u00ba Ed. Infantil. C. Garc\u00eda. N. Red\u00f3n.<\/strong> Un monstruo tiene un problemilla \u00bflo ayudamos? \u00a1\u00danete a nuestro intr\u00e9pido grupo y ayuda al monstruo en apuros!Tendr\u00e1s que sacar tu lado de detective y as\u00ed resolver las pistas que ir\u00e1s encontrando&#8230;<\/p><p><strong>CEIP Huerta de Santa Marina. <em>Grupos InterMuACtivos.<\/em> 5\u00ba de Primaria. L. Ben\u00edtez. <\/strong>El alumnado propondr\u00e1 a los\/as participantes una peculiar manera de aprender. Toda la comunidad educativa es bien recibida para aprender y ense\u00f1ar de una manera amena, eficaz e inclusiva.<\/p><p><strong>CEIP Juan Ram\u00f3n Jim\u00e9nez. <em>Jugamos con las palabras<\/em>. 2\u00ba de Primaria. R. Garc\u00eda. <\/strong>Llevamos a la muestra una propuesta l\u00fadica con la que el alumnado participante pondr\u00e1 en juego sus habilidades ling\u00fc\u00edsticas.<\/p><p><strong>Colegio Salesianos Sant\u00edsima Trinidad. <em>Calefacci\u00f3n Solar Reciclada.<\/em> 3\u00ba de Primaria. D. P\u00e9rez. <\/strong>El alumnado mostrar\u00e1 c\u00f3mo se puede obtener esta energ\u00eda renovable.<\/p><p><strong>Colegio Mar\u00eda Auxiliadora (Salesianas San Vicente).<em> Ringol<\/em>. 6\u00ba de Primaria. M. Mart\u00edn. <\/strong>El alumnado mostrar\u00e1 c\u00f3mo es este deporte que a\u00fana los gestos o acciones m\u00e1s significativos de los deportes colectivos m\u00e1s conocidos: f\u00fatbol, baloncesto, voleibol, balonmano y rugby, con un claro tinte educativo.<\/p><p><strong>C.E.I.P. Virgilio Fern\u00e1ndez P\u00e9rez. <em>RadioMuAC<\/em>. 5\u00ba de Primaria. P. Garc\u00eda.<\/strong><\/p><p>3\u00aa entrega radiof\u00f3nica del alumnado para cubrir las actividades de la Muestra.<\/p><p><strong>Pabell\u00f3n de la Uni\u00f3n Europea<\/strong>.Desde el centro de Informaci\u00f3n Europe Direct Sevilla queremos mostrar a los m\u00e1s j\u00f3venes las ventajas de estar unidos sin importar las diferencias entre todos. Siempre es mejor trabajar juntos que separados, en eso\u00a0 consiste la Uni\u00f3n Europea.<\/p><p><strong>ACTIVIDADES \u201cA\u00d1O MURILLO\u201d<\/strong><\/p><p><strong>I.E.S. Torreblanca. <em>Veo, veo.<\/em> 3\u00ba ESO. M. Mart\u00ednez y T. Herrera. <\/strong>Actividad de percepci\u00f3n visual para descubrir algunas de las obras m\u00e1s representativas de Murillo. Biling\u00fce en espa\u00f1ol y en franc\u00e9s.<\/p><p><strong>IES Murillo. <em>Murillo te cuenta<\/em>. CFGS Mediaci\u00f3n Comunicativa<\/strong>. <strong>M.J. Navarro<\/strong>. Adaptaci\u00f3n de\u00a0\u00a0 varias obras de Murillo a diferentes sistemas aumentativos y alternativos\u00a0 de comunicaci\u00f3n SAAC,\u00a0 pictogramas, lectura f\u00e1cil, braille, LSE\u2026 \u00a1Conseguiremos tatoos y pulseras con nuestro nombre en braille!<\/p><p><strong>IES Pino Montano.<\/strong> <strong><em>Addictus.com. <\/em>CFGS Animaci\u00f3n sociocultural y tur\u00edstica. M. Cabeza. J.A. Dom\u00ednguez. <\/strong>Se trata de una visi\u00f3n teatralizada de diferentes adicciones y los gui\u00f1os a tres obras de Murillo que sirven de soporte narrativo al texto. Se propone la recreaci\u00f3n de la obra implicando al p\u00fablico, para que vivan el proceso creativo vivido por el alumnado protagonista de esta iniciativa.<\/p><p><strong><em>La corrupci\u00f3n en el Siglo de Oro: Felipe III.<\/em><\/strong><strong> 1\u00ba Bachillerato. E. Villalobos.<\/strong><\/p><p>\u00abPara no morir ahorcado, el mayor ladr\u00f3n de Espa\u00f1a se viste de colorado\u00bb copla que corri\u00f3 por Madrid en el reinado de Felipe III, \u00bfqui\u00e9n es el personaje que se viste de colorado?\u00a0 Se trata del protagonista de una gran especulaci\u00f3n urban\u00edstica que lo convirti\u00f3 en el hombre m\u00e1s rico del pa\u00eds.<\/p><p><strong><em>En los m\u00e1rgenes: la diversidad humana en el siglo de Oro. <\/em><\/strong><strong>1\u00baBachillerato. M\u00aaJ.V\u00e1zquez.<\/strong><\/p><p>Epidemias, enfermedades, marginados. La corte ser\u00e1 uno de los refugios de las personas consideradas como \u201cdiferentes\u201d, cambiando la marginalidad por el exotismo.<\/p><p><strong><em>\u00a0<\/em><\/strong><strong>IES Pablo Picasso.\u00a0 <em>Anacronismos en la \u00e9poca de Murillo.<\/em> 1\u00ba-4\u00ba ESO. V. Moreno.<\/strong><\/p><p>La actividad mostrar\u00e1 un retablo de Murillo junto con un Cancionero muy particular del alumnado.lom\u00e9<\/p><p><strong>CEIP San Jos\u00e9 Obrero.<em>Yincana de Murillo.<\/em> 6\u00ba de Primaria. D. Mu\u00f1oz. <\/strong>Con una divertida yincana se\u00a0 nos invita a descubrir la vida y obra de Bartolom\u00e9 Esteban Murillo.\u00a0<\/p><p><strong>CEIP Jos\u00e9 Sebasti\u00e1n y Bandar\u00e1n. <em>Los ni\u00f1os de Murillo<\/em>. 5\u00ba de Primaria. J. Trigueros. M. Romero. L.M. Gonz\u00e1lez.\u00a0 <\/strong>A trav\u00e9s de las t\u00e9cnicas cu\u00e9ntame un cuadro y slogando con arte, conoceremos diferentes cuadros de nuestro autor y nos divertiremos.<strong>\u00a0\u00a0 <\/strong><\/p><p><strong>Y por la tarde\u2026m\u00e1s.<\/strong><\/p><p><strong>1.\u00a0\u00a0\u00a0\u00a0\u00a0\u00a0 <\/strong>Taller de <strong><em>Relajaci\u00f3n en familia<\/em><\/strong>, dentro del programa de actividades del\u00a0 <strong>Distrito Casco Hist\u00f3rico<\/strong>.<\/p><p><strong>2.\u00a0\u00a0\u00a0\u00a0\u00a0\u00a0 <\/strong>Presentaci\u00f3n del proyecto <strong>Sanjomix<\/strong> por <strong>Antropoloo<\/strong>.<\/p><p><strong>3.\u00a0\u00a0\u00a0\u00a0\u00a0\u00a0 <\/strong>Documental <strong><em>Luces de Barrio<\/em><\/strong>.<\/p><p><strong>4.\u00a0\u00a0\u00a0\u00a0\u00a0\u00a0 <\/strong>Taller de cer\u00e1mica impartido por la <strong>Escuela de formaci\u00f3n de artesanos de Gelves, del SAE.<\/strong><\/p><p><strong>5.\u00a0\u00a0\u00a0\u00a0\u00a0\u00a0 <\/strong><strong><em>Golf en la calle.<\/em><\/strong> <strong>Escuela P\u00fablica La Cartuja Golf.<\/strong><\/p><p><strong>6.\u00a0\u00a0\u00a0\u00a0\u00a0\u00a0 <\/strong>Taller<strong> <em>\u00a1Rompe tus prejuicios!<\/em><\/strong> promovido por<strong> ACCEM.<\/strong><\/p><p><strong>7.\u00a0\u00a0\u00a0\u00a0\u00a0\u00a0 <\/strong>Taller musical\u00a0 <strong><em>La hechicera cantora,<\/em><\/strong> de <strong>Educo- M\u00fasica.<\/strong><\/p><p><strong>8.\u00a0\u00a0\u00a0\u00a0\u00a0\u00a0 <\/strong>Taller<strong> <em>#RapeaContraElRacismo y Taller de radio \u201cCuentos de Tolerancia\u201d <\/em><\/strong>puesto en marcha por el <strong>Movimiento contra la Intolerancia.<\/strong><\/p><p><strong>9.\u00a0\u00a0\u00a0\u00a0\u00a0\u00a0 <\/strong><strong>Actividades l\u00fadicas <\/strong>propuestas por la Asociaci\u00f3n <strong>Manos Abiertas.<\/strong><\/p><p><strong>Colaboraciones especiales y <\/strong><strong>agradecimientos<\/strong><\/p><p>l\u00a0 Proyectos de innovaci\u00f3n desarrollados por el alumnado de Juan Pablo Mora, profesor titular del departamento de Lengua Espa\u00f1ola de la Universidad de Sevilla.<\/p><p>l\u00a0 Dise\u00f1o y realizaci\u00f3n de la carteler\u00eda y tr\u00edpticos publicitarios e informativos de la MuAC 2018 a cargo del alumnado de Mar\u00eda del Carmen Fern\u00e1ndez, profesora de la Escuela de Arte de Sevilla.<\/p><p>l\u00a0 Realizaci\u00f3n y producci\u00f3n de videos promocionales a cargo del alumnado del IES Profesor Tierno Galv\u00e1n.<\/p><p>l\u00a0 Escuela de artesanos de Gelves.<\/p><p>l\u00a0 Asociaci\u00f3n deportiva de Ringol.<\/p><p>l\u00a0 Fundaci\u00f3n Barenboim-Said.<\/p><p>MuAC, un espacio en el que poder visibilizar proyectos basados en pedagog\u00edas activas que persiguen el protagonismo del alumnado en la construcci\u00f3n de su propio aprendizaje.<\/p><h1>2019<\/h1><p><img decoding=\"async\" class=\"size-full wp-image-314 aligncenter\" src=\"https:\/\/blogsaverroes.juntadeandalucia.es\/muac\/files\/2022\/04\/image005.jpg\" alt=\"\" width=\"1754\" height=\"1241\" srcset=\"https:\/\/blogsaverroes.juntadeandalucia.es\/muac\/files\/2022\/04\/image005.jpg 1754w, https:\/\/blogsaverroes.juntadeandalucia.es\/muac\/files\/2022\/04\/image005-300x212.jpg 300w, https:\/\/blogsaverroes.juntadeandalucia.es\/muac\/files\/2022\/04\/image005-1024x725.jpg 1024w, https:\/\/blogsaverroes.juntadeandalucia.es\/muac\/files\/2022\/04\/image005-768x543.jpg 768w, https:\/\/blogsaverroes.juntadeandalucia.es\/muac\/files\/2022\/04\/image005-1536x1087.jpg 1536w\" sizes=\"(max-width: 1754px) 100vw, 1754px\" \/><\/p><p><img loading=\"lazy\" decoding=\"async\" class=\"aligncenter size-full wp-image-315\" src=\"https:\/\/blogsaverroes.juntadeandalucia.es\/muac\/files\/2022\/04\/image007.jpg\" alt=\"\" width=\"1242\" height=\"1755\" srcset=\"https:\/\/blogsaverroes.juntadeandalucia.es\/muac\/files\/2022\/04\/image007.jpg 1242w, https:\/\/blogsaverroes.juntadeandalucia.es\/muac\/files\/2022\/04\/image007-212x300.jpg 212w, https:\/\/blogsaverroes.juntadeandalucia.es\/muac\/files\/2022\/04\/image007-725x1024.jpg 725w, https:\/\/blogsaverroes.juntadeandalucia.es\/muac\/files\/2022\/04\/image007-768x1085.jpg 768w, https:\/\/blogsaverroes.juntadeandalucia.es\/muac\/files\/2022\/04\/image007-1087x1536.jpg 1087w\" sizes=\"(max-width: 1242px) 100vw, 1242px\" \/><\/p><p><a href=\"https:\/\/www.google.com\/url?sa=t&amp;source=web&amp;rct=j&amp;url=http:\/\/www.iescristobalcolon.es\/blog\/category\/departamentos\/musica\/&amp;ved=2ahUKEwjV1urF9ZL2AhXzSfEDHbnQBh04PBAWegQIGxAB&amp;usg=AOvVaw1InNuFVkG_Ld668iCY00OU\"><strong>IES Crist\u00f3bal Col\u00f3n<\/strong><\/a><\/p><h1>2020<\/h1><p><a href=\"https:\/\/www.google.com\/url?sa=t&amp;source=web&amp;rct=j&amp;url=https:\/\/rio.upo.es\/xmlui\/bitstream\/handle\/10433\/10251\/50_El%2520arte%2520como%2520herramienta%2520educativa%2520para%2520la%2520interculturalidad.pdf%3Fsequence%3D1%26isAllowed%3Dy&amp;ved=2ahUKEwi41rn1-5L2AhWUuaQKHfOKBnY4RhAWegQIARAB&amp;usg=AOvVaw2RIJpBYksENdrzWpM4jgZg\"><strong>Nomad Garden habla\u00a0 en ponencia sobre\u00a0 la experiencia presentada en muac:<\/strong><\/a><\/p>\t\t\t\t\t\t\t\t<\/div>\n\t\t\t\t<\/div>\n\t\t\t\t\t<\/div>\n\t\t<\/div>\n\t\t\t\t\t<\/div>\n\t\t<\/section>\n\t\t\t\t<\/div>\n\t\t","protected":false},"excerpt":{"rendered":"<p>2016 CEIP Valeriano B\u00e9cquer IES El Fontanal: taller de rap CEIP San Jos\u00e9 Obrero Europe Direct Sevilla Taller \u201cNosotras tambi\u00e9n formamos parte de la Historia\u201d:&hellip;<\/p>\n","protected":false},"author":12174,"featured_media":0,"parent":0,"menu_order":0,"comment_status":"closed","ping_status":"closed","template":"elementor_header_footer","meta":{"ngg_post_thumbnail":0,"footnotes":""},"aioseo_notices":[],"_links":{"self":[{"href":"https:\/\/blogsaverroes.juntadeandalucia.es\/muac\/wp-json\/wp\/v2\/pages\/308"}],"collection":[{"href":"https:\/\/blogsaverroes.juntadeandalucia.es\/muac\/wp-json\/wp\/v2\/pages"}],"about":[{"href":"https:\/\/blogsaverroes.juntadeandalucia.es\/muac\/wp-json\/wp\/v2\/types\/page"}],"author":[{"embeddable":true,"href":"https:\/\/blogsaverroes.juntadeandalucia.es\/muac\/wp-json\/wp\/v2\/users\/12174"}],"replies":[{"embeddable":true,"href":"https:\/\/blogsaverroes.juntadeandalucia.es\/muac\/wp-json\/wp\/v2\/comments?post=308"}],"version-history":[{"count":14,"href":"https:\/\/blogsaverroes.juntadeandalucia.es\/muac\/wp-json\/wp\/v2\/pages\/308\/revisions"}],"predecessor-version":[{"id":343,"href":"https:\/\/blogsaverroes.juntadeandalucia.es\/muac\/wp-json\/wp\/v2\/pages\/308\/revisions\/343"}],"wp:attachment":[{"href":"https:\/\/blogsaverroes.juntadeandalucia.es\/muac\/wp-json\/wp\/v2\/media?parent=308"}],"curies":[{"name":"wp","href":"https:\/\/api.w.org\/{rel}","templated":true}]}}