{"id":325,"date":"2022-04-22T15:13:22","date_gmt":"2022-04-22T15:13:22","guid":{"rendered":"https:\/\/blogsaverroes.juntadeandalucia.es\/muac\/?page_id=325"},"modified":"2022-05-26T12:10:04","modified_gmt":"2022-05-26T12:10:04","slug":"salimos-aqui","status":"publish","type":"page","link":"https:\/\/blogsaverroes.juntadeandalucia.es\/muac\/salimos-aqui\/","title":{"rendered":"Salimos aqu\u00ed"},"content":{"rendered":"\t\t<div data-elementor-type=\"wp-page\" data-elementor-id=\"325\" class=\"elementor elementor-325\">\n\t\t\t\t\t\t<section class=\"elementor-section elementor-top-section elementor-element elementor-element-6886e80a elementor-section-boxed elementor-section-height-default elementor-section-height-default\" data-id=\"6886e80a\" data-element_type=\"section\">\n\t\t\t\t\t\t<div class=\"elementor-container elementor-column-gap-default\">\n\t\t\t\t\t<div class=\"elementor-column elementor-col-100 elementor-top-column elementor-element elementor-element-416e46d6\" data-id=\"416e46d6\" data-element_type=\"column\">\n\t\t\t<div class=\"elementor-widget-wrap elementor-element-populated\">\n\t\t\t\t\t\t<div class=\"elementor-element elementor-element-6718249b elementor-widget elementor-widget-text-editor\" data-id=\"6718249b\" data-element_type=\"widget\" data-widget_type=\"text-editor.default\">\n\t\t\t\t<div class=\"elementor-widget-container\">\n\t\t\t\t\t\t\t\t\t<h2 class=\"LO-normal\" style=\"text-align: center\"><span lang=\"es\">MuAC en los MEDIOS<\/span><\/h2><h2 class=\"LO-normal\"><strong><span lang=\"es\">2016 <\/span><\/strong><\/h2><p class=\"LO-normal\"><a href=\"https:\/\/7tvandalucia.es\/andalucia\/sevilla-al-dia\/2-83-01042016-muac-expo-y-kati\/24139\/\"><strong><span lang=\"es\">Sevilla al d\u00eda<\/span><\/strong><\/a><\/p><p class=\"LO-normal\"><span lang=\"es\"><a href=\"https:\/\/twitter.com\/muacsevilla?lang=es\"><strong>Enlace Twitter<br \/><\/strong><\/a><br \/><\/span><\/p><p class=\"LO-normal\"><strong><span lang=\"es\">Montana. Taller mural Alameda:<\/span><\/strong><\/p><p class=\"LO-normal\"><a href=\"https:\/\/www.google.com\/url?sa=t&amp;source=web&amp;rct=j&amp;url=https:\/\/www.mtn-world.com\/es\/blog\/2016\/04\/26\/montana-shop-sevilla-at-muac-2016\/&amp;ved=2ahUKEwi_peiB8pL2AhViR_EDHYTEAakQFnoECAgQAQ&amp;usg=AOvVaw1S2Fe5VRhtyYVIrK46BSsu\">Enlace 1<\/a><\/p><p class=\"LO-normal\"><a href=\"https:\/\/www.google.com\/url?sa=t&amp;source=web&amp;rct=j&amp;url=https:\/\/www.mtn-world.com\/es\/blog\/tag\/workshops\/&amp;ved=2ahUKEwiU7ded-5L2AhVXt6QKHceMBfA4HhAWegQIBRAB&amp;usg=AOvVaw1tS_9HPfGWd0faYSzmweZ6\">Enlace 2<\/a><\/p><p class=\"LO-normal\"><a href=\"https:\/\/www.google.com\/url?sa=t&amp;source=web&amp;rct=j&amp;url=https:\/\/miguelrosacastejon.wordpress.com\/2016\/03\/31\/muac-muestra-anual-de-comunicacion-en-el-ambito-educativo\/amp\/&amp;ved=2ahUKEwi_peiB8pL2AhViR_EDHYTEAakQFnoECCQQAQ&amp;usg=AOvVaw2_CFEhEyjTEw27SiBmW6tJ\"><strong><span lang=\"es\">Miguel Rosa. WordPress<\/span><\/strong><\/a><\/p><p class=\"LO-normal\"><a href=\"https:\/\/www.google.com\/url?sa=t&amp;source=web&amp;rct=j&amp;url=https:\/\/andaluciaaldia.es\/400-alumnos-participan-en-la-i-muestra-anual-de-la-comunicacion-muac&amp;ved=2ahUKEwjgz8Sw85L2AhXuSPEDHTvXBzU4ChAWegQIAhAB&amp;usg=AOvVaw1WYkbWa6NiYe7SvbiIHVzb\"><strong><span lang=\"es\">Andaluc\u00eda al d\u00eda:<\/span><\/strong><\/a><\/p><p class=\"LO-normal\"><a href=\"https:\/\/www.google.com\/url?sa=t&amp;source=web&amp;rct=j&amp;url=https:\/\/www.periodicoelgancho.com\/muac-la-primera-muestra-anual-de-la-comunicacion\/&amp;ved=2ahUKEwjgz8Sw85L2AhXuSPEDHTvXBzU4ChAWegQICRAB&amp;usg=AOvVaw38YqtgDt_xmZlh3W7cgjHP\"><strong><span lang=\"es\">Peri\u00f3dico El Gancho<\/span><\/strong><\/a><\/p><p class=\"LO-normal\"><a href=\"https:\/\/www.google.com\/url?sa=t&amp;source=web&amp;rct=j&amp;url=https:\/\/www.upo.es\/revistas\/index.php\/IJERI\/article\/download\/3792\/5293\/24845&amp;ved=2ahUKEwjU5uv585L2AhUAQfEDHdYqARQ4FBAWegQIBBAB&amp;usg=AOvVaw29XQGjHZ4me8mX-sCLRHP7\"><strong><span lang=\"es\">P\u00e1gina de la UPO. Relaci\u00f3n de todas las ediciones<\/span><\/strong><\/a><\/p><p class=\"LO-normal\"><a href=\"https:\/\/www.google.com\/url?sa=t&amp;source=web&amp;rct=j&amp;url=https:\/\/www.lainformacion.com\/asuntos-sociales\/participan-Muestra-Comunicacion-telediarios-medievales_0_902911117.html\/&amp;ved=2ahUKEwint_ek9JL2AhUaR_EDHW4yCWs4HhAWegQIHhAB&amp;usg=AOvVaw1wDOdxaikUY8wMtVfWp_iA\"><strong><span lang=\"es\">La informaci\u00f3n<\/span><\/strong><\/a><\/p><p class=\"LO-normal\"><a href=\"https:\/\/www.google.com\/url?sa=t&amp;source=web&amp;rct=j&amp;url=https:\/\/elcorreoweb.es\/movil\/sevilla\/mezclamos-las-tres-mil-con-el-centro-NC1567690&amp;ved=2ahUKEwint_ek9JL2AhUaR_EDHW4yCWs4HhAWegQIGxAB&amp;usg=AOvVaw3WP7h9KSeSjC5WCV0_-W0P\"><strong><span lang=\"es\">El correo web<\/span><\/strong><\/a><\/p><p class=\"LO-normal\"><a href=\"https:\/\/www.google.com\/url?sa=t&amp;source=web&amp;rct=j&amp;url=http:\/\/gelannoticias.blogspot.com\/2016\/03\/400-alumnos-participan-en-la-i-muestra.html%3Fm%3D1&amp;ved=2ahUKEwjE47ft-JL2AhWPRPEDHW42Abo4HhAWegQICBAB&amp;usg=AOvVaw0dY8fJAgtxwSvwlO3XAGiL\"><strong><span lang=\"es\">Gel\u00e1n noticias<\/span><\/strong><\/a><\/p><p class=\"LO-normal\"><a href=\"https:\/\/www.google.com\/url?sa=t&amp;source=web&amp;rct=j&amp;url=https:\/\/poligonosurelbarrioestuescuela.wordpress.com\/2016\/03\/29\/el-ies-poligono-sur-lleva-sus-ensenanzas-al-centro\/&amp;ved=2ahUKEwjW7bnK-JL2AhV6SfEDHYVjAhg4FBAWegQIFhAB&amp;usg=AOvVaw3LzwTRqIZ2Eo5GUUiDrDAz\"><strong><span lang=\"es\">Pol\u00edgono Sur<\/span><\/strong><\/a><\/p><h2 class=\"LO-normal\"><span lang=\"es\">2017<\/span><\/h2><p><strong><a href=\"https:\/\/iniciativasevillaabierta.es\/la-muestra-anual-de-comunicacion-en-el-ambito-educativo-se-consolida-con-la-participacion-de-mas-de-800-alumnos-de-una-veintena-de-centros\/\">Iniciativa Sevilla Abierta<\/a><\/strong><\/p><p class=\"LO-normal\"><strong><span lang=\"es\">ART\u00cdCULO ANDALUC\u00cdA EDUCATIVA<\/span><\/strong><\/p><h2 class=\"LO-normal\"><span lang=\"es\">2018<\/span><\/h2><p class=\"LO-normal\"><strong><span lang=\"es\"><a href=\"https:\/\/books.google.es\/books?id=l5ojEAAAQBAJ&amp;pg=PT116&amp;lpg=PT116&amp;dq=muac+sevilla+2016&amp;source=bl&amp;ots=V6mlLbOmDx&amp;sig=ACfU3U2uNHmyaMRP5Yw0qwaTODwJ7-zTQA&amp;hl=es&amp;sa=X&amp;ved=2ahUKEwjY3bWo95L2AhW7RvEDHYgOAfQ4bhDoAXoECAYQAg\">Rafael Porl\u00e1n. MuAC en un art\u00edculo sobre metodolog\u00edas educativas:<\/a> <\/span><\/strong><\/p><p class=\"LO-normal\"><a href=\"https:\/\/www.google.com\/url?sa=t&amp;source=web&amp;rct=j&amp;url=https:\/\/www.juntadeandalucia.es\/educacion\/portalaverroes\/buscadorgeneral%3FtagId%3D247806&amp;ved=2ahUKEwj9rc7795L2AhX-SPEDHf44A3EQFnoECAoQAQ&amp;usg=AOvVaw18-Agj_4AdZyHUPL-UlWZp\"><span lang=\"es\"><strong>Averroes<\/strong><\/span><\/a><\/p><h2 class=\"LO-normal\"><span lang=\"es\">2019<\/span><\/h2><p><a href=\"https:\/\/wonderlingua.webnode.es\/\" target=\"_blank\" rel=\"noopener\"><strong>Wonder\u00a0Lingua<\/strong><\/a><\/p><p><strong><a href=\"https:\/\/sevillabuenasnoticias.com\/ana-perez-garcia-el-colegio-san-jose-obrero-es-un-centro-de-oportunidades\/\">Sevilla Buenas Noticias<\/a><\/strong><\/p><p><strong><a href=\"https:\/\/fiestadelahistoria.wordpress.com\/muac-un-proyecto-de-innovacion-educativa-que-juega-con-la-historia\/\">Fiesta de la Historia<\/a><\/strong><\/p><h2 class=\"LO-normal\"><span lang=\"es\">2020<\/span><\/h2><p><strong><a href=\"https:\/\/elegirhoy.com\/evento\/congresos\/aprenderama-3\">Elegir Hoy<\/a><\/strong><\/p><p class=\"LO-normal\">\u00a0<\/p>\t\t\t\t\t\t\t\t<\/div>\n\t\t\t\t<\/div>\n\t\t\t\t\t<\/div>\n\t\t<\/div>\n\t\t\t\t\t<\/div>\n\t\t<\/section>\n\t\t\t\t<\/div>\n\t\t","protected":false},"excerpt":{"rendered":"<p>MuAC en los MEDIOS 2016 Sevilla al d\u00eda Enlace Twitter Montana. Taller mural Alameda: Enlace 1 Enlace 2 Miguel Rosa. WordPress Andaluc\u00eda al d\u00eda: Peri\u00f3dico&hellip;<\/p>\n","protected":false},"author":12174,"featured_media":0,"parent":0,"menu_order":0,"comment_status":"closed","ping_status":"closed","template":"elementor_header_footer","meta":{"ngg_post_thumbnail":0,"footnotes":""},"aioseo_notices":[],"_links":{"self":[{"href":"https:\/\/blogsaverroes.juntadeandalucia.es\/muac\/wp-json\/wp\/v2\/pages\/325"}],"collection":[{"href":"https:\/\/blogsaverroes.juntadeandalucia.es\/muac\/wp-json\/wp\/v2\/pages"}],"about":[{"href":"https:\/\/blogsaverroes.juntadeandalucia.es\/muac\/wp-json\/wp\/v2\/types\/page"}],"author":[{"embeddable":true,"href":"https:\/\/blogsaverroes.juntadeandalucia.es\/muac\/wp-json\/wp\/v2\/users\/12174"}],"replies":[{"embeddable":true,"href":"https:\/\/blogsaverroes.juntadeandalucia.es\/muac\/wp-json\/wp\/v2\/comments?post=325"}],"version-history":[{"count":16,"href":"https:\/\/blogsaverroes.juntadeandalucia.es\/muac\/wp-json\/wp\/v2\/pages\/325\/revisions"}],"predecessor-version":[{"id":354,"href":"https:\/\/blogsaverroes.juntadeandalucia.es\/muac\/wp-json\/wp\/v2\/pages\/325\/revisions\/354"}],"wp:attachment":[{"href":"https:\/\/blogsaverroes.juntadeandalucia.es\/muac\/wp-json\/wp\/v2\/media?parent=325"}],"curies":[{"name":"wp","href":"https:\/\/api.w.org\/{rel}","templated":true}]}}