{"id":128,"date":"2017-12-03T00:19:44","date_gmt":"2017-12-03T00:19:44","guid":{"rendered":"https:\/\/blogsaverroes.juntadeandalucia.es\/multimedia\/?page_id=128"},"modified":"2017-12-03T00:28:46","modified_gmt":"2017-12-03T00:28:46","slug":"ambito-civico-social","status":"publish","type":"page","link":"https:\/\/blogsaverroes.juntadeandalucia.es\/multimedia\/ambito-civico-social\/","title":{"rendered":"\u00c1mbito c\u00edvico social"},"content":{"rendered":"<div class=\"pt-cv-wrapper\"><div class=\"pt-cv-view pt-cv-grid pt-cv-colsys\" id=\"pt-cv-view-331762djqx\"><div data-id=\"pt-cv-page-1\" class=\"pt-cv-page\" data-cvc=\"3\"><div class=\"col-md-4 col-sm-6 col-xs-12 pt-cv-content-item pt-cv-1-col\" ><div class='pt-cv-ifield'><a href=\"https:\/\/blogsaverroes.juntadeandalucia.es\/multimedia\/2022\/05\/01\/como-hemos-llegado-hasta-aqui-historia-de-las-transiciones-ecologicas-en-espana-siglos-xx-xxi-ponente-juan-infante-amate\/\" class=\"_self pt-cv-href-thumbnail pt-cv-thumb-default\" target=\"_self\" ><img loading=\"lazy\" decoding=\"async\" width=\"268\" height=\"164\" src=\"https:\/\/blogsaverroes.juntadeandalucia.es\/multimedia\/files\/2022\/05\/Juan-Infante-268x164.jpg\" class=\"pt-cv-thumbnail\" alt=\"\" \/><\/a>\n<h4 class=\"pt-cv-title\"><a href=\"https:\/\/blogsaverroes.juntadeandalucia.es\/multimedia\/2022\/05\/01\/como-hemos-llegado-hasta-aqui-historia-de-las-transiciones-ecologicas-en-espana-siglos-xx-xxi-ponente-juan-infante-amate\/\" class=\"_self\" target=\"_self\" >\u00bfC\u00f3mo hemos llegado hasta aqu\u00ed? Historia de las transiciones ecol\u00f3gicas en Espa\u00f1a (siglos XX-XXI). Ponente: Juan Infante Amate.<\/a><\/h4>\n<div class=\"pt-cv-meta-fields\"><span class=\"terms\"> <a href='https:\/\/blogsaverroes.juntadeandalucia.es\/multimedia\/category\/ambito-civico-social\/' title='\u00c1mbito c\u00edvico social' class='pt-cv-tax-ambito-civico-social'>\u00c1mbito c\u00edvico social<\/a>, <a href='https:\/\/blogsaverroes.juntadeandalucia.es\/multimedia\/tag\/crisis-ecologica\/' title='Crisis ecol\u00f3gica' class='pt-cv-tax-crisis-ecologica'>Crisis ecol\u00f3gica<\/a>, <a href='https:\/\/blogsaverroes.juntadeandalucia.es\/multimedia\/tag\/historia-ambiental\/' title='Historia Ambiental' class='pt-cv-tax-historia-ambiental'>Historia Ambiental<\/a>, <a href='https:\/\/blogsaverroes.juntadeandalucia.es\/multimedia\/type\/video\/' title='V\u00eddeo' class='pt-cv-tax-post-format-video'>V\u00eddeo<\/a>, <a href='https:\/\/blogsaverroes.juntadeandalucia.es\/multimedia\/tag\/transicion-ecologica\/' title='Transici\u00f3n ecol\u00f3gica' class='pt-cv-tax-transicion-ecologica'>Transici\u00f3n ecol\u00f3gica<\/a><\/span><\/div><\/div><\/div>\n<div class=\"col-md-4 col-sm-6 col-xs-12 pt-cv-content-item pt-cv-1-col\" ><div class='pt-cv-ifield'><a href=\"https:\/\/blogsaverroes.juntadeandalucia.es\/multimedia\/2022\/04\/25\/sobre-la-emergencia-climatica-en-la-lomloe-razones-y-emociones-ponente-pablo-angel-meira-cartea\/\" class=\"_self pt-cv-href-thumbnail pt-cv-thumb-default\" target=\"_self\" ><img loading=\"lazy\" decoding=\"async\" width=\"268\" height=\"164\" src=\"https:\/\/blogsaverroes.juntadeandalucia.es\/multimedia\/files\/2022\/04\/l_-DSF5572-Pablo-Meira-1515598904-268x164.jpg\" class=\"pt-cv-thumbnail\" alt=\"\" srcset=\"https:\/\/blogsaverroes.juntadeandalucia.es\/multimedia\/files\/2022\/04\/l_-DSF5572-Pablo-Meira-1515598904-268x164.jpg 268w, https:\/\/blogsaverroes.juntadeandalucia.es\/multimedia\/files\/2022\/04\/l_-DSF5572-Pablo-Meira-1515598904-332x205.jpg 332w\" sizes=\"(max-width: 268px) 100vw, 268px\" \/><\/a>\n<h4 class=\"pt-cv-title\"><a href=\"https:\/\/blogsaverroes.juntadeandalucia.es\/multimedia\/2022\/04\/25\/sobre-la-emergencia-climatica-en-la-lomloe-razones-y-emociones-ponente-pablo-angel-meira-cartea\/\" class=\"_self\" target=\"_self\" >Sobre la emergencia clim\u00e1tica en la LOMLOE: razones y emociones. Ponente: Pablo \u00c1ngel Meira Cartea<\/a><\/h4>\n<div class=\"pt-cv-meta-fields\"><span class=\"terms\"> <a href='https:\/\/blogsaverroes.juntadeandalucia.es\/multimedia\/category\/ambito-civico-social\/' title='\u00c1mbito c\u00edvico social' class='pt-cv-tax-ambito-civico-social'>\u00c1mbito c\u00edvico social<\/a>, <a href='https:\/\/blogsaverroes.juntadeandalucia.es\/multimedia\/tag\/cambio-climatico\/' title='Cambio clim\u00e1tico' class='pt-cv-tax-cambio-climatico'>Cambio clim\u00e1tico<\/a>, <a href='https:\/\/blogsaverroes.juntadeandalucia.es\/multimedia\/tag\/educacion-ambiental\/' title='Educaci\u00f3n ambiental' class='pt-cv-tax-educacion-ambiental'>Educaci\u00f3n ambiental<\/a>, <a href='https:\/\/blogsaverroes.juntadeandalucia.es\/multimedia\/tag\/lomloe\/' title='LOMLOE' class='pt-cv-tax-lomloe'>LOMLOE<\/a>, <a href='https:\/\/blogsaverroes.juntadeandalucia.es\/multimedia\/type\/video\/' title='V\u00eddeo' class='pt-cv-tax-post-format-video'>V\u00eddeo<\/a><\/span><\/div><\/div><\/div>\n<div class=\"col-md-4 col-sm-6 col-xs-12 pt-cv-content-item pt-cv-1-col\" ><div class='pt-cv-ifield'><a href=\"https:\/\/blogsaverroes.juntadeandalucia.es\/multimedia\/2022\/04\/19\/los-archivos-filmicos-en-la-era-de-netflix-ponente-pablo-garcia-casado\/\" class=\"_self pt-cv-href-thumbnail pt-cv-thumb-default\" target=\"_self\" ><img loading=\"lazy\" decoding=\"async\" width=\"268\" height=\"164\" src=\"https:\/\/blogsaverroes.juntadeandalucia.es\/multimedia\/files\/2022\/04\/Pablo-Garc\u00eda-Casado-268x164.jpg\" class=\"pt-cv-thumbnail\" alt=\"\" srcset=\"https:\/\/blogsaverroes.juntadeandalucia.es\/multimedia\/files\/2022\/04\/Pablo-Garc\u00eda-Casado-268x164.jpg 268w, https:\/\/blogsaverroes.juntadeandalucia.es\/multimedia\/files\/2022\/04\/Pablo-Garc\u00eda-Casado-332x205.jpg 332w\" sizes=\"(max-width: 268px) 100vw, 268px\" \/><\/a>\n<h4 class=\"pt-cv-title\"><a href=\"https:\/\/blogsaverroes.juntadeandalucia.es\/multimedia\/2022\/04\/19\/los-archivos-filmicos-en-la-era-de-netflix-ponente-pablo-garcia-casado\/\" class=\"_self\" target=\"_self\" >Los archivos f\u00edlmicos en la era de Netflix. Ponente: Pablo Garc\u00eda Casado<\/a><\/h4>\n<div class=\"pt-cv-meta-fields\"><span class=\"terms\"> <a href='https:\/\/blogsaverroes.juntadeandalucia.es\/multimedia\/category\/ambito-civico-social\/' title='\u00c1mbito c\u00edvico social' class='pt-cv-tax-ambito-civico-social'>\u00c1mbito c\u00edvico social<\/a>, <a href='https:\/\/blogsaverroes.juntadeandalucia.es\/multimedia\/tag\/archivos-filmicos\/' title='Archivos f\u00edlmicos' class='pt-cv-tax-archivos-filmicos'>Archivos f\u00edlmicos<\/a>, <a href='https:\/\/blogsaverroes.juntadeandalucia.es\/multimedia\/tag\/educacion-patrimonial\/' title='Educaci\u00f3n patrimonial' class='pt-cv-tax-educacion-patrimonial'>Educaci\u00f3n patrimonial<\/a>, <a href='https:\/\/blogsaverroes.juntadeandalucia.es\/multimedia\/tag\/filmoteca-de-andalucia\/' title='Filmoteca de Andaluc\u00eda' class='pt-cv-tax-filmoteca-de-andalucia'>Filmoteca de Andaluc\u00eda<\/a>, <a href='https:\/\/blogsaverroes.juntadeandalucia.es\/multimedia\/tag\/netflix\/' title='Netflix' class='pt-cv-tax-netflix'>Netflix<\/a>, <a href='https:\/\/blogsaverroes.juntadeandalucia.es\/multimedia\/type\/video\/' title='V\u00eddeo' class='pt-cv-tax-post-format-video'>V\u00eddeo<\/a><\/span><\/div><\/div><\/div>\n<div class=\"col-md-4 col-sm-6 col-xs-12 pt-cv-content-item pt-cv-1-col\" ><div class='pt-cv-ifield'><a href=\"https:\/\/blogsaverroes.juntadeandalucia.es\/multimedia\/2022\/03\/07\/posibilidades-educativas-del-arte-urbano-proyectos-y-experiencias-ponente-laura-luque-rodrigo\/\" class=\"_self pt-cv-href-thumbnail pt-cv-thumb-default\" target=\"_self\" ><img loading=\"lazy\" decoding=\"async\" width=\"225\" height=\"164\" src=\"https:\/\/blogsaverroes.juntadeandalucia.es\/multimedia\/files\/2022\/03\/Laura-Luque-225x164.jpg\" class=\"pt-cv-thumbnail\" alt=\"\" \/><\/a>\n<h4 class=\"pt-cv-title\"><a href=\"https:\/\/blogsaverroes.juntadeandalucia.es\/multimedia\/2022\/03\/07\/posibilidades-educativas-del-arte-urbano-proyectos-y-experiencias-ponente-laura-luque-rodrigo\/\" class=\"_self\" target=\"_self\" >Posibilidades educativas del arte urbano: proyectos y experiencias. Ponente: Laura Luque Rodrigo<\/a><\/h4>\n<div class=\"pt-cv-meta-fields\"><span class=\"terms\"> <a href='https:\/\/blogsaverroes.juntadeandalucia.es\/multimedia\/category\/ambito-civico-social\/' title='\u00c1mbito c\u00edvico social' class='pt-cv-tax-ambito-civico-social'>\u00c1mbito c\u00edvico social<\/a>, <a href='https:\/\/blogsaverroes.juntadeandalucia.es\/multimedia\/tag\/arte-urbano\/' title='Arte Urbano' class='pt-cv-tax-arte-urbano'>Arte Urbano<\/a>, <a href='https:\/\/blogsaverroes.juntadeandalucia.es\/multimedia\/tag\/educacion-patrimonial\/' title='Educaci\u00f3n patrimonial' class='pt-cv-tax-educacion-patrimonial'>Educaci\u00f3n patrimonial<\/a>, <a href='https:\/\/blogsaverroes.juntadeandalucia.es\/multimedia\/tag\/patrimonio\/' title='Patrimonio' class='pt-cv-tax-patrimonio'>Patrimonio<\/a>, <a href='https:\/\/blogsaverroes.juntadeandalucia.es\/multimedia\/tag\/patrimonio-urbano\/' title='Patrimonio urbano' class='pt-cv-tax-patrimonio-urbano'>Patrimonio urbano<\/a>, <a href='https:\/\/blogsaverroes.juntadeandalucia.es\/multimedia\/type\/video\/' title='V\u00eddeo' class='pt-cv-tax-post-format-video'>V\u00eddeo<\/a><\/span><\/div><\/div><\/div>\n<div class=\"col-md-4 col-sm-6 col-xs-12 pt-cv-content-item pt-cv-1-col\" ><div class='pt-cv-ifield'><a href=\"https:\/\/blogsaverroes.juntadeandalucia.es\/multimedia\/2022\/03\/06\/hannah-arendt-en-la-epoca-del-antropoceno-ponente-antonio-campillo-meseguer\/\" class=\"_self pt-cv-href-thumbnail pt-cv-thumb-default\" target=\"_self\" ><img loading=\"lazy\" decoding=\"async\" width=\"268\" height=\"164\" src=\"https:\/\/blogsaverroes.juntadeandalucia.es\/multimedia\/files\/2022\/03\/antoniocampillo-2014-268x164.jpg\" class=\"pt-cv-thumbnail\" alt=\"\" srcset=\"https:\/\/blogsaverroes.juntadeandalucia.es\/multimedia\/files\/2022\/03\/antoniocampillo-2014-268x164.jpg 268w, https:\/\/blogsaverroes.juntadeandalucia.es\/multimedia\/files\/2022\/03\/antoniocampillo-2014-332x205.jpg 332w\" sizes=\"(max-width: 268px) 100vw, 268px\" \/><\/a>\n<h4 class=\"pt-cv-title\"><a href=\"https:\/\/blogsaverroes.juntadeandalucia.es\/multimedia\/2022\/03\/06\/hannah-arendt-en-la-epoca-del-antropoceno-ponente-antonio-campillo-meseguer\/\" class=\"_self\" target=\"_self\" >Hannah Arendt en la \u00e9poca del Antropoceno. Ponente: Antonio Campillo Meseguer<\/a><\/h4>\n<div class=\"pt-cv-meta-fields\"><span class=\"terms\"> <a href='https:\/\/blogsaverroes.juntadeandalucia.es\/multimedia\/category\/ambito-civico-social\/' title='\u00c1mbito c\u00edvico social' class='pt-cv-tax-ambito-civico-social'>\u00c1mbito c\u00edvico social<\/a>, <a href='https:\/\/blogsaverroes.juntadeandalucia.es\/multimedia\/tag\/filosofia\/' title='Filosof\u00eda' class='pt-cv-tax-filosofia'>Filosof\u00eda<\/a>, <a href='https:\/\/blogsaverroes.juntadeandalucia.es\/multimedia\/tag\/hannah-arendt\/' title='Hannah Arendt' class='pt-cv-tax-hannah-arendt'>Hannah Arendt<\/a>, <a href='https:\/\/blogsaverroes.juntadeandalucia.es\/multimedia\/tag\/jornadas-de-filosofia\/' title='Jornadas de Filosof\u00eda' class='pt-cv-tax-jornadas-de-filosofia'>Jornadas de Filosof\u00eda<\/a>, <a href='https:\/\/blogsaverroes.juntadeandalucia.es\/multimedia\/type\/video\/' title='V\u00eddeo' class='pt-cv-tax-post-format-video'>V\u00eddeo<\/a><\/span><\/div><\/div><\/div>\n<div class=\"col-md-4 col-sm-6 col-xs-12 pt-cv-content-item pt-cv-1-col\" ><div class='pt-cv-ifield'><a href=\"https:\/\/blogsaverroes.juntadeandalucia.es\/multimedia\/2022\/02\/17\/de-la-filosofia-a-la-educacion-martha-nussbaum-un-compromiso-con-el-dialogo-el-pensamiento-critico-y-la-justicia-social-ponente-virginia-guichot-reina\/\" class=\"_self pt-cv-href-thumbnail pt-cv-thumb-default\" target=\"_self\" ><img loading=\"lazy\" decoding=\"async\" width=\"268\" height=\"164\" src=\"https:\/\/blogsaverroes.juntadeandalucia.es\/multimedia\/files\/2022\/02\/097_Virginia_Guichot_Reina-268x164.jpg\" class=\"pt-cv-thumbnail\" alt=\"\" srcset=\"https:\/\/blogsaverroes.juntadeandalucia.es\/multimedia\/files\/2022\/02\/097_Virginia_Guichot_Reina-268x164.jpg 268w, https:\/\/blogsaverroes.juntadeandalucia.es\/multimedia\/files\/2022\/02\/097_Virginia_Guichot_Reina-332x205.jpg 332w\" sizes=\"(max-width: 268px) 100vw, 268px\" \/><\/a>\n<h4 class=\"pt-cv-title\"><a href=\"https:\/\/blogsaverroes.juntadeandalucia.es\/multimedia\/2022\/02\/17\/de-la-filosofia-a-la-educacion-martha-nussbaum-un-compromiso-con-el-dialogo-el-pensamiento-critico-y-la-justicia-social-ponente-virginia-guichot-reina\/\" class=\"_self\" target=\"_self\" >De la filosof\u00eda a la educaci\u00f3n. Martha Nussbaum: un compromiso con el di\u00e1logo, el pensamiento cr\u00edtico y la justicia social. Ponente: Virginia Guichot Reina<\/a><\/h4>\n<div class=\"pt-cv-meta-fields\"><span class=\"terms\"> <a href='https:\/\/blogsaverroes.juntadeandalucia.es\/multimedia\/category\/ambito-civico-social\/' title='\u00c1mbito c\u00edvico social' class='pt-cv-tax-ambito-civico-social'>\u00c1mbito c\u00edvico social<\/a>, <a href='https:\/\/blogsaverroes.juntadeandalucia.es\/multimedia\/tag\/educacion\/' title='Educaci\u00f3n' class='pt-cv-tax-educacion'>Educaci\u00f3n<\/a>, <a href='https:\/\/blogsaverroes.juntadeandalucia.es\/multimedia\/tag\/filosofia\/' title='Filosof\u00eda' class='pt-cv-tax-filosofia'>Filosof\u00eda<\/a>, <a href='https:\/\/blogsaverroes.juntadeandalucia.es\/multimedia\/tag\/jornadas-de-filosofia\/' title='Jornadas de Filosof\u00eda' class='pt-cv-tax-jornadas-de-filosofia'>Jornadas de Filosof\u00eda<\/a>, <a href='https:\/\/blogsaverroes.juntadeandalucia.es\/multimedia\/tag\/justicia-social\/' title='Justicia social' class='pt-cv-tax-justicia-social'>Justicia social<\/a>, <a href='https:\/\/blogsaverroes.juntadeandalucia.es\/multimedia\/tag\/martha-nussbaum\/' title='Martha Nussbaum' class='pt-cv-tax-martha-nussbaum'>Martha Nussbaum<\/a>, <a href='https:\/\/blogsaverroes.juntadeandalucia.es\/multimedia\/type\/video\/' title='V\u00eddeo' class='pt-cv-tax-post-format-video'>V\u00eddeo<\/a><\/span><\/div><\/div><\/div>\n<div class=\"col-md-4 col-sm-6 col-xs-12 pt-cv-content-item pt-cv-1-col\" ><div class='pt-cv-ifield'><a href=\"https:\/\/blogsaverroes.juntadeandalucia.es\/multimedia\/2022\/02\/16\/chantal-mouffe-posmarxismo-y-hegemonia-a-10-anos-del-15-m-ponente-laura-rodriguez-montecino\/\" class=\"_self pt-cv-href-thumbnail pt-cv-thumb-default\" target=\"_self\" ><img loading=\"lazy\" decoding=\"async\" width=\"225\" height=\"164\" src=\"https:\/\/blogsaverroes.juntadeandalucia.es\/multimedia\/files\/2022\/02\/Laura-R-Montecino-225x164.jpeg\" class=\"pt-cv-thumbnail\" alt=\"\" \/><\/a>\n<h4 class=\"pt-cv-title\"><a href=\"https:\/\/blogsaverroes.juntadeandalucia.es\/multimedia\/2022\/02\/16\/chantal-mouffe-posmarxismo-y-hegemonia-a-10-anos-del-15-m-ponente-laura-rodriguez-montecino\/\" class=\"_self\" target=\"_self\" >Chantal Mouffe: posmarxismo y hegemon\u00eda a 10 a\u00f1os del 15-M, Ponente: Laura Rodr\u00edguez Montecino<\/a><\/h4>\n<div class=\"pt-cv-meta-fields\"><span class=\"terms\"> <a href='https:\/\/blogsaverroes.juntadeandalucia.es\/multimedia\/tag\/15-m\/' title='15-M' class='pt-cv-tax-15-m'>15-M<\/a>, <a href='https:\/\/blogsaverroes.juntadeandalucia.es\/multimedia\/category\/ambito-civico-social\/' title='\u00c1mbito c\u00edvico social' class='pt-cv-tax-ambito-civico-social'>\u00c1mbito c\u00edvico social<\/a>, <a href='https:\/\/blogsaverroes.juntadeandalucia.es\/multimedia\/tag\/chantal-mouffe\/' title='Chantal Mouffe' class='pt-cv-tax-chantal-mouffe'>Chantal Mouffe<\/a>, <a href='https:\/\/blogsaverroes.juntadeandalucia.es\/multimedia\/tag\/filosofia\/' title='Filosof\u00eda' class='pt-cv-tax-filosofia'>Filosof\u00eda<\/a>, <a href='https:\/\/blogsaverroes.juntadeandalucia.es\/multimedia\/tag\/jornadas-de-filosofia\/' title='Jornadas de Filosof\u00eda' class='pt-cv-tax-jornadas-de-filosofia'>Jornadas de Filosof\u00eda<\/a>, <a href='https:\/\/blogsaverroes.juntadeandalucia.es\/multimedia\/tag\/laura-rodriguez-montecino\/' title='Laura Rodr\u00edguez Montecino' class='pt-cv-tax-laura-rodriguez-montecino'>Laura Rodr\u00edguez Montecino<\/a>, <a href='https:\/\/blogsaverroes.juntadeandalucia.es\/multimedia\/tag\/posmarxismo\/' title='Posmarxismo' class='pt-cv-tax-posmarxismo'>Posmarxismo<\/a>, <a href='https:\/\/blogsaverroes.juntadeandalucia.es\/multimedia\/type\/video\/' title='V\u00eddeo' class='pt-cv-tax-post-format-video'>V\u00eddeo<\/a><\/span><\/div><\/div><\/div>\n<div class=\"col-md-4 col-sm-6 col-xs-12 pt-cv-content-item pt-cv-1-col\" ><div class='pt-cv-ifield'><a href=\"https:\/\/blogsaverroes.juntadeandalucia.es\/multimedia\/2022\/02\/13\/la-filosofia-feminista-pragmatista-nancy-fraser-ponente-maria-luisa-posada-kubissa\/\" class=\"_self pt-cv-href-thumbnail pt-cv-thumb-default\" target=\"_self\" ><img loading=\"lazy\" decoding=\"async\" width=\"268\" height=\"164\" src=\"https:\/\/blogsaverroes.juntadeandalucia.es\/multimedia\/files\/2022\/02\/Luisa_Posada_Feminario_2018_cropped-268x164.jpg\" class=\"pt-cv-thumbnail\" alt=\"\" srcset=\"https:\/\/blogsaverroes.juntadeandalucia.es\/multimedia\/files\/2022\/02\/Luisa_Posada_Feminario_2018_cropped-268x164.jpg 268w, https:\/\/blogsaverroes.juntadeandalucia.es\/multimedia\/files\/2022\/02\/Luisa_Posada_Feminario_2018_cropped-332x205.jpg 332w\" sizes=\"(max-width: 268px) 100vw, 268px\" \/><\/a>\n<h4 class=\"pt-cv-title\"><a href=\"https:\/\/blogsaverroes.juntadeandalucia.es\/multimedia\/2022\/02\/13\/la-filosofia-feminista-pragmatista-nancy-fraser-ponente-maria-luisa-posada-kubissa\/\" class=\"_self\" target=\"_self\" >La filosof\u00eda feminista pragmatista: Nancy Fraser. Ponente: Mar\u00eda Luisa Posada Kubissa<\/a><\/h4>\n<div class=\"pt-cv-meta-fields\"><span class=\"terms\"> <a href='https:\/\/blogsaverroes.juntadeandalucia.es\/multimedia\/category\/ambito-civico-social\/' title='\u00c1mbito c\u00edvico social' class='pt-cv-tax-ambito-civico-social'>\u00c1mbito c\u00edvico social<\/a>, <a href='https:\/\/blogsaverroes.juntadeandalucia.es\/multimedia\/tag\/feminismo\/' title='Feminismo' class='pt-cv-tax-feminismo'>Feminismo<\/a>, <a href='https:\/\/blogsaverroes.juntadeandalucia.es\/multimedia\/tag\/filosofia\/' title='Filosof\u00eda' class='pt-cv-tax-filosofia'>Filosof\u00eda<\/a>, <a href='https:\/\/blogsaverroes.juntadeandalucia.es\/multimedia\/tag\/jornadas-de-filosofia\/' title='Jornadas de Filosof\u00eda' class='pt-cv-tax-jornadas-de-filosofia'>Jornadas de Filosof\u00eda<\/a>, <a href='https:\/\/blogsaverroes.juntadeandalucia.es\/multimedia\/tag\/nancy-fraser\/' title='Nancy Fraser' class='pt-cv-tax-nancy-fraser'>Nancy Fraser<\/a>, <a href='https:\/\/blogsaverroes.juntadeandalucia.es\/multimedia\/type\/video\/' title='V\u00eddeo' class='pt-cv-tax-post-format-video'>V\u00eddeo<\/a><\/span><\/div><\/div><\/div>\n<div class=\"col-md-4 col-sm-6 col-xs-12 pt-cv-content-item pt-cv-1-col\" ><div class='pt-cv-ifield'><a href=\"https:\/\/blogsaverroes.juntadeandalucia.es\/multimedia\/2022\/02\/13\/patrimonio-cultural-y-despoblacion-discursos-realidades-y-propuestas-ponente-aniceto-delgado-mendez\/\" class=\"_self pt-cv-href-thumbnail pt-cv-thumb-default\" target=\"_self\" ><img loading=\"lazy\" decoding=\"async\" width=\"268\" height=\"164\" src=\"https:\/\/blogsaverroes.juntadeandalucia.es\/multimedia\/files\/2022\/02\/Aniceto-Delgado-268x164.jpg\" class=\"pt-cv-thumbnail\" alt=\"\" srcset=\"https:\/\/blogsaverroes.juntadeandalucia.es\/multimedia\/files\/2022\/02\/Aniceto-Delgado-268x164.jpg 268w, https:\/\/blogsaverroes.juntadeandalucia.es\/multimedia\/files\/2022\/02\/Aniceto-Delgado-332x205.jpg 332w\" sizes=\"(max-width: 268px) 100vw, 268px\" \/><\/a>\n<h4 class=\"pt-cv-title\"><a href=\"https:\/\/blogsaverroes.juntadeandalucia.es\/multimedia\/2022\/02\/13\/patrimonio-cultural-y-despoblacion-discursos-realidades-y-propuestas-ponente-aniceto-delgado-mendez\/\" class=\"_self\" target=\"_self\" >Patrimonio cultural y despoblaci\u00f3n: discursos, realidades y propuestas. Ponente: Aniceto Delgado M\u00e9ndez<\/a><\/h4>\n<div class=\"pt-cv-meta-fields\"><span class=\"terms\"> <a href='https:\/\/blogsaverroes.juntadeandalucia.es\/multimedia\/category\/ambito-civico-social\/' title='\u00c1mbito c\u00edvico social' class='pt-cv-tax-ambito-civico-social'>\u00c1mbito c\u00edvico social<\/a>, <a href='https:\/\/blogsaverroes.juntadeandalucia.es\/multimedia\/tag\/despoblacion\/' title='Despoblaci\u00f3n' class='pt-cv-tax-despoblacion'>Despoblaci\u00f3n<\/a>, <a href='https:\/\/blogsaverroes.juntadeandalucia.es\/multimedia\/tag\/educacion-patrimonial\/' title='Educaci\u00f3n patrimonial' class='pt-cv-tax-educacion-patrimonial'>Educaci\u00f3n patrimonial<\/a>, <a href='https:\/\/blogsaverroes.juntadeandalucia.es\/multimedia\/tag\/patrimonio\/' title='Patrimonio' class='pt-cv-tax-patrimonio'>Patrimonio<\/a>, <a href='https:\/\/blogsaverroes.juntadeandalucia.es\/multimedia\/tag\/patrimonio-rural\/' title='Patrimonio rural' class='pt-cv-tax-patrimonio-rural'>Patrimonio rural<\/a>, <a href='https:\/\/blogsaverroes.juntadeandalucia.es\/multimedia\/type\/video\/' title='V\u00eddeo' class='pt-cv-tax-post-format-video'>V\u00eddeo<\/a><\/span><\/div><\/div><\/div><\/div><\/div>\n<div class=\" pt-cv-pagination-wrapper\"><ul class=\"pt-cv-pagination pt-cv-ajax pagination\" data-totalpages=\"9\" data-currentpage=\"1\" data-sid=\"331762djqx\" data-unid=\"\" data-isblock=\"\" data-postid=\"\"><li class=\"active\"><a href=\"#\">1<\/a><\/li>\n\t<li ><a class=\"\" href=\"https:\/\/blogsaverroes.juntadeandalucia.es\/multimedia\/wp-json\/wp\/v2\/pages\/128\/?_page=2\">2<\/a><\/li>\n\t<li ><a class=\"\" href=\"https:\/\/blogsaverroes.juntadeandalucia.es\/multimedia\/wp-json\/wp\/v2\/pages\/128\/?_page=3\">3<\/a><\/li>\n\t<li ><a href=\"#\">&hellip;<\/a><\/li>\n\t<li ><a class=\"\" href=\"https:\/\/blogsaverroes.juntadeandalucia.es\/multimedia\/wp-json\/wp\/v2\/pages\/128\/?_page=9\">9<\/a><\/li>\n\t<li ><a class=\" \" href=\"https:\/\/blogsaverroes.juntadeandalucia.es\/multimedia\/wp-json\/wp\/v2\/pages\/128\/?_page=2\">&rsaquo;<\/a><\/li>\n\t<\/ul><img loading=\"lazy\" decoding=\"async\" width=\"15\" height=\"15\" class=\"pt-cv-spinner\" alt=\"Cargando...\" src=\"data:image\/gif;base64,R0lGODlhDwAPALMPAMrKygwMDJOTkz09PZWVla+vr3p6euTk5M7OzuXl5TMzMwAAAJmZmWZmZszMzP\/\/\/yH\/C05FVFNDQVBFMi4wAwEAAAAh+QQFCgAPACwAAAAADwAPAAAEQvDJaZaZOIcV8iQK8VRX4iTYoAwZ4iCYoAjZ4RxejhVNoT+mRGP4cyF4Pp0N98sBGIBMEMOotl6YZ3S61Bmbkm4mAgAh+QQFCgAPACwAAAAADQANAAAENPDJSRSZeA418itN8QiK8BiLITVsFiyBBIoYqnoewAD4xPw9iY4XLGYSjkQR4UAUD45DLwIAIfkEBQoADwAsAAAAAA8ACQAABC\/wyVlamTi3nSdgwFNdhEJgTJoNyoB9ISYoQmdjiZPcj7EYCAeCF1gEDo4Dz2eIAAAh+QQFCgAPACwCAAAADQANAAAEM\/DJBxiYeLKdX3IJZT1FU0iIg2RNKx3OkZVnZ98ToRD4MyiDnkAh6BkNC0MvsAj0kMpHBAAh+QQFCgAPACwGAAAACQAPAAAEMDC59KpFDll73HkAA2wVY5KgiK5b0RRoI6MuzG6EQqCDMlSGheEhUAgqgUUAFRySIgAh+QQFCgAPACwCAAIADQANAAAEM\/DJKZNLND\/kkKaHc3xk+QAMYDKsiaqmZCxGVjSFFCxB1vwy2oOgIDxuucxAMTAJFAJNBAAh+QQFCgAPACwAAAYADwAJAAAEMNAs86q1yaWwwv2Ig0jUZx3OYa4XoRAfwADXoAwfo1+CIjyFRuEho60aSNYlOPxEAAAh+QQFCgAPACwAAAIADQANAAAENPA9s4y8+IUVcqaWJ4qEQozSoAzoIyhCK2NFU2SJk0hNnyEOhKR2AzAAj4Pj4GE4W0bkJQIAOw==\" \/><div class=\"clear pt-cv-clear-pagination\"><\/div><\/div><\/div>\n","protected":false},"excerpt":{"rendered":"","protected":false},"author":1432,"featured_media":0,"parent":0,"menu_order":0,"comment_status":"closed","ping_status":"closed","template":"","meta":{"ngg_post_thumbnail":0,"footnotes":""},"aioseo_notices":[],"_links":{"self":[{"href":"https:\/\/blogsaverroes.juntadeandalucia.es\/multimedia\/wp-json\/wp\/v2\/pages\/128"}],"collection":[{"href":"https:\/\/blogsaverroes.juntadeandalucia.es\/multimedia\/wp-json\/wp\/v2\/pages"}],"about":[{"href":"https:\/\/blogsaverroes.juntadeandalucia.es\/multimedia\/wp-json\/wp\/v2\/types\/page"}],"author":[{"embeddable":true,"href":"https:\/\/blogsaverroes.juntadeandalucia.es\/multimedia\/wp-json\/wp\/v2\/users\/1432"}],"replies":[{"embeddable":true,"href":"https:\/\/blogsaverroes.juntadeandalucia.es\/multimedia\/wp-json\/wp\/v2\/comments?post=128"}],"version-history":[{"count":2,"href":"https:\/\/blogsaverroes.juntadeandalucia.es\/multimedia\/wp-json\/wp\/v2\/pages\/128\/revisions"}],"predecessor-version":[{"id":140,"href":"https:\/\/blogsaverroes.juntadeandalucia.es\/multimedia\/wp-json\/wp\/v2\/pages\/128\/revisions\/140"}],"wp:attachment":[{"href":"https:\/\/blogsaverroes.juntadeandalucia.es\/multimedia\/wp-json\/wp\/v2\/media?parent=128"}],"curies":[{"name":"wp","href":"https:\/\/api.w.org\/{rel}","templated":true}]}}