{"id":164,"date":"2017-12-03T11:55:13","date_gmt":"2017-12-03T11:55:13","guid":{"rendered":"https:\/\/blogsaverroes.juntadeandalucia.es\/multimedia\/?page_id=164"},"modified":"2017-12-03T11:57:17","modified_gmt":"2017-12-03T11:57:17","slug":"ambito-linguistico","status":"publish","type":"page","link":"https:\/\/blogsaverroes.juntadeandalucia.es\/multimedia\/ambito-linguistico\/","title":{"rendered":"\u00c1mbito Ling\u00fc\u00edstico"},"content":{"rendered":"<p><strong><\/strong><div class=\"pt-cv-wrapper\"><div class=\"pt-cv-view pt-cv-grid pt-cv-colsys\" id=\"pt-cv-view-98b49f5ml8\"><div data-id=\"pt-cv-page-1\" class=\"pt-cv-page\" data-cvc=\"1\"><div class=\"col-md-12 col-sm-6 col-xs-12 pt-cv-content-item pt-cv-1-col\" ><div class='pt-cv-ifield'><a href=\"https:\/\/blogsaverroes.juntadeandalucia.es\/multimedia\/2018\/05\/07\/ii-certamen-de-debate-intercentros\/\" class=\"_self pt-cv-href-thumbnail pt-cv-thumb-default\" target=\"_self\" ><img loading=\"lazy\" decoding=\"async\" width=\"332\" height=\"205\" src=\"https:\/\/blogsaverroes.juntadeandalucia.es\/multimedia\/files\/2018\/05\/debate-332x205.png\" class=\"pt-cv-thumbnail\" alt=\"\" srcset=\"https:\/\/blogsaverroes.juntadeandalucia.es\/multimedia\/files\/2018\/05\/debate-332x205.png 332w, https:\/\/blogsaverroes.juntadeandalucia.es\/multimedia\/files\/2018\/05\/debate-640x393.png 640w, https:\/\/blogsaverroes.juntadeandalucia.es\/multimedia\/files\/2018\/05\/debate-268x164.png 268w\" sizes=\"(max-width: 332px) 100vw, 332px\" \/><\/a>\n<h4 class=\"pt-cv-title\"><a href=\"https:\/\/blogsaverroes.juntadeandalucia.es\/multimedia\/2018\/05\/07\/ii-certamen-de-debate-intercentros\/\" class=\"_self\" target=\"_self\" >II CERTAMEN DE DEBATE INTERCENTROS<\/a><\/h4>\n<div class=\"pt-cv-meta-fields\"><span class=\"terms\"> <a href='https:\/\/blogsaverroes.juntadeandalucia.es\/multimedia\/category\/ambito-linguistico\/' title='\u00c1mbito Ling\u00fc\u00edstico' class='pt-cv-tax-ambito-linguistico'>\u00c1mbito Ling\u00fc\u00edstico<\/a><\/span><\/div><\/div><\/div>\n<div class=\"col-md-12 col-sm-6 col-xs-12 pt-cv-content-item pt-cv-1-col\" ><div class='pt-cv-ifield'><a href=\"https:\/\/blogsaverroes.juntadeandalucia.es\/multimedia\/2014\/12\/03\/ii-feria-plurilinguismo\/\" class=\"_self pt-cv-href-thumbnail pt-cv-thumb-default\" target=\"_self\" ><img loading=\"lazy\" decoding=\"async\" width=\"332\" height=\"205\" src=\"https:\/\/blogsaverroes.juntadeandalucia.es\/multimedia\/files\/2014\/12\/cartel_II-FERIA-PLURI-332x205.jpg\" class=\"pt-cv-thumbnail\" alt=\"\" srcset=\"https:\/\/blogsaverroes.juntadeandalucia.es\/multimedia\/files\/2014\/12\/cartel_II-FERIA-PLURI-332x205.jpg 332w, https:\/\/blogsaverroes.juntadeandalucia.es\/multimedia\/files\/2014\/12\/cartel_II-FERIA-PLURI-268x164.jpg 268w\" sizes=\"(max-width: 332px) 100vw, 332px\" \/><\/a>\n<h4 class=\"pt-cv-title\"><a href=\"https:\/\/blogsaverroes.juntadeandalucia.es\/multimedia\/2014\/12\/03\/ii-feria-plurilinguismo\/\" class=\"_self\" target=\"_self\" >II FERIA PLURILING\u00dcISMO<\/a><\/h4>\n<div class=\"pt-cv-meta-fields\"><span class=\"terms\"> <a href='https:\/\/blogsaverroes.juntadeandalucia.es\/multimedia\/category\/ambito-linguistico\/' title='\u00c1mbito Ling\u00fc\u00edstico' class='pt-cv-tax-ambito-linguistico'>\u00c1mbito Ling\u00fc\u00edstico<\/a><\/span><\/div><\/div><\/div><\/div><\/div><\/div><\/p>\n","protected":false},"excerpt":{"rendered":"","protected":false},"author":1432,"featured_media":0,"parent":0,"menu_order":0,"comment_status":"closed","ping_status":"closed","template":"","meta":{"ngg_post_thumbnail":0,"footnotes":""},"aioseo_notices":[],"_links":{"self":[{"href":"https:\/\/blogsaverroes.juntadeandalucia.es\/multimedia\/wp-json\/wp\/v2\/pages\/164"}],"collection":[{"href":"https:\/\/blogsaverroes.juntadeandalucia.es\/multimedia\/wp-json\/wp\/v2\/pages"}],"about":[{"href":"https:\/\/blogsaverroes.juntadeandalucia.es\/multimedia\/wp-json\/wp\/v2\/types\/page"}],"author":[{"embeddable":true,"href":"https:\/\/blogsaverroes.juntadeandalucia.es\/multimedia\/wp-json\/wp\/v2\/users\/1432"}],"replies":[{"embeddable":true,"href":"https:\/\/blogsaverroes.juntadeandalucia.es\/multimedia\/wp-json\/wp\/v2\/comments?post=164"}],"version-history":[{"count":2,"href":"https:\/\/blogsaverroes.juntadeandalucia.es\/multimedia\/wp-json\/wp\/v2\/pages\/164\/revisions"}],"predecessor-version":[{"id":167,"href":"https:\/\/blogsaverroes.juntadeandalucia.es\/multimedia\/wp-json\/wp\/v2\/pages\/164\/revisions\/167"}],"wp:attachment":[{"href":"https:\/\/blogsaverroes.juntadeandalucia.es\/multimedia\/wp-json\/wp\/v2\/media?parent=164"}],"curies":[{"name":"wp","href":"https:\/\/api.w.org\/{rel}","templated":true}]}}