{"id":46,"date":"2017-11-17T17:34:54","date_gmt":"2017-11-17T17:34:54","guid":{"rendered":"https:\/\/blogsaverroes.juntadeandalucia.es\/multimedia\/?page_id=46"},"modified":"2017-11-30T08:07:34","modified_gmt":"2017-11-30T08:07:34","slug":"ambito-cientifico-tecnologico","status":"publish","type":"page","link":"https:\/\/blogsaverroes.juntadeandalucia.es\/multimedia\/ambito-cientifico-tecnologico\/","title":{"rendered":"\u00c1mbito cient\u00edfico tecnol\u00f3gico"},"content":{"rendered":"<div class=\"pt-cv-wrapper\"><div class=\"pt-cv-view pt-cv-grid pt-cv-colsys\" id=\"pt-cv-view-e81b742s8h\"><div data-id=\"pt-cv-page-1\" class=\"pt-cv-page\" data-cvc=\"3\"><div class=\"col-md-4 col-sm-6 col-xs-12 pt-cv-content-item pt-cv-1-col\" ><div class='pt-cv-ifield'><a href=\"https:\/\/blogsaverroes.juntadeandalucia.es\/multimedia\/2017\/12\/12\/cesar-poyatos-otras-metodologias-en-el-aula-de-ciencias\/\" class=\"_self pt-cv-href-thumbnail pt-cv-thumb-default\" target=\"_self\" ><img loading=\"lazy\" decoding=\"async\" width=\"332\" height=\"205\" src=\"https:\/\/blogsaverroes.juntadeandalucia.es\/multimedia\/files\/2017\/12\/jornadascienciasexperimentales-332x205.png\" class=\"pt-cv-thumbnail\" alt=\"\" srcset=\"https:\/\/blogsaverroes.juntadeandalucia.es\/multimedia\/files\/2017\/12\/jornadascienciasexperimentales-332x205.png 332w, https:\/\/blogsaverroes.juntadeandalucia.es\/multimedia\/files\/2017\/12\/jornadascienciasexperimentales-268x164.png 268w, https:\/\/blogsaverroes.juntadeandalucia.es\/multimedia\/files\/2017\/12\/jornadascienciasexperimentales-24x16.png 24w\" sizes=\"(max-width: 332px) 100vw, 332px\" \/><\/a>\n<h4 class=\"pt-cv-title\"><a href=\"https:\/\/blogsaverroes.juntadeandalucia.es\/multimedia\/2017\/12\/12\/cesar-poyatos-otras-metodologias-en-el-aula-de-ciencias\/\" class=\"_self\" target=\"_self\" >Cesar Poyatos: Otras metodolog\u00edas en el aula de ciencias<\/a><\/h4>\n<div class=\"pt-cv-meta-fields\"><span class=\"terms\"> <a href='https:\/\/blogsaverroes.juntadeandalucia.es\/multimedia\/category\/ambito-cientifico-tecnologico\/' title='\u00c1mbito cient\u00edfico tecnol\u00f3gico' class='pt-cv-tax-ambito-cientifico-tecnologico'>\u00c1mbito cient\u00edfico tecnol\u00f3gico<\/a><\/span><\/div><\/div><\/div>\n<div class=\"col-md-4 col-sm-6 col-xs-12 pt-cv-content-item pt-cv-1-col\" ><div class='pt-cv-ifield'><a href=\"https:\/\/blogsaverroes.juntadeandalucia.es\/multimedia\/2017\/12\/03\/realidad-virtual\/\" class=\"_self pt-cv-href-thumbnail pt-cv-thumb-default\" target=\"_self\" ><img loading=\"lazy\" decoding=\"async\" width=\"332\" height=\"205\" src=\"https:\/\/blogsaverroes.juntadeandalucia.es\/multimedia\/files\/2017\/12\/poster_itinerario_maker-332x205.png\" class=\"pt-cv-thumbnail\" alt=\"\" srcset=\"https:\/\/blogsaverroes.juntadeandalucia.es\/multimedia\/files\/2017\/12\/poster_itinerario_maker-332x205.png 332w, https:\/\/blogsaverroes.juntadeandalucia.es\/multimedia\/files\/2017\/12\/poster_itinerario_maker-268x164.png 268w, https:\/\/blogsaverroes.juntadeandalucia.es\/multimedia\/files\/2017\/12\/poster_itinerario_maker-24x16.png 24w\" sizes=\"(max-width: 332px) 100vw, 332px\" \/><\/a>\n<h4 class=\"pt-cv-title\"><a href=\"https:\/\/blogsaverroes.juntadeandalucia.es\/multimedia\/2017\/12\/03\/realidad-virtual\/\" class=\"_self\" target=\"_self\" >REALIDAD VIRTUAL<\/a><\/h4>\n<div class=\"pt-cv-meta-fields\"><span class=\"terms\"> <a href='https:\/\/blogsaverroes.juntadeandalucia.es\/multimedia\/category\/ambito-cientifico-tecnologico\/' title='\u00c1mbito cient\u00edfico tecnol\u00f3gico' class='pt-cv-tax-ambito-cientifico-tecnologico'>\u00c1mbito cient\u00edfico tecnol\u00f3gico<\/a><\/span><\/div><\/div><\/div>\n<div class=\"col-md-4 col-sm-6 col-xs-12 pt-cv-content-item pt-cv-1-col\" ><div class='pt-cv-ifield'><a href=\"https:\/\/blogsaverroes.juntadeandalucia.es\/multimedia\/2017\/12\/03\/introduccion-a-la-impresion-3d\/\" class=\"_self pt-cv-href-thumbnail pt-cv-thumb-default\" target=\"_self\" ><img loading=\"lazy\" decoding=\"async\" width=\"332\" height=\"205\" src=\"https:\/\/blogsaverroes.juntadeandalucia.es\/multimedia\/files\/2017\/12\/poster_itinerario_maker-332x205.png\" class=\"pt-cv-thumbnail\" alt=\"\" srcset=\"https:\/\/blogsaverroes.juntadeandalucia.es\/multimedia\/files\/2017\/12\/poster_itinerario_maker-332x205.png 332w, https:\/\/blogsaverroes.juntadeandalucia.es\/multimedia\/files\/2017\/12\/poster_itinerario_maker-268x164.png 268w, https:\/\/blogsaverroes.juntadeandalucia.es\/multimedia\/files\/2017\/12\/poster_itinerario_maker-24x16.png 24w\" sizes=\"(max-width: 332px) 100vw, 332px\" \/><\/a>\n<h4 class=\"pt-cv-title\"><a href=\"https:\/\/blogsaverroes.juntadeandalucia.es\/multimedia\/2017\/12\/03\/introduccion-a-la-impresion-3d\/\" class=\"_self\" target=\"_self\" >INTRODUCCI\u00d3N A LA IMPRESI\u00d3N 3D<\/a><\/h4>\n<div class=\"pt-cv-meta-fields\"><span class=\"terms\"> <a href='https:\/\/blogsaverroes.juntadeandalucia.es\/multimedia\/category\/ambito-cientifico-tecnologico\/' title='\u00c1mbito cient\u00edfico tecnol\u00f3gico' class='pt-cv-tax-ambito-cientifico-tecnologico'>\u00c1mbito cient\u00edfico tecnol\u00f3gico<\/a><\/span><\/div><\/div><\/div><\/div><\/div><\/div>\n","protected":false},"excerpt":{"rendered":"","protected":false},"author":1432,"featured_media":0,"parent":0,"menu_order":0,"comment_status":"closed","ping_status":"closed","template":"","meta":{"ngg_post_thumbnail":0,"footnotes":""},"aioseo_notices":[],"_links":{"self":[{"href":"https:\/\/blogsaverroes.juntadeandalucia.es\/multimedia\/wp-json\/wp\/v2\/pages\/46"}],"collection":[{"href":"https:\/\/blogsaverroes.juntadeandalucia.es\/multimedia\/wp-json\/wp\/v2\/pages"}],"about":[{"href":"https:\/\/blogsaverroes.juntadeandalucia.es\/multimedia\/wp-json\/wp\/v2\/types\/page"}],"author":[{"embeddable":true,"href":"https:\/\/blogsaverroes.juntadeandalucia.es\/multimedia\/wp-json\/wp\/v2\/users\/1432"}],"replies":[{"embeddable":true,"href":"https:\/\/blogsaverroes.juntadeandalucia.es\/multimedia\/wp-json\/wp\/v2\/comments?post=46"}],"version-history":[{"count":23,"href":"https:\/\/blogsaverroes.juntadeandalucia.es\/multimedia\/wp-json\/wp\/v2\/pages\/46\/revisions"}],"predecessor-version":[{"id":101,"href":"https:\/\/blogsaverroes.juntadeandalucia.es\/multimedia\/wp-json\/wp\/v2\/pages\/46\/revisions\/101"}],"wp:attachment":[{"href":"https:\/\/blogsaverroes.juntadeandalucia.es\/multimedia\/wp-json\/wp\/v2\/media?parent=46"}],"curies":[{"name":"wp","href":"https:\/\/api.w.org\/{rel}","templated":true}]}}