{"id":103,"date":"2022-03-22T19:26:53","date_gmt":"2022-03-22T19:26:53","guid":{"rendered":"https:\/\/blogsaverroes.juntadeandalucia.es\/museoantoniocabral\/?page_id=103"},"modified":"2022-04-06T09:22:17","modified_gmt":"2022-04-06T09:22:17","slug":"coleccion","status":"publish","type":"page","link":"https:\/\/blogsaverroes.juntadeandalucia.es\/museoantoniocabral\/coleccion\/","title":{"rendered":"Colecci\u00f3n"},"content":{"rendered":"<!--themify_builder_content-->\n<div id=\"themify_builder_content-103\" data-postid=\"103\" class=\"themify_builder_content themify_builder_content-103 themify_builder tf_clear\">\n                    <div  data-lazy=\"1\" class=\"module_row themify_builder_row our-services tb_3k05314 tb_first tf_w\">\n                        <div class=\"row_inner col_align_top tb_col_count_1 tf_box tf_rel\">\n                        <div  data-lazy=\"1\" class=\"module_column tb-column col-full tb_sep3316 first\">\n                            <div  data-lazy=\"1\" class=\"module_subrow themify_builder_sub_row tf_w col_align_top tb_col_count_4 tb_h4u1320\">\n                <div  data-lazy=\"1\" class=\"module_column sub_column col4-1 tb_204b322 first\">\n                    <!-- module image -->\n<div  class=\"module module-image tb_r85g323 image-center   tf_mw wow\" data-tf-animation=\"fadeInLeft\" data-lazy=\"1\">\n        <div class=\"image-wrap tf_rel tf_mw\">\n            <a href=\"https:\/\/blogsaverroes.juntadeandalucia.es\/museoantoniocabral\/arado\">\n                   <img loading=\"lazy\" decoding=\"async\" src=\"https:\/\/blogsaverroes.juntadeandalucia.es\/museoantoniocabral\/files\/2022\/03\/ARADO-1024x1024-200x200.jpg\" width=\"200\" height=\"200\" class=\"wp-post-image wp-image-123\" title=\"Arado\" alt=\"Consiste en renovar la tierra haciendo en ella surcos con el arado a finales de verano, a fin de airearla para la siembra.\" srcset=\"https:\/\/blogsaverroes.juntadeandalucia.es\/museoantoniocabral\/files\/2022\/03\/ARADO-1024x1024-200x200.jpg 200w, https:\/\/blogsaverroes.juntadeandalucia.es\/museoantoniocabral\/files\/2022\/03\/ARADO-300x300.jpg 300w, https:\/\/blogsaverroes.juntadeandalucia.es\/museoantoniocabral\/files\/2022\/03\/ARADO-1024x1024.jpg 1024w, https:\/\/blogsaverroes.juntadeandalucia.es\/museoantoniocabral\/files\/2022\/03\/ARADO-150x150.jpg 150w, https:\/\/blogsaverroes.juntadeandalucia.es\/museoantoniocabral\/files\/2022\/03\/ARADO-768x768.jpg 768w, https:\/\/blogsaverroes.juntadeandalucia.es\/museoantoniocabral\/files\/2022\/03\/ARADO-1536x1536.jpg 1536w, https:\/\/blogsaverroes.juntadeandalucia.es\/museoantoniocabral\/files\/2022\/03\/ARADO.jpg 1614w\" sizes=\"(max-width: 200px) 100vw, 200px\" \/>        <\/a>\n    \n        <\/div>\n    <!-- \/image-wrap -->\n    \n        <div class=\"image-content\">\n                    <h3 class=\"image-title\">\n                                    <a href=\"https:\/\/blogsaverroes.juntadeandalucia.es\/museoantoniocabral\/arado\">\n                        Arado                    <\/a>\n                            <\/h3>\n                        <div class=\"image-caption tb_text_wrap\">\n            Consiste en renovar la tierra haciendo en ella surcos con el arado a finales de verano, a fin de airearla para la siembra.        <\/div>\n        <!-- \/image-caption -->\n            <\/div>\n    <!-- \/image-content -->\n        <\/div>\n<!-- \/module image --><!-- module image -->\n<div  class=\"module module-image tb_9wbr325 image-center   tf_mw wow\" data-tf-animation=\"fadeInRight\" data-lazy=\"1\">\n        <div class=\"image-wrap tf_rel tf_mw\">\n            <a href=\"https:\/\/blogsaverroes.juntadeandalucia.es\/museoantoniocabral\/siega\">\n                   <img loading=\"lazy\" decoding=\"async\" src=\"https:\/\/blogsaverroes.juntadeandalucia.es\/museoantoniocabral\/files\/2022\/03\/SIEGA-1024x1024-200x200.jpg\" width=\"200\" height=\"200\" class=\"wp-post-image wp-image-135\" title=\"Siega\" alt=\"Consiste en cortar las plantas cultivadas que ya han crecido y germinado, a fin de aprovechar el grano o semilla.\" srcset=\"https:\/\/blogsaverroes.juntadeandalucia.es\/museoantoniocabral\/files\/2022\/03\/SIEGA-1024x1024-200x200.jpg 200w, https:\/\/blogsaverroes.juntadeandalucia.es\/museoantoniocabral\/files\/2022\/03\/SIEGA-300x300.jpg 300w, https:\/\/blogsaverroes.juntadeandalucia.es\/museoantoniocabral\/files\/2022\/03\/SIEGA-1024x1024.jpg 1024w, https:\/\/blogsaverroes.juntadeandalucia.es\/museoantoniocabral\/files\/2022\/03\/SIEGA-150x150.jpg 150w, https:\/\/blogsaverroes.juntadeandalucia.es\/museoantoniocabral\/files\/2022\/03\/SIEGA-768x768.jpg 768w, https:\/\/blogsaverroes.juntadeandalucia.es\/museoantoniocabral\/files\/2022\/03\/SIEGA-1536x1536.jpg 1536w, https:\/\/blogsaverroes.juntadeandalucia.es\/museoantoniocabral\/files\/2022\/03\/SIEGA.jpg 1614w\" sizes=\"(max-width: 200px) 100vw, 200px\" \/>        <\/a>\n    \n        <\/div>\n    <!-- \/image-wrap -->\n    \n        <div class=\"image-content\">\n                    <h3 class=\"image-title\">\n                                    <a href=\"https:\/\/blogsaverroes.juntadeandalucia.es\/museoantoniocabral\/siega\">\n                        Siega                    <\/a>\n                            <\/h3>\n                        <div class=\"image-caption tb_text_wrap\">\n            Consiste en cortar las plantas cultivadas que ya han crecido y germinado, a fin de aprovechar el grano o semilla.        <\/div>\n        <!-- \/image-caption -->\n            <\/div>\n    <!-- \/image-content -->\n        <\/div>\n<!-- \/module image -->        <\/div>\n                    <div  data-lazy=\"1\" class=\"module_column sub_column col4-1 tb_1qi7326\">\n                    <!-- module image -->\n<div  class=\"module module-image tb_dy3r326 image-center   tf_mw wow\" data-tf-animation=\"fadeInLeft\" data-lazy=\"1\">\n        <div class=\"image-wrap tf_rel tf_mw\">\n            <a href=\"https:\/\/blogsaverroes.juntadeandalucia.es\/museoantoniocabral\/siembra\">\n                   <img loading=\"lazy\" decoding=\"async\" src=\"https:\/\/blogsaverroes.juntadeandalucia.es\/museoantoniocabral\/files\/2022\/03\/SIEMBRA-1024x1024-200x200.jpg\" width=\"200\" height=\"200\" class=\"wp-post-image wp-image-120\" title=\"Siembra\" alt=\"Es la operaci\u00f3n de enterrar la semilla en la tierra para obtener una nueva planta. En Andaluc\u00eda se suele sembrar en oto\u00f1o.\" srcset=\"https:\/\/blogsaverroes.juntadeandalucia.es\/museoantoniocabral\/files\/2022\/03\/SIEMBRA-1024x1024-200x200.jpg 200w, https:\/\/blogsaverroes.juntadeandalucia.es\/museoantoniocabral\/files\/2022\/03\/SIEMBRA-300x300.jpg 300w, https:\/\/blogsaverroes.juntadeandalucia.es\/museoantoniocabral\/files\/2022\/03\/SIEMBRA-1024x1024.jpg 1024w, https:\/\/blogsaverroes.juntadeandalucia.es\/museoantoniocabral\/files\/2022\/03\/SIEMBRA-150x150.jpg 150w, https:\/\/blogsaverroes.juntadeandalucia.es\/museoantoniocabral\/files\/2022\/03\/SIEMBRA-768x768.jpg 768w, https:\/\/blogsaverroes.juntadeandalucia.es\/museoantoniocabral\/files\/2022\/03\/SIEMBRA-1536x1536.jpg 1536w, https:\/\/blogsaverroes.juntadeandalucia.es\/museoantoniocabral\/files\/2022\/03\/SIEMBRA.jpg 1614w\" sizes=\"(max-width: 200px) 100vw, 200px\" \/>        <\/a>\n    \n        <\/div>\n    <!-- \/image-wrap -->\n    \n        <div class=\"image-content\">\n                    <h3 class=\"image-title\">\n                                    <a href=\"https:\/\/blogsaverroes.juntadeandalucia.es\/museoantoniocabral\/siembra\">\n                        Siembra                    <\/a>\n                            <\/h3>\n                        <div class=\"image-caption tb_text_wrap\">\n            Es la operaci\u00f3n de enterrar la semilla en la tierra para obtener una nueva planta. En Andaluc\u00eda se suele sembrar en oto\u00f1o.        <\/div>\n        <!-- \/image-caption -->\n            <\/div>\n    <!-- \/image-content -->\n        <\/div>\n<!-- \/module image --><!-- module image -->\n<div  class=\"module module-image tb_w7ms327 image-center   tf_mw wow\" data-tf-animation=\"fadeInRight\" data-lazy=\"1\">\n        <div class=\"image-wrap tf_rel tf_mw\">\n            <a href=\"https:\/\/blogsaverroes.juntadeandalucia.es\/museoantoniocabral\/trilla\">\n                   <img loading=\"lazy\" decoding=\"async\" src=\"https:\/\/blogsaverroes.juntadeandalucia.es\/museoantoniocabral\/files\/2022\/03\/TRILLA-200x200.jpg\" width=\"200\" height=\"200\" class=\"wp-post-image wp-image-122\" title=\"Trilla\" alt=\"Operaci\u00f3n mediante la que se separan los granos de la paja en los cultivos de cereal.\" srcset=\"https:\/\/blogsaverroes.juntadeandalucia.es\/museoantoniocabral\/files\/2022\/03\/TRILLA-200x200.jpg 200w, https:\/\/blogsaverroes.juntadeandalucia.es\/museoantoniocabral\/files\/2022\/03\/TRILLA-300x300.jpg 300w, https:\/\/blogsaverroes.juntadeandalucia.es\/museoantoniocabral\/files\/2022\/03\/TRILLA-150x150.jpg 150w, https:\/\/blogsaverroes.juntadeandalucia.es\/museoantoniocabral\/files\/2022\/03\/TRILLA-768x768.jpg 768w, https:\/\/blogsaverroes.juntadeandalucia.es\/museoantoniocabral\/files\/2022\/03\/TRILLA.jpg 992w\" sizes=\"(max-width: 200px) 100vw, 200px\" \/>        <\/a>\n    \n        <\/div>\n    <!-- \/image-wrap -->\n    \n        <div class=\"image-content\">\n                    <h3 class=\"image-title\">\n                                    <a href=\"https:\/\/blogsaverroes.juntadeandalucia.es\/museoantoniocabral\/trilla\">\n                        Trilla                    <\/a>\n                            <\/h3>\n                        <div class=\"image-caption tb_text_wrap\">\n            Operaci\u00f3n mediante la que se separan los granos de la paja en los cultivos de cereal.        <\/div>\n        <!-- \/image-caption -->\n            <\/div>\n    <!-- \/image-content -->\n        <\/div>\n<!-- \/module image -->        <\/div>\n                    <div  data-lazy=\"1\" class=\"module_column sub_column col4-1 tb_m3p0328\">\n                    <!-- module image -->\n<div  class=\"module module-image tb_0vs4328 image-center   tf_mw wow\" data-tf-animation=\"fadeInLeft\" data-lazy=\"1\">\n        <div class=\"image-wrap tf_rel tf_mw\">\n            <a href=\"https:\/\/blogsaverroes.juntadeandalucia.es\/museoantoniocabral\/poda\">\n                   <img loading=\"lazy\" decoding=\"async\" src=\"https:\/\/blogsaverroes.juntadeandalucia.es\/museoantoniocabral\/files\/2022\/03\/PODA-1024x1024-200x200.jpg\" width=\"200\" height=\"200\" class=\"wp-post-image wp-image-132\" title=\"Poda\" alt=\"Es la acci\u00f3n de cortar las ramas que se rompen o estropean a lo largo del a\u00f1o para que no resten savia a las ramas sanas.\" srcset=\"https:\/\/blogsaverroes.juntadeandalucia.es\/museoantoniocabral\/files\/2022\/03\/PODA-1024x1024-200x200.jpg 200w, https:\/\/blogsaverroes.juntadeandalucia.es\/museoantoniocabral\/files\/2022\/03\/PODA-300x300.jpg 300w, https:\/\/blogsaverroes.juntadeandalucia.es\/museoantoniocabral\/files\/2022\/03\/PODA-1024x1024.jpg 1024w, https:\/\/blogsaverroes.juntadeandalucia.es\/museoantoniocabral\/files\/2022\/03\/PODA-150x150.jpg 150w, https:\/\/blogsaverroes.juntadeandalucia.es\/museoantoniocabral\/files\/2022\/03\/PODA-768x768.jpg 768w, https:\/\/blogsaverroes.juntadeandalucia.es\/museoantoniocabral\/files\/2022\/03\/PODA-1536x1536.jpg 1536w, https:\/\/blogsaverroes.juntadeandalucia.es\/museoantoniocabral\/files\/2022\/03\/PODA.jpg 1614w\" sizes=\"(max-width: 200px) 100vw, 200px\" \/>        <\/a>\n    \n        <\/div>\n    <!-- \/image-wrap -->\n    \n        <div class=\"image-content\">\n                    <h3 class=\"image-title\">\n                                    <a href=\"https:\/\/blogsaverroes.juntadeandalucia.es\/museoantoniocabral\/poda\">\n                        Poda                    <\/a>\n                            <\/h3>\n                        <div class=\"image-caption tb_text_wrap\">\n            Es la acci\u00f3n de cortar las ramas que se rompen o estropean a lo largo del a\u00f1o para que no resten savia a las ramas sanas.        <\/div>\n        <!-- \/image-caption -->\n            <\/div>\n    <!-- \/image-content -->\n        <\/div>\n<!-- \/module image --><!-- module image -->\n<div  class=\"module module-image tb_belq328 image-center   tf_mw wow\" data-tf-animation=\"fadeInRight\" data-lazy=\"1\">\n        <div class=\"image-wrap tf_rel tf_mw\">\n            <a href=\"https:\/\/blogsaverroes.juntadeandalucia.es\/museoantoniocabral\/arreos\">\n                   <img loading=\"lazy\" decoding=\"async\" src=\"https:\/\/blogsaverroes.juntadeandalucia.es\/museoantoniocabral\/files\/2022\/03\/ARREOS-200x200.jpg\" width=\"200\" height=\"200\" class=\"wp-post-image wp-image-124\" title=\"Arreos\" alt=\"Son los objetos que se ponen a los animales para aprovechar, y dirigir su fuerza, y sus cargas.\" srcset=\"https:\/\/blogsaverroes.juntadeandalucia.es\/museoantoniocabral\/files\/2022\/03\/ARREOS-200x200.jpg 200w, https:\/\/blogsaverroes.juntadeandalucia.es\/museoantoniocabral\/files\/2022\/03\/ARREOS-300x300.jpg 300w, https:\/\/blogsaverroes.juntadeandalucia.es\/museoantoniocabral\/files\/2022\/03\/ARREOS-150x150.jpg 150w, https:\/\/blogsaverroes.juntadeandalucia.es\/museoantoniocabral\/files\/2022\/03\/ARREOS-768x768.jpg 768w, https:\/\/blogsaverroes.juntadeandalucia.es\/museoantoniocabral\/files\/2022\/03\/ARREOS.jpg 992w\" sizes=\"(max-width: 200px) 100vw, 200px\" \/>        <\/a>\n    \n        <\/div>\n    <!-- \/image-wrap -->\n    \n        <div class=\"image-content\">\n                    <h3 class=\"image-title\">\n                                    <a href=\"https:\/\/blogsaverroes.juntadeandalucia.es\/museoantoniocabral\/arreos\">\n                        Arreos                    <\/a>\n                            <\/h3>\n                        <div class=\"image-caption tb_text_wrap\">\n            Son los objetos que se ponen a los animales para aprovechar, y dirigir su fuerza, y sus cargas.        <\/div>\n        <!-- \/image-caption -->\n            <\/div>\n    <!-- \/image-content -->\n        <\/div>\n<!-- \/module image -->        <\/div>\n                    <div  data-lazy=\"1\" class=\"module_column sub_column col4-1 tb_peky329 last\">\n                    <!-- module image -->\n<div  class=\"module module-image tb_nj04330 image-center   tf_mw wow\" data-tf-animation=\"fadeInLeft\" data-lazy=\"1\">\n        <div class=\"image-wrap tf_rel tf_mw\">\n            <a href=\"https:\/\/blogsaverroes.juntadeandalucia.es\/museoantoniocabral\/escarda\">\n                   <img loading=\"lazy\" decoding=\"async\" src=\"https:\/\/blogsaverroes.juntadeandalucia.es\/museoantoniocabral\/files\/2022\/03\/ESCARDAA-200x200.jpg\" width=\"200\" height=\"200\" class=\"wp-post-image wp-image-127\" title=\"Escarda\" alt=\"Consiste en eliminar las malas hierbas que nacen de forma espont\u00e1nea entre los cultivos para evitar que le resten nutrientes.\" srcset=\"https:\/\/blogsaverroes.juntadeandalucia.es\/museoantoniocabral\/files\/2022\/03\/ESCARDAA-200x200.jpg 200w, https:\/\/blogsaverroes.juntadeandalucia.es\/museoantoniocabral\/files\/2022\/03\/ESCARDAA-300x300.jpg 300w, https:\/\/blogsaverroes.juntadeandalucia.es\/museoantoniocabral\/files\/2022\/03\/ESCARDAA-150x150.jpg 150w, https:\/\/blogsaverroes.juntadeandalucia.es\/museoantoniocabral\/files\/2022\/03\/ESCARDAA-768x768.jpg 768w, https:\/\/blogsaverroes.juntadeandalucia.es\/museoantoniocabral\/files\/2022\/03\/ESCARDAA.jpg 992w\" sizes=\"(max-width: 200px) 100vw, 200px\" \/>        <\/a>\n    \n        <\/div>\n    <!-- \/image-wrap -->\n    \n        <div class=\"image-content\">\n                    <h3 class=\"image-title\">\n                                    <a href=\"https:\/\/blogsaverroes.juntadeandalucia.es\/museoantoniocabral\/escarda\">\n                        Escarda                    <\/a>\n                            <\/h3>\n                        <div class=\"image-caption tb_text_wrap\">\n            Consiste en eliminar las malas hierbas que nacen de forma espont\u00e1nea entre los cultivos para evitar que le resten nutrientes.        <\/div>\n        <!-- \/image-caption -->\n            <\/div>\n    <!-- \/image-content -->\n        <\/div>\n<!-- \/module image --><!-- module image -->\n<div  class=\"module module-image tb_rrfq330 image-center   tf_mw wow\" data-tf-animation=\"fadeInRight\" data-lazy=\"1\">\n        <div class=\"image-wrap tf_rel tf_mw\">\n            <a href=\"https:\/\/blogsaverroes.juntadeandalucia.es\/museoantoniocabral\/toneleria\">\n                   <img loading=\"lazy\" decoding=\"async\" src=\"https:\/\/blogsaverroes.juntadeandalucia.es\/museoantoniocabral\/files\/2022\/03\/TONELERIA-200x200.jpg\" width=\"200\" height=\"200\" class=\"wp-post-image wp-image-121\" title=\"Toneler\u00eda y trasiego\" alt=\"La Toneler\u00eda es el arte de dar forma a la madera para construir la bota. El Trasiego implica todo el trasvase que se lleva a cabo con los vinos, especialmente complejo en el sistema de Criadera y Solera usado en Jerez.\" srcset=\"https:\/\/blogsaverroes.juntadeandalucia.es\/museoantoniocabral\/files\/2022\/03\/TONELERIA-200x200.jpg 200w, https:\/\/blogsaverroes.juntadeandalucia.es\/museoantoniocabral\/files\/2022\/03\/TONELERIA-300x300.jpg 300w, https:\/\/blogsaverroes.juntadeandalucia.es\/museoantoniocabral\/files\/2022\/03\/TONELERIA-150x150.jpg 150w, https:\/\/blogsaverroes.juntadeandalucia.es\/museoantoniocabral\/files\/2022\/03\/TONELERIA-768x768.jpg 768w, https:\/\/blogsaverroes.juntadeandalucia.es\/museoantoniocabral\/files\/2022\/03\/TONELERIA.jpg 992w\" sizes=\"(max-width: 200px) 100vw, 200px\" \/>        <\/a>\n    \n        <\/div>\n    <!-- \/image-wrap -->\n    \n        <div class=\"image-content\">\n                    <h3 class=\"image-title\">\n                                    <a href=\"https:\/\/blogsaverroes.juntadeandalucia.es\/museoantoniocabral\/toneleria\">\n                        Toneler\u00eda y trasiego                    <\/a>\n                            <\/h3>\n                        <div class=\"image-caption tb_text_wrap\">\n            La Toneler\u00eda es el arte de dar forma a la madera para construir la bota. El Trasiego implica todo el trasvase que se lleva a cabo con los vinos, especialmente complejo en el sistema de Criadera y Solera usado en Jerez.        <\/div>\n        <!-- \/image-caption -->\n            <\/div>\n    <!-- \/image-content -->\n        <\/div>\n<!-- \/module image -->        <\/div>\n                    <\/div>\n                <\/div>\n                        <\/div>\n        <\/div>\n        <\/div>\n<!--\/themify_builder_content-->","protected":false},"excerpt":{"rendered":"<p>Arado Consiste en renovar la tierra haciendo en ella surcos con el arado a finales de verano, a fin de airearla para la siembra. Siega Consiste en cortar las plantas cultivadas que ya han crecido y germinado, a fin de aprovechar el grano o semilla. Siembra Es la operaci\u00f3n de enterrar la semilla en la [&hellip;]<\/p>\n","protected":false},"author":12290,"featured_media":0,"parent":0,"menu_order":0,"comment_status":"closed","ping_status":"closed","template":"","meta":{"ngg_post_thumbnail":0,"footnotes":""},"aioseo_notices":[],"_links":{"self":[{"href":"https:\/\/blogsaverroes.juntadeandalucia.es\/museoantoniocabral\/wp-json\/wp\/v2\/pages\/103"}],"collection":[{"href":"https:\/\/blogsaverroes.juntadeandalucia.es\/museoantoniocabral\/wp-json\/wp\/v2\/pages"}],"about":[{"href":"https:\/\/blogsaverroes.juntadeandalucia.es\/museoantoniocabral\/wp-json\/wp\/v2\/types\/page"}],"author":[{"embeddable":true,"href":"https:\/\/blogsaverroes.juntadeandalucia.es\/museoantoniocabral\/wp-json\/wp\/v2\/users\/12290"}],"replies":[{"embeddable":true,"href":"https:\/\/blogsaverroes.juntadeandalucia.es\/museoantoniocabral\/wp-json\/wp\/v2\/comments?post=103"}],"version-history":[{"count":3,"href":"https:\/\/blogsaverroes.juntadeandalucia.es\/museoantoniocabral\/wp-json\/wp\/v2\/pages\/103\/revisions"}],"predecessor-version":[{"id":201,"href":"https:\/\/blogsaverroes.juntadeandalucia.es\/museoantoniocabral\/wp-json\/wp\/v2\/pages\/103\/revisions\/201"}],"wp:attachment":[{"href":"https:\/\/blogsaverroes.juntadeandalucia.es\/museoantoniocabral\/wp-json\/wp\/v2\/media?parent=103"}],"curies":[{"name":"wp","href":"https:\/\/api.w.org\/{rel}","templated":true}]}}