{"id":15,"date":"2022-03-18T07:33:24","date_gmt":"2022-03-18T07:33:24","guid":{"rendered":"https:\/\/blogsaverroes.juntadeandalucia.es\/museoantoniocabral\/?page_id=15"},"modified":"2022-04-26T07:48:24","modified_gmt":"2022-04-26T07:48:24","slug":"arado","status":"publish","type":"page","link":"https:\/\/blogsaverroes.juntadeandalucia.es\/museoantoniocabral\/arado\/","title":{"rendered":"Arado"},"content":{"rendered":"<!--themify_builder_content-->\n<div id=\"themify_builder_content-15\" data-postid=\"15\" class=\"themify_builder_content themify_builder_content-15 themify_builder tf_clear\">\n                    <div  data-lazy=\"1\" class=\"module_row themify_builder_row tb_zowa650 tb_first tf_w\">\n                        <div class=\"row_inner col_align_top tb_col_count_1 tf_box tf_rel\">\n                        <div  data-lazy=\"1\" class=\"module_column tb-column col-full tb_5416651 first\">\n                    <!-- module post -->\n<div  class=\"module module-post tb_9nbe651 \">\n    <div  class=\"builder-posts-wrap loops-wrapper grid4 masonry classic tf_rel tf_clear tf_clearfix\" data-lazy=\"1\">\n    <article id=\"post-208\" class=\"post tf_clearfix post-208 type-post status-publish format-standard has-post-thumbnail hentry category-arado has-post-title no-post-date has-post-category has-post-tag has-post-comment has-post-author \">\n\t    \n\t                <figure class=\"post-image tf_clearfix\">\n                                                            <a href=\"https:\/\/blogsaverroes.juntadeandalucia.es\/museoantoniocabral\/arado-romano\/\">\n                                        <img loading=\"lazy\" decoding=\"async\" width=\"2126\" height=\"1429\" src=\"https:\/\/blogsaverroes.juntadeandalucia.es\/museoantoniocabral\/files\/2022\/04\/ARADO-ROMANO.png\" class=\"wp-post-image wp-image-209\" title=\"ARADO ROMANO\" alt=\"ARADO ROMANO\" srcset=\"https:\/\/blogsaverroes.juntadeandalucia.es\/museoantoniocabral\/files\/2022\/04\/ARADO-ROMANO.png 2126w, https:\/\/blogsaverroes.juntadeandalucia.es\/museoantoniocabral\/files\/2022\/04\/ARADO-ROMANO-300x202.png 300w, https:\/\/blogsaverroes.juntadeandalucia.es\/museoantoniocabral\/files\/2022\/04\/ARADO-ROMANO-1024x688.png 1024w, https:\/\/blogsaverroes.juntadeandalucia.es\/museoantoniocabral\/files\/2022\/04\/ARADO-ROMANO-768x516.png 768w, https:\/\/blogsaverroes.juntadeandalucia.es\/museoantoniocabral\/files\/2022\/04\/ARADO-ROMANO-1536x1032.png 1536w, https:\/\/blogsaverroes.juntadeandalucia.es\/museoantoniocabral\/files\/2022\/04\/ARADO-ROMANO-2048x1377.png 2048w\" sizes=\"(max-width: 2126px) 100vw, 2126px\" \/>                                                                    <\/a>\n                                                                <\/figure>\n                    \t<div class=\"post-content\">\n\t\t<div class=\"post-content-inner\">\n\n\t\t\t\n\t\t\t<h2 class=\"post-title entry-title\"><a href=\"https:\/\/blogsaverroes.juntadeandalucia.es\/museoantoniocabral\/arado-romano\/\">Arado romano<\/a><\/h2>\n\t\t\t\n\t\t\t\n\t\t\t        <div class=\"entry-content\">\n\n        \n            <p>Adem\u00e1s del surco producido por la reja del arado, es preciso que la tierra sea mezclada y volteada, sacando a la superficie del suelo la que estaba en el fondo, para que se airee y humedezca. Antiguamente esta labor la realizaba de forma imperfecta las orejeras del arado romano<\/p>\n\n                \n            \n        <\/div><!-- \/.entry-content -->\n        \n\t\t<\/div>\n\t\t<!-- \/.post-content-inner -->\n\t<\/div>\n\t<!-- \/.post-content -->\n\t\n<\/article>\n<!-- \/.post -->\n<article id=\"post-212\" class=\"post tf_clearfix post-212 type-post status-publish format-standard has-post-thumbnail hentry category-arado has-post-title no-post-date has-post-category has-post-tag has-post-comment has-post-author \">\n\t    \n\t                <figure class=\"post-image tf_clearfix\">\n                                                            <a href=\"https:\/\/blogsaverroes.juntadeandalucia.es\/museoantoniocabral\/escarificador-2\/\">\n                                        <img loading=\"lazy\" decoding=\"async\" width=\"4000\" height=\"3000\" src=\"https:\/\/blogsaverroes.juntadeandalucia.es\/museoantoniocabral\/files\/2022\/04\/ESCARIFICADOR.png\" class=\"wp-post-image wp-image-213\" title=\"ESCARIFICADOR\" alt=\"ESCARIFICADOR\" srcset=\"https:\/\/blogsaverroes.juntadeandalucia.es\/museoantoniocabral\/files\/2022\/04\/ESCARIFICADOR.png 4000w, https:\/\/blogsaverroes.juntadeandalucia.es\/museoantoniocabral\/files\/2022\/04\/ESCARIFICADOR-300x225.png 300w, https:\/\/blogsaverroes.juntadeandalucia.es\/museoantoniocabral\/files\/2022\/04\/ESCARIFICADOR-1024x768.png 1024w, https:\/\/blogsaverroes.juntadeandalucia.es\/museoantoniocabral\/files\/2022\/04\/ESCARIFICADOR-768x576.png 768w, https:\/\/blogsaverroes.juntadeandalucia.es\/museoantoniocabral\/files\/2022\/04\/ESCARIFICADOR-1536x1152.png 1536w, https:\/\/blogsaverroes.juntadeandalucia.es\/museoantoniocabral\/files\/2022\/04\/ESCARIFICADOR-2048x1536.png 2048w\" sizes=\"(max-width: 4000px) 100vw, 4000px\" \/>                                                                    <\/a>\n                                                                <\/figure>\n                    \t<div class=\"post-content\">\n\t\t<div class=\"post-content-inner\">\n\n\t\t\t\n\t\t\t<h2 class=\"post-title entry-title\"><a href=\"https:\/\/blogsaverroes.juntadeandalucia.es\/museoantoniocabral\/escarificador-2\/\">Escarificador<\/a><\/h2>\n\t\t\t\n\t\t\t\n\t\t\t        <div class=\"entry-content\">\n\n        \n            <p>En los cultivos permanentes como la vid y el olivo, &nbsp;si la separaci\u00f3n entre plantas lo permite, la escarda se puede realizar con peque\u00f1os arados o escarificadores.<\/p>\n\n                \n            \n        <\/div><!-- \/.entry-content -->\n        \n\t\t<\/div>\n\t\t<!-- \/.post-content-inner -->\n\t<\/div>\n\t<!-- \/.post-content -->\n\t\n<\/article>\n<!-- \/.post -->\n<article id=\"post-220\" class=\"post tf_clearfix post-220 type-post status-publish format-standard has-post-thumbnail hentry category-arado has-post-title no-post-date has-post-category has-post-tag has-post-comment has-post-author \">\n\t    \n\t                <figure class=\"post-image tf_clearfix\">\n                                                            <a href=\"https:\/\/blogsaverroes.juntadeandalucia.es\/museoantoniocabral\/ganga\/\">\n                                        <img loading=\"lazy\" decoding=\"async\" width=\"4000\" height=\"3000\" src=\"https:\/\/blogsaverroes.juntadeandalucia.es\/museoantoniocabral\/files\/2022\/04\/GANGA.png\" class=\"wp-post-image wp-image-221\" title=\"GANGA\" alt=\"GANGA\" srcset=\"https:\/\/blogsaverroes.juntadeandalucia.es\/museoantoniocabral\/files\/2022\/04\/GANGA.png 4000w, https:\/\/blogsaverroes.juntadeandalucia.es\/museoantoniocabral\/files\/2022\/04\/GANGA-300x225.png 300w, https:\/\/blogsaverroes.juntadeandalucia.es\/museoantoniocabral\/files\/2022\/04\/GANGA-1024x768.png 1024w, https:\/\/blogsaverroes.juntadeandalucia.es\/museoantoniocabral\/files\/2022\/04\/GANGA-768x576.png 768w, https:\/\/blogsaverroes.juntadeandalucia.es\/museoantoniocabral\/files\/2022\/04\/GANGA-1536x1152.png 1536w, https:\/\/blogsaverroes.juntadeandalucia.es\/museoantoniocabral\/files\/2022\/04\/GANGA-2048x1536.png 2048w\" sizes=\"(max-width: 4000px) 100vw, 4000px\" \/>                                                                    <\/a>\n                                                                <\/figure>\n                    \t<div class=\"post-content\">\n\t\t<div class=\"post-content-inner\">\n\n\t\t\t\n\t\t\t<h2 class=\"post-title entry-title\"><a href=\"https:\/\/blogsaverroes.juntadeandalucia.es\/museoantoniocabral\/ganga\/\">Ganga<\/a><\/h2>\n\t\t\t\n\t\t\t\n\t\t\t        <div class=\"entry-content\">\n\n        \n            <p>En cultivos como la vid y el olivo, que son permanentes, se utilizan arados de peque\u00f1o tama\u00f1o, llamados gangas, variando el tipo de reja a utilizar, seg\u00fan el cultivo.<\/p>\n\n                \n            \n        <\/div><!-- \/.entry-content -->\n        \n\t\t<\/div>\n\t\t<!-- \/.post-content-inner -->\n\t<\/div>\n\t<!-- \/.post-content -->\n\t\n<\/article>\n<!-- \/.post -->\n<article id=\"post-215\" class=\"post tf_clearfix post-215 type-post status-publish format-standard has-post-thumbnail hentry category-arado has-post-title no-post-date has-post-category has-post-tag has-post-comment has-post-author \">\n\t    \n\t                <figure class=\"post-image tf_clearfix\">\n                                                            <a href=\"https:\/\/blogsaverroes.juntadeandalucia.es\/museoantoniocabral\/grada\/\">\n                                        <img loading=\"lazy\" decoding=\"async\" width=\"2362\" height=\"1506\" src=\"https:\/\/blogsaverroes.juntadeandalucia.es\/museoantoniocabral\/files\/2022\/04\/GRADA.png\" class=\"wp-post-image wp-image-217\" title=\"GRADA\" alt=\"GRADA\" srcset=\"https:\/\/blogsaverroes.juntadeandalucia.es\/museoantoniocabral\/files\/2022\/04\/GRADA.png 2362w, https:\/\/blogsaverroes.juntadeandalucia.es\/museoantoniocabral\/files\/2022\/04\/GRADA-300x191.png 300w, https:\/\/blogsaverroes.juntadeandalucia.es\/museoantoniocabral\/files\/2022\/04\/GRADA-1024x653.png 1024w, https:\/\/blogsaverroes.juntadeandalucia.es\/museoantoniocabral\/files\/2022\/04\/GRADA-768x490.png 768w, https:\/\/blogsaverroes.juntadeandalucia.es\/museoantoniocabral\/files\/2022\/04\/GRADA-1536x979.png 1536w, https:\/\/blogsaverroes.juntadeandalucia.es\/museoantoniocabral\/files\/2022\/04\/GRADA-2048x1306.png 2048w\" sizes=\"(max-width: 2362px) 100vw, 2362px\" \/>                                                                    <\/a>\n                                                                <\/figure>\n                    \t<div class=\"post-content\">\n\t\t<div class=\"post-content-inner\">\n\n\t\t\t\n\t\t\t<h2 class=\"post-title entry-title\"><a href=\"https:\/\/blogsaverroes.juntadeandalucia.es\/museoantoniocabral\/grada\/\">Grada<\/a><\/h2>\n\t\t\t\n\t\t\t\n\t\t\t        <div class=\"entry-content\">\n\n        \n            <p>Esta especie de gran parrilla, se emplea para desterronar y allanar la tierra despu\u00e9s de las labores de arado.<\/p>\n\n                \n            \n        <\/div><!-- \/.entry-content -->\n        \n\t\t<\/div>\n\t\t<!-- \/.post-content-inner -->\n\t<\/div>\n\t<!-- \/.post-content -->\n\t\n<\/article>\n<!-- \/.post -->\n    <\/div><!-- .builder-posts-wrap -->\n            <\/div>\n<!-- \/module post -->\n            <\/div>\n                        <\/div>\n        <\/div>\n        <\/div>\n<!--\/themify_builder_content-->","protected":false},"excerpt":{"rendered":"<p>Arar Consiste abrir surcos en la tierra con el arado a finales de verano, a fin de airearla y renovarla para la siembra.<\/p>\n","protected":false},"author":12290,"featured_media":0,"parent":0,"menu_order":0,"comment_status":"closed","ping_status":"closed","template":"","meta":{"ngg_post_thumbnail":0,"footnotes":""},"aioseo_notices":[],"_links":{"self":[{"href":"https:\/\/blogsaverroes.juntadeandalucia.es\/museoantoniocabral\/wp-json\/wp\/v2\/pages\/15"}],"collection":[{"href":"https:\/\/blogsaverroes.juntadeandalucia.es\/museoantoniocabral\/wp-json\/wp\/v2\/pages"}],"about":[{"href":"https:\/\/blogsaverroes.juntadeandalucia.es\/museoantoniocabral\/wp-json\/wp\/v2\/types\/page"}],"author":[{"embeddable":true,"href":"https:\/\/blogsaverroes.juntadeandalucia.es\/museoantoniocabral\/wp-json\/wp\/v2\/users\/12290"}],"replies":[{"embeddable":true,"href":"https:\/\/blogsaverroes.juntadeandalucia.es\/museoantoniocabral\/wp-json\/wp\/v2\/comments?post=15"}],"version-history":[{"count":9,"href":"https:\/\/blogsaverroes.juntadeandalucia.es\/museoantoniocabral\/wp-json\/wp\/v2\/pages\/15\/revisions"}],"predecessor-version":[{"id":264,"href":"https:\/\/blogsaverroes.juntadeandalucia.es\/museoantoniocabral\/wp-json\/wp\/v2\/pages\/15\/revisions\/264"}],"wp:attachment":[{"href":"https:\/\/blogsaverroes.juntadeandalucia.es\/museoantoniocabral\/wp-json\/wp\/v2\/media?parent=15"}],"curies":[{"name":"wp","href":"https:\/\/api.w.org\/{rel}","templated":true}]}}