{"id":22,"date":"2022-03-18T07:34:22","date_gmt":"2022-03-18T07:34:22","guid":{"rendered":"https:\/\/blogsaverroes.juntadeandalucia.es\/museoantoniocabral\/?page_id=22"},"modified":"2022-04-07T07:17:28","modified_gmt":"2022-04-07T07:17:28","slug":"siembra","status":"publish","type":"page","link":"https:\/\/blogsaverroes.juntadeandalucia.es\/museoantoniocabral\/siembra\/","title":{"rendered":"Siembra"},"content":{"rendered":"<!--themify_builder_content-->\n<div id=\"themify_builder_content-22\" data-postid=\"22\" class=\"themify_builder_content themify_builder_content-22 themify_builder tf_clear\">\n                    <div  data-lazy=\"1\" class=\"module_row themify_builder_row tb_t5l9539 tb_first tf_w\">\n                        <div class=\"row_inner col_align_top tb_col_count_1 tf_box tf_rel\">\n                        <div  data-lazy=\"1\" class=\"module_column tb-column col-full tb_nb4a539 first\">\n                    <!-- module post -->\n<div  class=\"module module-post tb_qdta540 \">\n    <div  class=\"builder-posts-wrap loops-wrapper grid4 masonry classic tf_rel tf_clear tf_clearfix\" data-lazy=\"1\">\n    <article id=\"post-228\" class=\"post tf_clearfix post-228 type-post status-publish format-standard has-post-thumbnail hentry category-siembra has-post-title no-post-date has-post-category has-post-tag has-post-comment has-post-author \">\n\t    \n\t                <figure class=\"post-image tf_clearfix\">\n                                                            <a href=\"https:\/\/blogsaverroes.juntadeandalucia.es\/museoantoniocabral\/carro-aguador\/\">\n                                        <img loading=\"lazy\" decoding=\"async\" width=\"1984\" height=\"1488\" src=\"https:\/\/blogsaverroes.juntadeandalucia.es\/museoantoniocabral\/files\/2022\/04\/CARRO-AGUADOR.png\" class=\"wp-post-image wp-image-229\" title=\"CARRO AGUADOR\" alt=\"CARRO AGUADOR\" srcset=\"https:\/\/blogsaverroes.juntadeandalucia.es\/museoantoniocabral\/files\/2022\/04\/CARRO-AGUADOR.png 1984w, https:\/\/blogsaverroes.juntadeandalucia.es\/museoantoniocabral\/files\/2022\/04\/CARRO-AGUADOR-300x225.png 300w, https:\/\/blogsaverroes.juntadeandalucia.es\/museoantoniocabral\/files\/2022\/04\/CARRO-AGUADOR-1024x768.png 1024w, https:\/\/blogsaverroes.juntadeandalucia.es\/museoantoniocabral\/files\/2022\/04\/CARRO-AGUADOR-768x576.png 768w, https:\/\/blogsaverroes.juntadeandalucia.es\/museoantoniocabral\/files\/2022\/04\/CARRO-AGUADOR-1536x1152.png 1536w\" sizes=\"(max-width: 1984px) 100vw, 1984px\" \/>                                                                    <\/a>\n                                                                <\/figure>\n                    \t<div class=\"post-content\">\n\t\t<div class=\"post-content-inner\">\n\n\t\t\t\n\t\t\t<h2 class=\"post-title entry-title\"><a href=\"https:\/\/blogsaverroes.juntadeandalucia.es\/museoantoniocabral\/carro-aguador\/\">Carro aguador<\/a><\/h2>\n\t\t\t\n\t\t\t\n\t\t\t        <div class=\"entry-content\">\n\n        \n            <p>El oficio de aguador fue una ocupaci\u00f3n muy popular durante siglos. Entonces, el suministro de aguas no estaba generalizado. As\u00ed, para llevar el agua a las casas, el aguador iba con su burro cargado con media docena de c\u00e1ntaros, o llevando un carro con un tonel o un dep\u00f3sito. En los patios o zaguanes de [&hellip;]<\/p>\n\n                \n            \n        <\/div><!-- \/.entry-content -->\n        \n\t\t<\/div>\n\t\t<!-- \/.post-content-inner -->\n\t<\/div>\n\t<!-- \/.post-content -->\n\t\n<\/article>\n<!-- \/.post -->\n<article id=\"post-225\" class=\"post tf_clearfix post-225 type-post status-publish format-standard has-post-thumbnail hentry category-siembra has-post-title no-post-date has-post-category has-post-tag has-post-comment has-post-author \">\n\t    \n\t                <figure class=\"post-image tf_clearfix\">\n                                                            <a href=\"https:\/\/blogsaverroes.juntadeandalucia.es\/museoantoniocabral\/sembradora-de-chorrillo\/\">\n                                        <img loading=\"lazy\" decoding=\"async\" width=\"3891\" height=\"2665\" src=\"https:\/\/blogsaverroes.juntadeandalucia.es\/museoantoniocabral\/files\/2022\/04\/SEMBRADORA-DE-CHORRILLO.png\" class=\"wp-post-image wp-image-226\" title=\"SEMBRADORA DE CHORRILLO\" alt=\"SEMBRADORA DE CHORRILLO\" srcset=\"https:\/\/blogsaverroes.juntadeandalucia.es\/museoantoniocabral\/files\/2022\/04\/SEMBRADORA-DE-CHORRILLO.png 3891w, https:\/\/blogsaverroes.juntadeandalucia.es\/museoantoniocabral\/files\/2022\/04\/SEMBRADORA-DE-CHORRILLO-300x205.png 300w, https:\/\/blogsaverroes.juntadeandalucia.es\/museoantoniocabral\/files\/2022\/04\/SEMBRADORA-DE-CHORRILLO-1024x701.png 1024w, https:\/\/blogsaverroes.juntadeandalucia.es\/museoantoniocabral\/files\/2022\/04\/SEMBRADORA-DE-CHORRILLO-768x526.png 768w, https:\/\/blogsaverroes.juntadeandalucia.es\/museoantoniocabral\/files\/2022\/04\/SEMBRADORA-DE-CHORRILLO-1536x1052.png 1536w, https:\/\/blogsaverroes.juntadeandalucia.es\/museoantoniocabral\/files\/2022\/04\/SEMBRADORA-DE-CHORRILLO-2048x1403.png 2048w\" sizes=\"(max-width: 3891px) 100vw, 3891px\" \/>                                                                    <\/a>\n                                                                <\/figure>\n                    \t<div class=\"post-content\">\n\t\t<div class=\"post-content-inner\">\n\n\t\t\t\n\t\t\t<h2 class=\"post-title entry-title\"><a href=\"https:\/\/blogsaverroes.juntadeandalucia.es\/museoantoniocabral\/sembradora-de-chorrillo\/\">Sembradora de chorrillo<\/a><\/h2>\n\t\t\t\n\t\t\t\n\t\t\t        <div class=\"entry-content\">\n\n        \n            <p>&nbsp;Deja caer en la tierra un chorro continuo de semillas y cierra el surco mediante los dos platos posteriores, y as\u00ed evita que se las coman los p\u00e1jaros.<\/p>\n\n                \n            \n        <\/div><!-- \/.entry-content -->\n        \n\t\t<\/div>\n\t\t<!-- \/.post-content-inner -->\n\t<\/div>\n\t<!-- \/.post-content -->\n\t\n<\/article>\n<!-- \/.post -->\n<article id=\"post-265\" class=\"post tf_clearfix post-265 type-post status-publish format-standard has-post-thumbnail hentry category-siembra has-post-title no-post-date has-post-category has-post-tag has-post-comment has-post-author \">\n\t    \n\t                <figure class=\"post-image tf_clearfix\">\n                                                            <a href=\"https:\/\/blogsaverroes.juntadeandalucia.es\/museoantoniocabral\/sembradora-de-pistones\/\">\n                                        <img loading=\"lazy\" decoding=\"async\" width=\"4000\" height=\"3000\" src=\"https:\/\/blogsaverroes.juntadeandalucia.es\/museoantoniocabral\/files\/2022\/04\/SEMBRADORA-DE-PISTONES.png\" class=\"wp-post-image wp-image-266\" title=\"SEMBRADORA DE PISTONES\" alt=\"SEMBRADORA DE PISTONES\" srcset=\"https:\/\/blogsaverroes.juntadeandalucia.es\/museoantoniocabral\/files\/2022\/04\/SEMBRADORA-DE-PISTONES.png 4000w, https:\/\/blogsaverroes.juntadeandalucia.es\/museoantoniocabral\/files\/2022\/04\/SEMBRADORA-DE-PISTONES-300x225.png 300w, https:\/\/blogsaverroes.juntadeandalucia.es\/museoantoniocabral\/files\/2022\/04\/SEMBRADORA-DE-PISTONES-1024x768.png 1024w, https:\/\/blogsaverroes.juntadeandalucia.es\/museoantoniocabral\/files\/2022\/04\/SEMBRADORA-DE-PISTONES-768x576.png 768w, https:\/\/blogsaverroes.juntadeandalucia.es\/museoantoniocabral\/files\/2022\/04\/SEMBRADORA-DE-PISTONES-1536x1152.png 1536w, https:\/\/blogsaverroes.juntadeandalucia.es\/museoantoniocabral\/files\/2022\/04\/SEMBRADORA-DE-PISTONES-2048x1536.png 2048w\" sizes=\"(max-width: 4000px) 100vw, 4000px\" \/>                                                                    <\/a>\n                                                                <\/figure>\n                    \t<div class=\"post-content\">\n\t\t<div class=\"post-content-inner\">\n\n\t\t\t\n\t\t\t<h2 class=\"post-title entry-title\"><a href=\"https:\/\/blogsaverroes.juntadeandalucia.es\/museoantoniocabral\/sembradora-de-pistones\/\">Sembradora de pistones<\/a><\/h2>\n\t\t\t\n\t\t\t\n\t\t\t        <div class=\"entry-content\">\n\n        \n            <p>Mediante una presi\u00f3n mec\u00e1nica realizada por pistones, la sembradora Sack, hunde la semilla en el suelo en tramos regulares y ordenados.<\/p>\n\n                \n            \n        <\/div><!-- \/.entry-content -->\n        \n\t\t<\/div>\n\t\t<!-- \/.post-content-inner -->\n\t<\/div>\n\t<!-- \/.post-content -->\n\t\n<\/article>\n<!-- \/.post -->\n    <\/div><!-- .builder-posts-wrap -->\n            <\/div>\n<!-- \/module post -->\n            <\/div>\n                        <\/div>\n        <\/div>\n        <\/div>\n<!--\/themify_builder_content-->\n","protected":false},"excerpt":{"rendered":"","protected":false},"author":12290,"featured_media":0,"parent":0,"menu_order":0,"comment_status":"closed","ping_status":"closed","template":"","meta":{"ngg_post_thumbnail":0,"footnotes":""},"aioseo_notices":[],"_links":{"self":[{"href":"https:\/\/blogsaverroes.juntadeandalucia.es\/museoantoniocabral\/wp-json\/wp\/v2\/pages\/22"}],"collection":[{"href":"https:\/\/blogsaverroes.juntadeandalucia.es\/museoantoniocabral\/wp-json\/wp\/v2\/pages"}],"about":[{"href":"https:\/\/blogsaverroes.juntadeandalucia.es\/museoantoniocabral\/wp-json\/wp\/v2\/types\/page"}],"author":[{"embeddable":true,"href":"https:\/\/blogsaverroes.juntadeandalucia.es\/museoantoniocabral\/wp-json\/wp\/v2\/users\/12290"}],"replies":[{"embeddable":true,"href":"https:\/\/blogsaverroes.juntadeandalucia.es\/museoantoniocabral\/wp-json\/wp\/v2\/comments?post=22"}],"version-history":[{"count":2,"href":"https:\/\/blogsaverroes.juntadeandalucia.es\/museoantoniocabral\/wp-json\/wp\/v2\/pages\/22\/revisions"}],"predecessor-version":[{"id":239,"href":"https:\/\/blogsaverroes.juntadeandalucia.es\/museoantoniocabral\/wp-json\/wp\/v2\/pages\/22\/revisions\/239"}],"wp:attachment":[{"href":"https:\/\/blogsaverroes.juntadeandalucia.es\/museoantoniocabral\/wp-json\/wp\/v2\/media?parent=22"}],"curies":[{"name":"wp","href":"https:\/\/api.w.org\/{rel}","templated":true}]}}