{"id":36,"date":"2020-06-22T18:25:44","date_gmt":"2020-06-22T16:25:44","guid":{"rendered":"https:\/\/blogsaverroes.juntadeandalucia.es\/museocoloma\/?page_id=36"},"modified":"2020-06-22T19:30:58","modified_gmt":"2020-06-22T17:30:58","slug":"museo","status":"publish","type":"page","link":"https:\/\/blogsaverroes.juntadeandalucia.es\/museocoloma\/museo\/","title":{"rendered":"Museo Coloma"},"content":{"rendered":"\r\n<p><strong>Gabinete de F\u00edsica y Qu\u00edmica<\/strong><\/p>\r\n<p><img loading=\"lazy\" decoding=\"async\" class=\"alignnone size-full wp-image-19\" src=\"https:\/\/blogsaverroes.juntadeandalucia.es\/museocoloma\/files\/2020\/06\/gabinetefq.jpg\" alt=\"\" width=\"573\" height=\"449\" srcset=\"https:\/\/blogsaverroes.juntadeandalucia.es\/museocoloma\/files\/2020\/06\/gabinetefq.jpg 573w, https:\/\/blogsaverroes.juntadeandalucia.es\/museocoloma\/files\/2020\/06\/gabinetefq-300x235.jpg 300w, https:\/\/blogsaverroes.juntadeandalucia.es\/museocoloma\/files\/2020\/06\/gabinetefq-24x19.jpg 24w, https:\/\/blogsaverroes.juntadeandalucia.es\/museocoloma\/files\/2020\/06\/gabinetefq-36x28.jpg 36w, https:\/\/blogsaverroes.juntadeandalucia.es\/museocoloma\/files\/2020\/06\/gabinetefq-48x38.jpg 48w\" sizes=\"(max-width: 573px) 100vw, 573px\" \/><\/p>\r\n<p>&nbsp;<strong>Gabinete de Historia Natural<\/strong><\/p>\r\n<p><img loading=\"lazy\" decoding=\"async\" class=\"alignnone size-full wp-image-18\" src=\"https:\/\/blogsaverroes.juntadeandalucia.es\/museocoloma\/files\/2020\/06\/gabinetehn.jpg\" alt=\"\" width=\"573\" height=\"413\" srcset=\"https:\/\/blogsaverroes.juntadeandalucia.es\/museocoloma\/files\/2020\/06\/gabinetehn.jpg 573w, https:\/\/blogsaverroes.juntadeandalucia.es\/museocoloma\/files\/2020\/06\/gabinetehn-300x216.jpg 300w, https:\/\/blogsaverroes.juntadeandalucia.es\/museocoloma\/files\/2020\/06\/gabinetehn-24x17.jpg 24w, https:\/\/blogsaverroes.juntadeandalucia.es\/museocoloma\/files\/2020\/06\/gabinetehn-36x26.jpg 36w, https:\/\/blogsaverroes.juntadeandalucia.es\/museocoloma\/files\/2020\/06\/gabinetehn-48x35.jpg 48w\" sizes=\"(max-width: 573px) 100vw, 573px\" \/><\/p>\r\n<p>&nbsp;Bienvenidos a la nueva p\u00e1gina del Museo del IES padre Luis Coloma.<\/p>\r\n<p>Este espacio en breve albergar\u00e1&nbsp; la nueva web del Museo que estar\u00e1 alojada en los servidores de Averroes de la Consejer\u00eda de Educaci\u00f3n de la Junta de Andaluc\u00eda.<\/p>\r\n\r\n\r\n\r\n<p>Mientras puedes seguir visitando&nbsp; visitar su p\u00e1gina antigua en <a href=\"http:\/\/museo.iescoloma.es\/catalogo\/\" target=\"_blank\" rel=\"noreferrer noopener\">P\u00e1gina antigua del Museo.<\/a>&nbsp;<\/p>\r\n<div style=\"text-align: right\">Webmaster: <strong>Manuel Molina Navarro <\/strong><\/div>\r\n<div style=\"text-align: right\">(Profesor de Biolog\u00eda&nbsp; y Geolog\u00eda del IES Padre Luis Coloma)<strong><br><\/strong><\/div>","protected":false},"excerpt":{"rendered":"<p>&#46;&#46;&#46;<\/p>\n","protected":false},"author":2367,"featured_media":0,"parent":0,"menu_order":0,"comment_status":"closed","ping_status":"closed","template":"","meta":{"ngg_post_thumbnail":0,"footnotes":""},"aioseo_notices":[],"_links":{"self":[{"href":"https:\/\/blogsaverroes.juntadeandalucia.es\/museocoloma\/wp-json\/wp\/v2\/pages\/36"}],"collection":[{"href":"https:\/\/blogsaverroes.juntadeandalucia.es\/museocoloma\/wp-json\/wp\/v2\/pages"}],"about":[{"href":"https:\/\/blogsaverroes.juntadeandalucia.es\/museocoloma\/wp-json\/wp\/v2\/types\/page"}],"author":[{"embeddable":true,"href":"https:\/\/blogsaverroes.juntadeandalucia.es\/museocoloma\/wp-json\/wp\/v2\/users\/2367"}],"replies":[{"embeddable":true,"href":"https:\/\/blogsaverroes.juntadeandalucia.es\/museocoloma\/wp-json\/wp\/v2\/comments?post=36"}],"version-history":[{"count":5,"href":"https:\/\/blogsaverroes.juntadeandalucia.es\/museocoloma\/wp-json\/wp\/v2\/pages\/36\/revisions"}],"predecessor-version":[{"id":46,"href":"https:\/\/blogsaverroes.juntadeandalucia.es\/museocoloma\/wp-json\/wp\/v2\/pages\/36\/revisions\/46"}],"wp:attachment":[{"href":"https:\/\/blogsaverroes.juntadeandalucia.es\/museocoloma\/wp-json\/wp\/v2\/media?parent=36"}],"curies":[{"name":"wp","href":"https:\/\/api.w.org\/{rel}","templated":true}]}}