{"id":47,"date":"2020-06-22T19:38:53","date_gmt":"2020-06-22T17:38:53","guid":{"rendered":"https:\/\/blogsaverroes.juntadeandalucia.es\/museocoloma\/?page_id=47"},"modified":"2020-06-22T20:49:36","modified_gmt":"2020-06-22T18:49:36","slug":"historia-del-gabinete-de-fisica-y-quimica","status":"publish","type":"page","link":"https:\/\/blogsaverroes.juntadeandalucia.es\/museocoloma\/historia-del-museo\/historia-del-gabinete-de-fisica-y-quimica\/","title":{"rendered":"Historia del Gabinete de F\u00edsica y Qu\u00edmica"},"content":{"rendered":"<p>Indice del art\u00edculo<\/p>\n<ul>\n<li><a href=\"https:\/\/blogsaverroes.juntadeandalucia.es\/museocoloma\/historia-del-museo\/historia-del-gabinete-de-fisica-y-quimica\/\">HISTORIA DEL GABINETE DE F\u00cdSICA Y QU\u00cdMICA<\/a><\/li>\n<li><a href=\"https:\/\/blogsaverroes.juntadeandalucia.es\/museocoloma\/historia-del-museo\/historia-del-gabinete-de-fisica-y-quimica\/2\">UNA ASIGNATURA NUEVA: LA F\u00cdSICA Y QU\u00cdMICA<\/a><\/li>\n<li><a href=\"https:\/\/blogsaverroes.juntadeandalucia.es\/museocoloma\/historia-del-museo\/historia-del-gabinete-de-fisica-y-quimica\/3\">EL GABINETE DE F\u00cdSICA Y QU\u00cdMICA<\/a><\/li>\n<li><a href=\"https:\/\/blogsaverroes.juntadeandalucia.es\/museocoloma\/historia-del-museo\/historia-del-gabinete-de-fisica-y-quimica\/4\">LA FABRICACI\u00d3N DE APARATOS<\/a><\/li>\n<li><a href=\"https:\/\/blogsaverroes.juntadeandalucia.es\/museocoloma\/historia-del-museo\/historia-del-gabinete-de-fisica-y-quimica\/5\">CATEDR\u00c1TICOS, PROFESORES Y ALUMNOS<\/a><\/li>\n<li><a href=\"https:\/\/blogsaverroes.juntadeandalucia.es\/museocoloma\/historia-del-museo\/historia-del-gabinete-de-fisica-y-quimica\/6\">LOS LIBROS DE TEXTO DE F\u00cdSICA Y QU\u00cdMICA<\/a><\/li>\n<\/ul>\n<p><a id=\"Historia\"><\/a><strong>HISTORIA DEL GABINETE DE F\u00cdSICA Y QU\u00cdMICA<\/strong><\/p>\n<p><!--nextpage--><\/p>\n<p>Indice del art\u00edculo<\/p>\n<ul>\n<li><a href=\"https:\/\/blogsaverroes.juntadeandalucia.es\/museocoloma\/historia-del-museo\/historia-del-gabinete-de-fisica-y-quimica\/\">HISTORIA DEL GABINETE DE F\u00cdSICA Y QU\u00cdMICA<\/a><\/li>\n<li><a href=\"https:\/\/blogsaverroes.juntadeandalucia.es\/museocoloma\/historia-del-museo\/historia-del-gabinete-de-fisica-y-quimica\/2\">UNA ASIGNATURA NUEVA: LA F\u00cdSICA Y QU\u00cdMICA<\/a><\/li>\n<li><a href=\"https:\/\/blogsaverroes.juntadeandalucia.es\/museocoloma\/historia-del-museo\/historia-del-gabinete-de-fisica-y-quimica\/3\">EL GABINETE DE F\u00cdSICA Y QU\u00cdMICA<\/a><\/li>\n<li><a href=\"https:\/\/blogsaverroes.juntadeandalucia.es\/museocoloma\/historia-del-museo\/historia-del-gabinete-de-fisica-y-quimica\/4\">LA FABRICACI\u00d3N DE APARATOS<\/a><\/li>\n<li><a href=\"https:\/\/blogsaverroes.juntadeandalucia.es\/museocoloma\/historia-del-museo\/historia-del-gabinete-de-fisica-y-quimica\/5\">CATEDR\u00c1TICOS, PROFESORES Y ALUMNOS<\/a><\/li>\n<li><a href=\"https:\/\/blogsaverroes.juntadeandalucia.es\/museocoloma\/historia-del-museo\/historia-del-gabinete-de-fisica-y-quimica\/6\">LOS LIBROS DE TEXTO DE F\u00cdSICA Y QU\u00cdMICA<\/a><\/li>\n<\/ul>\n<p><strong><a id=\"asignatura\"><\/a>UNA ASIGNATURA NUEVA: LA F\u00cdSICA Y QU\u00cdMICA<\/strong><\/p>\n<p><!--nextpage--><\/p>\n<p>Indice del art\u00edculo<\/p>\n<ul>\n<li><a href=\"https:\/\/blogsaverroes.juntadeandalucia.es\/museocoloma\/historia-del-museo\/historia-del-gabinete-de-fisica-y-quimica\/\">HISTORIA DEL GABINETE DE F\u00cdSICA Y QU\u00cdMICA<\/a><\/li>\n<li><a href=\"https:\/\/blogsaverroes.juntadeandalucia.es\/museocoloma\/historia-del-museo\/historia-del-gabinete-de-fisica-y-quimica\/2\">UNA ASIGNATURA NUEVA: LA F\u00cdSICA Y QU\u00cdMICA<\/a><\/li>\n<li><a href=\"https:\/\/blogsaverroes.juntadeandalucia.es\/museocoloma\/historia-del-museo\/historia-del-gabinete-de-fisica-y-quimica\/3\">EL GABINETE DE F\u00cdSICA Y QU\u00cdMICA<\/a><\/li>\n<li><a href=\"https:\/\/blogsaverroes.juntadeandalucia.es\/museocoloma\/historia-del-museo\/historia-del-gabinete-de-fisica-y-quimica\/4\">LA FABRICACI\u00d3N DE APARATOS<\/a><\/li>\n<li><a href=\"https:\/\/blogsaverroes.juntadeandalucia.es\/museocoloma\/historia-del-museo\/historia-del-gabinete-de-fisica-y-quimica\/5\">CATEDR\u00c1TICOS, PROFESORES Y ALUMNOS<\/a><\/li>\n<li><a href=\"https:\/\/blogsaverroes.juntadeandalucia.es\/museocoloma\/historia-del-museo\/historia-del-gabinete-de-fisica-y-quimica\/6\">LOS LIBROS DE TEXTO DE F\u00cdSICA Y QU\u00cdMICA<\/a><\/li>\n<\/ul>\n<p><strong><a id=\"gabinete\"><\/a>EL GABINETE DE F\u00cdSICA Y QU\u00cdMICA<\/strong><\/p>\n<p><!--nextpage--><\/p>\n<p>Indice del art\u00edculo<\/p>\n<ul>\n<li><a href=\"https:\/\/blogsaverroes.juntadeandalucia.es\/museocoloma\/historia-del-museo\/historia-del-gabinete-de-fisica-y-quimica\/\">HISTORIA DEL GABINETE DE F\u00cdSICA Y QU\u00cdMICA<\/a><\/li>\n<li><a href=\"https:\/\/blogsaverroes.juntadeandalucia.es\/museocoloma\/historia-del-museo\/historia-del-gabinete-de-fisica-y-quimica\/2\">UNA ASIGNATURA NUEVA: LA F\u00cdSICA Y QU\u00cdMICA<\/a><\/li>\n<li><a href=\"https:\/\/blogsaverroes.juntadeandalucia.es\/museocoloma\/historia-del-museo\/historia-del-gabinete-de-fisica-y-quimica\/3\">EL GABINETE DE F\u00cdSICA Y QU\u00cdMICA<\/a><\/li>\n<li><a href=\"https:\/\/blogsaverroes.juntadeandalucia.es\/museocoloma\/historia-del-museo\/historia-del-gabinete-de-fisica-y-quimica\/4\">LA FABRICACI\u00d3N DE APARATOS<\/a><\/li>\n<li><a href=\"https:\/\/blogsaverroes.juntadeandalucia.es\/museocoloma\/historia-del-museo\/historia-del-gabinete-de-fisica-y-quimica\/5\">CATEDR\u00c1TICOS, PROFESORES Y ALUMNOS<\/a><\/li>\n<li><a href=\"https:\/\/blogsaverroes.juntadeandalucia.es\/museocoloma\/historia-del-museo\/historia-del-gabinete-de-fisica-y-quimica\/6\">LOS LIBROS DE TEXTO DE F\u00cdSICA Y QU\u00cdMICA<\/a><\/li>\n<\/ul>\n<p><strong><a id=\"aparatos\"><\/a>LA FABRICACI\u00d3N DE APARATOS<\/strong><\/p>\n<p><!--nextpage--><\/p>\n<p>Indice del art\u00edculo<\/p>\n<ul>\n<li><a href=\"https:\/\/blogsaverroes.juntadeandalucia.es\/museocoloma\/historia-del-museo\/historia-del-gabinete-de-fisica-y-quimica\/\">HISTORIA DEL GABINETE DE F\u00cdSICA Y QU\u00cdMICA<\/a><\/li>\n<li><a href=\"https:\/\/blogsaverroes.juntadeandalucia.es\/museocoloma\/historia-del-museo\/historia-del-gabinete-de-fisica-y-quimica\/2\">UNA ASIGNATURA NUEVA: LA F\u00cdSICA Y QU\u00cdMICA<\/a><\/li>\n<li><a href=\"https:\/\/blogsaverroes.juntadeandalucia.es\/museocoloma\/historia-del-museo\/historia-del-gabinete-de-fisica-y-quimica\/3\">EL GABINETE DE F\u00cdSICA Y QU\u00cdMICA<\/a><\/li>\n<li><a href=\"https:\/\/blogsaverroes.juntadeandalucia.es\/museocoloma\/historia-del-museo\/historia-del-gabinete-de-fisica-y-quimica\/4\">LA FABRICACI\u00d3N DE APARATOS<\/a><\/li>\n<li><a href=\"https:\/\/blogsaverroes.juntadeandalucia.es\/museocoloma\/historia-del-museo\/historia-del-gabinete-de-fisica-y-quimica\/5\">CATEDR\u00c1TICOS, PROFESORES Y ALUMNOS<\/a><\/li>\n<li><a href=\"https:\/\/blogsaverroes.juntadeandalucia.es\/museocoloma\/historia-del-museo\/historia-del-gabinete-de-fisica-y-quimica\/6\">LOS LIBROS DE TEXTO DE F\u00cdSICA Y QU\u00cdMICA<\/a><\/li>\n<\/ul>\n<p><strong><a id=\"profesores\"><\/a>CATEDR\u00c1TICOS, PROFESORES Y ALUMNOS<\/strong><\/p>\n<p><!--nextpage--><\/p>\n<p>Indice del art\u00edculo<\/p>\n<ul>\n<li><a href=\"https:\/\/blogsaverroes.juntadeandalucia.es\/museocoloma\/historia-del-museo\/historia-del-gabinete-de-fisica-y-quimica\/\">HISTORIA DEL GABINETE DE F\u00cdSICA Y QU\u00cdMICA<\/a><\/li>\n<li><a href=\"https:\/\/blogsaverroes.juntadeandalucia.es\/museocoloma\/historia-del-museo\/historia-del-gabinete-de-fisica-y-quimica\/2\">UNA ASIGNATURA NUEVA: LA F\u00cdSICA Y QU\u00cdMICA<\/a><\/li>\n<li><a href=\"https:\/\/blogsaverroes.juntadeandalucia.es\/museocoloma\/historia-del-museo\/historia-del-gabinete-de-fisica-y-quimica\/3\">EL GABINETE DE F\u00cdSICA Y QU\u00cdMICA<\/a><\/li>\n<li><a href=\"https:\/\/blogsaverroes.juntadeandalucia.es\/museocoloma\/historia-del-museo\/historia-del-gabinete-de-fisica-y-quimica\/4\">LA FABRICACI\u00d3N DE APARATOS<\/a><\/li>\n<li><a href=\"https:\/\/blogsaverroes.juntadeandalucia.es\/museocoloma\/historia-del-museo\/historia-del-gabinete-de-fisica-y-quimica\/5\">CATEDR\u00c1TICOS, PROFESORES Y ALUMNOS<\/a><\/li>\n<li><a href=\"https:\/\/blogsaverroes.juntadeandalucia.es\/museocoloma\/historia-del-museo\/historia-del-gabinete-de-fisica-y-quimica\/6\">LOS LIBROS DE TEXTO DE F\u00cdSICA Y QU\u00cdMICA<\/a><\/li>\n<\/ul>\n<p><strong><a id=\"libros\"><\/a>LOS LIBROS DE TEXTO DE F\u00cdSICA Y QU\u00cdMICA<\/strong><\/p>\n<p>&nbsp;<\/p>\n","protected":false},"excerpt":{"rendered":"<p>&#46;&#46;&#46;<\/p>\n","protected":false},"author":2367,"featured_media":0,"parent":33,"menu_order":1,"comment_status":"closed","ping_status":"closed","template":"","meta":{"ngg_post_thumbnail":0,"footnotes":""},"aioseo_notices":[],"_links":{"self":[{"href":"https:\/\/blogsaverroes.juntadeandalucia.es\/museocoloma\/wp-json\/wp\/v2\/pages\/47"}],"collection":[{"href":"https:\/\/blogsaverroes.juntadeandalucia.es\/museocoloma\/wp-json\/wp\/v2\/pages"}],"about":[{"href":"https:\/\/blogsaverroes.juntadeandalucia.es\/museocoloma\/wp-json\/wp\/v2\/types\/page"}],"author":[{"embeddable":true,"href":"https:\/\/blogsaverroes.juntadeandalucia.es\/museocoloma\/wp-json\/wp\/v2\/users\/2367"}],"replies":[{"embeddable":true,"href":"https:\/\/blogsaverroes.juntadeandalucia.es\/museocoloma\/wp-json\/wp\/v2\/comments?post=47"}],"version-history":[{"count":16,"href":"https:\/\/blogsaverroes.juntadeandalucia.es\/museocoloma\/wp-json\/wp\/v2\/pages\/47\/revisions"}],"predecessor-version":[{"id":55,"href":"https:\/\/blogsaverroes.juntadeandalucia.es\/museocoloma\/wp-json\/wp\/v2\/pages\/47\/revisions\/55"}],"up":[{"embeddable":true,"href":"https:\/\/blogsaverroes.juntadeandalucia.es\/museocoloma\/wp-json\/wp\/v2\/pages\/33"}],"wp:attachment":[{"href":"https:\/\/blogsaverroes.juntadeandalucia.es\/museocoloma\/wp-json\/wp\/v2\/media?parent=47"}],"curies":[{"name":"wp","href":"https:\/\/api.w.org\/{rel}","templated":true}]}}