{"id":279,"date":"2020-08-30T11:43:31","date_gmt":"2020-08-30T09:43:31","guid":{"rendered":"https:\/\/blogsaverroes.juntadeandalucia.es\/musicaelcano\/?page_id=279"},"modified":"2020-08-30T15:59:56","modified_gmt":"2020-08-30T13:59:56","slug":"covid-19","status":"publish","type":"page","link":"https:\/\/blogsaverroes.juntadeandalucia.es\/musicaelcano\/covid-19\/","title":{"rendered":"COVID-19"},"content":{"rendered":"<p>Informaci\u00f3n sobre la COVID-19 en la Ense\u00f1anza. Puedes visualizarlo <a href=\"https:\/\/www.symbaloo.com\/mix\/covid-19normativa\">aqu\u00ed.<\/a><\/p>\n<p>&nbsp;<\/p>\n<p>&nbsp;<\/p>\n<p><iframe loading=\"lazy\" src=\"https:\/\/www.symbaloo.com\/embed\/covid-19normativa?\" name=\"_symFrame\" width=\"960px\" height=\"640px\" frameborder=\"0\"><\/iframe><br \/>\n<em>Fuente: E.G.M. elaboraci\u00f3n propia.<\/em><\/p>\n","protected":false},"excerpt":{"rendered":"<p>Informaci\u00f3n sobre la COVID-19 en la Ense\u00f1anza. Puedes visualizarlo aqu\u00ed. &nbsp; &nbsp; Fuente: E.G.M. elaboraci\u00f3n propia.<\/p>\n","protected":false},"author":6269,"featured_media":0,"parent":0,"menu_order":0,"comment_status":"closed","ping_status":"closed","template":"","meta":{"ngg_post_thumbnail":0,"footnotes":""},"aioseo_notices":[],"_links":{"self":[{"href":"https:\/\/blogsaverroes.juntadeandalucia.es\/musicaelcano\/wp-json\/wp\/v2\/pages\/279"}],"collection":[{"href":"https:\/\/blogsaverroes.juntadeandalucia.es\/musicaelcano\/wp-json\/wp\/v2\/pages"}],"about":[{"href":"https:\/\/blogsaverroes.juntadeandalucia.es\/musicaelcano\/wp-json\/wp\/v2\/types\/page"}],"author":[{"embeddable":true,"href":"https:\/\/blogsaverroes.juntadeandalucia.es\/musicaelcano\/wp-json\/wp\/v2\/users\/6269"}],"replies":[{"embeddable":true,"href":"https:\/\/blogsaverroes.juntadeandalucia.es\/musicaelcano\/wp-json\/wp\/v2\/comments?post=279"}],"version-history":[{"count":5,"href":"https:\/\/blogsaverroes.juntadeandalucia.es\/musicaelcano\/wp-json\/wp\/v2\/pages\/279\/revisions"}],"predecessor-version":[{"id":295,"href":"https:\/\/blogsaverroes.juntadeandalucia.es\/musicaelcano\/wp-json\/wp\/v2\/pages\/279\/revisions\/295"}],"wp:attachment":[{"href":"https:\/\/blogsaverroes.juntadeandalucia.es\/musicaelcano\/wp-json\/wp\/v2\/media?parent=279"}],"curies":[{"name":"wp","href":"https:\/\/api.w.org\/{rel}","templated":true}]}}