{"id":1688,"date":"2021-09-28T13:27:15","date_gmt":"2021-09-28T11:27:15","guid":{"rendered":"https:\/\/iesnicolassalmeron.es\/?page_id=1688"},"modified":"2025-05-15T13:26:17","modified_gmt":"2025-05-15T12:26:17","slug":"plurilinguismo","status":"publish","type":"page","link":"https:\/\/blogsaverroes.juntadeandalucia.es\/nicolas-salmeron\/plurilinguismo\/","title":{"rendered":"Pluriling\u00fcismo"},"content":{"rendered":"<p>[et_pb_section fb_built=&#8221;1&#8243; admin_label=&#8221;section&#8221; _builder_version=&#8221;4.16&#8243; global_colors_info=&#8221;{}&#8221;][et_pb_row admin_label=&#8221;row&#8221; _builder_version=&#8221;4.16&#8243; background_size=&#8221;initial&#8221; background_position=&#8221;top_left&#8221; background_repeat=&#8221;repeat&#8221; global_colors_info=&#8221;{}&#8221;][et_pb_column type=&#8221;4_4&#8243; _builder_version=&#8221;4.16&#8243; custom_padding=&#8221;|||&#8221; global_colors_info=&#8221;{}&#8221; custom_padding__hover=&#8221;|||&#8221;][et_pb_text admin_label=&#8221;Text&#8221; _builder_version=&#8221;4.24.2&#8243; background_size=&#8221;initial&#8221; background_position=&#8221;top_left&#8221; background_repeat=&#8221;repeat&#8221; hover_enabled=&#8221;0&#8243; global_colors_info=&#8221;{}&#8221; sticky_enabled=&#8221;0&#8243;]<\/p>\n<h1><span style=\"color: #e02b20\">Pluriling\u00fcismo<\/span><\/h1>\n<p>&nbsp;<\/p>\n<p><strong>Coordinador:<\/strong> Mar\u00eda Jes\u00fas Garc\u00eda Camacho<\/p>\n<p><strong>Contacto:<\/strong> <a href=\"mailto:04001141.plurilinicolas@g.educaand.es\">04001141.plurilinicolas@g.educaand.es<\/a><\/p>\n<p>&nbsp;<\/p>\n<p>Atendiendo a la necesidad creciente de mejorar la formaci\u00f3n delalumnado en idiomas, hace ya m\u00e1s de una d\u00e9cada nuestro centro comenz\u00f3 a desarrollar un proyecto curricular biling\u00fce de ingl\u00e9s, que en los \u00faltimos tres cursos se ha ampliado al idioma franc\u00e9s. De este modo, el IES Nicol\u00e1s Salmer\u00f3n y Alonso ofrece a su alumnado la posibilidad de alcanzar un \u00f3ptimo conocimiento en dos idiomas extranjeros al t\u00e9rmino del Bachillerato.<\/p>\n<p>El Programa Pluriling\u00fce se articula en torno a una serie de materias, siguiendo instrucciones de la Consejer\u00eda de Educaci\u00f3n, que son impartidas en ingl\u00e9s o franc\u00e9s al menos en un 50% por profesores acreditados y con amplia experiencia, los cuales&nbsp;cuentan con el apoyo de profesores nativos auxiliares de conversaci\u00f3n que imparten docencia junto a ellos. El desarrollo de proyectos integrados entre diversas asignaturas es el eje que vertebra a nivel curricular este programa en todos sus niveles, mediante una estrecha colaboraci\u00f3n entre los Departamentos implicados.<\/p>\n<p>Existe adem\u00e1s un Proyecto Curricular de Lectura mediante el cual se coordina el acercamiento a obras y autores de la literatura inglesa, espa\u00f1ola y francesa desde sus respectivos Departamentos.<\/p>\n<p>&nbsp;<\/p>\n<h2><strong>Materias que integran el Proyecto Pluriling\u00fce<\/strong><\/h2>\n<p><strong>1\u00ba ESO<\/strong><\/p>\n<p style=\"padding-left: 40px\">Materias en ingl\u00e9s: Ciencias Naturales y Educaci\u00f3n F\u00edsica Materia en franc\u00e9s: M\u00fasica<\/p>\n<p><strong>2\u00ba ESO<\/strong><\/p>\n<p style=\"padding-left: 40px\">Materias en ingl\u00e9s: Tecnolog\u00eda, Ciencias Sociales y Educaci\u00f3n F\u00edsica Materia en franc\u00e9s: M\u00fasica<\/p>\n<p><strong>3\u00ba ESO<\/strong><\/p>\n<p style=\"padding-left: 40px\">Materias en ingl\u00e9s: Tecnolog\u00eda, Ciencias Naturales, Educaci\u00f3n F\u00edsica Materia en franc\u00e9s: Matem\u00e1ticas<\/p>\n<p><strong>4\u00ba ESO<\/strong><\/p>\n<p style=\"padding-left: 40px\">Materias en ingl\u00e9s: Ciencias Sociales y Educaci\u00f3n F\u00edsica<\/p>\n<p><strong>1\u00ba Bachillerato<\/strong><\/p>\n<p style=\"padding-left: 40px\">Materias en ingl\u00e9s: Educaci\u00f3n F\u00edsica y Filosof\u00eda<\/p>\n<p>&nbsp;<\/p>\n<p>&nbsp;<\/p>\n<h2><strong>Proyectos internacionales<\/strong><\/h2>\n<h4>&nbsp;<\/h4>\n<h4><strong>PROGRAMA ERASMUS +<\/strong><\/h4>\n<p>El centro lleva inmerso en los programas Erasmus+ tres a\u00f1os. Recientemente se ha culminado un proyecto colaborativo entre seis centros (Noruega, Italia, Portugal, Ruman\u00eda, Turqu\u00eda y Espa\u00f1a), trabajando valores de liderazgo en el aprendizaje y la mediaci\u00f3n escolar.<\/p>\n<p>Este curso acad\u00e9mico 2021\/22 comenz\u00f3 a llevarse a cabo un nuevo proyecto, pues somos centro acreditado Erasmus+ durante los siguientes seis a\u00f1os.<\/p>\n<h4>&nbsp;<\/h4>\n<h4><strong>INTERCAMBIOS CON PA\u00cdSES EXTRANJEROS<\/strong><\/h4>\n<p>Desde el Departamento de Franc\u00e9s se oferta anualmente un intercambio a los alumnos de 4\u00ba de ESO y 1\u00ba de Bachillerato con destino a institutos de Aix-en-Provence.<\/p>\n<p>De igual manera, se programa cada a\u00f1o un intercambio con alumnos de 2\u00ba de Bachillerato con destino a Aarhus, en Dinamarca.<\/p>\n<p>La finalidad de ambas actividades es ampliar la dimensi\u00f3n cultural europea e idiom\u00e1tica de nuestro alumnado en una situaci\u00f3n de inmersi\u00f3n ling\u00fc\u00edstica.<\/p>\n<p>[\/et_pb_text][\/et_pb_column][\/et_pb_row][\/et_pb_section]<\/p>\n","protected":false},"excerpt":{"rendered":"<p>Pluriling\u00fcismo &nbsp; Coordinador: Mar\u00eda Jes\u00fas Garc\u00eda Camacho Contacto: 04001141.plurilinicolas@g.educaand.es &nbsp; Atendiendo a la necesidad creciente de mejorar la formaci\u00f3n delalumnado en idiomas, hace ya m\u00e1s de una d\u00e9cada nuestro centro comenz\u00f3 a desarrollar un proyecto curricular biling\u00fce de ingl\u00e9s, que en los \u00faltimos tres cursos se ha ampliado al idioma franc\u00e9s. De este modo, el [&hellip;]<\/p>\n","protected":false},"author":13523,"featured_media":0,"parent":0,"menu_order":0,"comment_status":"closed","ping_status":"closed","template":"","meta":{"_et_pb_use_builder":"on","_et_pb_old_content":"[vc_row thb_full_width=\"true\" thb_row_padding=\"true\" thb_column_padding=\"true\" content_placement=\"middle\" thb_scroll_bottom=\"true\" thb_scroll_bottom_style=\"style3\" thb_scroll_bottom_color=\"light\" css=\".vc_custom_1568628726912{padding-top: 30vh !important;padding-bottom: 25vh !important;background-image: url(https:\/\/blogsaverroes.juntadeandalucia.es\/nicolas-salmeron\/files\/2019\/09\/Espacio-de-paz-min.jpg?id=522) !important;background-position: center !important;background-repeat: no-repeat !important;background-size: cover !important;}\"][vc_column thb_color=\"thb-light-column\"][vc_row_inner][vc_column_inner offset=\"vc_col-lg-6 vc_col-md-9\"][thb_slidetype slide_text=\"\r\n<h1>*Pluriling\u00fcismo*<\/h1>\r\n\"][vc_empty_space height=\"10px\"][vc_column_text]<strong>Coordinador:<\/strong> Mar\u00eda Jos\u00e9 Salazar Rumi\r\n\r\n<strong>Contacto:<\/strong> 04001141.plurilinicolas@g.educaand.es[\/vc_column_text][vc_empty_space height=\"10px\"][\/vc_column_inner][\/vc_row_inner][\/vc_column][\/vc_row][vc_row el_class=\"align-center\" css=\".vc_custom_1568066539357{padding-top: 7vh !important;padding-bottom: 7vh !important;background-color: #f9f9f9 !important;}\"][vc_column width=\"1\/2\" offset=\"vc_col-lg-5 vc_col-md-5\"][thb_slidetype slide_text=\"\r\n<h2>*Un idioma diferente es una visi\u00f3n diferente de la vida.*<\/h2>\r\n\"][thb_slidetype slide_text=\"\r\n<h4><i>*Federico Fellini *<\/i><\/h4>\r\n\"][\/vc_column][vc_column width=\"1\/2\"][\/vc_column][\/vc_row][vc_row][vc_column][vc_column_text]\r\n<p style=\"padding-left: 40px\">Atendiendo a la necesidad creciente de mejorar la formaci\u00f3n del alumnado en idiomas, hace ya m\u00e1s de una d\u00e9cada nuestro centro comenz\u00f3 a desarrollar un proyecto curricular biling\u00fce de ingl\u00e9s, que en los \u00faltimos tres cursos se ha ampliado al idioma franc\u00e9s. De este modo, el IES Nicol\u00e1s Salmer\u00f3n y Alonso ofrece a su alumnado la posibilidad de alcanzar un \u00f3ptimo conocimiento en dos idiomas extranjeros al t\u00e9rmino del Bachillerato.<\/p>\r\n<p style=\"padding-left: 40px\">El Programa Pluriling\u00fce se articula en torno a una serie de materias, siguiendo instrucciones de la Consejer\u00eda de Educaci\u00f3n, que son impartidas en ingl\u00e9s o franc\u00e9s al menos en un 50% por profesores acreditados y con amplia experiencia, los cuales cuentan con el apoyo de profesores nativos auxiliares de conversaci\u00f3n que imparten docencia junto a ellos. El desarrollo de proyectos integrados entre diversas asignaturas es el eje que vertebra a nivel curricular este programa en todos sus niveles, mediante una estrecha colaboraci\u00f3n entre los Departamentos implicados.<\/p>\r\n<p style=\"padding-left: 40px\">Existe adem\u00e1s un Proyecto Curricular de Lectura mediante el cual se coordina el acercamiento a obras y autores de la literatura inglesa, espa\u00f1ola y francesa desde sus respectivos Departamentos.<\/p>\r\n[\/vc_column_text][\/vc_column][\/vc_row][vc_row][vc_column][thb_slidetype slide_text=\"\r\n<h2><strong>*Materias del proyecto pluriling\u00fce:*<\/strong><\/h2>\r\n\"][\/vc_column][\/vc_row][vc_row][vc_column width=\"1\/3\"][thb_iconbox type=\"top type4\" heading=\"1\u00ba de E.S.O.\" description=\"Materias en ingl\u00e9s: Ciencias Naturales y Educaci\u00f3n F\u00edsica\r\nMateria en franc\u00e9s: M\u00fasica\"][thb_iconbox type=\"top type4\" heading=\"2\u00ba de E.S.O.\" description=\"Materias en ingl\u00e9s: Tecnolog\u00eda, Ciencias Sociales y Educaci\u00f3n F\u00edsica\r\nMateria en franc\u00e9s: M\u00fasica\"][\/vc_column][vc_column width=\"1\/3\"][thb_iconbox type=\"top type4\" heading=\"3\u00ba de E.S.O.\" description=\"Materias en ingl\u00e9s: Tecnolog\u00eda, Ciencias Naturales, Educaci\u00f3n F\u00edsica\r\nMateria en franc\u00e9s: Matem\u00e1ticas\"][thb_iconbox type=\"top type4\" heading=\"4\u00ba de E.S.O.\" description=\"Materias en ingl\u00e9s: Ciencias Sociales y Educaci\u00f3n F\u00edsica\"][\/vc_column][vc_column width=\"1\/3\"][thb_iconbox type=\"top type4\" heading=\"1\u00ba de Bachillerato\" description=\"Materias en ingl\u00e9s: Educaci\u00f3n F\u00edsica y Filosof\u00eda\"][\/vc_column][\/vc_row][vc_row][vc_column][thb_slidetype slide_text=\"\r\n<h2><strong>*Proyectos internacionales:*<\/strong><\/h2>\r\n\"][\/vc_column][\/vc_row][vc_row][vc_column width=\"1\/2\"][thb_iconbox type=\"top type4\" heading=\"PROGRAMA ERASMUS +\" description=\"El centro lleva inmerso en los programas Erasmus+ tres a\u00f1os. Recientemente se ha culminado un proyecto colaborativo entre seis centros (Noruega, Italia, Portugal, Ruman\u00eda, Turqu\u00eda y Espa\u00f1a), trabajando valores de liderazgo en el aprendizaje y la mediaci\u00f3n escolar.\r\nEste curso acad\u00e9mico 2021\/22 comenzar\u00e1 a llevarse a cabo un nuevo proyecto, pues somos centro acreditado Erasmus + durante los pr\u00f3ximos seis a\u00f1os.\"][\/vc_column][vc_column width=\"1\/2\"][thb_iconbox type=\"top type4\" heading=\"INTERCAMBIOS CON PA\u00cdSES EXTRANJEROS\" description=\"Desde el Departamento de Franc\u00e9s se oferta anualmente un intercambio a los alumnos de 4\u00ba de ESO y 1\u00ba de Bachillerato con destino a institutos de Aix-en-Provence y Lyon en Francia.\r\nDe igual manera, se programa cada a\u00f1o un intercambio con alumnos de 2\u00ba de Bachillerato con destino a Aarhus, en Dinamarca.\r\nLa finalidad de ambas actividades es ampliar la dimensi\u00f3n cultural europea e idiom\u00e1tica de nuestro alumnado en una situaci\u00f3n de inmersi\u00f3n ling\u00fc\u00edstica.\"][\/vc_column][\/vc_row][vc_row disable_element=\"yes\" css=\".vc_custom_1569340750370{padding-top: 7vh !important;padding-bottom: 7vh !important;}\"][vc_column][vc_row_inner][vc_column_inner][thb_slidetype slide_text=\"\r\n<h1>*Publicaciones*<\/h1>\r\n\"][vc_empty_space height=\"20px\"][\/vc_column_inner][\/vc_row_inner][vc_row_inner][vc_column_inner][thb_post columns=\"3\" source=\"size:3|order_by:date|order:DESC|post_type:post\" style=\"style1\"][\/vc_column_inner][\/vc_row_inner][\/vc_column][\/vc_row]","_et_gb_content_width":"","ngg_post_thumbnail":0,"footnotes":""},"aioseo_notices":[],"_links":{"self":[{"href":"https:\/\/blogsaverroes.juntadeandalucia.es\/nicolas-salmeron\/wp-json\/wp\/v2\/pages\/1688"}],"collection":[{"href":"https:\/\/blogsaverroes.juntadeandalucia.es\/nicolas-salmeron\/wp-json\/wp\/v2\/pages"}],"about":[{"href":"https:\/\/blogsaverroes.juntadeandalucia.es\/nicolas-salmeron\/wp-json\/wp\/v2\/types\/page"}],"author":[{"embeddable":true,"href":"https:\/\/blogsaverroes.juntadeandalucia.es\/nicolas-salmeron\/wp-json\/wp\/v2\/users\/13523"}],"replies":[{"embeddable":true,"href":"https:\/\/blogsaverroes.juntadeandalucia.es\/nicolas-salmeron\/wp-json\/wp\/v2\/comments?post=1688"}],"version-history":[{"count":6,"href":"https:\/\/blogsaverroes.juntadeandalucia.es\/nicolas-salmeron\/wp-json\/wp\/v2\/pages\/1688\/revisions"}],"predecessor-version":[{"id":2578,"href":"https:\/\/blogsaverroes.juntadeandalucia.es\/nicolas-salmeron\/wp-json\/wp\/v2\/pages\/1688\/revisions\/2578"}],"wp:attachment":[{"href":"https:\/\/blogsaverroes.juntadeandalucia.es\/nicolas-salmeron\/wp-json\/wp\/v2\/media?parent=1688"}],"curies":[{"name":"wp","href":"https:\/\/api.w.org\/{rel}","templated":true}]}}