{"id":242,"date":"2019-09-05T23:10:35","date_gmt":"2019-09-05T21:10:35","guid":{"rendered":"https:\/\/iesnicolassalmeron.es\/?page_id=242"},"modified":"2025-10-20T11:23:12","modified_gmt":"2025-10-20T10:23:12","slug":"consejo-escolar","status":"publish","type":"page","link":"https:\/\/blogsaverroes.juntadeandalucia.es\/nicolas-salmeron\/consejo-escolar\/","title":{"rendered":"Consejo escolar"},"content":{"rendered":"<p>[et_pb_section fb_built=&#8221;1&#8243; _builder_version=&#8221;4.16&#8243; global_colors_info=&#8221;{}&#8221;][et_pb_row _builder_version=&#8221;4.16&#8243; background_size=&#8221;initial&#8221; background_position=&#8221;top_left&#8221; background_repeat=&#8221;repeat&#8221; global_colors_info=&#8221;{}&#8221;][et_pb_column type=&#8221;4_4&#8243; _builder_version=&#8221;4.16&#8243; custom_padding=&#8221;|||&#8221; global_colors_info=&#8221;{}&#8221; custom_padding__hover=&#8221;|||&#8221;][et_pb_text _builder_version=&#8221;4.24.2&#8243; background_size=&#8221;initial&#8221; background_position=&#8221;top_left&#8221; background_repeat=&#8221;repeat&#8221; hover_enabled=&#8221;0&#8243; global_colors_info=&#8221;{}&#8221; sticky_enabled=&#8221;0&#8243;]<\/p>\n<h1 style=\"text-align: center\"><span style=\"color: #e02b20;font-size: 36pt\"><strong>MIEMBROS DEL CONSEJO ESCOLAR<\/strong><\/span><\/h1>\n<h3 style=\"text-align: left\"><strong>Equipo Directivo <\/strong><\/h3>\n<p>Jim\u00e9nez Abad, Mar\u00eda del Mar (DIRECTOR\/A)<\/p>\n<p>Casta\u00f1o Allely, Mar\u00eda \u00c1ngeles (JEFE\/A DE ESTUDIOS)<\/p>\n<p>L\u00f3pez Fern\u00e1ndez, Antonio (JEFE\/A DE ESTUDIOS SECCI\u00d3N ADULTOS)<\/p>\n<p>Guill\u00e9n L\u00f3pez, Carlos Alberto (SECRETARIO\/A)<\/p>\n<p>&nbsp;<\/p>\n<h3 style=\"text-align: left\"><strong>Profesorado<\/strong><\/h3>\n<p style=\"text-align: left\">Berbel Garc\u00eda, Beatriz Ana<\/p>\n<p style=\"text-align: left\">Garc\u00eda Camacho, Mar\u00eda Jes\u00fas<\/p>\n<p style=\"text-align: left\">L\u00f3pez T\u00fanez, Aida<\/p>\n<p style=\"text-align: left\">Padilla Capel, Sonia<\/p>\n<p style=\"text-align: left\">Ponte Ortega, Pablo<\/p>\n<p style=\"text-align: left\">S\u00e1nchez Jim\u00e9nez, Manuel<\/p>\n<p style=\"text-align: left\">S\u00e1nchez S\u00e1nchez, Araceli Isabel<\/p>\n<p style=\"text-align: left\">Sim\u00f3n Mart\u00ednez, Mar\u00eda del Mar<\/p>\n<p style=\"text-align: left\">&nbsp;<\/p>\n<h3 style=\"text-align: left\"><strong>Madres\/Padres\/Tutores<\/strong><\/h3>\n<p style=\"text-align: left\">\u00c1lvarez G\u00f3mez, Roberto<\/p>\n<p style=\"text-align: left\">G\u00e1mez Cant\u00f3n, Alicia<\/p>\n<p style=\"text-align: left\">Lorenzo Navarro, Mar\u00eda Zahara<\/p>\n<p style=\"text-align: left\">Mart\u00edn Palomo, Mar\u00eda Teresa<\/p>\n<p style=\"text-align: left\">Mu\u00f1oz Gonz\u00e1lez, Catalina (REPRESENTANTE DE LA A.M.P.A. MAYORITARIA)<\/p>\n<p style=\"text-align: left\">&nbsp;<\/p>\n<h3 style=\"text-align: left\"><strong>Alumnado<\/strong><\/h3>\n<p style=\"text-align: left\">B\u00e1ez Nascimento, Julia<\/p>\n<p style=\"text-align: left\">Capel Lorenzo, Azahara<\/p>\n<p style=\"text-align: left\">Capel Lorenzo, Lola<\/p>\n<p style=\"text-align: left\">Mart\u00edn Mu\u00f1oz, Elia Adriana<\/p>\n<p>&nbsp;<\/p>\n<h3 style=\"text-align: left\"><strong>Representante del ayuntamiento<\/strong><\/h3>\n<p>Alfonso Granero, Jos\u00e9 Antonio (CONCEJAL O REPRESENTANTE DEL AYUNTAMIENTO)<\/p>\n<p>&nbsp;<\/p>\n<h3 style=\"text-align: left\"><strong>Impulsor de medidas de Igualdad<\/strong><\/h3>\n<p style=\"text-align: left\">Lorenzo Navarro, Mar\u00eda Zahara (IMPULSOR DE MEDIDAS PARA EL FOMENTO DE LA IGUALDAD ENTRE HOMBRES Y MUJERES)<\/p>\n<p>[\/et_pb_text][\/et_pb_column][\/et_pb_row][\/et_pb_section]<\/p>\n","protected":false},"excerpt":{"rendered":"<p>MIEMBROS DEL CONSEJO ESCOLAR Equipo Directivo Jim\u00e9nez Abad, Mar\u00eda del Mar (DIRECTOR\/A) Casta\u00f1o Allely, Mar\u00eda \u00c1ngeles (JEFE\/A DE ESTUDIOS) L\u00f3pez Fern\u00e1ndez, Antonio (JEFE\/A DE ESTUDIOS SECCI\u00d3N ADULTOS) Guill\u00e9n L\u00f3pez, Carlos Alberto (SECRETARIO\/A) &nbsp; Profesorado Berbel Garc\u00eda, Beatriz Ana Garc\u00eda Camacho, Mar\u00eda Jes\u00fas L\u00f3pez T\u00fanez, Aida Padilla Capel, Sonia Ponte Ortega, Pablo S\u00e1nchez Jim\u00e9nez, Manuel S\u00e1nchez [&hellip;]<\/p>\n","protected":false},"author":13523,"featured_media":0,"parent":0,"menu_order":0,"comment_status":"closed","ping_status":"closed","template":"","meta":{"_et_pb_use_builder":"on","_et_pb_old_content":"<div class=\"row wpb_row row-fluid align-center vc_custom_1568389778888\"><div class=\"wpb_column columns medium-12 large-10 thb-dark-column small-12\"><div class=\"vc_column-inner \"><div class=\"wpb_wrapper\"><div class=\"wpb_text_column wpb_content_element \"><div class=\"wpb_wrapper\"><h1>Equipo Directivo<\/h1><\/div><\/div><div id=\"thb-horizontal-list-682\" class=\"thb-horizontal-list has-button\"><div class=\"horizontal-list-cell text-left\"><h4>Jim\u00e9nez Abad, Mar\u00eda del Mar<br>Ruiz Serna, Isabel Mar\u00eda<br>L\u00f3pez Fern\u00e1ndez, Antonio<br>Guill\u00e9n L\u00f3pez, Carlos<\/h4><hr><\/div><\/div><\/div><\/div><\/div><\/div><div class=\"row wpb_row row-fluid align-center vc_custom_1567717401371\"><div class=\"wpb_column columns medium-12 large-10 thb-dark-column small-12\"><div class=\"vc_column-inner \"><div class=\"wpb_wrapper\"><div class=\"wpb_text_column wpb_content_element \"><div class=\"wpb_wrapper\"><h1>Claustro de Profesores<\/h1><\/div><\/div><div id=\"thb-horizontal-list-490\" class=\"thb-horizontal-list has-button\"><div class=\"horizontal-list-cell text-left\"><h4>Asenjo Rodr\u00edguez, Francisco<br>Cano Guervos, Prado<br>Hern\u00e1ndez Flores, Miguel \u00c1ngel<br>Jim\u00e9nez L\u00f3pez, Remedios Loreto<br>R\u00edos Moreno, Mar\u00eda Piedad<br>Salazar Rumi, Mar\u00eda Jos\u00e9<br>Sim\u00f3n Mart\u00ednez, Mar\u00eda del Mar<\/h4><\/div><\/div><\/div><\/div><\/div><\/div><div class=\"row wpb_row row-fluid align-center vc_custom_1567717401371\"><div class=\"wpb_column columns medium-12 large-10 thb-dark-column small-12\"><div class=\"vc_column-inner \"><div class=\"wpb_wrapper\"><div id=\"thb-horizontal-list-916\" class=\"thb-horizontal-list has-button\"><div class=\"horizontal-list-cell text-left\"><h4>D\u00edaz Sances, Mar\u00eda del Pilar<br>Fr\u00edas Mu\u00f1oz, Jos\u00e9 Mar\u00eda<br>Guti\u00e9rrez Mart\u00ednez, Antonio Luis<\/h4><\/div><\/div><\/div><\/div><\/div><\/div><div class=\"row wpb_row row-fluid align-center vc_custom_1567717401371\"><div class=\"wpb_column columns medium-12 large-10 thb-dark-column small-12\"><div class=\"vc_column-inner \"><div class=\"wpb_wrapper\"><div class=\"wpb_text_column wpb_content_element \"><div class=\"wpb_wrapper\"><hr><h1>Alumnos\/as<\/h1><\/div><\/div><div id=\"thb-horizontal-list-800\" class=\"thb-horizontal-list has-button\"><div class=\"horizontal-list-cell text-left\"><h4>S\u00e1nchez Fern\u00e1ndez, Pablo<br>Fr\u00edas Santiago, Jos\u00e9 Mar\u00eda<br>G\u00f3mez S\u00e1nchez, Mar\u00eda<br>Toledo D\u00edaz, Jaime<\/h4><\/div><\/div><\/div><\/div><\/div><\/div>","_et_gb_content_width":"","ngg_post_thumbnail":0,"footnotes":""},"aioseo_notices":[],"_links":{"self":[{"href":"https:\/\/blogsaverroes.juntadeandalucia.es\/nicolas-salmeron\/wp-json\/wp\/v2\/pages\/242"}],"collection":[{"href":"https:\/\/blogsaverroes.juntadeandalucia.es\/nicolas-salmeron\/wp-json\/wp\/v2\/pages"}],"about":[{"href":"https:\/\/blogsaverroes.juntadeandalucia.es\/nicolas-salmeron\/wp-json\/wp\/v2\/types\/page"}],"author":[{"embeddable":true,"href":"https:\/\/blogsaverroes.juntadeandalucia.es\/nicolas-salmeron\/wp-json\/wp\/v2\/users\/13523"}],"replies":[{"embeddable":true,"href":"https:\/\/blogsaverroes.juntadeandalucia.es\/nicolas-salmeron\/wp-json\/wp\/v2\/comments?post=242"}],"version-history":[{"count":6,"href":"https:\/\/blogsaverroes.juntadeandalucia.es\/nicolas-salmeron\/wp-json\/wp\/v2\/pages\/242\/revisions"}],"predecessor-version":[{"id":3636,"href":"https:\/\/blogsaverroes.juntadeandalucia.es\/nicolas-salmeron\/wp-json\/wp\/v2\/pages\/242\/revisions\/3636"}],"wp:attachment":[{"href":"https:\/\/blogsaverroes.juntadeandalucia.es\/nicolas-salmeron\/wp-json\/wp\/v2\/media?parent=242"}],"curies":[{"name":"wp","href":"https:\/\/api.w.org\/{rel}","templated":true}]}}