{"id":2501,"date":"2025-05-09T12:44:49","date_gmt":"2025-05-09T11:44:49","guid":{"rendered":"https:\/\/blogsaverroes.juntadeandalucia.es\/nicolas-salmeron\/?page_id=2501"},"modified":"2026-02-11T13:59:52","modified_gmt":"2026-02-11T12:59:52","slug":"programa-stem","status":"publish","type":"page","link":"https:\/\/blogsaverroes.juntadeandalucia.es\/nicolas-salmeron\/programa-stem\/","title":{"rendered":"Programa STEM"},"content":{"rendered":"<p>[et_pb_section fb_built=&#8221;1&#8243; admin_label=&#8221;section&#8221; _builder_version=&#8221;4.16&#8243; global_colors_info=&#8221;{}&#8221;][et_pb_row admin_label=&#8221;row&#8221; _builder_version=&#8221;4.16&#8243; background_size=&#8221;initial&#8221; background_position=&#8221;top_left&#8221; background_repeat=&#8221;repeat&#8221; global_colors_info=&#8221;{}&#8221;][et_pb_column type=&#8221;4_4&#8243; _builder_version=&#8221;4.16&#8243; custom_padding=&#8221;|||&#8221; global_colors_info=&#8221;{}&#8221; custom_padding__hover=&#8221;|||&#8221;][et_pb_text admin_label=&#8221;Text&#8221; _builder_version=&#8221;4.24.2&#8243; background_size=&#8221;initial&#8221; background_position=&#8221;top_left&#8221; background_repeat=&#8221;repeat&#8221; global_colors_info=&#8221;{}&#8221;]<\/p>\n<h1><span style=\"color: #e02b20\"><strong>Programa STEM<\/strong><\/span><\/h1>\n<p>&nbsp;<\/p>\n<p><strong>Coordinadora:<\/strong> D\u00aa. Aida L\u00f3pez T\u00fanez<\/p>\n<p><strong>Contacto:<\/strong> <a href=\"mailto:04001141.aldeanicolas@g.educaand.es\">04001141.stemrobotica@g.educaand.es<\/a><\/p>\n<p>&nbsp;<\/p>\n<h3><span style=\"color: #e02b20\"><b>Descripci\u00f3n del programa<\/b><\/span><\/h3>\n<p><span style=\"font-weight: 400\">El STEM tiene como objetivo fundamental acercar al profesorado y al alumnado de los centros docentes sostenidos con fondos p\u00fablicos andaluces al estudio de la rob\u00f3tica y la programaci\u00f3n como herramienta a la hora de elaborar un proyecto STEM.<\/span><\/p>\n<p><span style=\"font-weight: 400\">Se promueve as\u00ed la participaci\u00f3n del alumnado en proyectos que integren la ciencia, la tecnolog\u00eda, la ingenier\u00eda y las matem\u00e1ticas en conexi\u00f3n con las artes y las humanidades, de forma que despierten su inquietud por el conocimiento dentro de un \u00e1mbito STEM.<\/span><\/p>\n<p><span style=\"font-weight: 400\">La participaci\u00f3n en este programa permitir\u00e1 al alumnado y al profesorado realizar actividades y proyectos, orientados a aplicar lo aprendido, enfrentarse a retos y problemas reales mediante una metodolog\u00eda de trabajo cooperativo y de Aprendizaje Basado en Proyectos (ABP), donde tienen que poner a prueba las habilidades y competencias b\u00e1sicas adquiridas en el desarrollo del curr\u00edculo, en el contexto del uso de la programaci\u00f3n como herramienta, persiguiendo que el proyecto STEM acabe formando parte del Proyecto Educativo de Centro.<\/span><\/p>\n<p>&nbsp;<\/p>\n<h3><span style=\"color: #e02b20\"><b>Objetivos del programa<\/b><\/span><\/h3>\n<p><span style=\"font-weight: 400\">Son objetivos espec\u00edficos de este programa:<\/span><\/p>\n<ul>\n<li style=\"font-weight: 400\"><span style=\"font-weight: 400\">Facilitar la formaci\u00f3n del profesorado y el alumnado en el estudio de la rob\u00f3tica, la impresi\u00f3n 3D y el pensamiento computacional.<\/span><\/li>\n<li style=\"font-weight: 400\"><span style=\"font-weight: 400\">Favorecer la integraci\u00f3n de tareas y actividades STEM en el curr\u00edculo de las materias y en el proyecto de centro.<\/span><\/li>\n<li style=\"font-weight: 400\"><span style=\"font-weight: 400\">Fomentar las vocaciones STEM en el alumnado, contribuyendo a la igualdad de oportunidades.<\/span><\/li>\n<li style=\"font-weight: 400\"><span style=\"font-weight: 400\">Impulsar un cambio metodol\u00f3gico en las materias STEM hacia metodolog\u00edas activas e inclusivas.<\/span><\/li>\n<li style=\"font-weight: 400\"><span style=\"font-weight: 400\">Favorecer la actualizaci\u00f3n cient\u00edfica del profesorado en el \u00e1mbito STEM.<\/span><\/li>\n<li style=\"font-weight: 400\"><span style=\"font-weight: 400\">Participar en proyectos de fomento y acercamiento al alumnado de las disciplinas STEM, poniendo el foco en la incorporaci\u00f3n de la mujer a las profesiones de este \u00e1mbito.<\/span><\/li>\n<\/ul>\n<p>&nbsp;<\/p>\n<p>&nbsp;<\/p>\n<p>[\/et_pb_text][et_pb_post_slider _builder_version=&#8221;4.24.2&#8243; _module_preset=&#8221;default&#8221; include_categories=&#8221;33,110,141&#8243; hover_enabled=&#8221;0&#8243; sticky_enabled=&#8221;0&#8243;][\/et_pb_post_slider][\/et_pb_column][\/et_pb_row][\/et_pb_section]<\/p>\n","protected":false},"excerpt":{"rendered":"<p>Programa STEM &nbsp; Coordinadora: D\u00aa. Aida L\u00f3pez T\u00fanez Contacto: 04001141.stemrobotica@g.educaand.es &nbsp; Descripci\u00f3n del programa El STEM tiene como objetivo fundamental acercar al profesorado y al alumnado de los centros docentes sostenidos con fondos p\u00fablicos andaluces al estudio de la rob\u00f3tica y la programaci\u00f3n como herramienta a la hora de elaborar un proyecto STEM. Se promueve [&hellip;]<\/p>\n","protected":false},"author":14264,"featured_media":0,"parent":0,"menu_order":0,"comment_status":"closed","ping_status":"closed","template":"","meta":{"_et_pb_use_builder":"on","_et_pb_old_content":"<p>\u00a0<\/p><p>\u00a0<\/p>","_et_gb_content_width":"","ngg_post_thumbnail":0,"footnotes":""},"aioseo_notices":[],"_links":{"self":[{"href":"https:\/\/blogsaverroes.juntadeandalucia.es\/nicolas-salmeron\/wp-json\/wp\/v2\/pages\/2501"}],"collection":[{"href":"https:\/\/blogsaverroes.juntadeandalucia.es\/nicolas-salmeron\/wp-json\/wp\/v2\/pages"}],"about":[{"href":"https:\/\/blogsaverroes.juntadeandalucia.es\/nicolas-salmeron\/wp-json\/wp\/v2\/types\/page"}],"author":[{"embeddable":true,"href":"https:\/\/blogsaverroes.juntadeandalucia.es\/nicolas-salmeron\/wp-json\/wp\/v2\/users\/14264"}],"replies":[{"embeddable":true,"href":"https:\/\/blogsaverroes.juntadeandalucia.es\/nicolas-salmeron\/wp-json\/wp\/v2\/comments?post=2501"}],"version-history":[{"count":9,"href":"https:\/\/blogsaverroes.juntadeandalucia.es\/nicolas-salmeron\/wp-json\/wp\/v2\/pages\/2501\/revisions"}],"predecessor-version":[{"id":4788,"href":"https:\/\/blogsaverroes.juntadeandalucia.es\/nicolas-salmeron\/wp-json\/wp\/v2\/pages\/2501\/revisions\/4788"}],"wp:attachment":[{"href":"https:\/\/blogsaverroes.juntadeandalucia.es\/nicolas-salmeron\/wp-json\/wp\/v2\/media?parent=2501"}],"curies":[{"name":"wp","href":"https:\/\/api.w.org\/{rel}","templated":true}]}}