{"id":2580,"date":"2025-05-15T13:30:42","date_gmt":"2025-05-15T12:30:42","guid":{"rendered":"https:\/\/blogsaverroes.juntadeandalucia.es\/nicolas-salmeron\/?page_id=2580"},"modified":"2025-05-29T12:06:18","modified_gmt":"2025-05-29T11:06:18","slug":"programa-mas-equidad","status":"publish","type":"page","link":"https:\/\/blogsaverroes.juntadeandalucia.es\/nicolas-salmeron\/programa-mas-equidad\/","title":{"rendered":"Programa + Equidad"},"content":{"rendered":"<p>[et_pb_section fb_built=&#8221;1&#8243; _builder_version=&#8221;4.24.2&#8243; _module_preset=&#8221;default&#8221; global_colors_info=&#8221;{}&#8221;][et_pb_row _builder_version=&#8221;4.24.2&#8243; _module_preset=&#8221;default&#8221; global_colors_info=&#8221;{}&#8221;][et_pb_column type=&#8221;4_4&#8243; _builder_version=&#8221;4.24.2&#8243; _module_preset=&#8221;default&#8221; global_colors_info=&#8221;{}&#8221;][et_pb_text _builder_version=&#8221;4.24.2&#8243; _module_preset=&#8221;default&#8221; global_colors_info=&#8221;{}&#8221;]<\/p>\n<h1><span style=\"color: #e02b20\"><strong>Programa M\u00e1s Equidad<\/strong><\/span><\/h1>\n<p>&nbsp;<\/p>\n<p><strong>Coordinadora:<\/strong> D.\u00aa \u00c1ngela Ortiz Parr\u00f3n<\/p>\n<p>&nbsp;<\/p>\n<p>El Programa M\u00e1s Equidad se concibe como un conjunto de actuaciones dirigidas a potenciar la cultura inclusiva de los centros docentes y a mejorar el grado de adquisici\u00f3n de competencias a trav\u00e9s de la mejora de los recursos en el aula y\/o de la realizaci\u00f3n de experiencias innovadoras, activas y experimentales que promuevan el saber hacer del alumnado, partiendo de sus conocimientos y fomentando actitudes como la autonom\u00eda, la responsabilidad, el respeto y el trabajo en equipo, bajo los principios de la atenci\u00f3n a la diversidad y la igualdad de g\u00e9nero.<\/p>\n<p>[\/et_pb_text][et_pb_text _builder_version=&#8221;4.24.2&#8243; _module_preset=&#8221;default&#8221; global_colors_info=&#8221;{}&#8221;]<\/p>\n<p><strong>&nbsp;<\/strong><\/p>\n<p>La implementaci\u00f3n del Programa en los centros docentes de Andaluc\u00eda sostenido con fondos p\u00fablicos persigue los siguientes objetivos:<\/p>\n<ol>\n<li>Promover estrategias y medidas que contribuyan al desarrollo integral del alumnado y a la permanencia del alumnado en el Sistema Educativo<\/li>\n<li>Propiciar la inclusi\u00f3n educativa y social del alumnado mejorando la motivaci\u00f3n y el clima de convivencia del centro docente.<\/li>\n<li>Potenciar el desarrollo integral del alumnado en aspectos tales como el respeto, la igualdad, la autodeterminaci\u00f3n, la estimulaci\u00f3n cognitiva, la comunicaci\u00f3n, las habilidades personales y sociales, la interdependencia y la innovaci\u00f3n.<\/li>\n<li>Estimular en el alumnado el inter\u00e9s por la educaci\u00f3n, adquiriendo estrategias que les permitan la adquisici\u00f3n y mejora de sus competencias a lo largo de toda la vida.<\/li>\n<li>Desarrollar actuaciones que favorezcan la aplicaci\u00f3n de metodolog\u00edas activas y participativas que contribuyan al cambio en las pr\u00e1cticas docentes y que fomenten el desarrollo de las competencias clave del alumnado.<\/li>\n<li>Impulsar la capacidad motivadora y creativa del profesorado y del alumnado con estrategias innovadoras de \u00e9xito.<\/li>\n<li>Favorecer la creaci\u00f3n de recursos did\u00e1cticos que puedan ser extrapolables a otros centros docentes y que se conviertan en sostenibles en el tiempo.<\/li>\n<li>Mejorar los recursos existentes en el aula espec\u00edfica, que faciliten el proceso de aprendizaje.<\/li>\n<li>Mejorar los recursos existentes en los centros docentes, con la finalidad de implementar y llevar a cabo experiencias innovadoras.<\/li>\n<li>Favorecer el desarrollo de actuaciones que potencien la interacci\u00f3n del centro con su entorno, con la participaci\u00f3n de las familias y otros agentes educativos, para el enriquecimiento en relaci\u00f3n con la diversidad de contextos educativos y aprendizajes competenciales.<\/li>\n<li>Desarrollar competencias cognitivas, psicol\u00f3gicas y emocionales, que favorezcan la permanencia en el sistema educativo y la prevenci\u00f3n del abandono escolar temprano.<\/li>\n<li>Favorecer el desarrollo de actuaciones que promuevan la investigaci\u00f3n e innovaci\u00f3n, que promuevan tanto el pensamiento convergente como el divergente.<\/li>\n<\/ol>\n<p>[\/et_pb_text][\/et_pb_column][\/et_pb_row][\/et_pb_section]<\/p>\n","protected":false},"excerpt":{"rendered":"<p>Programa M\u00e1s Equidad &nbsp; Coordinadora: D.\u00aa \u00c1ngela Ortiz Parr\u00f3n &nbsp; El Programa M\u00e1s Equidad se concibe como un conjunto de actuaciones dirigidas a potenciar la cultura inclusiva de los centros docentes y a mejorar el grado de adquisici\u00f3n de competencias a trav\u00e9s de la mejora de los recursos en el aula y\/o de la realizaci\u00f3n [&hellip;]<\/p>\n","protected":false},"author":14264,"featured_media":0,"parent":0,"menu_order":0,"comment_status":"closed","ping_status":"closed","template":"","meta":{"_et_pb_use_builder":"on","_et_pb_old_content":"","_et_gb_content_width":"","ngg_post_thumbnail":0,"footnotes":""},"aioseo_notices":[],"_links":{"self":[{"href":"https:\/\/blogsaverroes.juntadeandalucia.es\/nicolas-salmeron\/wp-json\/wp\/v2\/pages\/2580"}],"collection":[{"href":"https:\/\/blogsaverroes.juntadeandalucia.es\/nicolas-salmeron\/wp-json\/wp\/v2\/pages"}],"about":[{"href":"https:\/\/blogsaverroes.juntadeandalucia.es\/nicolas-salmeron\/wp-json\/wp\/v2\/types\/page"}],"author":[{"embeddable":true,"href":"https:\/\/blogsaverroes.juntadeandalucia.es\/nicolas-salmeron\/wp-json\/wp\/v2\/users\/14264"}],"replies":[{"embeddable":true,"href":"https:\/\/blogsaverroes.juntadeandalucia.es\/nicolas-salmeron\/wp-json\/wp\/v2\/comments?post=2580"}],"version-history":[{"count":6,"href":"https:\/\/blogsaverroes.juntadeandalucia.es\/nicolas-salmeron\/wp-json\/wp\/v2\/pages\/2580\/revisions"}],"predecessor-version":[{"id":2728,"href":"https:\/\/blogsaverroes.juntadeandalucia.es\/nicolas-salmeron\/wp-json\/wp\/v2\/pages\/2580\/revisions\/2728"}],"wp:attachment":[{"href":"https:\/\/blogsaverroes.juntadeandalucia.es\/nicolas-salmeron\/wp-json\/wp\/v2\/media?parent=2580"}],"curies":[{"name":"wp","href":"https:\/\/api.w.org\/{rel}","templated":true}]}}