{"id":2615,"date":"2025-05-20T12:54:36","date_gmt":"2025-05-20T11:54:36","guid":{"rendered":"https:\/\/blogsaverroes.juntadeandalucia.es\/nicolas-salmeron\/?page_id=2615"},"modified":"2025-05-20T12:54:41","modified_gmt":"2025-05-20T11:54:41","slug":"aula-confucio","status":"publish","type":"page","link":"https:\/\/blogsaverroes.juntadeandalucia.es\/nicolas-salmeron\/aula-confucio\/","title":{"rendered":"Aula Confucio"},"content":{"rendered":"<p>[et_pb_section fb_built=&#8221;1&#8243; theme_builder_area=&#8221;post_content&#8221; _builder_version=&#8221;4.24.2&#8243; _module_preset=&#8221;default&#8221;][et_pb_row _builder_version=&#8221;4.24.2&#8243; _module_preset=&#8221;default&#8221; theme_builder_area=&#8221;post_content&#8221;][et_pb_column _builder_version=&#8221;4.24.2&#8243; _module_preset=&#8221;default&#8221; type=&#8221;4_4&#8243; theme_builder_area=&#8221;post_content&#8221;][et_pb_text _builder_version=&#8221;4.24.2&#8243; _module_preset=&#8221;default&#8221; theme_builder_area=&#8221;post_content&#8221; hover_enabled=&#8221;0&#8243; sticky_enabled=&#8221;0&#8243;]<\/p>\n<h1><span style=\"color: #e02b20\"><strong>Aula Confucio<\/strong><\/span><\/h1>\n<p>&nbsp;<\/p>\n<p><strong>Coordinadora:<\/strong> D.\u00aa Mar\u00eda del Mar Jim\u00e9nez Abad<\/p>\n<p>&nbsp;<\/p>\n<p>El Programa Confucio integra la lengua y cultura chinas en el sistema educativo andaluz desde 2011, cuando se firm\u00f3 el acuerdo marco de colaboraci\u00f3n entre la Consejer\u00eda de Educaci\u00f3n de la Junta de Andaluc\u00eda y la Oficina Nacional de Promoci\u00f3n Internacional de la Lengua China,&nbsp;<em>Hanban,<\/em>&nbsp;que promociona el&nbsp;<strong>chino como lengua extranjera<\/strong>&nbsp;de la mano de profesorado chino en los&nbsp;<strong>centros docentes p\u00fablicos de Educaci\u00f3n Primaria y ESO.&nbsp;<\/strong><em>Hanban<\/em>&nbsp;depende del Ministerio de Educaci\u00f3n de China y ofrece los recursos did\u00e1cticos, selecciona el profesorado y financia las actividades que difundan la cultura y el arte chino.<\/p>\n<p>&nbsp;<\/p>\n<p>Los&nbsp;<strong>centros titulares de Aula Confucio<\/strong>&nbsp;pueden impartir chino curricular por la ma\u00f1ana y extraescolar por la tarde. Hay un centro titular en cada provincia; en Almer\u00eda el centro titular es el&nbsp;<strong>CEIP Madre de la Luz,<\/strong>&nbsp;que coordina a los dem\u00e1s centros asociados de la provincia:&nbsp;<strong>IES Albor\u00e1n, IES Nicol\u00e1s Salmer\u00f3n y Alonso, y&nbsp; el IES Fuente Nueva.&nbsp;<\/strong><\/p>\n<p>&nbsp;<\/p>\n<p>Para la ense\u00f1anza del chino se utiliza la&nbsp;<strong>metodolog\u00eda comunicativa<\/strong>&nbsp;empleando textos, grabaciones y otros materiales aut\u00e9nticos, y se realizan actividades tales como juegos teatrales o proyectos. Adem\u00e1s, se contempla la preparaci\u00f3n y el asesoramiento con vistas a la realizaci\u00f3n de ex\u00e1menes oficiales para la obtenci\u00f3n de los t\u00edtulos del Instituto Confucio, con validez oficial reconocida internacionalmente: YCT (j\u00f3venes) y HSK (adultos).<\/p>\n<p>[\/et_pb_text][\/et_pb_column][\/et_pb_row][\/et_pb_section]<\/p>\n","protected":false},"excerpt":{"rendered":"<p>Aula Confucio &nbsp; Coordinadora: D.\u00aa Mar\u00eda del Mar Jim\u00e9nez Abad &nbsp; El Programa Confucio integra la lengua y cultura chinas en el sistema educativo andaluz desde 2011, cuando se firm\u00f3 el acuerdo marco de colaboraci\u00f3n entre la Consejer\u00eda de Educaci\u00f3n de la Junta de Andaluc\u00eda y la Oficina Nacional de Promoci\u00f3n Internacional de la Lengua [&hellip;]<\/p>\n","protected":false},"author":14264,"featured_media":0,"parent":0,"menu_order":0,"comment_status":"closed","ping_status":"closed","template":"","meta":{"_et_pb_use_builder":"on","_et_pb_old_content":"","_et_gb_content_width":"","ngg_post_thumbnail":0,"footnotes":""},"aioseo_notices":[],"_links":{"self":[{"href":"https:\/\/blogsaverroes.juntadeandalucia.es\/nicolas-salmeron\/wp-json\/wp\/v2\/pages\/2615"}],"collection":[{"href":"https:\/\/blogsaverroes.juntadeandalucia.es\/nicolas-salmeron\/wp-json\/wp\/v2\/pages"}],"about":[{"href":"https:\/\/blogsaverroes.juntadeandalucia.es\/nicolas-salmeron\/wp-json\/wp\/v2\/types\/page"}],"author":[{"embeddable":true,"href":"https:\/\/blogsaverroes.juntadeandalucia.es\/nicolas-salmeron\/wp-json\/wp\/v2\/users\/14264"}],"replies":[{"embeddable":true,"href":"https:\/\/blogsaverroes.juntadeandalucia.es\/nicolas-salmeron\/wp-json\/wp\/v2\/comments?post=2615"}],"version-history":[{"count":2,"href":"https:\/\/blogsaverroes.juntadeandalucia.es\/nicolas-salmeron\/wp-json\/wp\/v2\/pages\/2615\/revisions"}],"predecessor-version":[{"id":2619,"href":"https:\/\/blogsaverroes.juntadeandalucia.es\/nicolas-salmeron\/wp-json\/wp\/v2\/pages\/2615\/revisions\/2619"}],"wp:attachment":[{"href":"https:\/\/blogsaverroes.juntadeandalucia.es\/nicolas-salmeron\/wp-json\/wp\/v2\/media?parent=2615"}],"curies":[{"name":"wp","href":"https:\/\/api.w.org\/{rel}","templated":true}]}}