{"id":2731,"date":"2025-05-29T12:26:16","date_gmt":"2025-05-29T11:26:16","guid":{"rendered":"https:\/\/blogsaverroes.juntadeandalucia.es\/nicolas-salmeron\/?page_id=2731"},"modified":"2025-11-26T13:47:59","modified_gmt":"2025-11-26T12:47:59","slug":"programa-de-mediacion","status":"publish","type":"page","link":"https:\/\/blogsaverroes.juntadeandalucia.es\/nicolas-salmeron\/programa-de-mediacion\/","title":{"rendered":"Programa de Mediaci\u00f3n"},"content":{"rendered":"<p>[et_pb_section fb_built=&#8221;1&#8243; _builder_version=&#8221;4.24.2&#8243; _module_preset=&#8221;default&#8221; global_colors_info=&#8221;{}&#8221;][et_pb_row column_structure=&#8221;2_3,1_3&#8243; admin_label=&#8221;Fila&#8221; _builder_version=&#8221;4.24.2&#8243; _module_preset=&#8221;default&#8221; global_colors_info=&#8221;{}&#8221;][et_pb_column type=&#8221;2_3&#8243; _builder_version=&#8221;4.24.2&#8243; _module_preset=&#8221;default&#8221; global_colors_info=&#8221;{}&#8221;][et_pb_text _builder_version=&#8221;4.24.2&#8243; _module_preset=&#8221;default&#8221; global_colors_info=&#8221;{}&#8221;]<\/p>\n<h1><span style=\"color: #e02b20\"><strong>Programa de Mediaci\u00f3n Escolar<\/strong><\/span><\/h1>\n<p>&nbsp;<\/p>\n<p><span style=\"color: #000000\"><strong>Coordinadora:<\/strong> D.\u00aa Consuelo Alonso Alarc\u00f3n<\/span><\/p>\n<blockquote>\n<h4><span style=\"color: #000000\"><em>\u201cLa mediaci\u00f3n y la visibilizaci\u00f3n son dos herramientas clave para construir un entorno escolar basado en la empat\u00eda, la igualdad y la corresponsabilidad.\u201d<\/em><\/span><\/h4>\n<\/blockquote>\n<p><span style=\"color: #000000\">En el IES Nicol\u00e1s Salmer\u00f3n y Alonso hemos puesto en marcha un&nbsp;<b>programa de mediaci\u00f3n escolar entre iguales<\/b>&nbsp;que capacita a nuestro alumnado para resolver conflictos de manera pac\u00edfica, mejorar la convivencia y reforzar el respeto mutuo. De forma paralela, a trav\u00e9s de nuestro&nbsp;<b>podcast \u201cVoces en Acci\u00f3n\u201d<\/b>, damos voz a testimonios reales, reflexiones y entrevistas que visibilizan la igualdad, la prevenci\u00f3n de la violencia y el bienestar emocional.<\/span><\/p>\n<p>[\/et_pb_text][\/et_pb_column][et_pb_column type=&#8221;1_3&#8243; _builder_version=&#8221;4.24.2&#8243; _module_preset=&#8221;default&#8221; global_colors_info=&#8221;{}&#8221;][et_pb_image src=&#8221;https:\/\/blogsaverroes.juntadeandalucia.es\/nicolas-salmeron\/files\/2025\/05\/logo-mediacion-300&#215;300.png&#8221; title_text=&#8221;logo-mediaci\u00f3n&#8221; align=&#8221;right&#8221; _builder_version=&#8221;4.24.2&#8243; _module_preset=&#8221;default&#8221; global_colors_info=&#8221;{}&#8221;][\/et_pb_image][\/et_pb_column][\/et_pb_row][et_pb_row _builder_version=&#8221;4.24.2&#8243; _module_preset=&#8221;default&#8221; global_colors_info=&#8221;{}&#8221;][et_pb_column type=&#8221;4_4&#8243; _builder_version=&#8221;4.24.2&#8243; _module_preset=&#8221;default&#8221; global_colors_info=&#8221;{}&#8221;][et_pb_text _builder_version=&#8221;4.24.2&#8243; _module_preset=&#8221;default&#8221; global_colors_info=&#8221;{}&#8221;]<\/p>\n<p><span style=\"color: #000000\"><strong style=\"font-size: 22px\">EQUIPO DE MEDIACI\u00d3N ESCOLAR<\/strong><\/span><\/p>\n<ul>\n<li><span style=\"color: #000000\"><b>35 alumnos y alumnas<\/b>&nbsp;formados como mediadores entre iguales.<\/span><\/li>\n<li><span style=\"color: #000000\">Formaci\u00f3n te\u00f3rico-pr\u00e1ctica y protocolos de actuaci\u00f3n para cada tipo de conflicto.<\/span><\/li>\n<li><span style=\"color: #000000\">Apoyo constante del Departamento de Orientaci\u00f3n, garantizando seguimiento individualizado.<\/span><\/li>\n<li><span style=\"color: #000000\">Proyecci\u00f3n a futuro: creaci\u00f3n de una red de mediaci\u00f3n intercentros, replicable en toda la provincia.<\/span><\/li>\n<\/ul>\n<p>&nbsp;<\/p>\n<h3><span style=\"color: #000000\"><strong>Proyectos con Entidades Externas<\/strong><\/span><\/h3>\n<ul>\n<li><span style=\"color: #000000\"><b>\u201cCuerpos y Territorios\u201d (MZC)<\/b>: taller con 2.\u00ba ESO para explorar la relaci\u00f3n entre cuerpo, espacio p\u00fablico y derechos.<\/span><\/li>\n<li><span style=\"color: #000000\"><b>Proyecto UAL-Violencias de G\u00e9nero<\/b>: alumnado de 4.\u00ba ESO colabora en investigaci\u00f3n y propuestas de sensibilizaci\u00f3n junto a la Universidad de Almer\u00eda.Proyecto de Innovaci\u00f3n enmarcado en el Programa de Tr\u00e1nsito con los centros CEIP Mar Mediterr\u00e1neo, CEIP Lope de Vega, CEIP San Valent\u00edn, CEIP Sajn Fernando.<\/span><\/li>\n<\/ul>\n<p>&nbsp;<\/p>\n<h3><span style=\"color: #000000\"><strong>Podcast \u201cVoces en Acci\u00f3n\u201d<\/strong><\/span><\/h3>\n<ul>\n<li><span style=\"color: #000000\"><b>Frecuencia mensual<\/b>, disponible en Spotify.<\/span><\/li>\n<li><span style=\"color: #000000\">Guiones, entrevistas y edici\u00f3n \u00edntegramente elaborados por el alumnado mediador.<\/span><\/li>\n<li><span style=\"color: #000000\">Colaboraciones destacadas con:<\/span>\n<ul>\n<li><span style=\"color: #000000\">Instituto Andaluz de la Mujer (IAM)<\/span><\/li>\n<li><span style=\"color: #000000\">Mujeres en Zona de Conflicto (MZC)<\/span><\/li>\n<li><span style=\"color: #000000\">Servicios de Atenci\u00f3n a V\u00edctimas en Juzgados (SAVA\/PIMA\/SEMPA)<\/span><\/li>\n<li><span style=\"color: #000000\">Tel\u00e9fono de la Esperanza<\/span><\/li>\n<li><span style=\"color: #000000\">Ayuntamiento de Almer\u00eda (entrevista a la alcaldesa)<\/span><\/li>\n<li><span style=\"color: #000000\">Movilidades Erasmus+ (Portugal: \u201cRelaciones T\u00f3xicas\u201d; Eslovaquia: \u201cInteligencia Emocional\u201d)<\/span><\/li>\n<li><span style=\"color: #000000\">El Diario de Almer\u00eda.<\/span><\/li>\n<li><span style=\"color: #000000\">AFIM21<\/span><\/li>\n<li><span style=\"color: #000000\">SM_Escucha<\/span><\/li>\n<\/ul>\n<\/li>\n<li><span style=\"color: #000000\"><b>Colaboraci\u00f3n de oratoria y debate<\/b>: participaci\u00f3n de los grupos de 2.\u00ba ESO y del taller de debate en la elaboraci\u00f3n de preguntas y din\u00e1micas de equipo.<\/span><br \/><span style=\"color: #000000\">* UAL Faculta de Psicolog\u00eda y Vicerrectorado de Igualdad y Compromiso Social<\/span><\/li>\n<li><span style=\"color: #000000\">M\u00e1s de&nbsp;2<b>00 escuchas<\/b>&nbsp;en su primera temporada y creciente repercusi\u00f3n en la comunidad educativa.<\/span><br \/>\n<h3>&nbsp;<\/h3>\n<\/li>\n<\/ul>\n<p>&nbsp;<\/p>\n<p style=\"text-align: center\"><span style=\"color: #000000\"><b>\u00a1Descubre todos los episodios de \u201cVoces en Acci\u00f3n\u201d en<\/b>&nbsp;<a href=\"https:\/\/open.spotify.com\/show\/5pmBydqYeo8I8WNqL0UmZb?si=Khz-18QLSFWkHrlMIQdWSg\" target=\"_blank\" rel=\"noopener\">Spotify<\/a><\/span><span style=\"color: #000000\">&nbsp;<b>y acomp\u00e1\u00f1anos en este viaje hacia una convivencia m\u00e1s justa y respetuosa!<\/b><\/span><\/p>\n<p>[\/et_pb_text][et_pb_image src=&#8221;https:\/\/blogsaverroes.juntadeandalucia.es\/nicolas-salmeron\/files\/2025\/05\/logo-podcast-298&#215;300.png&#8221; title_text=&#8221;logo-podcast&#8221; url=&#8221;https:\/\/open.spotify.com\/show\/5pmBydqYeo8I8WNqL0UmZb?si=Khz-18QLSFWkHrlMIQdWSg&amp;nd=1&amp;dlsi=abb8eea1189c4474&#8243; url_new_window=&#8221;on&#8221; align=&#8221;center&#8221; _builder_version=&#8221;4.24.2&#8243; _module_preset=&#8221;default&#8221; global_colors_info=&#8221;{}&#8221;][\/et_pb_image][et_pb_gallery gallery_ids=&#8221;2787,2786,2785,2784,2783,2782,2781,2780,2779,2777,2776,2775,2774&#8243; fullwidth=&#8221;on&#8221; _builder_version=&#8221;4.24.2&#8243; _module_preset=&#8221;default&#8221; width=&#8221;60%&#8221; module_alignment=&#8221;center&#8221; max_height=&#8221;428px&#8221; animation_style=&#8221;slide&#8221; border_radii=&#8221;on|5px|5px|5px|5px&#8221; border_color_all=&#8221;#ba1a12&#8243; global_colors_info=&#8221;{}&#8221;][\/et_pb_gallery][et_pb_text _builder_version=&#8221;4.24.2&#8243; _module_preset=&#8221;default&#8221; hover_enabled=&#8221;0&#8243; global_colors_info=&#8221;{}&#8221; sticky_enabled=&#8221;0&#8243;]<\/p>\n<h3>&nbsp;<\/h3>\n<h3><span style=\"color: #000000\"><strong>Podcast \u201cCONECTA2\u201d<\/strong><\/span><\/h3>\n<p><span style=\"color: #000000\">El presente proyecto busca fomentar la mediaci\u00f3n escolar como herramienta clave para mejorar la convivencia en los centros educativos participantes. Bajo la coordinaci\u00f3n del IES Nicol\u00e1s Salmer\u00f3n y Alonso y con la participaci\u00f3n del CEIP Mar Mediterr\u00e1neo, CEIP Lope de Vega, CEIP San Fernando y CEIP San Valent\u00edn, todos los centros de adscripci\u00f3n del mismo, se desarrollar\u00e1 un podcast escolar mensual abordando temas relevantes dentro de un calendario tem\u00e1tico. Esta iniciativa no solo impulsa el di\u00e1logo y la resoluci\u00f3n pac\u00edfica de conflictos, sino que tambi\u00e9n fortalece los v\u00ednculos entre los centros participantes as\u00ed como la inteligencia emocional y la integraci\u00f3n de todos los niveles <\/span><span style=\"color: #000000\">educativos, infantil, primaria, secundaria, bachillerato, FP y educaci\u00f3n especial.<\/span><\/p>\n<p style=\"text-align: center\"><span style=\"font-size: 14pt\"><strong><span style=\"color: #000000\">Escucha nuestro nuevo podcast en Spotify:<\/span> <a href=\"https:\/\/open.spotify.com\/episode\/1NCafw0JTZb30cPxXxR8Ss?si=GbNHTujbRY2KeP_4JrB18A\" target=\"_blank\" rel=\"noopener\">Conecta2<\/a><\/strong><\/span><\/p>\n<p>[\/et_pb_text][et_pb_image src=&#8221;https:\/\/blogsaverroes.juntadeandalucia.es\/nicolas-salmeron\/files\/2025\/11\/conecta2.jpg&#8221; title_text=&#8221;conecta2&#8243; url=&#8221;https:\/\/open.spotify.com\/episode\/1NCafw0JTZb30cPxXxR8Ss?si=GbNHTujbRY2KeP_4JrB18A&#8221; url_new_window=&#8221;on&#8221; align=&#8221;center&#8221; _builder_version=&#8221;4.24.2&#8243; _module_preset=&#8221;default&#8221; width=&#8221;28%&#8221; module_alignment=&#8221;center&#8221; global_colors_info=&#8221;{}&#8221;][\/et_pb_image][\/et_pb_column][\/et_pb_row][\/et_pb_section]<\/p>\n","protected":false},"excerpt":{"rendered":"<p>Programa de Mediaci\u00f3n Escolar &nbsp; Coordinadora: D.\u00aa Consuelo Alonso Alarc\u00f3n \u201cLa mediaci\u00f3n y la visibilizaci\u00f3n son dos herramientas clave para construir un entorno escolar basado en la empat\u00eda, la igualdad y la corresponsabilidad.\u201d En el IES Nicol\u00e1s Salmer\u00f3n y Alonso hemos puesto en marcha un&nbsp;programa de mediaci\u00f3n escolar entre iguales&nbsp;que capacita a nuestro alumnado para [&hellip;]<\/p>\n","protected":false},"author":14264,"featured_media":0,"parent":0,"menu_order":0,"comment_status":"closed","ping_status":"closed","template":"","meta":{"_et_pb_use_builder":"on","_et_pb_old_content":"","_et_gb_content_width":"","ngg_post_thumbnail":0,"footnotes":""},"aioseo_notices":[],"_links":{"self":[{"href":"https:\/\/blogsaverroes.juntadeandalucia.es\/nicolas-salmeron\/wp-json\/wp\/v2\/pages\/2731"}],"collection":[{"href":"https:\/\/blogsaverroes.juntadeandalucia.es\/nicolas-salmeron\/wp-json\/wp\/v2\/pages"}],"about":[{"href":"https:\/\/blogsaverroes.juntadeandalucia.es\/nicolas-salmeron\/wp-json\/wp\/v2\/types\/page"}],"author":[{"embeddable":true,"href":"https:\/\/blogsaverroes.juntadeandalucia.es\/nicolas-salmeron\/wp-json\/wp\/v2\/users\/14264"}],"replies":[{"embeddable":true,"href":"https:\/\/blogsaverroes.juntadeandalucia.es\/nicolas-salmeron\/wp-json\/wp\/v2\/comments?post=2731"}],"version-history":[{"count":27,"href":"https:\/\/blogsaverroes.juntadeandalucia.es\/nicolas-salmeron\/wp-json\/wp\/v2\/pages\/2731\/revisions"}],"predecessor-version":[{"id":3912,"href":"https:\/\/blogsaverroes.juntadeandalucia.es\/nicolas-salmeron\/wp-json\/wp\/v2\/pages\/2731\/revisions\/3912"}],"wp:attachment":[{"href":"https:\/\/blogsaverroes.juntadeandalucia.es\/nicolas-salmeron\/wp-json\/wp\/v2\/media?parent=2731"}],"curies":[{"name":"wp","href":"https:\/\/api.w.org\/{rel}","templated":true}]}}