{"id":304,"date":"2019-09-06T11:41:15","date_gmt":"2019-09-06T09:41:15","guid":{"rendered":"https:\/\/iesnicolassalmeron.es\/?page_id=304"},"modified":"2026-03-05T09:32:26","modified_gmt":"2026-03-05T08:32:26","slug":"secretaria","status":"publish","type":"page","link":"https:\/\/blogsaverroes.juntadeandalucia.es\/nicolas-salmeron\/secretaria\/","title":{"rendered":"Secretar\u00eda"},"content":{"rendered":"<p>[et_pb_section fb_built=&#8221;1&#8243; _builder_version=&#8221;4.16&#8243; global_colors_info=&#8221;{}&#8221;][et_pb_row _builder_version=&#8221;4.16&#8243; background_size=&#8221;initial&#8221; background_position=&#8221;top_left&#8221; background_repeat=&#8221;repeat&#8221; global_colors_info=&#8221;{}&#8221;][et_pb_column type=&#8221;4_4&#8243; _builder_version=&#8221;4.16&#8243; custom_padding=&#8221;|||&#8221; global_colors_info=&#8221;{}&#8221; custom_padding__hover=&#8221;|||&#8221;][et_pb_text _builder_version=&#8221;4.24.2&#8243; _module_preset=&#8221;default&#8221; global_colors_info=&#8221;{}&#8221;]<\/p>\n<div class=\"wpb_text_column wpb_content_element  \">\n<h3>&nbsp;<\/h3>\n<h3 class=\"wpb_wrapper\"><strong>Horario de atenci\u00f3n al p\u00fablico:<span style=\"color: #ff0000\"> 9:30 a 13:30<\/span><\/strong><\/h3>\n<h3 class=\"wpb_wrapper\"><strong>Tel\u00e9fono: <span style=\"color: #ff0000\">950156149<\/span><\/strong><\/h3>\n<h3 class=\"wpb_wrapper\"><strong>Email: <span style=\"color: #ff0000\">secnsalmeron@gmail.com<\/span><\/strong><\/h3>\n<\/div>\n<p>[\/et_pb_text][\/et_pb_column][\/et_pb_row][et_pb_row _builder_version=&#8221;4.16&#8243; background_size=&#8221;initial&#8221; background_position=&#8221;top_left&#8221; background_repeat=&#8221;repeat&#8221; custom_margin=&#8221;60px|auto||auto||&#8221; global_colors_info=&#8221;{}&#8221;][et_pb_column type=&#8221;4_4&#8243; _builder_version=&#8221;4.16&#8243; custom_padding=&#8221;|||&#8221; global_colors_info=&#8221;{}&#8221; custom_padding__hover=&#8221;|||&#8221;][et_pb_text _builder_version=&#8221;4.24.2&#8243; _module_preset=&#8221;default&#8221; global_colors_info=&#8221;{}&#8221;]<\/p>\n<div class=\"wpb_text_column wpb_content_element  \">\n<h2 class=\"documentos-entries__folder--title\"><span style=\"color: #ff0000\"><strong>Impresos de admisi\u00f3n<\/strong><\/span><\/h2>\n<blockquote>\n<h3 class=\"wpb_wrapper\"><a href=\"https:\/\/www.juntadeandalucia.es\/educacion\/portales\/web\/escolarizacion\/infantil-a-bachillerato\/impresos\">https:\/\/www.juntadeandalucia.es\/educacion\/portales\/web\/escolarizacion\/infantil-a-bachillerato\/impresos<\/a><\/h3>\n<\/blockquote>\n<\/div>\n<p>[\/et_pb_text][et_pb_text _builder_version=&#8221;4.24.2&#8243; _module_preset=&#8221;default&#8221; global_colors_info=&#8221;{}&#8221;]<\/p>\n<div class=\"wpb_text_column wpb_content_element  \">\n<h2 class=\"documentos-entries__folder--title\"><span style=\"color: #ff0000\"><strong>Secretar\u00eda Virtual Junta de Andaluc\u00eda<br \/><\/strong><\/span><\/h2>\n<blockquote>\n<h3 class=\"wpb_wrapper\"><a href=\"https:\/\/www.juntadeandalucia.es\/educacion\/secretariavirtual\/\">https:\/\/www.juntadeandalucia.es\/educacion\/secretariavirtual\/<\/a><\/h3>\n<\/blockquote>\n<\/div>\n<p>[\/et_pb_text][\/et_pb_column][\/et_pb_row][et_pb_row column_structure=&#8221;1_2,1_2&#8243; _builder_version=&#8221;4.16&#8243; _module_preset=&#8221;default&#8221; global_colors_info=&#8221;{}&#8221;][et_pb_column type=&#8221;1_2&#8243; _builder_version=&#8221;4.16&#8243; _module_preset=&#8221;default&#8221; global_colors_info=&#8221;{}&#8221;][et_pb_text _builder_version=&#8221;4.24.2&#8243; _module_preset=&#8221;default&#8221; hover_enabled=&#8221;0&#8243; global_colors_info=&#8221;{}&#8221; sticky_enabled=&#8221;0&#8243;]<\/p>\n<p><a href=\"https:\/\/blogsaverroes.juntadeandalucia.es\/nicolas-salmeron\/files\/2026\/03\/Modelo-046-ano-2026.pdf\"><img loading=\"lazy\" decoding=\"async\" class=\"wp-image-2041 alignnone size-thumbnail aligncenter\" src=\"https:\/\/blogsaverroes.juntadeandalucia.es\/nicolas-salmeron\/files\/2022\/03\/document_3530-150x150.png\" alt=\"\" width=\"150\" height=\"150\"><\/a><\/p>\n<h3 style=\"text-align: center\"><a href=\"https:\/\/blogsaverroes.juntadeandalucia.es\/nicolas-salmeron\/files\/2025\/01\/Modelo-046-2025.pdf\"><strong>Impreso<\/strong><\/a><\/h3>\n<p style=\"text-align: center\">TRAMITES PARA LA SOLICITUD DEL TITULO DE BACHILLER (<strong><span style=\"color: #ff0000\">Mod 046<\/span><\/strong>)<\/p>\n<p>[\/et_pb_text][\/et_pb_column][et_pb_column type=&#8221;1_2&#8243; _builder_version=&#8221;4.16&#8243; _module_preset=&#8221;default&#8221; global_colors_info=&#8221;{}&#8221;][et_pb_text _builder_version=&#8221;4.24.2&#8243; _module_preset=&#8221;default&#8221; global_colors_info=&#8221;{}&#8221;]<\/p>\n<p><a href=\"https:\/\/blogsaverroes.juntadeandalucia.es\/nicolas-salmeron\/files\/2025\/01\/EXPONE-SOLICITA.pdf\"><img loading=\"lazy\" decoding=\"async\" class=\"wp-image-2041 alignnone size-thumbnail aligncenter\" src=\"https:\/\/blogsaverroes.juntadeandalucia.es\/nicolas-salmeron\/files\/2022\/03\/document_3530-150x150.png\" alt=\"\" width=\"150\" height=\"150\" \/><\/a><\/p>\n<h3 style=\"text-align: center\"><a href=\"https:\/\/blogsaverroes.juntadeandalucia.es\/nicolas-salmeron\/files\/2025\/01\/EXPONE-SOLICITA.pdf\" title=\"https:\/\/blogsaverroes.juntadeandalucia.es\/nicolas-salmeron\/files\/2025\/01\/EXPONE-SOLICITA.pdf\"><strong>Impreso<\/strong><\/a><\/h3>\n<p style=\"text-align: center\">EXPONE SOLICITA<\/p>\n<p>[\/et_pb_text][\/et_pb_column][\/et_pb_row][\/et_pb_section]<\/p>\n","protected":false},"excerpt":{"rendered":"<p>&nbsp; Horario de atenci\u00f3n al p\u00fablico: 9:30 a 13:30 Tel\u00e9fono: 950156149 Email: secnsalmeron@gmail.com Impresos de admisi\u00f3n https:\/\/www.juntadeandalucia.es\/educacion\/portales\/web\/escolarizacion\/infantil-a-bachillerato\/impresos Secretar\u00eda Virtual Junta de Andaluc\u00eda https:\/\/www.juntadeandalucia.es\/educacion\/secretariavirtual\/ Impreso TRAMITES PARA LA SOLICITUD DEL TITULO DE BACHILLER (Mod 046) Impreso EXPONE SOLICITA<\/p>\n","protected":false},"author":13523,"featured_media":0,"parent":0,"menu_order":0,"comment_status":"closed","ping_status":"closed","template":"","meta":{"_et_pb_use_builder":"on","_et_pb_old_content":"<p>[vc_row thb_full_width=\"true\" content_placement=\"middle\" thb_scroll_bottom=\"true\" thb_scroll_bottom_style=\"style3\" thb_scroll_bottom_color=\"light\" css=\".vc_custom_1567766839997{padding-top: 15vh !important;padding-bottom: 9vh !important;background-image: url(https:\/\/blogsaverroes.juntadeandalucia.es\/nicolas-salmeron\/files\/2019\/09\/areas.jpg?id=230) !important;background-position: center !important;background-repeat: no-repeat !important;background-size: cover !important;}\"][vc_column thb_color=\"thb-light-column\"][vc_row_inner][vc_column_inner offset=\"vc_col-lg-6 vc_col-md-9\"][thb_slidetype slide_text=\"<\/p><h1>*Secretar\u00eda*<\/h1><p>\"][vc_empty_space height=\"10px\"][vc_column_text animation=\"animation fade-in\"]La oficina se encuentra en el vest\u00edbulo del Centro, a la derecha de la entrada. Desde aqu\u00ed se gestiona y custodia toda la documentaci\u00f3n acad\u00e9mica del alumnado.[\/vc_column_text][vc_empty_space height=\"20px\"][thb_button animation=\"animation bottom-to-top\" color=\"gradient\" link=\"url:tel%3A%2B34950156149|title:LLAMAR||\" bg_gradient1=\"#ff3a41\" bg_gradient2=\"#ea0007\" icon=\"fa fa-phone\"][\/vc_column_inner][\/vc_row_inner][\/vc_column][\/vc_row][vc_row thb_full_width=\"true\" content_placement=\"middle\" css=\".vc_custom_1568648891302{padding-top: 5vh !important;padding-bottom: 9vh !important;background: #f9f9f9 url(https:\/\/blogsaverroes.juntadeandalucia.es\/nicolas-salmeron\/files\/2019\/09\/secretaria.png?id=315) !important;background-position: center !important;background-repeat: no-repeat !important;background-size: cover !important;}\"][vc_column thb_color=\"thb-light-column\"][vc_row_inner content_placement=\"middle\" css=\".vc_custom_1568648963761{padding-top: 2vh !important;}\"][vc_column_inner][vc_column_text]<\/p><h1 style=\"text-align: left;\"><span style=\"color: #333333;\">Horario de atenci\u00f3n al p\u00fablico.<\/span><\/h1><p>[\/vc_column_text][vc_column_text]<\/p><h1 style=\"text-align: left;\"><span style=\"color: #ff3352;\">De 9:30 a 13:30<\/span><\/h1><p>[\/vc_column_text][\/vc_column_inner][\/vc_row_inner][\/vc_column][\/vc_row][vc_row el_class=\"align-center\" css=\".vc_custom_1567762754897{padding-top: 7vh !important;padding-bottom: 3vh !important;}\"][vc_column offset=\"vc_col-lg-6 vc_col-md-8\" el_class=\"text-center\" css=\".vc_custom_1568648998104{padding-right: 1vh !important;padding-left: 1vh !important;}\"][thb_slidetype slide_text=\"<\/p><h2><strong>*Impresos y modelos.*<\/strong><\/h2><p>\"][vc_column_text animation=\"animation fade-in\"]<\/p><p style=\"text-align: center;\">Apostamos por las TICs para conseguir que todo te resulte m\u00e1s f\u00e1cil.<\/p><p>[\/vc_column_text][\/vc_column][\/vc_row][vc_row el_class=\"align-center\" css=\".vc_custom_1567761931665{padding-bottom: 7vh !important;}\"][vc_column offset=\"vc_col-lg-9 vc_col-md-11\"][vc_row_inner][vc_column_inner width=\"1\/3\"][thb_iconbox type=\"top type4\" icon=\"basic_elaboration_calendar_plus.svg\" style=\"style2\" heading=\"Impreso\" description=\"Descripci\u00f3n del Impreso.\" link=\"url:%23|title:DESCARGAR||\" icon_image=\"327\" icon_image_width=\"50\" thb_heading_color_hover=\"#4332db\"][\/vc_column_inner][vc_column_inner width=\"1\/3\"][thb_iconbox type=\"top type4\" icon=\"basic_elaboration_calendar_plus.svg\" style=\"style2\" heading=\"Impreso\" description=\"Descripci\u00f3n del Impreso.\" link=\"url:%23|title:DESCARGAR||\" icon_image=\"327\" icon_image_width=\"50\" thb_heading_color_hover=\"#4332db\"][\/vc_column_inner][vc_column_inner width=\"1\/3\"][thb_iconbox type=\"top type4\" icon=\"basic_elaboration_calendar_plus.svg\" style=\"style2\" heading=\"Impreso\" description=\"Descripci\u00f3n del Impreso.\" link=\"url:%23|title:DESCARGAR||\" icon_image=\"327\" icon_image_width=\"50\" thb_heading_color_hover=\"#4332db\"][\/vc_column_inner][\/vc_row_inner][vc_row_inner][vc_column_inner width=\"1\/3\"][thb_iconbox type=\"top type4\" icon=\"basic_elaboration_calendar_plus.svg\" style=\"style2\" heading=\"Impreso\" description=\"Descripci\u00f3n del Impreso.\" link=\"url:%23|title:DESCARGAR||\" icon_image=\"327\" icon_image_width=\"50\" thb_heading_color_hover=\"#4332db\"][\/vc_column_inner][vc_column_inner width=\"1\/3\"][thb_iconbox type=\"top type4\" icon=\"basic_elaboration_calendar_plus.svg\" style=\"style2\" heading=\"Impreso\" description=\"Descripci\u00f3n del Impreso.\" link=\"url:%23|title:DESCARGAR||\" icon_image=\"327\" icon_image_width=\"50\" thb_heading_color_hover=\"#4332db\"][\/vc_column_inner][vc_column_inner width=\"1\/3\"][thb_iconbox type=\"top type4\" icon=\"basic_elaboration_calendar_plus.svg\" style=\"style2\" heading=\"Impreso\" description=\"Descripci\u00f3n del Impreso.\" link=\"url:%23|title:DESCARGAR||\" icon_image=\"327\" icon_image_width=\"50\" thb_heading_color_hover=\"#4332db\"][\/vc_column_inner][\/vc_row_inner][\/vc_column][\/vc_row][vc_row thb_full_width=\"true\" css=\".vc_custom_1568648623676{padding-top: 5vh !important;padding-bottom: 1vh !important;background-color: #efefef !important;}\"][vc_column][vc_column_text]<\/p><h1><span style=\"color: #3366ff;\">Formulario de contacto.<\/span><\/h1><p>[\/vc_column_text][\/vc_column][\/vc_row][vc_row thb_full_width=\"true\" css=\".vc_custom_1568648539875{padding-top: 2vh !important;padding-right: 1vh !important;padding-bottom: 7vh !important;padding-left: 1vh !important;background-color: #efefef !important;}\"][vc_column width=\"1\/2\" css=\".vc_custom_1568648528467{padding-right: 1vh !important;padding-left: 1vh !important;}\"][vc_column_text]<span style=\"color: #333333;\">Y no te preocupes, haremos un uso responsable de tus datos: nunca recibir\u00e1s publicidad ni informaci\u00f3n que, previamente, no hayas solicitado. Porque a nosotros tambi\u00e9n nos molesta recibir publicidad y que usen nuestros datos sin nuestro permiso ;)<\/span>[\/vc_column_text][\/vc_column][vc_column width=\"1\/2\"][ninja_form id=\"1\"][\/vc_column][\/vc_row]<\/p>","_et_gb_content_width":"","ngg_post_thumbnail":0,"footnotes":""},"aioseo_notices":[],"_links":{"self":[{"href":"https:\/\/blogsaverroes.juntadeandalucia.es\/nicolas-salmeron\/wp-json\/wp\/v2\/pages\/304"}],"collection":[{"href":"https:\/\/blogsaverroes.juntadeandalucia.es\/nicolas-salmeron\/wp-json\/wp\/v2\/pages"}],"about":[{"href":"https:\/\/blogsaverroes.juntadeandalucia.es\/nicolas-salmeron\/wp-json\/wp\/v2\/types\/page"}],"author":[{"embeddable":true,"href":"https:\/\/blogsaverroes.juntadeandalucia.es\/nicolas-salmeron\/wp-json\/wp\/v2\/users\/13523"}],"replies":[{"embeddable":true,"href":"https:\/\/blogsaverroes.juntadeandalucia.es\/nicolas-salmeron\/wp-json\/wp\/v2\/comments?post=304"}],"version-history":[{"count":11,"href":"https:\/\/blogsaverroes.juntadeandalucia.es\/nicolas-salmeron\/wp-json\/wp\/v2\/pages\/304\/revisions"}],"predecessor-version":[{"id":4935,"href":"https:\/\/blogsaverroes.juntadeandalucia.es\/nicolas-salmeron\/wp-json\/wp\/v2\/pages\/304\/revisions\/4935"}],"wp:attachment":[{"href":"https:\/\/blogsaverroes.juntadeandalucia.es\/nicolas-salmeron\/wp-json\/wp\/v2\/media?parent=304"}],"curies":[{"name":"wp","href":"https:\/\/api.w.org\/{rel}","templated":true}]}}