{"id":3741,"date":"2025-10-30T12:31:33","date_gmt":"2025-10-30T11:31:33","guid":{"rendered":"https:\/\/blogsaverroes.juntadeandalucia.es\/nicolas-salmeron\/?page_id=3741"},"modified":"2025-10-30T13:45:14","modified_gmt":"2025-10-30T12:45:14","slug":"ampa","status":"publish","type":"page","link":"https:\/\/blogsaverroes.juntadeandalucia.es\/nicolas-salmeron\/ampa\/","title":{"rendered":"AMPA"},"content":{"rendered":"<p>[et_pb_section fb_built=&#8221;1&#8243; _builder_version=&#8221;4.24.2&#8243; _module_preset=&#8221;default&#8221; global_colors_info=&#8221;{}&#8221;][et_pb_row column_structure=&#8221;2_3,1_3&#8243; _builder_version=&#8221;4.24.2&#8243; _module_preset=&#8221;default&#8221; global_colors_info=&#8221;{}&#8221;][et_pb_column type=&#8221;2_3&#8243; _builder_version=&#8221;4.24.2&#8243; _module_preset=&#8221;default&#8221; global_colors_info=&#8221;{}&#8221;][et_pb_text _builder_version=&#8221;4.24.2&#8243; _module_preset=&#8221;default&#8221; hover_enabled=&#8221;0&#8243; global_colors_info=&#8221;{}&#8221; sticky_enabled=&#8221;0&#8243;]<\/p>\n<h1>&nbsp;<\/h1>\n<h1 style=\"text-align: center\"><span style=\"color: #c94444\">&nbsp;<span style=\"font-size: 36pt\"><strong>AMPA<\/strong><\/span><\/span><\/h1>\n<p>[\/et_pb_text][et_pb_text _builder_version=&#8221;4.24.2&#8243; _module_preset=&#8221;default&#8221; global_colors_info=&#8221;{}&#8221;]<\/p>\n<p>&nbsp;<\/p>\n<p><span class=\"fontstyle0\" style=\"font-size: 18pt\"><strong>Queridas familias<\/strong>,<\/span><\/p>\n<p><span class=\"fontstyle0\" style=\"font-size: 18pt\">Para todos aquellos de vosotros que a\u00fan no nos conoc\u00e9is y dada la labor que&nbsp;&nbsp;<\/span><span class=\"fontstyle0\" style=\"font-size: 18pt\">realizamos como asociaci\u00f3n queremos informaros de todos los beneficios que tienen&nbsp;<\/span><span class=\"fontstyle0\" style=\"font-size: 18pt\">nuestros socios, los requisitos necesarios para poder obtenerlos y las actividades&nbsp;<\/span><span class=\"fontstyle0\" style=\"font-size: 18pt\">realizadas el \u00faltimo curso.<\/span><\/p>\n<p><span class=\"fontstyle0\" style=\"font-size: 18pt\">Hoy comienza el plazo para presentar la matr\u00edcula de vuestros hijos en el IES&nbsp;<\/span><span class=\"fontstyle0\" style=\"font-size: 18pt\">NICOL\u00c1S SALMER\u00d3N Y ALONSO y junto con el sobre de matr\u00edcula recibir\u00e9is una hoja de&nbsp;<\/span><span class=\"fontstyle0\" style=\"font-size: 18pt\">inscripci\u00f3n al AMPA.<\/span><\/p>\n<p><span class=\"fontstyle0\" style=\"font-size: 18pt\">Nuestra intenci\u00f3n es que teng\u00e1is toda la informaci\u00f3n necesaria para que pod\u00e1is&nbsp;<\/span><span class=\"fontstyle0\" style=\"font-size: 18pt\">decidir si quer\u00e9is asociaros.<\/span><\/p>\n<p>&nbsp;<\/p>\n<p><span style=\"text-decoration: underline\"><strong><span class=\"fontstyle2\" style=\"font-size: 18pt\">BENEFICIOS SOCIOS&nbsp;<\/span><\/strong><\/span><\/p>\n<p style=\"padding-left: 40px\"><span class=\"fontstyle0\" style=\"font-size: 18pt\">1. Representaci\u00f3n en el Consejo Escolar.<\/span><\/p>\n<p style=\"padding-left: 40px\"><span class=\"fontstyle0\" style=\"font-size: 18pt\">2. Informaci\u00f3n a los socios de la oferta de charlas o talleres que ofrece FAPACE&nbsp;<\/span><span class=\"fontstyle0\" style=\"font-size: 18pt\">(Federaci\u00f3n de AMPAs de la provincia de Almer\u00eda a la que estamos adheridos).<\/span><\/p>\n<p style=\"padding-left: 40px\"><span class=\"fontstyle0\" style=\"font-size: 18pt\">3. Informaci\u00f3n a las familias a trav\u00e9s de nuestro grupo de whatsApp, en las <\/span><span class=\"fontstyle0\" style=\"font-size: 18pt\">asambleas que se convocan durante el curso, a trav\u00e9s de circulares por iPasen y&nbsp;<\/span><span class=\"fontstyle0\" style=\"font-size: 18pt\">por redes sociales.<\/span><\/p>\n<p style=\"padding-left: 40px\"><span class=\"fontstyle0\" style=\"font-size: 18pt\">4. Colaboraci\u00f3n para las bandas de graduaci\u00f3n en 2\u00ba Bachillerato y ciclos formativos.<\/span><\/p>\n<p style=\"padding-left: 40px\"><span class=\"fontstyle0\" style=\"font-size: 18pt\">5. Bonificaci\u00f3n por su fidelidad a los alumnos de 4\u00ba ESO que se grad\u00faan.<\/span><\/p>\n<p><span class=\"fontstyle0\" style=\"font-size: 18pt\">Todos los socios tendr\u00e1n derecho a todos estos beneficios y solo ser\u00e1 necesario que&nbsp;<\/span><span class=\"fontstyle0\" style=\"font-size: 18pt\">abonen la cuota de socio del a\u00f1o en curso con excepci\u00f3n de lo indicado en los puntos 4 y&nbsp;<\/span><span class=\"fontstyle0\" style=\"font-size: 18pt\">5 en los que se requerir\u00e1 que se hayan pagado al menos dos a\u00f1os incluido el a\u00f1o que se&nbsp;<\/span><span class=\"fontstyle0\" style=\"font-size: 18pt\">cursa (4\u00baESO, 2\u00ba Bachiller o \u00faltimo curso de Ciclos Formativos).<\/span><\/p>\n<p>&nbsp;<\/p>\n<p><span class=\"fontstyle0\" style=\"font-size: 18pt\">Esperando que dicha informaci\u00f3n haya sido de su inter\u00e9s les invitamos a que nos&nbsp;<\/span><span style=\"font-size: 18pt\"><span class=\"fontstyle0\">sigan en las redes sociales <\/span><span class=\"fontstyle2\"><strong>FACEBOOK<\/strong> <\/span><span class=\"fontstyle0\">e <\/span><span class=\"fontstyle2\"><strong>INSTAGRAM<\/strong> <strong>Ampaciudadjardin IES&nbsp;<\/strong><\/span><\/span><span class=\"fontstyle2\" style=\"font-size: 18pt\"><strong>Nicol\u00e1s Salmer\u00f3n<\/strong>.<\/span><\/p>\n<p><span class=\"fontstyle0\" style=\"font-size: 18pt\">Si quieren contactar con nosotros para cualquier sugerencia, duda o aclaraci\u00f3n&nbsp;<\/span><span style=\"font-size: 18pt\"><span class=\"fontstyle0\">pueden hacerlo envi\u00e1ndonos un email a la direcci\u00f3n <\/span><span style=\"text-decoration: underline;color: #b82a2a\"><a style=\"color: #b82a2a\" href=\"mailto:ampaciudadjardin@gmail.com\"><span class=\"fontstyle2\">ampaciudadjardin@gmail.com<\/span><\/a><\/span><\/span><\/p>\n<p><span class=\"fontstyle2\" style=\"font-size: 18pt\">Formando parte del AMPA haces posible todas estas iniciativas.<\/span><\/p>\n<p><span class=\"fontstyle0\" style=\"font-size: 18pt\">Atentamente,<\/span><\/p>\n<p style=\"text-align: right\"><strong><span class=\"fontstyle0\" style=\"font-size: 18pt\">LA DIRECTIVA AMPA CIUDAD JARD\u00cdN<\/span><\/strong><\/p>\n<p>[\/et_pb_text][\/et_pb_column][et_pb_column type=&#8221;1_3&#8243; _builder_version=&#8221;4.24.2&#8243; _module_preset=&#8221;default&#8221; global_colors_info=&#8221;{}&#8221;][et_pb_image src=&#8221;https:\/\/blogsaverroes.juntadeandalucia.es\/nicolas-salmeron\/files\/2025\/10\/logo-AMPA-bueno.png&#8221; title_text=&#8221;logo AMPA (bueno)&#8221; _builder_version=&#8221;4.24.2&#8243; _module_preset=&#8221;default&#8221; global_colors_info=&#8221;{}&#8221;][\/et_pb_image][et_pb_button button_url=&#8221;https:\/\/blogsaverroes.juntadeandalucia.es\/nicolas-salmeron\/files\/2025\/10\/HOJA-INSCRIPCION-SOCIOS-AMPA-CIUDAD-JARDIN-1.pdf&#8221; url_new_window=&#8221;on&#8221; button_text=&#8221;HOJA DE INSCRIPCI\u00d3N&#8221; button_alignment=&#8221;center&#8221; disabled_on=&#8221;off|off|off&#8221; _builder_version=&#8221;4.24.2&#8243; _module_preset=&#8221;default&#8221; custom_button=&#8221;on&#8221; button_text_size=&#8221;30px&#8221; button_text_color=&#8221;#FFFFFF&#8221; button_bg_color=&#8221;#d11f19&#8243; button_font=&#8221;||||||||&#8221; button_use_icon=&#8221;off&#8221; box_shadow_style=&#8221;preset1&#8243; global_colors_info=&#8221;{}&#8221;][\/et_pb_button][et_pb_text _builder_version=&#8221;4.24.2&#8243; _module_preset=&#8221;default&#8221; hover_enabled=&#8221;0&#8243; global_colors_info=&#8221;{}&#8221; sticky_enabled=&#8221;0&#8243;]<\/p>\n<p>&nbsp;<\/p>\n<p>&nbsp;<\/p>\n<div><span style=\"color: #c94444\"><strong><span style=\"font-size: 18pt\">Presidenta: <\/span><\/strong><\/span><\/div>\n<div style=\"padding-left: 40px\"><span style=\"font-size: 18pt\">Catalina Mu\u00f1oz Gonz\u00e1lez<\/span><\/div>\n<div>&nbsp;<\/div>\n<div><span style=\"color: #c94444\"><strong><span style=\"font-size: 18pt\">Secretario: <\/span><\/strong><\/span><\/div>\n<div style=\"padding-left: 40px\"><span style=\"font-size: 18pt\">Jos\u00e9 Mar\u00eda Mu\u00f1oz Terr\u00f3n<\/span><\/div>\n<div>&nbsp;<\/div>\n<div><span style=\"color: #c94444\"><strong><span style=\"font-size: 18pt\">Tesorera: <\/span><\/strong><\/span><\/div>\n<div style=\"padding-left: 40px\"><span style=\"font-size: 18pt\">Fina Mart\u00ednez Mart\u00ednez<\/span><\/div>\n<p>[\/et_pb_text][\/et_pb_column][\/et_pb_row][et_pb_row _builder_version=&#8221;4.24.2&#8243; _module_preset=&#8221;default&#8221; global_colors_info=&#8221;{}&#8221;][et_pb_column type=&#8221;4_4&#8243; _builder_version=&#8221;4.24.2&#8243; _module_preset=&#8221;default&#8221; global_colors_info=&#8221;{}&#8221;][et_pb_divider _builder_version=&#8221;4.24.2&#8243; _module_preset=&#8221;default&#8221; global_colors_info=&#8221;{}&#8221;][\/et_pb_divider][\/et_pb_column][\/et_pb_row][et_pb_row _builder_version=&#8221;4.24.2&#8243; _module_preset=&#8221;default&#8221; background_color=&#8221;rgba(163,29,3,0.5)&#8221; global_colors_info=&#8221;{}&#8221;][et_pb_column type=&#8221;4_4&#8243; _builder_version=&#8221;4.24.2&#8243; _module_preset=&#8221;default&#8221; global_colors_info=&#8221;{}&#8221;][et_pb_button button_url=&#8221;https:\/\/blogsaverroes.juntadeandalucia.es\/nicolas-salmeron\/files\/2025\/10\/HOJA-INSCRIPCION-SOCIOS-AMPA-CIUDAD-JARDIN-1.pdf&#8221; url_new_window=&#8221;on&#8221; button_text=&#8221;HOJA DE INSCRIPCI\u00d3N&#8221; button_alignment=&#8221;center&#8221; disabled_on=&#8221;off|off|off&#8221; _builder_version=&#8221;4.24.2&#8243; _module_preset=&#8221;default&#8221; custom_button=&#8221;on&#8221; button_text_size=&#8221;30px&#8221; button_text_color=&#8221;#FFFFFF&#8221; button_bg_color=&#8221;#af2215&#8243; button_font=&#8221;||||||||&#8221; button_use_icon=&#8221;off&#8221; box_shadow_style=&#8221;preset1&#8243; global_colors_info=&#8221;{}&#8221;][\/et_pb_button][\/et_pb_column][\/et_pb_row][et_pb_row _builder_version=&#8221;4.24.2&#8243; _module_preset=&#8221;default&#8221; global_colors_info=&#8221;{}&#8221;][et_pb_column type=&#8221;4_4&#8243; _builder_version=&#8221;4.24.2&#8243; _module_preset=&#8221;default&#8221; global_colors_info=&#8221;{}&#8221;][et_pb_divider _builder_version=&#8221;4.24.2&#8243; _module_preset=&#8221;default&#8221; global_colors_info=&#8221;{}&#8221;][\/et_pb_divider][\/et_pb_column][\/et_pb_row][et_pb_row column_structure=&#8221;1_3,1_3,1_3&#8243; _builder_version=&#8221;4.24.2&#8243; _module_preset=&#8221;default&#8221; global_colors_info=&#8221;{}&#8221;][et_pb_column type=&#8221;1_3&#8243; _builder_version=&#8221;4.24.2&#8243; _module_preset=&#8221;default&#8221; global_colors_info=&#8221;{}&#8221;][et_pb_text _builder_version=&#8221;4.24.2&#8243; _module_preset=&#8221;default&#8221; global_colors_info=&#8221;{}&#8221;]<\/p>\n<h2 style=\"text-align: center\"><strong><span class=\"fontstyle2\" style=\"font-size: 18pt\">ACTIVIDADES REALIZADAS CURSO 2024-2025<\/span><\/strong><\/h2>\n<p>&nbsp;<\/p>\n<p><span style=\"font-size: 18pt\"><span class=\"fontstyle3\">\u2022 <\/span><strong><span class=\"fontstyle2\">Merienda con tu AMPA. <\/span><\/strong><span class=\"fontstyle0\">Durante las reuniones de las familias con los tutores\/<\/span><\/span><span class=\"fontstyle0\" style=\"font-size: 18pt\">ras decidimos realizar una merienda para que las nuevas familias de 1\u00ba de la <\/span><span class=\"fontstyle0\" style=\"font-size: 18pt\">ESO nos conozcan, y tambi\u00e9n invitamos al resto de familias del centro.<\/span><\/p>\n<p><span style=\"font-size: 18pt\"><span class=\"fontstyle3\"><strong>\u2022<\/strong> <\/span><span class=\"fontstyle0\">Compra de <\/span><strong><span class=\"fontstyle2\">agua y fruta <\/span><\/strong><span class=\"fontstyle0\">durante la actividad de la <\/span><strong><span class=\"fontstyle2\">carrera solidaria a favor&nbsp;<\/span><\/strong><\/span><span style=\"font-size: 18pt\"><strong><span class=\"fontstyle2\">de Save the Children<\/span><\/strong><span class=\"fontstyle0\">, realizada en el estadio de la juventud. Seguimos <\/span><\/span><span class=\"fontstyle0\" style=\"font-size: 18pt\">siendo el avituallamientos pero este a\u00f1o modificamos un poco y para evitar la&nbsp;<\/span><span class=\"fontstyle0\" style=\"font-size: 18pt\">compra masiva de botellines de agua decidimos comprar garrafas e informamos&nbsp;<\/span><span class=\"fontstyle0\" style=\"font-size: 18pt\">al centro de que avisen al alumnado de que se lleven botellas para rellenar en el&nbsp;<\/span><span class=\"fontstyle0\" style=\"font-size: 18pt\">estadio. Pretendemos, con esta mediada, conciencia del uso de pl\u00e1stico y&nbsp;<\/span><span class=\"fontstyle0\" style=\"font-size: 18pt\">reducir de esta manera su consumo.<\/span><\/p>\n<p><span style=\"font-size: 18pt\"><span class=\"fontstyle3\"><strong>\u2022<\/strong> <\/span><strong><span class=\"fontstyle2\">Talleres de IE <\/span><\/strong><span class=\"fontstyle0\"><strong>(Inteligencia Emocional)<\/strong>. Se realizar\u00e1n charlas de dos sesiones&nbsp;<\/span><\/span><span class=\"fontstyle0\" style=\"font-size: 18pt\">a todos los grupos de 1\u00ba de la ESO. Seguimos contando con un gran profesional&nbsp;<\/span><span class=\"fontstyle0\" style=\"font-size: 18pt\">para dar unas charlas muy interesantes a los j\u00f3venes alumnos que entran por&nbsp;<\/span><span class=\"fontstyle0\" style=\"font-size: 18pt\">primera vez a un centro tan grande.<\/span><\/p>\n<p><span style=\"font-size: 18pt\"><strong><span class=\"fontstyle3\">\u2022 <\/span><span class=\"fontstyle2\">Charlas de FAPACE<\/span><\/strong><span class=\"fontstyle0\"><strong>.<\/strong> Durante este curso realizamos dos charlas en&nbsp;<\/span><\/span><span class=\"fontstyle0\" style=\"font-size: 18pt\">colaboraci\u00f3n con la AMPA LA LUPA del IES Maestro Padilla. Ambas tienen gran <\/span><span class=\"fontstyle0\" style=\"font-size: 18pt\">\u00e9xito. Una se realiza en el IES Maestro Padilla y otra en el sal\u00f3n de actos de&nbsp;<\/span><span class=\"fontstyle0\" style=\"font-size: 18pt\">nuestro instituto.<\/span><\/p>\n<p><span style=\"font-size: 18pt\"><span class=\"fontstyle3\"><strong>\u2022<\/strong> <\/span><strong><span class=\"fontstyle2\">Desayuno andaluz. <\/span><\/strong><span class=\"fontstyle0\">\u201cC\u00f3mo nos gusta la marcha\u201d. En un consejo escolar el&nbsp;<\/span><\/span><span class=\"fontstyle0\" style=\"font-size: 18pt\">equis directivo nos pide organizar un desayuno andaluz para celebra el d\u00eda de&nbsp;<\/span><span class=\"fontstyle0\" style=\"font-size: 18pt\">nuestra comunidad, y como no, pues decimos que s\u00ed y nos ponemos en marcha&nbsp;<\/span><span class=\"fontstyle0\" style=\"font-size: 18pt\">para organizarlo. Gracias a la colaboraci\u00f3n de varios socios de la AMPA y del&nbsp;<\/span><span class=\"fontstyle0\" style=\"font-size: 18pt\">profesorado todo sali\u00f3 muy bien y fue un gran \u00e9xito.<\/span><\/p>\n<p><span style=\"font-size: 18pt\"><strong><span class=\"fontstyle3\">\u2022 <\/span><span class=\"fontstyle2\">III Jornada de convivencia el s\u00e1bado 14 de junio<\/span><\/strong><span class=\"fontstyle0\"><strong>.<\/strong> Seguimos organizando&nbsp;<\/span><\/span><span class=\"fontstyle0\" style=\"font-size: 18pt\">una jornada para unir a las familias en el centro donde nuestros hijos pasan <\/span><span class=\"fontstyle0\" style=\"font-size: 18pt\">muchos horas. Esta vez contamos con la presencia de nuestra directora M\u00aa del&nbsp;<\/span><span class=\"fontstyle0\" style=\"font-size: 18pt\">Mar Jim\u00e9nez Abad. Realizamos un concurso de dulces para el desayuno, charles <\/span><span class=\"fontstyle0\" style=\"font-size: 18pt\">interesantes y mucho deporte.<\/span><\/p>\n<p>[\/et_pb_text][\/et_pb_column][et_pb_column type=&#8221;1_3&#8243; _builder_version=&#8221;4.24.2&#8243; _module_preset=&#8221;default&#8221; global_colors_info=&#8221;{}&#8221;][et_pb_text _builder_version=&#8221;4.24.2&#8243; _module_preset=&#8221;default&#8221; global_colors_info=&#8221;{}&#8221;]<\/p>\n<h2 style=\"text-align: center\"><strong><span class=\"fontstyle2\" style=\"font-size: 18pt\">ACTIVIDADES REALIZADAS CURSO 2023-2024<\/span><\/strong><\/h2>\n<p>&nbsp;<\/p>\n<p><span style=\"font-size: 18pt\"><strong><span class=\"fontstyle3\">\u2022 <\/span><span class=\"fontstyle2\">Compra de material deportivo para los recreos. <\/span><\/strong><span class=\"fontstyle0\">La AMPA, a petici\u00f3n del&nbsp;<\/span><\/span><span class=\"fontstyle0\" style=\"font-size: 18pt\">equipo directivo decide comprar material deportivo para que el alumnado pueda&nbsp;<\/span><span class=\"fontstyle0\" style=\"font-size: 18pt\">utilizarlo durante los recreo. Se realiza la compa de balones de f\u00fatbol y de&nbsp;<\/span><span class=\"fontstyle0\" style=\"font-size: 18pt\">baloncesto, dos juegos de raquetas de pin-pon y dos juegos de ajedrez.<\/span><\/p>\n<p><span style=\"font-size: 18pt\"><span class=\"fontstyle3\">\u2022 <\/span><span class=\"fontstyle0\">Compra de <\/span><strong><span class=\"fontstyle2\">agua y fruta <\/span><\/strong><span class=\"fontstyle0\">durante la actividad de la <\/span><strong><span class=\"fontstyle2\">carrera solidaria a favor&nbsp;<\/span><\/strong><\/span><span style=\"font-size: 18pt\"><strong><span class=\"fontstyle2\">de Save the Children<\/span><\/strong><span class=\"fontstyle0\">, realizada en el estadio de la juventud. Seguimos s<\/span><\/span><span class=\"fontstyle0\" style=\"font-size: 18pt\">iendo el avituallamientos de nuestros deportistas en ese gran d\u00eda de diversi\u00f3n y&nbsp;<\/span><span class=\"fontstyle0\" style=\"font-size: 18pt\">de colaboraci\u00f3n.<\/span><\/p>\n<p><span style=\"font-size: 18pt\"><span class=\"fontstyle3\">\u2022 <\/span><strong><span class=\"fontstyle2\">Talleres de IE <\/span><\/strong><span class=\"fontstyle0\"><strong>(Inteligencia Emocional).<\/strong> Se realizar\u00e1n charlas de dos sesiones <\/span><\/span><span class=\"fontstyle0\" style=\"font-size: 18pt\">a todos los grupos de 1\u00ba de la ESO. Durante este curso la implicaci\u00f3n de los&nbsp;<\/span><span class=\"fontstyle0\" style=\"font-size: 18pt\">tutores\/as es muy satisfactoria y se obtienen resultados muy positivos.<\/span><\/p>\n<p><span style=\"font-size: 18pt\"><strong><span class=\"fontstyle3\">\u2022 <\/span><span class=\"fontstyle2\">Charlas de FAPACE<\/span><\/strong><span class=\"fontstyle0\"><strong>.<\/strong> Organizamos la primera charla a trav\u00e9s de fapace con <\/span><\/span><span class=\"fontstyle0\" style=\"font-size: 18pt\">gran \u00e9xito El tema era bastante atractivo: \u201cEl uso de las nuevas tecnol\u00f3gicas en&nbsp;<\/span><span class=\"fontstyle0\" style=\"font-size: 18pt\">nuestros adolescentes\u201d<\/span><\/p>\n<p><span style=\"font-size: 18pt\"><strong><span class=\"fontstyle3\">\u2022 <\/span><span class=\"fontstyle2\">II Jornada de convivencia el s\u00e1bado 18 de mayo<\/span><\/strong><span class=\"fontstyle0\"><strong>.<\/strong> Despu\u00e9s del \u00e9xito de la&nbsp;<\/span><\/span><span class=\"fontstyle0\" style=\"font-size: 18pt\">primera jornada de convivencia decidimos realizarla una vez m\u00e1s. Otra vez <\/span><span class=\"fontstyle0\" style=\"font-size: 18pt\">contamos con al ayuda de los miembros del IES y siguen tendiendo asistencia&nbsp;<\/span><span class=\"fontstyle0\" style=\"font-size: 18pt\">considerable. En esta ocasi\u00f3n decidimos hacer un concurso de platos,&nbsp;<\/span><span class=\"fontstyle0\" style=\"font-size: 18pt\">aprovechando la diversidad cultural de las familias que formar el instituto. Fue&nbsp;<\/span><span class=\"fontstyle0\" style=\"font-size: 18pt\">todo un \u00e9xito.<\/span><\/p>\n<p>&nbsp;<\/p>\n<p>[\/et_pb_text][\/et_pb_column][et_pb_column type=&#8221;1_3&#8243; _builder_version=&#8221;4.24.2&#8243; _module_preset=&#8221;default&#8221; global_colors_info=&#8221;{}&#8221;][et_pb_text _builder_version=&#8221;4.24.2&#8243; _module_preset=&#8221;default&#8221; global_colors_info=&#8221;{}&#8221;]<\/p>\n<h2 style=\"text-align: center\"><strong><span class=\"fontstyle2\" style=\"font-size: 18pt\">ACTIVIDADES REALIZADAS CURSO 2022-2023<\/span><\/strong><\/h2>\n<p>&nbsp;<\/p>\n<p><span style=\"font-size: 18pt\"><strong><span class=\"fontstyle3\">\u2022 <\/span><span class=\"fontstyle2\">Concurso del logotipo del AMPA<\/span><\/strong><span class=\"fontstyle0\"><strong>.<\/strong> El premio ha sido de 50 euros en material <\/span><\/span><span class=\"fontstyle0\" style=\"font-size: 18pt\">escolar y 30 euros en cash.<\/span><\/p>\n<p><span style=\"font-size: 18pt\"><strong><span class=\"fontstyle3\">\u2022 <\/span><span class=\"fontstyle2\">Compra de juegos educativos a la asociaci\u00f3n Afin21<\/span><\/strong><span class=\"fontstyle0\">. Se han comprados&nbsp;<\/span><\/span><span class=\"fontstyle0\" style=\"font-size: 18pt\">unos 20 juegos que ya est\u00e1n siendo utilizados en las clase y por alumnado de&nbsp;<\/span><span class=\"fontstyle0\" style=\"font-size: 18pt\">bachillerato en actividades de ludoteca durante los recreos.<\/span><\/p>\n<p><strong><span style=\"font-size: 18pt\"><span class=\"fontstyle3\">\u2022 <\/span><span class=\"fontstyle0\">Compra de <\/span><span class=\"fontstyle2\">agua y fruta <\/span><span class=\"fontstyle0\">durante la actividad de la <\/span><span class=\"fontstyle2\">carrera solidaria a favor&nbsp;<\/span><\/span><\/strong><span style=\"font-size: 18pt\"><strong><span class=\"fontstyle2\">de Salve the Children<\/span><\/strong><span class=\"fontstyle0\">, realizada en el estadio de la juventud.<\/span><\/span><\/p>\n<p><span style=\"font-size: 18pt\"><strong><span class=\"fontstyle3\">\u2022 <\/span><span class=\"fontstyle2\">Talleres de IE <\/span><\/strong><span class=\"fontstyle0\"><strong>(Inteligencia Emocional).<\/strong> Se realizar\u00e1n charlas de dos sesiones&nbsp;<\/span><\/span><span class=\"fontstyle0\" style=\"font-size: 18pt\">a 2 grupos de 1\u00ba de la ESO y 3 grupos de 2\u00ba de la ESO.<\/span><\/p>\n<p><span style=\"font-size: 18pt\"><strong><span class=\"fontstyle3\">\u2022 <\/span><span class=\"fontstyle2\">Jornadas de convivencia el s\u00e1bado 03 de junio<\/span><\/strong><span class=\"fontstyle0\"><strong>.<\/strong> Charlas sobre convivencia&nbsp;<\/span><\/span><span class=\"fontstyle0\" style=\"font-size: 18pt\">y salud, deportes, juegos, baile, concursos y comida.<\/span><\/p>\n<p>[\/et_pb_text][\/et_pb_column][\/et_pb_row][\/et_pb_section]<\/p>\n","protected":false},"excerpt":{"rendered":"<p>&nbsp; &nbsp;AMPA&nbsp; Queridas familias, Para todos aquellos de vosotros que a\u00fan no nos conoc\u00e9is y dada la labor que&nbsp;&nbsp;realizamos como asociaci\u00f3n queremos informaros de todos los beneficios que tienen&nbsp;nuestros socios, los requisitos necesarios para poder obtenerlos y las actividades&nbsp;realizadas el \u00faltimo curso. Hoy comienza el plazo para presentar la matr\u00edcula de vuestros hijos en el [&hellip;]<\/p>\n","protected":false},"author":14264,"featured_media":0,"parent":0,"menu_order":0,"comment_status":"closed","ping_status":"closed","template":"","meta":{"_et_pb_use_builder":"on","_et_pb_old_content":"","_et_gb_content_width":"","ngg_post_thumbnail":0,"footnotes":""},"aioseo_notices":[],"_links":{"self":[{"href":"https:\/\/blogsaverroes.juntadeandalucia.es\/nicolas-salmeron\/wp-json\/wp\/v2\/pages\/3741"}],"collection":[{"href":"https:\/\/blogsaverroes.juntadeandalucia.es\/nicolas-salmeron\/wp-json\/wp\/v2\/pages"}],"about":[{"href":"https:\/\/blogsaverroes.juntadeandalucia.es\/nicolas-salmeron\/wp-json\/wp\/v2\/types\/page"}],"author":[{"embeddable":true,"href":"https:\/\/blogsaverroes.juntadeandalucia.es\/nicolas-salmeron\/wp-json\/wp\/v2\/users\/14264"}],"replies":[{"embeddable":true,"href":"https:\/\/blogsaverroes.juntadeandalucia.es\/nicolas-salmeron\/wp-json\/wp\/v2\/comments?post=3741"}],"version-history":[{"count":24,"href":"https:\/\/blogsaverroes.juntadeandalucia.es\/nicolas-salmeron\/wp-json\/wp\/v2\/pages\/3741\/revisions"}],"predecessor-version":[{"id":3798,"href":"https:\/\/blogsaverroes.juntadeandalucia.es\/nicolas-salmeron\/wp-json\/wp\/v2\/pages\/3741\/revisions\/3798"}],"wp:attachment":[{"href":"https:\/\/blogsaverroes.juntadeandalucia.es\/nicolas-salmeron\/wp-json\/wp\/v2\/media?parent=3741"}],"curies":[{"name":"wp","href":"https:\/\/api.w.org\/{rel}","templated":true}]}}