{"id":398,"date":"2019-09-10T00:05:38","date_gmt":"2019-09-09T22:05:38","guid":{"rendered":"https:\/\/iesnicolassalmeron.es\/?page_id=398"},"modified":"2025-05-09T13:29:29","modified_gmt":"2025-05-09T12:29:29","slug":"habitos-vida-saludable","status":"publish","type":"page","link":"https:\/\/blogsaverroes.juntadeandalucia.es\/nicolas-salmeron\/habitos-vida-saludable\/","title":{"rendered":"H\u00e1bitos de vida saludable"},"content":{"rendered":"<p>[et_pb_section fb_built=&#8221;1&#8243; admin_label=&#8221;section&#8221; _builder_version=&#8221;4.16&#8243; global_colors_info=&#8221;{}&#8221;][et_pb_row admin_label=&#8221;row&#8221; _builder_version=&#8221;4.16&#8243; background_size=&#8221;initial&#8221; background_position=&#8221;top_left&#8221; background_repeat=&#8221;repeat&#8221; global_colors_info=&#8221;{}&#8221;][et_pb_column type=&#8221;4_4&#8243; _builder_version=&#8221;4.16&#8243; custom_padding=&#8221;|||&#8221; global_colors_info=&#8221;{}&#8221; custom_padding__hover=&#8221;|||&#8221;][et_pb_text admin_label=&#8221;Text&#8221; _builder_version=&#8221;4.24.2&#8243; background_size=&#8221;initial&#8221; background_position=&#8221;top_left&#8221; background_repeat=&#8221;repeat&#8221; global_colors_info=&#8221;{}&#8221;]<\/p>\n<h1><span style=\"color: #e02b20\"><strong>H\u00e1bitos de vida saludable<\/strong><\/span><\/h1>\n<p>&nbsp;<\/p>\n<p><strong>Coordinadora:<\/strong> Irina Mart\u00ednez Portero<\/p>\n<p><strong>Correo electr\u00f3nico:<\/strong><a href=\"mailto:04001141.formajovnicolas@g.educaand.es\"> 04001141.formajovnicolas@g.educaand.es<\/a><\/p>\n<p>&nbsp;<\/p>\n<p>[\/et_pb_text][et_pb_text admin_label=&#8221;Text&#8221; _builder_version=&#8221;4.24.2&#8243; background_size=&#8221;initial&#8221; background_position=&#8221;top_left&#8221; background_repeat=&#8221;repeat&#8221; global_colors_info=&#8221;{}&#8221;]<\/p>\n<p>&nbsp;<\/p>\n<p><span style=\"font-size: 14pt\"><strong>Origen de la participaci\u00f3n del Programa:<\/strong><\/span><\/p>\n<p>El programa se viene desarrollando desde hace muchos a\u00f1os en el Centro, siendo anteriormente conocido como Forma Joven. Pretende asesorar informando y formando, para hacer posible una conducta saludable de toda la comunidad educativa, especialmente del alumnado; promoviendo el aprendizaje activo, la interrelaci\u00f3n y la integraci\u00f3n social, el desarrollo de la capacidad cr\u00edtica y creativa, as\u00ed como, la b\u00fasqueda de soluciones ante situaciones de riesgo para la salud.<\/p>\n<p>[\/et_pb_text][et_pb_text admin_label=&#8221;Text&#8221; _builder_version=&#8221;4.24.2&#8243; background_size=&#8221;initial&#8221; background_position=&#8221;top_left&#8221; background_repeat=&#8221;repeat&#8221; global_colors_info=&#8221;{}&#8221;]<\/p>\n<p>&nbsp;<\/p>\n<p><strong><span style=\"font-size: 14pt\">L\u00edneas de intervenci\u00f3n:<\/span><\/strong><\/p>\n<ul>\n<li>Educaci\u00f3n Socio-emocional.<\/li>\n<li>Estilos de vida saludable.<\/li>\n<li>Sexualidad y relaciones igualitarias.<\/li>\n<li>Prevenci\u00f3n de drogodependencia.<\/li>\n<li>Uso positivo de las tecnolog\u00edas de la informaci\u00f3n y la comunicaci\u00f3n.<\/li>\n<\/ul>\n<p>[\/et_pb_text][et_pb_text admin_label=&#8221;Text&#8221; _builder_version=&#8221;4.24.2&#8243; background_size=&#8221;initial&#8221; background_position=&#8221;top_left&#8221; background_repeat=&#8221;repeat&#8221; global_colors_info=&#8221;{}&#8221;]<\/p>\n<p>&nbsp;<\/p>\n<p><strong><span style=\"font-size: 14pt\">Interdisciplinariedad:<\/span><\/strong><\/p>\n<p>El proyecto Forma Joven se desarrollar\u00e1 interdisciplinarmente, se integra en el Proyecto Educativo del centro y se conecta y coordina con otros planes y proyectos del centro. Llev\u00e1ndose a la pr\u00e1ctica de la siguiente forma:<\/p>\n<ul>\n<li>Se integra en el Plan de Orientaci\u00f3n y Acci\u00f3n Tutorial, fundamentalmente a trav\u00e9s de las tutor\u00edas, de manera que puedan desarrollarse sesiones grupales.<\/li>\n<li>Se coordina con la vicedirecci\u00f3n del centro para su inclusi\u00f3n en el proyecto educativo.<\/li>\n<li>Se coordina con el resto de Planes y Proyectos del centro.<\/li>\n<li>Se integra de forma transversal desde un modelo de integraci\u00f3n en las \u00e1reas curriculares a trav\u00e9s de las programaciones did\u00e1cticas.<\/li>\n<li>Se coordina con el resto de instituciones implicadas en el proyecto.<\/li>\n<li>La conexi\u00f3n del personal sanitario con la realidad del centro en cuesti\u00f3n y la introducci\u00f3n del mismo.<\/li>\n<li>Otra de las formas de integraci\u00f3n curricular es a trav\u00e9s de la celebraci\u00f3n de efem\u00e9rides junto con el Departamento de Actividades Extraescolares.<\/li>\n<\/ul>\n<p>[\/et_pb_text][\/et_pb_column][\/et_pb_row][\/et_pb_section]<\/p>\n","protected":false},"excerpt":{"rendered":"<p>H\u00e1bitos de vida saludable &nbsp; Coordinadora: Irina Mart\u00ednez Portero Correo electr\u00f3nico: 04001141.formajovnicolas@g.educaand.es &nbsp;&nbsp; Origen de la participaci\u00f3n del Programa: El programa se viene desarrollando desde hace muchos a\u00f1os en el Centro, siendo anteriormente conocido como Forma Joven. Pretende asesorar informando y formando, para hacer posible una conducta saludable de toda la comunidad educativa, especialmente del [&hellip;]<\/p>\n","protected":false},"author":13523,"featured_media":0,"parent":0,"menu_order":0,"comment_status":"closed","ping_status":"closed","template":"","meta":{"_et_pb_use_builder":"on","_et_pb_old_content":"[vc_row thb_full_width=\"true\" thb_row_padding=\"true\" thb_column_padding=\"true\" content_placement=\"middle\" thb_scroll_bottom=\"true\" thb_scroll_bottom_style=\"style3\" thb_scroll_bottom_color=\"light\" css=\".vc_custom_1568628930386{padding-top: 30vh !important;padding-bottom: 25vh !important;background-image: url(https:\/\/blogsaverroes.juntadeandalucia.es\/nicolas-salmeron\/files\/2019\/09\/forma-joven-min.jpg?id=529) !important;background-position: center !important;background-repeat: no-repeat !important;background-size: cover !important;}\"][vc_column thb_color=\"thb-light-column\"][vc_row_inner][vc_column_inner offset=\"vc_col-lg-6 vc_col-md-9\"][thb_slidetype slide_text=\"\r\n<h1>*Proyecto Forma Joven*<\/h1>\r\n\"][vc_empty_space height=\"10px\"][vc_column_text]<strong>Coordinadora:<\/strong> Laura Mascarell Borreda\r\n\r\n<strong>Correo electr\u00f3nico:<\/strong> 04001141.formajovnicolas@g.educaand.es[\/vc_column_text][vc_empty_space height=\"10px\"][vc_column_text animation=\"animation fade-in\"]Programa para la mejora de la educaci\u00f3n socio-emocional, la promoci\u00f3n de estilos de vida saludable, sexualidad y relaciones igualitarias, la prevenci\u00f3n de drogodependencia y el uso positivo de las TIC.[\/vc_column_text][vc_empty_space height=\"20px\"][\/vc_column_inner][\/vc_row_inner][\/vc_column][\/vc_row][vc_row el_class=\"align-center\" css=\".vc_custom_1568066539357{padding-top: 7vh !important;padding-bottom: 7vh !important;background-color: #f9f9f9 !important;}\"][vc_column width=\"1\/2\" offset=\"vc_col-lg-5 vc_col-md-5\"][thb_slidetype slide_text=\"\r\n<h2>*Educad a los ni\u00f1os y no tendr\u00e9is que castigar a los hombres.*<\/h2>\r\n\"][thb_slidetype slide_text=\"\r\n<h4><i>*Pit\u00e1goras*<\/i><\/h4>\r\n\"][\/vc_column][vc_column width=\"1\/2\"][vc_column_text]<strong>Origen de la participaci\u00f3n del Programa:<\/strong>\r\n\r\nEl programa se viene desarrollando desde hace muchos a\u00f1os en el Centro. Pretende asesorar informando y formando, para hacer posible una conducta saludable de toda la comunidad educativa, especialmente del alumnado; promoviendo el aprendizaje activo, la interrelaci\u00f3n y la integraci\u00f3n social, el desarrollo de la capacidad cr\u00edtica y creativa, as\u00ed como, la b\u00fasqueda de soluciones ante situaciones de riesgo para la salud.[\/vc_column_text][\/vc_column][\/vc_row][vc_row el_class=\"align-center\" css=\".vc_custom_1568066569638{padding-top: 7vh !important;}\"][vc_column offset=\"vc_col-lg-6 vc_col-md-8\" el_class=\"text-center\"][thb_slidetype slide_text=\"\r\n<h2><strong>*L\u00edneas de intervenci\u00f3n*<\/strong><\/h2>\r\n\" thb_animated_color=\"#28a9ff\"][vc_column_text animation=\"animation fade-in\"]\r\n<p style=\"text-align: center\">El Programa Forma Joven del Centro abarca las siguientes l\u00edneas de intervenci\u00f3n:<\/p>\r\n[\/vc_column_text][\/vc_column][\/vc_row][vc_row el_class=\"align-center\"][vc_column offset=\"vc_col-lg-9 vc_col-md-11\"][vc_row_inner css=\".vc_custom_1568066142337{padding-bottom: 2vh !important;}\"][vc_column_inner width=\"1\/3\"][thb_iconbox type=\"top type4\" icon=\"basic_elaboration_calendar_plus.svg\" heading=\"Educaci\u00f3n socio-emocional\" link=\"|||\" icon_image=\"178\" icon_image_width=\"60\"][\/vc_column_inner][vc_column_inner width=\"1\/3\"][thb_iconbox type=\"top type4\" icon=\"basic_elaboration_calendar_plus.svg\" heading=\"Estilos de vida saludable\" link=\"|||\" icon_image=\"178\" icon_image_width=\"60\"][\/vc_column_inner][vc_column_inner width=\"1\/3\"][thb_iconbox type=\"top type4\" icon=\"basic_elaboration_calendar_plus.svg\" heading=\"Sexualidad y relaciones igualitarias\" link=\"|||\" icon_image=\"178\" icon_image_width=\"60\"][\/vc_column_inner][\/vc_row_inner][vc_row_inner][vc_column_inner width=\"1\/2\"][thb_iconbox type=\"top type4\" icon=\"basic_elaboration_calendar_plus.svg\" heading=\"Prevencion de drogodependencia\" link=\"|||\" icon_image=\"178\" icon_image_width=\"60\"][\/vc_column_inner][vc_column_inner width=\"1\/2\"][thb_iconbox type=\"top type4\" icon=\"basic_elaboration_calendar_plus.svg\" heading=\"Uso positivo de las tecnologias de la informaci\u00f3n y la comunicacion\" link=\"|||\" icon_image=\"178\" icon_image_width=\"60\"][\/vc_column_inner][\/vc_row_inner][\/vc_column][\/vc_row][vc_row][vc_column][vc_column_text]El proyecto Forma Joven se desarrollar\u00e1 interdisciplinarmente, se integra en el Proyecto Educativo del centro y se conecta y coordina con otros planes y proyectos del centro. Llev\u00e1ndose a la pr\u00e1ctica de la siguiente forma:\r\n<ul>\r\n \t<li>Se integra en el Plan de Orientaci\u00f3n y Acci\u00f3n Tutorial, fundamentalmente a trav\u00e9s de las tutor\u00edas, de manera que puedan desarrollarse sesiones grupales.<\/li>\r\n \t<li>Se coordina con la vicedirecci\u00f3n del centro para su inclusi\u00f3n en el proyecto educativo.<\/li>\r\n \t<li>Se coordina con el resto de Planes y Proyectos del centro.<\/li>\r\n \t<li>Se integra de forma transversal desde un modelo de integraci\u00f3n en las \u00e1reas curriculares a trav\u00e9s de las programaciones did\u00e1cticas.<\/li>\r\n \t<li>Se coordina con el resto de instituciones implicadas en el proyecto.<\/li>\r\n \t<li>La conexi\u00f3n del personal sanitario con la realidad del centro en cuesti\u00f3n y la introducci\u00f3n del mismo.<\/li>\r\n \t<li>Otra de las formas de integraci\u00f3n curricular es a trav\u00e9s de la celebraci\u00f3n de efem\u00e9rides junto con el Departamento de Actividades Extraescolares.<\/li>\r\n<\/ul>\r\n[\/vc_column_text][\/vc_column][\/vc_row][vc_row disable_element=\"yes\" css=\".vc_custom_1569340450010{padding-top: 7vh !important;padding-bottom: 7vh !important;}\"][vc_column][vc_row_inner][vc_column_inner][thb_slidetype slide_text=\"\r\n<h1>*Publicaciones*<\/h1>\r\n\"][vc_empty_space height=\"20px\"][\/vc_column_inner][\/vc_row_inner][vc_row_inner][vc_column_inner][thb_post columns=\"3\" source=\"size:3|order_by:date|order:DESC|post_type:post\" style=\"style1\"][\/vc_column_inner][\/vc_row_inner][\/vc_column][\/vc_row]","_et_gb_content_width":"","ngg_post_thumbnail":0,"footnotes":""},"aioseo_notices":[],"_links":{"self":[{"href":"https:\/\/blogsaverroes.juntadeandalucia.es\/nicolas-salmeron\/wp-json\/wp\/v2\/pages\/398"}],"collection":[{"href":"https:\/\/blogsaverroes.juntadeandalucia.es\/nicolas-salmeron\/wp-json\/wp\/v2\/pages"}],"about":[{"href":"https:\/\/blogsaverroes.juntadeandalucia.es\/nicolas-salmeron\/wp-json\/wp\/v2\/types\/page"}],"author":[{"embeddable":true,"href":"https:\/\/blogsaverroes.juntadeandalucia.es\/nicolas-salmeron\/wp-json\/wp\/v2\/users\/13523"}],"replies":[{"embeddable":true,"href":"https:\/\/blogsaverroes.juntadeandalucia.es\/nicolas-salmeron\/wp-json\/wp\/v2\/comments?post=398"}],"version-history":[{"count":10,"href":"https:\/\/blogsaverroes.juntadeandalucia.es\/nicolas-salmeron\/wp-json\/wp\/v2\/pages\/398\/revisions"}],"predecessor-version":[{"id":2552,"href":"https:\/\/blogsaverroes.juntadeandalucia.es\/nicolas-salmeron\/wp-json\/wp\/v2\/pages\/398\/revisions\/2552"}],"wp:attachment":[{"href":"https:\/\/blogsaverroes.juntadeandalucia.es\/nicolas-salmeron\/wp-json\/wp\/v2\/media?parent=398"}],"curies":[{"name":"wp","href":"https:\/\/api.w.org\/{rel}","templated":true}]}}