{"id":437,"date":"2019-09-10T09:07:28","date_gmt":"2019-09-10T07:07:28","guid":{"rendered":"https:\/\/iesnicolassalmeron.es\/?page_id=437"},"modified":"2025-04-03T22:05:15","modified_gmt":"2025-04-03T21:05:15","slug":"proyecto-escuelas-deportivas","status":"publish","type":"page","link":"https:\/\/blogsaverroes.juntadeandalucia.es\/nicolas-salmeron\/proyecto-escuelas-deportivas\/","title":{"rendered":"Proyecto Escuelas Deportivas"},"content":{"rendered":"<p>[et_pb_section fb_built=&#8221;1&#8243; admin_label=&#8221;section&#8221; _builder_version=&#8221;4.16&#8243; global_colors_info=&#8221;{}&#8221;][et_pb_row admin_label=&#8221;row&#8221; _builder_version=&#8221;4.16&#8243; background_size=&#8221;initial&#8221; background_position=&#8221;top_left&#8221; background_repeat=&#8221;repeat&#8221; global_colors_info=&#8221;{}&#8221;][et_pb_column type=&#8221;4_4&#8243; _builder_version=&#8221;4.16&#8243; custom_padding=&#8221;|||&#8221; global_colors_info=&#8221;{}&#8221; custom_padding__hover=&#8221;|||&#8221;][et_pb_text admin_label=&#8221;Text&#8221; _builder_version=&#8221;4.24.2&#8243; background_size=&#8221;initial&#8221; background_position=&#8221;top_left&#8221; background_repeat=&#8221;repeat&#8221; hover_enabled=&#8221;0&#8243; global_colors_info=&#8221;{}&#8221; sticky_enabled=&#8221;0&#8243;]<\/p>\n<h1>Proyecto Escuelas Deportivas<\/h1>\n<p><strong>Coordinador: <\/strong>D. Carlos Guill\u00e9n L\u00f3pez<\/p>\n<p>Programa para la mejora de la educaci\u00f3n socio-emocional, la promoci\u00f3n de estilos de vida saludable, sexualidad y relaciones igualitarias, la prevenci\u00f3n de drogodependencia y el uso positivo de las TIC.<\/p>\n<h2>Simplemente juega. Divi\u00e9rtete. Disfruta el juego.<\/h2>\n<h4><i>Michael Jordan<\/i><\/h4>\n<p>&nbsp;<\/p>\n<p>&nbsp;<\/p>\n<p>[\/et_pb_text][\/et_pb_column][\/et_pb_row][\/et_pb_section]<\/p>\n","protected":false},"excerpt":{"rendered":"<p>Proyecto Escuelas Deportivas Coordinador: D. Carlos Guill\u00e9n L\u00f3pez Programa para la mejora de la educaci\u00f3n socio-emocional, la promoci\u00f3n de estilos de vida saludable, sexualidad y relaciones igualitarias, la prevenci\u00f3n de drogodependencia y el uso positivo de las TIC. Simplemente juega. Divi\u00e9rtete. Disfruta el juego. Michael Jordan &nbsp; &nbsp;<\/p>\n","protected":false},"author":13523,"featured_media":0,"parent":0,"menu_order":0,"comment_status":"closed","ping_status":"closed","template":"","meta":{"_et_pb_use_builder":"on","_et_pb_old_content":"[vc_row thb_full_width=\"true\" thb_row_padding=\"true\" thb_column_padding=\"true\" content_placement=\"middle\" thb_scroll_bottom=\"true\" thb_scroll_bottom_style=\"style3\" thb_scroll_bottom_color=\"light\" css=\".vc_custom_1568628950245{padding-top: 30vh !important;padding-bottom: 25vh !important;background-image: url(https:\/\/blogsaverroes.juntadeandalucia.es\/nicolas-salmeron\/files\/2019\/09\/escuelas-deportivas-min.jpg?id=530) !important;background-position: center !important;background-repeat: no-repeat !important;background-size: cover !important;}\"][vc_column thb_color=\"thb-light-column\"][vc_row_inner][vc_column_inner offset=\"vc_col-lg-6 vc_col-md-9\"][thb_slidetype slide_text=\"\n<h1>*Proyecto Escuelas Deportivas*<\/h1>\n\"][vc_empty_space height=\"10px\"][vc_column_text]<strong>Coordinador: <\/strong>D. Carlos Guill\u00e9n L\u00f3pez[\/vc_column_text][vc_empty_space height=\"10px\"][vc_column_text animation=\"animation fade-in\"]Programa para la mejora de la educaci\u00f3n socio-emocional, la promoci\u00f3n de estilos de vida saludable, sexualidad y relaciones igualitarias, la prevenci\u00f3n de drogodependencia y el uso positivo de las TIC.[\/vc_column_text][vc_empty_space height=\"20px\"][\/vc_column_inner][\/vc_row_inner][\/vc_column][\/vc_row][vc_row el_class=\"align-center\" css=\".vc_custom_1568066539357{padding-top: 7vh !important;padding-bottom: 7vh !important;background-color: #f9f9f9 !important;}\"][vc_column width=\"1\/2\" offset=\"vc_col-lg-5 vc_col-md-5\"][thb_slidetype slide_text=\"\n<h2>*Simplemente juega. Divi\u00e9rtete. Disfruta el juego.*<\/h2>\n\"][thb_slidetype slide_text=\"\n<h4><i>*Michael Jordan*<\/i><\/h4>\n\"][\/vc_column][vc_column width=\"1\/2\"][\/vc_column][\/vc_row][vc_row disable_element=\"yes\" css=\".vc_custom_1569340631730{padding-top: 7vh !important;padding-bottom: 7vh !important;}\"][vc_column][vc_row_inner][vc_column_inner][thb_slidetype slide_text=\"\n<h1>*Proyecto Escuelas Deportivas*<\/h1>\n\"][vc_empty_space height=\"20px\"][\/vc_column_inner][\/vc_row_inner][vc_row_inner][vc_column_inner][thb_post columns=\"3\" source=\"size:3|order_by:date|order:DESC|post_type:post\" style=\"style1\"][\/vc_column_inner][\/vc_row_inner][\/vc_column][\/vc_row]","_et_gb_content_width":"","ngg_post_thumbnail":0,"footnotes":""},"aioseo_notices":[],"_links":{"self":[{"href":"https:\/\/blogsaverroes.juntadeandalucia.es\/nicolas-salmeron\/wp-json\/wp\/v2\/pages\/437"}],"collection":[{"href":"https:\/\/blogsaverroes.juntadeandalucia.es\/nicolas-salmeron\/wp-json\/wp\/v2\/pages"}],"about":[{"href":"https:\/\/blogsaverroes.juntadeandalucia.es\/nicolas-salmeron\/wp-json\/wp\/v2\/types\/page"}],"author":[{"embeddable":true,"href":"https:\/\/blogsaverroes.juntadeandalucia.es\/nicolas-salmeron\/wp-json\/wp\/v2\/users\/13523"}],"replies":[{"embeddable":true,"href":"https:\/\/blogsaverroes.juntadeandalucia.es\/nicolas-salmeron\/wp-json\/wp\/v2\/comments?post=437"}],"version-history":[{"count":3,"href":"https:\/\/blogsaverroes.juntadeandalucia.es\/nicolas-salmeron\/wp-json\/wp\/v2\/pages\/437\/revisions"}],"predecessor-version":[{"id":2377,"href":"https:\/\/blogsaverroes.juntadeandalucia.es\/nicolas-salmeron\/wp-json\/wp\/v2\/pages\/437\/revisions\/2377"}],"wp:attachment":[{"href":"https:\/\/blogsaverroes.juntadeandalucia.es\/nicolas-salmeron\/wp-json\/wp\/v2\/media?parent=437"}],"curies":[{"name":"wp","href":"https:\/\/api.w.org\/{rel}","templated":true}]}}