{"id":440,"date":"2019-09-10T09:18:01","date_gmt":"2019-09-10T07:18:01","guid":{"rendered":"https:\/\/iesnicolassalmeron.es\/?page_id=440"},"modified":"2025-05-20T13:18:55","modified_gmt":"2025-05-20T12:18:55","slug":"proyecto-biblioteca-escolar","status":"publish","type":"page","link":"https:\/\/blogsaverroes.juntadeandalucia.es\/nicolas-salmeron\/proyecto-biblioteca-escolar\/","title":{"rendered":"Plan de organizaci\u00f3n y funcionamiento de la biblioteca escolar"},"content":{"rendered":"<p>[et_pb_section fb_built=&#8221;1&#8243; admin_label=&#8221;section&#8221; _builder_version=&#8221;4.16&#8243; global_colors_info=&#8221;{}&#8221;][et_pb_row column_structure=&#8221;1_2,1_2&#8243; admin_label=&#8221;row&#8221; _builder_version=&#8221;4.24.2&#8243; background_size=&#8221;initial&#8221; background_position=&#8221;top_left&#8221; background_repeat=&#8221;repeat&#8221; global_colors_info=&#8221;{}&#8221;][et_pb_column type=&#8221;1_2&#8243; _builder_version=&#8221;4.16&#8243; custom_padding=&#8221;|||&#8221; global_colors_info=&#8221;{}&#8221; custom_padding__hover=&#8221;|||&#8221;][et_pb_text _builder_version=&#8221;4.24.2&#8243; _module_preset=&#8221;default&#8221; global_colors_info=&#8221;{}&#8221;]<\/p>\n<h1><span style=\"color: #e02b20\"><strong>Biblioteca Escolar<\/strong><\/span><\/h1>\n<p>&nbsp;<\/p>\n<p><strong>Coordinador:<\/strong> D. Mart\u00edn Romera<\/p>\n<p><strong>Contacto:<\/strong> <a href=\"mailto:04001141.biblionicolas@g.educaand.es\">04001141.biblionicolas@g.educaand.es<\/a><\/p>\n<p>[\/et_pb_text][\/et_pb_column][et_pb_column type=&#8221;1_2&#8243; _builder_version=&#8221;4.24.2&#8243; _module_preset=&#8221;default&#8221; global_colors_info=&#8221;{}&#8221;][et_pb_image src=&#8221;https:\/\/blogsaverroes.juntadeandalucia.es\/nicolas-salmeron\/files\/2025\/05\/logo-biblioweb1.png&#8221; title_text=&#8221;Acceso al cat\u00e1logo de la biblioteca&#8221; url=&#8221;https:\/\/senecav2.ced.junta-andalucia.es\/seneca\/biblioweb\/portal\/04001141&#8243; url_new_window=&#8221;on&#8221; _builder_version=&#8221;4.24.2&#8243; _module_preset=&#8221;default&#8221; width=&#8221;70%&#8221; max_width=&#8221;70%&#8221; hover_enabled=&#8221;0&#8243; global_colors_info=&#8221;{}&#8221; alt=&#8221;Acceso al cat\u00e1logo de la biblioteca&#8221; sticky_enabled=&#8221;0&#8243;][\/et_pb_image][\/et_pb_column][\/et_pb_row][et_pb_row admin_label=&#8221;row&#8221; _builder_version=&#8221;4.16&#8243; background_size=&#8221;initial&#8221; background_position=&#8221;top_left&#8221; background_repeat=&#8221;repeat&#8221; global_colors_info=&#8221;{}&#8221;][et_pb_column type=&#8221;4_4&#8243; _builder_version=&#8221;4.16&#8243; custom_padding=&#8221;|||&#8221; global_colors_info=&#8221;{}&#8221; custom_padding__hover=&#8221;|||&#8221;][et_pb_text admin_label=&#8221;Text&#8221; _builder_version=&#8221;4.24.2&#8243; background_size=&#8221;initial&#8221; background_position=&#8221;top_left&#8221; background_repeat=&#8221;repeat&#8221; global_colors_info=&#8221;{}&#8221;]<\/p>\n<p>La biblioteca de nuestro centro tiene en su haber un activo de valor incalculable: libros incunables, libros y escritos de hasta el siglo XVI-X VII y hasta constancia de pruebas escritas de Federico Garc\u00eda Lorca y del propio Nicol\u00e1s Salmer\u00f3n.<\/p>\n<p>Nuestra biblioteca, lleva el nombre de Florentino Castro Guisasola, historiador y fil\u00f3logo, que imparti\u00f3 clase en este centro.<\/p>\n<p>Este plan tiene entre sus muchas l\u00edneas de actuaci\u00f3n el fomento de la lectura y el desarrollo de la creatividad y el esp\u00edritu cr\u00edtico. Es un plan que se relaciona con el resto de planes y proyectos del centro, pues, desde la biblioteca, se realizan y acogen actividades de todo tipo.<\/p>\n<p>Para ello, estamos trabajando en el registro de todo el fondo librario e informatizando todo el sistema: catalogaci\u00f3n, pr\u00e9stamos, cribados, etc. Adem\u00e1s, pretendemos convertir este espacio en un espacio de acogida del alumnado donde se sienta c\u00f3modo para realizar actividades como lectura, trabajos en equipo, tareas, entre otras.<\/p>\n<p>[\/et_pb_text][\/et_pb_column][\/et_pb_row][\/et_pb_section]<\/p>\n","protected":false},"excerpt":{"rendered":"<p>Biblioteca Escolar &nbsp; Coordinador: D. Mart\u00edn Romera Contacto: 04001141.biblionicolas@g.educaand.esLa biblioteca de nuestro centro tiene en su haber un activo de valor incalculable: libros incunables, libros y escritos de hasta el siglo XVI-X VII y hasta constancia de pruebas escritas de Federico Garc\u00eda Lorca y del propio Nicol\u00e1s Salmer\u00f3n. Nuestra biblioteca, lleva el nombre de Florentino [&hellip;]<\/p>\n","protected":false},"author":13523,"featured_media":0,"parent":0,"menu_order":0,"comment_status":"closed","ping_status":"closed","template":"","meta":{"_et_pb_use_builder":"on","_et_pb_old_content":"[vc_row thb_full_width=\"true\" thb_row_padding=\"true\" thb_column_padding=\"true\" content_placement=\"middle\" thb_scroll_bottom=\"true\" thb_scroll_bottom_style=\"style3\" thb_scroll_bottom_color=\"light\" css=\".vc_custom_1568628662324{padding-top: 30vh !important;padding-bottom: 25vh !important;background-image: url(https:\/\/blogsaverroes.juntadeandalucia.es\/nicolas-salmeron\/files\/2019\/09\/biblioteca-escolar-min.jpg?id=523) !important;background-position: center !important;background-repeat: no-repeat !important;background-size: cover !important;}\"][vc_column thb_color=\"thb-light-column\"][vc_row_inner][vc_column_inner offset=\"vc_col-lg-6 vc_col-md-9\"][thb_slidetype slide_text=\"\r\n<h1>*Proyecto Biblioteca Escolar*<\/h1>\r\n\"][vc_column_text animation=\"animation fade-in\"]<strong>Coordinador:<\/strong> D. Mart\u00edn Romera\r\n\r\n<strong>Contacto:<\/strong> 04001141.biblionicolas@g.educaand.es[\/vc_column_text][vc_empty_space height=\"10px\"][vc_column_text animation=\"animation fade-in\"]Recursos para la ense\u00f1anza y el aprendizaje. La Biblioteca es en un factor de compensaci\u00f3n social, que posibilita el acceso a recursos informativos y culturales a quienes carecen de ellos.[\/vc_column_text][vc_empty_space height=\"20px\"][\/vc_column_inner][\/vc_row_inner][\/vc_column][\/vc_row][vc_row thb_full_width=\"true\" thb_row_padding=\"true\" thb_column_padding=\"true\" content_placement=\"middle\" thb_scroll_bottom=\"true\" thb_scroll_bottom_style=\"style3\" thb_scroll_bottom_color=\"light\" css=\".vc_custom_1568100065166{padding-top: 7vh !important;padding-bottom: 7vh !important;background-color: #f7f7f7 !important;background-position: center !important;background-repeat: no-repeat !important;background-size: cover !important;}\"][vc_column thb_color=\"thb-light-column\"][vc_row_inner][vc_column_inner width=\"1\/2\" offset=\"vc_col-lg-6 vc_col-md-9\"][thb_slidetype slide_text=\"\r\n<h2>*\u00bfQu\u00e9 tenemos sin bibliotecas?\r\nNo tenemos pasado y no tenemos futuro.*<\/h2>\r\n\" thb_animated_color=\"#000000\"][thb_slidetype slide_text=\"\r\n<h4><i>*Ray Bradbury*<\/i><\/h4>\r\n\" thb_animated_color=\"#000000\"][\/vc_column_inner][vc_column_inner width=\"1\/2\"][\/vc_column_inner][\/vc_row_inner][\/vc_column][\/vc_row][vc_row][vc_column][vc_column_text]La biblioteca de nuestro centro tiene en su haber un activo de valor incalculable: libros incunables, libros y escritos de hasta el siglo XVI-X VII y hasta constancia de pruebas escritas de Federico Garc\u00eda Lorca y del propio Nicol\u00e1s Salmer\u00f3n.\r\n\r\nNuestra biblioteca, lleva el nombre de Florentino Castro Guisasola, historiador y fil\u00f3logo, que imparti\u00f3 clase en este centro.\r\n\r\nEste plan tiene entre sus muchas l\u00edneas de actuaci\u00f3n el fomento de la lectura y el desarrollo de la creatividad y el esp\u00edritu cr\u00edtico. Es un plan que se relaciona con el resto de planes y proyectos del centro, pues, desde la biblioteca, se realizan y acogen actividades de todo tipo.\r\n\r\nPara ello, estamos trabajando en el registro de todo el fondo librario e informatizando todo el sistema: catalogaci\u00f3n, pr\u00e9stamos, cribados, etc. Adem\u00e1s, pretendemos convertir este espacio en un espacio de acogida del alumnado donde se sienta c\u00f3modo para realizar actividades como lectura, trabajos en equipo, tareas, entre otras.[\/vc_column_text][\/vc_column][\/vc_row][vc_row el_class=\"align-center\" css=\".vc_custom_1568100110519{padding-top: 7vh !important;}\"][vc_column width=\"1\/2\" offset=\"vc_col-lg-6 vc_col-md-8\" el_class=\"text-center\"][thb_slidetype slide_text=\"\r\n<h2><strong>*Actividades*<\/strong><\/h2>\r\n\" thb_animated_color=\"#28a9ff\"][vc_column_text animation=\"animation fade-in\"]\r\n<p style=\"text-align: center\">Entre las utilidades y actividades que se realizan en nuestra biblioteca, podemos destacar:<\/p>\r\n[\/vc_column_text][vc_empty_space height=\"70px\"][\/vc_column][\/vc_row][vc_row el_class=\"align-center\" css=\".vc_custom_1568100117405{padding-bottom: 7vh !important;}\"][vc_column offset=\"vc_col-lg-9 vc_col-md-11\"][vc_row_inner css=\".vc_custom_1568066142337{padding-bottom: 2vh !important;}\"][vc_column_inner width=\"1\/3\"][thb_iconbox type=\"top type4\" icon=\"basic_elaboration_calendar_plus.svg\" heading=\"Sala de estudio y lectura durante los recreos.\" link=\"|||\" icon_image=\"178\" icon_image_width=\"60\"][\/vc_column_inner][vc_column_inner width=\"1\/3\"][thb_iconbox type=\"top type4\" icon=\"basic_elaboration_calendar_plus.svg\" heading=\"Aula donde cualquier docente puede llevar a su grupo para impartir clase y consultar el material con el que contamos.\" link=\"|||\" icon_image=\"178\" icon_image_width=\"60\"][\/vc_column_inner][vc_column_inner width=\"1\/3\"][thb_iconbox type=\"top type4\" icon=\"basic_elaboration_calendar_plus.svg\" heading=\"Concursos relacionados con la lectura y\/o redacci\u00f3n.\" link=\"|||\" icon_image=\"178\" icon_image_width=\"60\"][\/vc_column_inner][\/vc_row_inner][vc_row_inner css=\".vc_custom_1568066142337{padding-bottom: 2vh !important;}\"][vc_column_inner width=\"1\/3\"][thb_iconbox type=\"top type4\" icon=\"basic_elaboration_calendar_plus.svg\" heading=\"Exposiciones\" link=\"|||\" icon_image=\"178\" icon_image_width=\"60\"][\/vc_column_inner][vc_column_inner width=\"1\/3\"][thb_iconbox type=\"top type4\" icon=\"basic_elaboration_calendar_plus.svg\" heading=\"Feria del Libro\" link=\"|||\" icon_image=\"178\" icon_image_width=\"60\"][\/vc_column_inner][vc_column_inner width=\"1\/3\"][thb_iconbox type=\"top type4\" icon=\"basic_elaboration_calendar_plus.svg\" heading=\"Feria del libro usado\" link=\"|||\" icon_image=\"178\" icon_image_width=\"60\"][\/vc_column_inner][\/vc_row_inner][\/vc_column][\/vc_row][vc_row thb_full_width=\"true\" thb_row_padding=\"true\" thb_column_padding=\"true\"][vc_column][vc_gallery thb_columns=\"small-6 large-4\" thb_margins=\"no-padding\" images=\"450,455,454,453,452,451,449,448,447\" img_size=\"large\"][\/vc_column][\/vc_row][vc_row disable_element=\"yes\" css=\".vc_custom_1569340879091{padding-top: 7vh !important;padding-bottom: 7vh !important;background-color: #f9f9f9 !important;}\"][vc_column][vc_row_inner][vc_column_inner][thb_slidetype slide_text=\"\r\n<h1>*Publicaciones*<\/h1>\r\n\"][vc_empty_space height=\"20px\"][\/vc_column_inner][\/vc_row_inner][vc_row_inner][vc_column_inner][thb_post columns=\"3\" source=\"size:3|order_by:date|order:DESC|post_type:post\" style=\"style1\"][\/vc_column_inner][\/vc_row_inner][\/vc_column][\/vc_row]","_et_gb_content_width":"","ngg_post_thumbnail":0,"footnotes":""},"aioseo_notices":[],"_links":{"self":[{"href":"https:\/\/blogsaverroes.juntadeandalucia.es\/nicolas-salmeron\/wp-json\/wp\/v2\/pages\/440"}],"collection":[{"href":"https:\/\/blogsaverroes.juntadeandalucia.es\/nicolas-salmeron\/wp-json\/wp\/v2\/pages"}],"about":[{"href":"https:\/\/blogsaverroes.juntadeandalucia.es\/nicolas-salmeron\/wp-json\/wp\/v2\/types\/page"}],"author":[{"embeddable":true,"href":"https:\/\/blogsaverroes.juntadeandalucia.es\/nicolas-salmeron\/wp-json\/wp\/v2\/users\/13523"}],"replies":[{"embeddable":true,"href":"https:\/\/blogsaverroes.juntadeandalucia.es\/nicolas-salmeron\/wp-json\/wp\/v2\/comments?post=440"}],"version-history":[{"count":10,"href":"https:\/\/blogsaverroes.juntadeandalucia.es\/nicolas-salmeron\/wp-json\/wp\/v2\/pages\/440\/revisions"}],"predecessor-version":[{"id":2639,"href":"https:\/\/blogsaverroes.juntadeandalucia.es\/nicolas-salmeron\/wp-json\/wp\/v2\/pages\/440\/revisions\/2639"}],"wp:attachment":[{"href":"https:\/\/blogsaverroes.juntadeandalucia.es\/nicolas-salmeron\/wp-json\/wp\/v2\/media?parent=440"}],"curies":[{"name":"wp","href":"https:\/\/api.w.org\/{rel}","templated":true}]}}