{"id":459,"date":"2019-09-10T18:42:14","date_gmt":"2019-09-10T16:42:14","guid":{"rendered":"https:\/\/iesnicolassalmeron.es\/?page_id=459"},"modified":"2025-05-09T13:23:54","modified_gmt":"2025-05-09T12:23:54","slug":"plan-de-convivencia","status":"publish","type":"page","link":"https:\/\/blogsaverroes.juntadeandalucia.es\/nicolas-salmeron\/plan-de-convivencia\/","title":{"rendered":"Plan de convivencia"},"content":{"rendered":"<p>[et_pb_section fb_built=&#8221;1&#8243; admin_label=&#8221;section&#8221; _builder_version=&#8221;4.16&#8243; global_colors_info=&#8221;{}&#8221;][et_pb_row admin_label=&#8221;row&#8221; _builder_version=&#8221;4.16&#8243; background_size=&#8221;initial&#8221; background_position=&#8221;top_left&#8221; background_repeat=&#8221;repeat&#8221; global_colors_info=&#8221;{}&#8221;][et_pb_column type=&#8221;4_4&#8243; _builder_version=&#8221;4.16&#8243; custom_padding=&#8221;|||&#8221; global_colors_info=&#8221;{}&#8221; custom_padding__hover=&#8221;|||&#8221;][et_pb_text admin_label=&#8221;Text&#8221; _builder_version=&#8221;4.24.2&#8243; background_size=&#8221;initial&#8221; background_position=&#8221;top_left&#8221; background_repeat=&#8221;repeat&#8221; hover_enabled=&#8221;0&#8243; global_colors_info=&#8221;{}&#8221; sticky_enabled=&#8221;0&#8243;]<\/p>\n<h1><span style=\"color: #e02b20\"><strong>Plan de Convivencia<\/strong><\/span><\/h1>\n<p>&nbsp;<\/p>\n<p><strong>Coordinadora:<\/strong> D.\u00aa Araceli S\u00e1nchez S\u00e1nchez<\/p>\n<p><strong>Correo electr\u00f3nico:<\/strong> <a href=\"mailto:04001141.convivennicolas@g.educaand.es\">04001141.convivennicolas@g.educaand.es<\/a><\/p>\n<p><span style=\"color: #000000\">Centrado en abordar la prevenci\u00f3n de conflictos, educaci\u00f3n en valores y la pronta intervenci\u00f3n en resoluci\u00f3n de problemas entre alumnado, de forma integrada, con implicaci\u00f3n de todo el centro y trabajando en coordinaci\u00f3n con otros programas, creando un ambiente sin\u00e9rgico, que permite la optimizaci\u00f3n de resultados de manera tangible.<\/span><\/p>\n<p>&nbsp;<\/p>\n<h2><span style=\"font-size: 14pt\"><strong>Aula de reflexi\u00f3n<\/strong><\/span><\/h2>\n<p style=\"text-align: left\">Es una alternativa a la suspensi\u00f3n del derecho de asistencia al centro. Esta medida la determina Jefatura de Estudios en coordinaci\u00f3n con los tutores de los alumnos implicados en alg\u00fan tipo de conducta contraria. Dotada de materiales y profesorado formado en resoluci\u00f3n de conflictos, el aula pretende atender las necesidades espec\u00edficas del alumno.<\/p>\n<h2>&nbsp;<\/h2>\n<h2><span style=\"font-size: 14pt\"><strong>Equipo de mediaci\u00f3n<\/strong><\/span><\/h2>\n<p style=\"text-align: left\">Est\u00e1 constituido por alumnado formado y renovado. Coordinado por jefatura de estudios y profesorado responsable del equipo, cada semana revisan la detecci\u00f3n de casos de conflicto y su proceso de intervenci\u00f3n. Adem\u00e1s, preparan materiales, presentaciones y talleres con el fin de extender los principios de la mediaci\u00f3n a toda la comunidad.<\/p>\n<p>[\/et_pb_text][\/et_pb_column][\/et_pb_row][\/et_pb_section]<\/p>\n","protected":false},"excerpt":{"rendered":"<p>Plan de Convivencia &nbsp; Coordinadora: D.\u00aa Araceli S\u00e1nchez S\u00e1nchez Correo electr\u00f3nico: 04001141.convivennicolas@g.educaand.es Centrado en abordar la prevenci\u00f3n de conflictos, educaci\u00f3n en valores y la pronta intervenci\u00f3n en resoluci\u00f3n de problemas entre alumnado, de forma integrada, con implicaci\u00f3n de todo el centro y trabajando en coordinaci\u00f3n con otros programas, creando un ambiente sin\u00e9rgico, que permite la [&hellip;]<\/p>\n","protected":false},"author":13523,"featured_media":0,"parent":0,"menu_order":0,"comment_status":"closed","ping_status":"closed","template":"","meta":{"_et_pb_use_builder":"on","_et_pb_old_content":"[vc_row thb_full_width=\"true\" thb_row_padding=\"true\" thb_column_padding=\"true\" content_placement=\"middle\" thb_scroll_bottom=\"true\" thb_scroll_bottom_style=\"style3\" thb_scroll_bottom_color=\"light\" css=\".vc_custom_1568628180585{padding-top: 30vh !important;padding-bottom: 25vh !important;background-image: url(https:\/\/blogsaverroes.juntadeandalucia.es\/nicolas-salmeron\/files\/2019\/09\/plan-de-convivencia-min.jpg?id=526) !important;background-position: center !important;background-repeat: no-repeat !important;background-size: cover !important;}\"][vc_column thb_color=\"thb-light-column\"][vc_row_inner][vc_column_inner offset=\"vc_col-lg-6 vc_col-md-9\"][thb_slidetype slide_text=\"\r\n<h1>*Plan de Convivencia*<\/h1>\r\n\"][vc_empty_space height=\"10px\"][vc_column_text]<strong>Coordinadora:<\/strong> D.\u00aa Laudelina Callej\u00f3n Mart\u00ednez\r\n\r\n<strong>Correo electr\u00f3nico:<\/strong> 04001141.convivennicolas@g.educaand.es[\/vc_column_text][vc_empty_space height=\"10px\"][vc_column_text animation=\"animation fade-in\"]Para la prevenci\u00f3n de conflictos, fomentando la educaci\u00f3n en valores y la pronta intervenci\u00f3n en la resoluci\u00f3n de problemas entre el alumnado.[\/vc_column_text][vc_empty_space height=\"20px\"][\/vc_column_inner][\/vc_row_inner][\/vc_column][\/vc_row][vc_row thb_full_width=\"true\" thb_row_padding=\"true\" thb_column_padding=\"true\" content_placement=\"middle\" thb_scroll_bottom=\"true\" thb_scroll_bottom_style=\"style3\" thb_scroll_bottom_color=\"light\" css=\".vc_custom_1568100065166{padding-top: 7vh !important;padding-bottom: 7vh !important;background-color: #f7f7f7 !important;background-position: center !important;background-repeat: no-repeat !important;background-size: cover !important;}\"][vc_column thb_color=\"thb-light-column\"][vc_row_inner][vc_column_inner width=\"1\/2\" offset=\"vc_col-lg-6 vc_col-md-9\"][thb_slidetype slide_text=\"\r\n<h2>*Educar a alguien es uno de los mejores medios de educarse a s\u00ed mismo.*<\/h2>\r\n\" thb_animated_color=\"#000000\"][thb_slidetype slide_text=\"\r\n<h4><i>*Jos\u00e9 Antonio Marina*<\/i><\/h4>\r\n\" thb_animated_color=\"#000000\"][\/vc_column_inner][vc_column_inner width=\"1\/2\"][\/vc_column_inner][\/vc_row_inner][\/vc_column][\/vc_row][vc_row thb_full_width=\"true\" el_class=\"align-center\" css=\".vc_custom_1568132738488{padding-top: 7vh !important;padding-bottom: 7vh !important;background-color: #303030 !important;}\"][vc_column offset=\"vc_col-lg-8 vc_col-md-8\"][vc_column_text]\r\n<p style=\"text-align: left\"><span style=\"color: #ffffff\">Centrado en abordar la prevenci\u00f3n de conflictos, educaci\u00f3n en valores y la pronta intervenci\u00f3n en resoluci\u00f3n de problemas entre alumnado, de forma integrada, con implicaci\u00f3n de todo el centro y trabajando en coordinaci\u00f3n con otros programas, creando un ambiente sin\u00e9rgico, que permite la optimizaci\u00f3n de resultados de manera tangible.<\/span><\/p>\r\n<p style=\"text-align: left\"><span style=\"color: #ffffff\">Durante dos a\u00f1os consecutivos, el 50% del claustro ha formado parte de grupos de trabajo en materia de Mindfulness, con dos objetivos: la formaci\u00f3n individual del docente, as\u00ed como las buenas pr\u00e1cticas en su desempe\u00f1o con el alumnado. A trav\u00e9s de esta actividad, se han ampliado materiales, mejorado t\u00e9cnicas y diversificado tareas para atender adecuadamente las necesidades emocionales de alumnos en distintos \u00e1mbitos educativos.<\/span><\/p>\r\n[\/vc_column_text][\/vc_column][\/vc_row][vc_row el_class=\"align-center\" css=\".vc_custom_1568100110519{padding-top: 7vh !important;}\"][vc_column offset=\"vc_col-lg-6 vc_col-md-8\" el_class=\"text-center\"][thb_slidetype slide_text=\"\r\n<h2><strong>*Aula de reflexi\u00f3n*<\/strong><\/h2>\r\n\" thb_animated_color=\"#28a9ff\"][vc_column_text animation=\"animation fade-in\"]\r\n<p style=\"text-align: left\">Es una alternativa a la suspensi\u00f3n del derecho de asistencia al centro. Esta medida la determina Jefatura de Estudios en coordinaci\u00f3n con los tutores de los alumnos implicados en alg\u00fan tipo de conducta contraria. Dotada de materiales y profesorado formado en resoluci\u00f3n de conflictos, el aula pretende atender las necesidades espec\u00edficas del alumno.<\/p>\r\n[\/vc_column_text][vc_empty_space height=\"70px\"][vc_column_text animation=\"animation fade-in\"]\r\n<p style=\"text-align: center\">Un espacio perfecto en el que el usuario dispondr\u00e1 de:<\/p>\r\n[\/vc_column_text][\/vc_column][\/vc_row][vc_row el_class=\"align-center\" css=\".vc_custom_1568100117405{padding-bottom: 7vh !important;}\"][vc_column offset=\"vc_col-lg-9 vc_col-md-11\"][vc_row_inner css=\".vc_custom_1568066142337{padding-bottom: 2vh !important;}\"][vc_column_inner width=\"1\/2\"][thb_iconbox type=\"top type4\" icon=\"basic_elaboration_calendar_plus.svg\" heading=\"Atenci\u00f3n a la diversidad de necesidades espec\u00edficas\" link=\"|||\" icon_image=\"178\" icon_image_width=\"60\"][\/vc_column_inner][vc_column_inner width=\"1\/2\"][thb_iconbox type=\"top type4\" icon=\"basic_elaboration_calendar_plus.svg\" heading=\"Espacio reci\u00e9ntemente ampliado y mejorado\" link=\"|||\" icon_image=\"178\" icon_image_width=\"60\"][\/vc_column_inner][\/vc_row_inner][vc_row_inner css=\".vc_custom_1568066142337{padding-bottom: 2vh !important;}\"][vc_column_inner width=\"1\/2\"][thb_iconbox type=\"top type4\" icon=\"basic_elaboration_calendar_plus.svg\" heading=\"Profesorado con formaci\u00f3n espec\u00edfica\" link=\"|||\" icon_image=\"178\" icon_image_width=\"60\"][\/vc_column_inner][vc_column_inner width=\"1\/2\"][thb_iconbox type=\"top type4\" icon=\"basic_elaboration_calendar_plus.svg\" heading=\"Diversificaci\u00f3n de materiales\" link=\"|||\" icon_image=\"178\" icon_image_width=\"60\"][\/vc_column_inner][\/vc_row_inner][\/vc_column][\/vc_row][vc_row thb_full_width=\"true\" el_class=\"align-center\" css=\".vc_custom_1568133117727{padding-top: 7vh !important;background-color: #f9f9f9 !important;}\"][vc_column offset=\"vc_col-lg-6 vc_col-md-8\" el_class=\"text-center\"][thb_slidetype slide_text=\"\r\n<h2><strong>*Equipo de mediaci\u00f3n*<\/strong><\/h2>\r\n\" thb_animated_color=\"#28a9ff\"][vc_column_text animation=\"animation fade-in\"]\r\n<p style=\"text-align: left\">Est\u00e1 constituido por alumnado formado y renovado. Coordinado por jefatura de estudios y profesorado responsable del equipo, cada semana revisan la detecci\u00f3n de casos de conflicto y su proceso de intervenci\u00f3n. Adem\u00e1s, preparan materiales, presentaciones y talleres con el fin de extender los principios de la mediaci\u00f3n a toda la comunidad.<\/p>\r\n[\/vc_column_text][vc_empty_space height=\"70px\"][vc_column_text animation=\"animation fade-in\"]\r\n<p style=\"text-align: center\">Tus hijos, en buenas manos.<\/p>\r\n[\/vc_column_text][\/vc_column][\/vc_row][vc_row thb_full_width=\"true\" el_class=\"align-center\" css=\".vc_custom_1568133122673{padding-bottom: 7vh !important;background-color: #f9f9f9 !important;}\"][vc_column offset=\"vc_col-lg-9 vc_col-md-11\"][vc_row_inner css=\".vc_custom_1568066142337{padding-bottom: 2vh !important;}\"][vc_column_inner width=\"1\/2\"][thb_iconbox type=\"top type4\" icon=\"basic_elaboration_calendar_plus.svg\" heading=\"Biling\u00fce, proactivo, formado tanto por el Instituto Andaluz de la Juventud, as\u00ed como internacionalmente a trav\u00e9s del programa anti-bullying Erasmus+.\" link=\"|||\" icon_image=\"178\" icon_image_width=\"60\"][\/vc_column_inner][vc_column_inner width=\"1\/2\"][thb_iconbox type=\"top type4\" icon=\"basic_elaboration_calendar_plus.svg\" heading=\"Cada semana revisan la detecci\u00f3n de casos y su proceso de intervenci\u00f3n, preparan materiales, presentaciones y talleres con el fin de extender los principios de la mediaci\u00f3n a toda la comunidad.\" link=\"|||\" icon_image=\"178\" icon_image_width=\"60\"][\/vc_column_inner][\/vc_row_inner][vc_row_inner css=\".vc_custom_1568066142337{padding-bottom: 2vh !important;}\"][vc_column_inner][\/vc_column_inner][\/vc_row_inner][\/vc_column][\/vc_row][vc_row disable_element=\"yes\" css=\".vc_custom_1569340238086{padding-top: 7vh !important;padding-bottom: 7vh !important;}\"][vc_column][thb_slidetype slide_text=\"\r\n<h1>*Plan de Convivencia*<\/h1>\r\n\"][vc_empty_space height=\"20px\"][vc_row_inner][vc_column_inner][thb_post columns=\"3\" source=\"size:3|order_by:date|order:DESC|post_type:post\" style=\"style1\"][\/vc_column_inner][\/vc_row_inner][\/vc_column][\/vc_row]","_et_gb_content_width":"","ngg_post_thumbnail":0,"footnotes":""},"aioseo_notices":[],"_links":{"self":[{"href":"https:\/\/blogsaverroes.juntadeandalucia.es\/nicolas-salmeron\/wp-json\/wp\/v2\/pages\/459"}],"collection":[{"href":"https:\/\/blogsaverroes.juntadeandalucia.es\/nicolas-salmeron\/wp-json\/wp\/v2\/pages"}],"about":[{"href":"https:\/\/blogsaverroes.juntadeandalucia.es\/nicolas-salmeron\/wp-json\/wp\/v2\/types\/page"}],"author":[{"embeddable":true,"href":"https:\/\/blogsaverroes.juntadeandalucia.es\/nicolas-salmeron\/wp-json\/wp\/v2\/users\/13523"}],"replies":[{"embeddable":true,"href":"https:\/\/blogsaverroes.juntadeandalucia.es\/nicolas-salmeron\/wp-json\/wp\/v2\/comments?post=459"}],"version-history":[{"count":7,"href":"https:\/\/blogsaverroes.juntadeandalucia.es\/nicolas-salmeron\/wp-json\/wp\/v2\/pages\/459\/revisions"}],"predecessor-version":[{"id":2541,"href":"https:\/\/blogsaverroes.juntadeandalucia.es\/nicolas-salmeron\/wp-json\/wp\/v2\/pages\/459\/revisions\/2541"}],"wp:attachment":[{"href":"https:\/\/blogsaverroes.juntadeandalucia.es\/nicolas-salmeron\/wp-json\/wp\/v2\/media?parent=459"}],"curies":[{"name":"wp","href":"https:\/\/api.w.org\/{rel}","templated":true}]}}