{"id":828,"date":"2020-02-10T14:37:42","date_gmt":"2020-02-10T13:37:42","guid":{"rendered":"https:\/\/iesnicolassalmeron.es\/?page_id=828"},"modified":"2025-09-22T11:20:40","modified_gmt":"2025-09-22T10:20:40","slug":"plan-de-evacuacion-2","status":"publish","type":"page","link":"https:\/\/blogsaverroes.juntadeandalucia.es\/nicolas-salmeron\/plan-de-evacuacion-2\/","title":{"rendered":"Plan de PRL"},"content":{"rendered":"<p>[et_pb_section fb_built=&#8221;1&#8243; admin_label=&#8221;section&#8221; _builder_version=&#8221;4.16&#8243; global_colors_info=&#8221;{}&#8221;][et_pb_row admin_label=&#8221;row&#8221; _builder_version=&#8221;4.16&#8243; background_size=&#8221;initial&#8221; background_position=&#8221;top_left&#8221; background_repeat=&#8221;repeat&#8221; global_colors_info=&#8221;{}&#8221;][et_pb_column type=&#8221;4_4&#8243; _builder_version=&#8221;4.16&#8243; custom_padding=&#8221;|||&#8221; global_colors_info=&#8221;{}&#8221; custom_padding__hover=&#8221;|||&#8221;][et_pb_text admin_label=&#8221;Text&#8221; _builder_version=&#8221;4.24.2&#8243; background_size=&#8221;initial&#8221; background_position=&#8221;top_left&#8221; background_repeat=&#8221;repeat&#8221; hover_enabled=&#8221;0&#8243; global_colors_info=&#8221;{}&#8221; sticky_enabled=&#8221;0&#8243;]<\/p>\n<h1><span style=\"color: #e02b20\">Plan de PRL<\/span><\/h1>\n<p>&nbsp;<\/p>\n<p><span style=\"color: #000000\"><strong>Coordinador:<\/strong> Jos\u00e9 Manuel Hern\u00e1ndez<\/span><\/p>\n<p><span style=\"color: #000000\"><strong>Contacto:<\/strong> <a href=\"mailto:04001141.segurnicolas@g.educaand.es\">04001141.segurnicolas@g.educaand.es<\/a><\/span><\/p>\n<p>&nbsp;<\/p>\n<p><span style=\"color: #000000\">El plan tiene como finalidad prevenir riesgos y, en caso de emergencia oaccidente, organizar las actuaciones m\u00e1s adecuadas con los medios humanos y materiales propios disponibles en el centro, garantizando la intervenci\u00f3n inmediata y la coordinaci\u00f3n de todo el personal: profesorado, alumnado y personal no docente, as\u00ed como la colaboraci\u00f3n con los Servicios Locales de Protecci\u00f3n Civil y otros servicios de emergencia. Asimismo, todos los a\u00f1os se realiza un simulacro de evacuaci\u00f3n para estar preparados en caso de emergencia. Por \u00faltimo, anualmente se realiza un mantenimiento preventivo para la detecci\u00f3n y eliminaci\u00f3n de los riesgos.<\/span><\/p>\n<p>[\/et_pb_text][\/et_pb_column][\/et_pb_row][\/et_pb_section]<\/p>\n","protected":false},"excerpt":{"rendered":"<p>Plan de PRL &nbsp; Coordinador: Jos\u00e9 Manuel Hern\u00e1ndez Contacto: 04001141.segurnicolas@g.educaand.es &nbsp; El plan tiene como finalidad prevenir riesgos y, en caso de emergencia oaccidente, organizar las actuaciones m\u00e1s adecuadas con los medios humanos y materiales propios disponibles en el centro, garantizando la intervenci\u00f3n inmediata y la coordinaci\u00f3n de todo el personal: profesorado, alumnado y personal [&hellip;]<\/p>\n","protected":false},"author":13523,"featured_media":0,"parent":0,"menu_order":0,"comment_status":"closed","ping_status":"closed","template":"","meta":{"_et_pb_use_builder":"on","_et_pb_old_content":"[vc_row thb_full_width=\"true\" thb_row_padding=\"true\" thb_column_padding=\"true\" content_placement=\"middle\" thb_scroll_bottom=\"true\" thb_scroll_bottom_style=\"style3\" thb_scroll_bottom_color=\"light\" css=\".vc_custom_1517840472388{padding-top: 30vh !important;padding-bottom: 25vh !important;background-image: url(http:\/\/revolution.fuelthemes.net\/revolution-adventure\/wp-content\/uploads\/sites\/2\/2018\/02\/a34.jpg?id=182) !important;background-position: center !important;background-repeat: no-repeat !important;background-size: cover !important;}\"][vc_column thb_color=\"thb-light-column\"][vc_row_inner][vc_column_inner offset=\"vc_col-lg-6 vc_col-md-9\"][thb_slidetype slide_text=\"\r\n<h1>*Plan de PRL*<\/h1>\r\n\"][vc_empty_space height=\"10px\"][vc_column_text animation=\"animation fade-in\"]<strong>Coordinador:<\/strong> Miguel \u00c1ngel Hern\u00e1ndez Flores\r\n\r\n<strong>Contacto:<\/strong> 04001141.segurnicolas@g.educaand.es[\/vc_column_text][vc_empty_space height=\"20px\"][vc_btn title=\"Plan de Evacuaci\u00f3n 2020-2021\" link=\"url:https%3A%2F%2Fiesnicolassalmeron.es%2Fwp-content%2Fuploads%2F2020%2F12%2FActuaciones-generales-PRL-2020-2021.pdf|title:Plan%20de%20Evacuaci%C3%B3n|target:%20_blank|\"][vc_empty_space height=\"20px\"][vc_btn title=\"Actuaciones ante emergencias\" link=\"url:https%3A%2F%2Fiesnicolassalmeron.es%2Fwp-content%2Fuploads%2F2020%2F12%2FInstrucciones-en-caso-de-alarma-2020-2021.pdf|title:Emergencias|target:%20_blank|\"][\/vc_column_inner][\/vc_row_inner][\/vc_column][\/vc_row][vc_row thb_full_width=\"true\" thb_row_padding=\"true\" thb_column_padding=\"true\" content_placement=\"middle\" thb_scroll_bottom=\"true\" thb_scroll_bottom_style=\"style3\" thb_scroll_bottom_color=\"light\" css=\".vc_custom_1568100065166{padding-top: 7vh !important;padding-bottom: 7vh !important;background-color: #f7f7f7 !important;background-position: center !important;background-repeat: no-repeat !important;background-size: cover !important;}\"][vc_column thb_color=\"thb-light-column\"][vc_column_text]\r\n<p style=\"padding-left: 40px\"><span style=\"color: #000000\">El plan tiene como finalidad prevenir riesgos y, en caso de emergencia o accidente, organizar las actuaciones m\u00e1s adecuadas con los medios humanos y materiales propios disponibles en el centro, garantizando la intervenci\u00f3n inmediata y la coordinaci\u00f3n de todo el personal: profesorado, alumnado y personal no docente, as\u00ed como la colaboraci\u00f3n con los Servicios Locales de Protecci\u00f3n Civil y otros servicios de emergencia. Asimismo, todos los a\u00f1os se realiza un si mulacro de evacuaci\u00f3n para estar preparados en caso de emergencia. Por \u00faltimo, anualmente se realiza un mantenimiento preventivo para la detecci\u00f3n y eliminaci\u00f3n de los riesgos.<\/span><\/p>\r\n[\/vc_column_text][\/vc_column][\/vc_row][vc_row disable_element=\"yes\"][vc_column][vc_row_inner][vc_column_inner][thb_slidetype slide_text=\"\r\n<h1>*Publicaciones*<\/h1>\r\n\"][vc_empty_space height=\"20px\"][\/vc_column_inner][\/vc_row_inner][vc_row_inner][vc_column_inner][thb_post columns=\"3\" source=\"size:3|order_by:date|order:DESC|post_type:post\" style=\"style1\"][\/vc_column_inner][\/vc_row_inner][\/vc_column][\/vc_row]","_et_gb_content_width":"","ngg_post_thumbnail":0,"footnotes":""},"aioseo_notices":[],"_links":{"self":[{"href":"https:\/\/blogsaverroes.juntadeandalucia.es\/nicolas-salmeron\/wp-json\/wp\/v2\/pages\/828"}],"collection":[{"href":"https:\/\/blogsaverroes.juntadeandalucia.es\/nicolas-salmeron\/wp-json\/wp\/v2\/pages"}],"about":[{"href":"https:\/\/blogsaverroes.juntadeandalucia.es\/nicolas-salmeron\/wp-json\/wp\/v2\/types\/page"}],"author":[{"embeddable":true,"href":"https:\/\/blogsaverroes.juntadeandalucia.es\/nicolas-salmeron\/wp-json\/wp\/v2\/users\/13523"}],"replies":[{"embeddable":true,"href":"https:\/\/blogsaverroes.juntadeandalucia.es\/nicolas-salmeron\/wp-json\/wp\/v2\/comments?post=828"}],"version-history":[{"count":4,"href":"https:\/\/blogsaverroes.juntadeandalucia.es\/nicolas-salmeron\/wp-json\/wp\/v2\/pages\/828\/revisions"}],"predecessor-version":[{"id":3044,"href":"https:\/\/blogsaverroes.juntadeandalucia.es\/nicolas-salmeron\/wp-json\/wp\/v2\/pages\/828\/revisions\/3044"}],"wp:attachment":[{"href":"https:\/\/blogsaverroes.juntadeandalucia.es\/nicolas-salmeron\/wp-json\/wp\/v2\/media?parent=828"}],"curies":[{"name":"wp","href":"https:\/\/api.w.org\/{rel}","templated":true}]}}