{"id":43,"date":"2020-11-15T20:00:46","date_gmt":"2020-11-15T20:00:46","guid":{"rendered":"https:\/\/blogsaverroes.juntadeandalucia.es\/nuestraauladelenguayliteratura\/?page_id=43"},"modified":"2020-11-15T20:00:46","modified_gmt":"2020-11-15T20:00:46","slug":"contacto","status":"publish","type":"page","link":"https:\/\/blogsaverroes.juntadeandalucia.es\/nuestraauladelenguayliteratura\/contacto\/","title":{"rendered":"Contacto"},"content":{"rendered":"<p><span style=\"font-family: 'times new roman', times, serif\">Si quer\u00e9is contactar conmigo lo pod\u00e9is hacer a trav\u00e9s de los siguientes correos electr\u00f3nicos:<\/span><\/p>\n<ul>\n<li><span style=\"font-family: 'times new roman', times, serif\"><strong>arrchif@yahoo.es<\/strong><\/span><\/li>\n<li><span style=\"font-family: 'times new roman', times, serif\"><strong>paqui@iescastillodelayedra.es<\/strong><\/span><\/li>\n<\/ul>\n","protected":false},"excerpt":{"rendered":"<p>Si quer\u00e9is contactar conmigo lo pod\u00e9is hacer a trav\u00e9s de los siguientes correos electr\u00f3nicos: arrchif@yahoo.es paqui@iescastillodelayedra.es<\/p>\n","protected":false},"author":11300,"featured_media":0,"parent":0,"menu_order":0,"comment_status":"closed","ping_status":"closed","template":"","meta":{"ngg_post_thumbnail":0,"footnotes":""},"aioseo_notices":[],"_links":{"self":[{"href":"https:\/\/blogsaverroes.juntadeandalucia.es\/nuestraauladelenguayliteratura\/wp-json\/wp\/v2\/pages\/43"}],"collection":[{"href":"https:\/\/blogsaverroes.juntadeandalucia.es\/nuestraauladelenguayliteratura\/wp-json\/wp\/v2\/pages"}],"about":[{"href":"https:\/\/blogsaverroes.juntadeandalucia.es\/nuestraauladelenguayliteratura\/wp-json\/wp\/v2\/types\/page"}],"author":[{"embeddable":true,"href":"https:\/\/blogsaverroes.juntadeandalucia.es\/nuestraauladelenguayliteratura\/wp-json\/wp\/v2\/users\/11300"}],"replies":[{"embeddable":true,"href":"https:\/\/blogsaverroes.juntadeandalucia.es\/nuestraauladelenguayliteratura\/wp-json\/wp\/v2\/comments?post=43"}],"version-history":[{"count":1,"href":"https:\/\/blogsaverroes.juntadeandalucia.es\/nuestraauladelenguayliteratura\/wp-json\/wp\/v2\/pages\/43\/revisions"}],"predecessor-version":[{"id":45,"href":"https:\/\/blogsaverroes.juntadeandalucia.es\/nuestraauladelenguayliteratura\/wp-json\/wp\/v2\/pages\/43\/revisions\/45"}],"wp:attachment":[{"href":"https:\/\/blogsaverroes.juntadeandalucia.es\/nuestraauladelenguayliteratura\/wp-json\/wp\/v2\/media?parent=43"}],"curies":[{"name":"wp","href":"https:\/\/api.w.org\/{rel}","templated":true}]}}