{"id":61,"date":"2023-02-15T10:08:11","date_gmt":"2023-02-15T10:08:11","guid":{"rendered":"https:\/\/blogsaverroes.juntadeandalucia.es\/nuevoblogvilladelrio\/?page_id=61"},"modified":"2023-03-21T20:37:30","modified_gmt":"2023-03-21T20:37:30","slug":"efemerides","status":"publish","type":"page","link":"https:\/\/blogsaverroes.juntadeandalucia.es\/nuevoblogvilladelrio\/efemerides\/","title":{"rendered":"INICIO"},"content":{"rendered":"<p><div class=\"pt-cv-wrapper\"><div class=\"pt-cv-view pt-cv-grid pt-cv-colsys\" id=\"pt-cv-view-f7c2495y2d\"><div data-id=\"pt-cv-page-1\" class=\"pt-cv-page\" data-cvc=\"2\"><div class=\"col-md-6 col-sm-6 col-xs-12 pt-cv-content-item pt-cv-1-col\" ><div class='pt-cv-ifield'><a href=\"https:\/\/blogsaverroes.juntadeandalucia.es\/nuevoblogvilladelrio\/2023\/01\/18\/viaje-a-canete-de-las-torres\/\" class=\"_self pt-cv-href-thumbnail pt-cv-thumb-default\" target=\"_self\" ><img loading=\"lazy\" decoding=\"async\" width=\"300\" height=\"197\" src=\"https:\/\/blogsaverroes.juntadeandalucia.es\/nuevoblogvilladelrio\/files\/2023\/01\/ca\u00f1ete-portada-copia-300x197.jpg\" class=\"pt-cv-thumbnail\" alt=\"\" srcset=\"https:\/\/blogsaverroes.juntadeandalucia.es\/nuevoblogvilladelrio\/files\/2023\/01\/ca\u00f1ete-portada-copia-300x197.jpg 300w, https:\/\/blogsaverroes.juntadeandalucia.es\/nuevoblogvilladelrio\/files\/2023\/01\/ca\u00f1ete-portada-copia.jpg 768w\" sizes=\"(max-width: 300px) 100vw, 300px\" \/><\/a>\n<h4 class=\"pt-cv-title\"><a href=\"https:\/\/blogsaverroes.juntadeandalucia.es\/nuevoblogvilladelrio\/2023\/01\/18\/viaje-a-canete-de-las-torres\/\" class=\"_self\" target=\"_self\" >VIAJE A CA\u00d1ETE DE LAS TORRES<\/a><\/h4>\n<div class=\"pt-cv-content\">El pr\u00f3ximo mes de abril se llevar\u00e1 a cabo una excursi\u00f3n conjunta con todos los Centros de Educaci\u00f3n Permanente de ...<br \/><div class=\"pt-cv-rmwrap\"><a href=\"https:\/\/blogsaverroes.juntadeandalucia.es\/nuevoblogvilladelrio\/2023\/01\/18\/viaje-a-canete-de-las-torres\/\" class=\"_self pt-cv-readmore btn btn-success\" target=\"_self\">Leer M\u00e1s<\/a><\/div><\/div><\/div><\/div><\/div><\/div><\/div><img loading=\"lazy\" decoding=\"async\" class=\"alignnone size-medium wp-image-16\" src=\"https:\/\/blogsaverroes.juntadeandalucia.es\/nuevoblogvilladelrio\/files\/2023\/01\/hqdefault-300x225.jpg\" alt=\"\" width=\"300\" height=\"225\" srcset=\"https:\/\/blogsaverroes.juntadeandalucia.es\/nuevoblogvilladelrio\/files\/2023\/01\/hqdefault-300x225.jpg 300w, https:\/\/blogsaverroes.juntadeandalucia.es\/nuevoblogvilladelrio\/files\/2023\/01\/hqdefault.jpg 480w\" sizes=\"(max-width: 300px) 100vw, 300px\" \/><\/p>\n","protected":false},"excerpt":{"rendered":"","protected":false},"author":14648,"featured_media":0,"parent":0,"menu_order":0,"comment_status":"closed","ping_status":"closed","template":"","meta":{"ngg_post_thumbnail":0,"footnotes":""},"aioseo_notices":[],"_links":{"self":[{"href":"https:\/\/blogsaverroes.juntadeandalucia.es\/nuevoblogvilladelrio\/wp-json\/wp\/v2\/pages\/61"}],"collection":[{"href":"https:\/\/blogsaverroes.juntadeandalucia.es\/nuevoblogvilladelrio\/wp-json\/wp\/v2\/pages"}],"about":[{"href":"https:\/\/blogsaverroes.juntadeandalucia.es\/nuevoblogvilladelrio\/wp-json\/wp\/v2\/types\/page"}],"author":[{"embeddable":true,"href":"https:\/\/blogsaverroes.juntadeandalucia.es\/nuevoblogvilladelrio\/wp-json\/wp\/v2\/users\/14648"}],"replies":[{"embeddable":true,"href":"https:\/\/blogsaverroes.juntadeandalucia.es\/nuevoblogvilladelrio\/wp-json\/wp\/v2\/comments?post=61"}],"version-history":[{"count":2,"href":"https:\/\/blogsaverroes.juntadeandalucia.es\/nuevoblogvilladelrio\/wp-json\/wp\/v2\/pages\/61\/revisions"}],"predecessor-version":[{"id":67,"href":"https:\/\/blogsaverroes.juntadeandalucia.es\/nuevoblogvilladelrio\/wp-json\/wp\/v2\/pages\/61\/revisions\/67"}],"wp:attachment":[{"href":"https:\/\/blogsaverroes.juntadeandalucia.es\/nuevoblogvilladelrio\/wp-json\/wp\/v2\/media?parent=61"}],"curies":[{"name":"wp","href":"https:\/\/api.w.org\/{rel}","templated":true}]}}