{"id":1082,"date":"2023-01-27T22:04:15","date_gmt":"2023-01-27T21:04:15","guid":{"rendered":"https:\/\/blogsaverroes.juntadeandalucia.es\/olivardequinto\/?page_id=1082"},"modified":"2025-09-09T17:12:47","modified_gmt":"2025-09-09T16:12:47","slug":"nuestro-equipo-educativo","status":"publish","type":"page","link":"https:\/\/blogsaverroes.juntadeandalucia.es\/olivardequinto\/nuestro-equipo-educativo\/","title":{"rendered":"NUESTRO EQUIPO EDUCATIVO"},"content":{"rendered":"<p lang=\"es-ES\">&nbsp; Personal docente CURSO 2024\/2025<\/p>\n<dl>\n<dd>\n<table style=\"width: 45.6625%;height: 1738px\" border=\"1\" width=\"443\" cellspacing=\"0\" cellpadding=\"5\">\n<colgroup span=\"1\">\n<col span=\"1\" width=\"325\">\n<col span=\"1\" width=\"155\"><\/colgroup>\n<tbody>\n<tr style=\"height: 56px\" valign=\"bottom\">\n<td style=\"width: 64.0909%;height: 56px\" align=\"left\" valign=\"bottom\">\n<p lang=\"es-ES\">Nombre y Apellidos<\/p>\n<\/td>\n<td style=\"width: 35.4545%;height: 56px\" bgcolor=\"#00ccff\" width=\"155\">\n<p lang=\"es-ES\"><strong>&nbsp;<\/strong><\/p>\n<\/td>\n<\/tr>\n<tr style=\"height: 24px\">\n<td style=\"width: 64.0909%;height: 24px\">&nbsp;<\/td>\n<td style=\"width: 35.4545%;height: 24px\"><strong>E.INFANTIL<\/strong><\/td>\n<\/tr>\n<tr style=\"height: 56px\">\n<td style=\"width: 64.0909%;height: 56px\">\n<p lang=\"es-ES\">&nbsp;&nbsp;D\u00f1a. Mar\u00eda S\u00e1nchez<\/p>\n<\/td>\n<td style=\"width: 35.4545%;height: 56px\">\n<p lang=\"es-ES\">3 a\u00f1os A<\/p>\n<\/td>\n<\/tr>\n<tr style=\"height: 56px\">\n<td style=\"width: 64.0909%;height: 56px\">\n<p lang=\"es-ES\">&nbsp;&nbsp;D\u00f1a. M\u00aa del Mar Sold\u00e1n<\/p>\n<\/td>\n<td style=\"width: 35.4545%;height: 56px\">\n<p lang=\"es-ES\">3 a\u00f1os B<\/p>\n<\/td>\n<\/tr>\n<tr style=\"height: 56px\">\n<td style=\"width: 64.0909%;height: 56px\">\n<p lang=\"es-ES\">&nbsp;&nbsp;D\u00f1a. M\u00aa Dolores Vega<\/p>\n<\/td>\n<td style=\"width: 35.4545%;height: 56px\">\n<p lang=\"es-ES\">4 a\u00f1os A<\/p>\n<\/td>\n<\/tr>\n<tr style=\"height: 56px\">\n<td style=\"width: 64.0909%;height: 56px\">\n<p lang=\"es-ES\">&nbsp;&nbsp;D\u00f1a. Ana M\u00aa Ferreira<\/p>\n<\/td>\n<td style=\"width: 35.4545%;height: 56px\">\n<p lang=\"es-ES\">4 a\u00f1os B<\/p>\n<\/td>\n<\/tr>\n<tr style=\"height: 56px\">\n<td style=\"width: 64.0909%;height: 56px\">\n<p lang=\"es-ES\">&nbsp;&nbsp;D\u00f1a. Silvia Ram\u00edrez<\/p>\n<\/td>\n<td style=\"width: 35.4545%;height: 56px\">\n<p lang=\"es-ES\">4 a\u00f1os C<\/p>\n<\/td>\n<\/tr>\n<tr style=\"height: 56px\">\n<td style=\"width: 64.0909%;height: 56px\">&nbsp;&nbsp;D\u00f1a. Marian P\u00e9rez<\/td>\n<td style=\"width: 35.4545%;height: 56px\">\n<p lang=\"es-ES\">5 a\u00f1os A<\/p>\n<\/td>\n<\/tr>\n<tr style=\"height: 56px\">\n<td style=\"width: 64.0909%;height: 56px\">&nbsp;&nbsp;D\u00f1a. Ana L\u00f3pez<\/td>\n<td style=\"width: 35.4545%;height: 56px\">5 a\u00f1os B&nbsp; &nbsp;&nbsp;<\/td>\n<\/tr>\n<tr style=\"height: 56px\">\n<td style=\"width: 64.0909%;height: 56px\">&nbsp;&nbsp;D\u00f1a. Lidia Tejada<\/td>\n<td style=\"width: 35.4545%;height: 56px\">\n<p lang=\"es-ES\">5 a\u00f1os C<\/p>\n<\/td>\n<\/tr>\n<tr style=\"height: 56px\">\n<td style=\"width: 64.0909%;height: 56px\">&nbsp;&nbsp;D\u00f1a. Almudena Olmedo<\/td>\n<td style=\"width: 35.4545%;height: 56px\">\n<p lang=\"es-ES\">5 a\u00f1os D<\/p>\n<\/td>\n<\/tr>\n<tr style=\"height: 56px\">\n<td style=\"width: 64.0909%;height: 56px\">D\u00f1a. Aurora P\u00e9rez y Bego\u00f1a Calvo<\/td>\n<td style=\"width: 35.4545%;height: 56px\">&nbsp;Apoyo Infantil<\/td>\n<\/tr>\n<tr style=\"height: 56px\">\n<td style=\"width: 64.0909%;height: 56px\">\n<p lang=\"es-ES\">&nbsp;<\/p>\n<\/td>\n<td style=\"width: 35.4545%;height: 56px\">\n<p lang=\"es-ES\"><strong>E.PRIMARIA<\/strong><\/p>\n<\/td>\n<\/tr>\n<tr style=\"height: 56px\">\n<td style=\"width: 64.0909%;height: 56px\">&nbsp; D\u00f1a. Marina Aldana<\/td>\n<td style=\"width: 35.4545%;height: 56px\">\n<p lang=\"es-ES\">1\u00ba A<\/p>\n<\/td>\n<\/tr>\n<tr style=\"height: 56px\">\n<td style=\"width: 64.0909%;height: 56px\"><span lang=\"es-ES\">&nbsp; D\u00f1a. Jes\u00fas Mellado<\/span><\/td>\n<td style=\"width: 35.4545%;height: 56px\">\n<p lang=\"es-ES\">1\u00ba B<\/p>\n<\/td>\n<\/tr>\n<tr style=\"height: 56px\">\n<td style=\"width: 64.0909%;height: 56px\">&nbsp; D\u00f1a. Fermina Medina<\/td>\n<td style=\"width: 35.4545%;height: 56px\">\n<p lang=\"es-ES\">1\u00ba C<\/p>\n<\/td>\n<\/tr>\n<tr style=\"height: 56px\">\n<td style=\"width: 64.0909%;height: 56px\">&nbsp;&nbsp;<span lang=\"es-ES\">D\u00f1a. Teresa Pozo<\/span><\/td>\n<td style=\"width: 35.4545%;height: 56px\">\n<p lang=\"es-ES\">2\u00baA<\/p>\n<\/td>\n<\/tr>\n<tr style=\"height: 56px\">\n<td style=\"width: 64.0909%;height: 56px\"><span lang=\"es-ES\">&nbsp;&nbsp;D\u00f1a. Mila Acal<\/span><\/td>\n<td style=\"width: 35.4545%;height: 56px\">\n<p lang=\"es-ES\">2\u00ba B<\/p>\n<\/td>\n<\/tr>\n<tr style=\"height: 56px\">\n<td style=\"width: 64.0909%;height: 56px\">\n<p lang=\"es-ES\">&nbsp;&nbsp;D\u00f1a. Carmen P. Gil<\/p>\n<\/td>\n<td style=\"width: 35.4545%;height: 56px\">\n<p lang=\"es-ES\">2\u00ba C<\/p>\n<\/td>\n<\/tr>\n<tr style=\"height: 56px\">\n<td style=\"width: 64.0909%;height: 56px\">\n<p lang=\"es-ES\">&nbsp; D. Fran Gallego<\/p>\n<\/td>\n<td style=\"width: 35.4545%;height: 56px\">\n<p lang=\"es-ES\">3\u00ba A<\/p>\n<\/td>\n<\/tr>\n<tr style=\"height: 56px\">\n<td style=\"width: 64.0909%;height: 56px\">\n<p lang=\"es-ES\">&nbsp; D\u00f1a. Paqui Escalera<\/p>\n<\/td>\n<td style=\"width: 35.4545%;height: 56px\">\n<p lang=\"es-ES\">3\u00ba B<\/p>\n<\/td>\n<\/tr>\n<tr style=\"height: 56px\">\n<td style=\"width: 64.0909%;height: 56px\">&nbsp; D\u00f1a. Marta P\u00e9rez<\/td>\n<td style=\"width: 35.4545%;height: 56px\">\n<p lang=\"es-ES\">3\u00ba C<\/p>\n<\/td>\n<\/tr>\n<tr style=\"height: 56px\">\n<td style=\"width: 64.0909%;height: 56px\">\n<p lang=\"es-ES\">&nbsp;&nbsp;D\u00f1a. Eva Carvajal<\/p>\n<\/td>\n<td style=\"width: 35.4545%;height: 56px\">\n<p lang=\"es-ES\">4\u00ba A<\/p>\n<\/td>\n<\/tr>\n<tr style=\"height: 56px\">\n<td style=\"width: 64.0909%;height: 56px\">\n<p lang=\"es-ES\">&nbsp;&nbsp;D\u00f1a. Luisa L\u00f3pez<\/p>\n<\/td>\n<td style=\"width: 35.4545%;height: 56px\">\n<p lang=\"es-ES\">4\u00ba B<\/p>\n<\/td>\n<\/tr>\n<tr style=\"height: 56px\">\n<td style=\"width: 64.0909%;height: 56px\">\n<p lang=\"es-ES\">&nbsp;&nbsp;D\u00f1a. Maribel Gallardo<\/p>\n<\/td>\n<td style=\"width: 35.4545%;height: 56px\">\n<p lang=\"es-ES\">4\u00ba C<\/p>\n<\/td>\n<\/tr>\n<tr style=\"height: 56px\">\n<td style=\"width: 64.0909%;height: 56px\">\n<p lang=\"es-ES\">&nbsp; D\u00f1a. Patricia Flor<\/p>\n<\/td>\n<td style=\"width: 35.4545%;height: 56px\">\n<p lang=\"es-ES\">5\u00ba A<\/p>\n<\/td>\n<\/tr>\n<tr style=\"height: 56px\">\n<td style=\"width: 64.0909%;height: 56px\">&nbsp; D\u00f1a. Virginia Leo<\/td>\n<td style=\"width: 35.4545%;height: 56px\">\n<p lang=\"es-ES\">5\u00ba B<\/p>\n<\/td>\n<\/tr>\n<tr style=\"height: 56px\">\n<td style=\"width: 64.0909%;height: 56px\">&nbsp; D. Miguel \u00c1lvarez<\/td>\n<td style=\"width: 35.4545%;height: 56px\">5\u00ba C<\/td>\n<\/tr>\n<tr style=\"height: 56px\">\n<td style=\"width: 64.0909%;height: 56px\"><span lang=\"es-ES\">&nbsp;&nbsp;D\u00f1a. Silvia Rodr\u00edguez<\/span><\/td>\n<td style=\"width: 35.4545%;height: 56px\">\n<p lang=\"es-ES\">6\u00ba A<\/p>\n<\/td>\n<\/tr>\n<tr style=\"height: 56px\">\n<td style=\"width: 64.0909%;height: 56px\">&nbsp;&nbsp;D. Paco P\u00e9rez<\/td>\n<td style=\"width: 35.4545%;height: 56px\">\n<p lang=\"es-ES\">6\u00ba B<\/p>\n<\/td>\n<\/tr>\n<tr style=\"height: 56px\">\n<td style=\"width: 64.0909%;height: 56px\">\n<p lang=\"es-ES\">&nbsp;&nbsp;D\u00f1a. Sandra Casta\u00f1o<\/p>\n<\/td>\n<td style=\"width: 35.4545%;height: 56px\">\n<p lang=\"es-ES\">6\u00ba C<\/p>\n<\/td>\n<\/tr>\n<tr style=\"height: 24px\">\n<td style=\"width: 64.0909%;height: 24px\">&nbsp; D\u00f1a. Mar\u00eda Herrera<\/td>\n<td style=\"width: 35.4545%;height: 24px\">Apoyo Primaria<\/td>\n<\/tr>\n<\/tbody>\n<tbody>\n<tr style=\"height: 10px\">\n<td style=\"width: 64.0909%;height: 10px\">&nbsp;<\/td>\n<td style=\"width: 35.4545%;height: 10px\">&nbsp;<\/td>\n<\/tr>\n<\/tbody>\n<\/table>\n<\/dd>\n<dd>&nbsp;&nbsp;&nbsp;&nbsp;&nbsp;&nbsp;&nbsp;&nbsp;&nbsp;&nbsp;&nbsp;&nbsp;&nbsp;&nbsp;&nbsp;&nbsp;&nbsp;&nbsp;&nbsp;&nbsp;&nbsp;&nbsp;<\/dd>\n<dd>Especialidades<\/dd>\n<\/dl>\n<dl>\n<dd>\n<table style=\"width: 45.8696%;height: 439px\" border=\"1\" width=\"441\" cellspacing=\"0\" cellpadding=\"5\">\n<colgroup span=\"1\">\n<col span=\"1\" width=\"330\">\n<col span=\"1\" width=\"155\"><\/colgroup>\n<tbody>\n<tr style=\"height: 24px\" valign=\"bottom\">\n<td style=\"height: 24px;width: 62.4096%\" bgcolor=\"#00ccff\" width=\"330\" height=\"15\">Nombre y Apellidos<\/td>\n<td style=\"height: 24px;width: 37.3494%\" bgcolor=\"#00ccff\" width=\"155\">ESPECIALIDAD<\/td>\n<\/tr>\n<tr style=\"height: 24px\" valign=\"bottom\">\n<td style=\"height: 24px;width: 62.4096%\" width=\"330\" height=\"10\">D\u00f1a. Patricia Flor<\/td>\n<td style=\"height: 24px;width: 37.3494%\" width=\"155\">E.F\u00edsica<\/td>\n<\/tr>\n<tr style=\"height: 24px\" valign=\"bottom\">\n<td style=\"height: 24px;width: 62.4096%\">D\u00f1a. Anja Taruttis<\/td>\n<td style=\"height: 24px;width: 37.3494%\">E.F\u00edsica<\/td>\n<\/tr>\n<tr style=\"height: 24px\">\n<td style=\"height: 24px;width: 62.4096%\">D. Paco P\u00e9rez<\/td>\n<td style=\"height: 24px;width: 37.3494%\">E.F\u00edsica<\/td>\n<\/tr>\n<tr style=\"height: 24px\">\n<td style=\"height: 24px;width: 62.4096%\">D. Juan Fco. Ar\u00e9valo<\/td>\n<td style=\"height: 24px;width: 37.3494%\">E.F\u00edsica<\/td>\n<\/tr>\n<tr style=\"height: 21px\" valign=\"bottom\">\n<td style=\"height: 21px;width: 62.4096%\">D. Miguel \u00c1lvarez<\/td>\n<td style=\"height: 21px;width: 37.3494%\">E.F\u00edsica<\/td>\n<\/tr>\n<tr style=\"height: 10px\" valign=\"bottom\">\n<td style=\"height: 10px;width: 62.4096%\">D. Virginia Leo<\/td>\n<td style=\"height: 10px;text-align: left;width: 37.3494%\">M\u00fasica<\/td>\n<\/tr>\n<tr style=\"height: 24px\" valign=\"bottom\">\n<td style=\"height: 24px;width: 62.4096%\">&nbsp;<\/td>\n<td style=\"height: 24px;width: 37.3494%\">&nbsp;<\/td>\n<\/tr>\n<tr valign=\"bottom\">\n<td style=\"width: 62.4096%\">D\u00f1a. Marta P\u00e9rez<\/td>\n<td style=\"width: 37.3494%\">Ingl\u00e9s<\/td>\n<\/tr>\n<tr style=\"height: 24px\" valign=\"bottom\">\n<td style=\"height: 24px;width: 62.4096%\">D\u00f1a. Sandra Casta\u00f1o<\/td>\n<td style=\"height: 24px;width: 37.3494%\">Ingl\u00e9s<\/td>\n<\/tr>\n<tr style=\"height: 24px\" valign=\"bottom\">\n<td style=\"height: 24px;width: 62.4096%\">D\u00f1a. Teresa Ru\u00edz<\/td>\n<td style=\"height: 24px;width: 37.3494%\">Ingl\u00e9s<\/td>\n<\/tr>\n<tr style=\"height: 24px\" valign=\"bottom\">\n<td style=\"height: 24px;width: 62.4096%\">D\u00f1a. M\u00aa Jos\u00e9 Tirado<\/td>\n<td style=\"height: 24px;width: 37.3494%\">A.L.<\/td>\n<\/tr>\n<tr style=\"height: 24px\" valign=\"bottom\">\n<td style=\"height: 24px;width: 62.4096%\">D\u00f1a. Celia Aibar<\/td>\n<td style=\"height: 24px;width: 37.3494%\">P.T.<\/td>\n<\/tr>\n<tr style=\"height: 24px\" valign=\"bottom\">\n<td style=\"height: 24px;width: 62.4096%\">D\u00f1a Mar\u00eda Cobos<\/td>\n<td style=\"height: 24px;width: 37.3494%\">P.T.<\/td>\n<\/tr>\n<tr style=\"height: 24px\" valign=\"bottom\">\n<td style=\"height: 24px;width: 62.4096%\">D\u00f1a. Silvia Baena<\/td>\n<td style=\"height: 24px;width: 37.3494%\">Aula TEA<\/td>\n<\/tr>\n<tr style=\"height: 24px\" valign=\"bottom\">\n<td style=\"height: 24px;width: 62.4096%\">D\u00f1a. Loles L\u00f3pez&nbsp;<\/td>\n<td style=\"height: 24px;width: 37.3494%\">Religi\u00f3n<\/td>\n<\/tr>\n<tr style=\"height: 24px\" valign=\"bottom\">\n<td style=\"height: 24px;width: 62.4096%\">D\u00f1a. Manoli<\/td>\n<td style=\"height: 24px;width: 37.3494%\">Religi\u00f3n<\/td>\n<\/tr>\n<tr style=\"height: 24px\" valign=\"bottom\">\n<td style=\"height: 24px;width: 62.4096%\">D\u00f1a. Antonio Mill\u00e1n<\/td>\n<td style=\"height: 24px;width: 37.3494%\">Religi\u00f3n<\/td>\n<\/tr>\n<tr style=\"height: 24px\">\n<td style=\"height: 24px;width: 62.4096%\">D\u00f1a. Fermina Medina<em><br \/>\n<\/em><\/td>\n<td style=\"height: 24px;width: 37.3494%\">Franc\u00e9s<\/td>\n<\/tr>\n<\/tbody>\n<\/table>\n<\/dd>\n<\/dl>\n<p>&nbsp;&nbsp;&nbsp;&nbsp;&nbsp;&nbsp; Personal no docente<\/p>\n<dl>\n<dd>\n<table style=\"width: 57.3898%;height: 248px\" border=\"1\" width=\"441\" cellspacing=\"0\" cellpadding=\"5\">\n<colgroup span=\"1\">\n<col span=\"1\" width=\"325\">\n<col span=\"1\" width=\"155\"><\/colgroup>\n<tbody>\n<tr style=\"height: 56px\" valign=\"bottom\">\n<td style=\"height: 56px\" bgcolor=\"#00ccff\" width=\"325\" height=\"15\">\n<p lang=\"es-ES\">Nombre y Apellidos<\/p>\n<\/td>\n<td style=\"height: 56px\" bgcolor=\"#00ccff\" width=\"155\">\n<p lang=\"es-ES\">&nbsp;<\/p>\n<\/td>\n<\/tr>\n<tr style=\"height: 56px\" valign=\"bottom\">\n<td style=\"height: 56px\" bgcolor=\"#ccffcc\" width=\"325\" height=\"10\">\n<p lang=\"es-ES\">&nbsp;D\u00f1a. Adriana L\u00f3pez<\/p>\n<\/td>\n<td style=\"height: 56px\" bgcolor=\"#ccffcc\" width=\"155\">\n<p lang=\"es-ES\">Monitora de E.E.<\/p>\n<\/td>\n<\/tr>\n<tr style=\"height: 24px\" valign=\"bottom\">\n<td style=\"height: 24px\" width=\"325\" height=\"10\">D\u00f1a. Esther Pazo<\/td>\n<td style=\"height: 24px\" width=\"155\">Monitora de E.E.<\/td>\n<\/tr>\n<tr style=\"height: 56px\" valign=\"bottom\">\n<td style=\"height: 56px\" width=\"325\" height=\"10\">\n<p lang=\"es-ES\">&nbsp;D\u00f1a. Jose Luis Conejero<\/p>\n<\/td>\n<td style=\"height: 56px\" width=\"155\">\n<p lang=\"es-ES\">Administrativa<\/p>\n<\/td>\n<\/tr>\n<tr style=\"height: 56px\" valign=\"bottom\">\n<td style=\"height: 56px\" bgcolor=\"#ccffcc\" width=\"325\" height=\"9\">\n<p lang=\"es-ES\">&nbsp;D\u00f1a. Yolanda Artacho<\/p>\n<\/td>\n<td style=\"height: 56px\" bgcolor=\"#ccffcc\" width=\"155\">\n<p lang=\"es-ES\">Conserje<\/p>\n<\/td>\n<\/tr>\n<\/tbody>\n<\/table>\n<\/dd>\n<\/dl>\n<p>&nbsp;<\/p>\n<p><em>&nbsp;&nbsp;&nbsp;&nbsp;<\/em><em><strong>EQUIPO DIRECTIVO<\/strong><\/em><\/p>\n<ul>\n<li><span lang=\"es-ES\"><em><strong>J<\/strong><\/em><\/span><span lang=\"es-ES\"><em><strong>efa de estudios:&nbsp;<\/strong><\/em><\/span><span lang=\"es-ES\"><em><strong>D\u00f1a.&nbsp;<\/strong><strong>Aurora Garc\u00eda P\u00e9rez<\/strong><\/em><\/span><\/li>\n<li><span lang=\"es-ES\"><em><strong>Secretaria<\/strong><\/em><\/span><em><strong>:<\/strong><\/em><em><strong> D\u00f1a. Bego\u00f1a Calvo Mart\u00edn<br \/>\n<\/strong><\/em><\/li>\n<li><em><strong>Director:&nbsp;<\/strong><\/em><em><strong>Dr. Juan Francisco Ar\u00e9valo Mora<\/strong><\/em><span lang=\"es-ES\"><em><strong>&nbsp;<\/strong><\/em><\/span><\/li>\n<\/ul>\n<p>\u00daltima actualizaci\u00f3n 09\/09\/2025<\/p>\n","protected":false},"excerpt":{"rendered":"<p>&nbsp; Personal docente CURSO 2024\/2025 Nombre y Apellidos &nbsp; &nbsp; E.INFANTIL &nbsp;&nbsp;D\u00f1a. Mar\u00eda S\u00e1nchez 3 a\u00f1os A &nbsp;&nbsp;D\u00f1a. M\u00aa del Mar Sold\u00e1n 3 a\u00f1os B &nbsp;&nbsp;D\u00f1a. M\u00aa Dolores Vega 4 a\u00f1os A &nbsp;&nbsp;D\u00f1a. Ana&#46;&#46;&#46;<\/p>\n","protected":false},"author":12832,"featured_media":0,"parent":0,"menu_order":0,"comment_status":"closed","ping_status":"closed","template":"","meta":{"ngg_post_thumbnail":0,"footnotes":""},"aioseo_notices":[],"_links":{"self":[{"href":"https:\/\/blogsaverroes.juntadeandalucia.es\/olivardequinto\/wp-json\/wp\/v2\/pages\/1082"}],"collection":[{"href":"https:\/\/blogsaverroes.juntadeandalucia.es\/olivardequinto\/wp-json\/wp\/v2\/pages"}],"about":[{"href":"https:\/\/blogsaverroes.juntadeandalucia.es\/olivardequinto\/wp-json\/wp\/v2\/types\/page"}],"author":[{"embeddable":true,"href":"https:\/\/blogsaverroes.juntadeandalucia.es\/olivardequinto\/wp-json\/wp\/v2\/users\/12832"}],"replies":[{"embeddable":true,"href":"https:\/\/blogsaverroes.juntadeandalucia.es\/olivardequinto\/wp-json\/wp\/v2\/comments?post=1082"}],"version-history":[{"count":8,"href":"https:\/\/blogsaverroes.juntadeandalucia.es\/olivardequinto\/wp-json\/wp\/v2\/pages\/1082\/revisions"}],"predecessor-version":[{"id":1868,"href":"https:\/\/blogsaverroes.juntadeandalucia.es\/olivardequinto\/wp-json\/wp\/v2\/pages\/1082\/revisions\/1868"}],"wp:attachment":[{"href":"https:\/\/blogsaverroes.juntadeandalucia.es\/olivardequinto\/wp-json\/wp\/v2\/media?parent=1082"}],"curies":[{"name":"wp","href":"https:\/\/api.w.org\/{rel}","templated":true}]}}