{"id":1091,"date":"2023-01-27T22:12:54","date_gmt":"2023-01-27T21:12:54","guid":{"rendered":"https:\/\/blogsaverroes.juntadeandalucia.es\/olivardequinto\/?page_id=1091"},"modified":"2024-05-30T19:05:41","modified_gmt":"2024-05-30T18:05:41","slug":"centro-2","status":"publish","type":"page","link":"https:\/\/blogsaverroes.juntadeandalucia.es\/olivardequinto\/centro-2\/","title":{"rendered":"CENTRO"},"content":{"rendered":"<p>El CEIP Olivar de Quinto es un colegio de Infantil y Primaria enclavado en la localidad de Montequinto, barrio perteneciente al municipio de Dos Hermanas.&nbsp;<\/p>\n<p>El Colegio &#8220;Olivar de Quinto&#8221; es un centro p\u00fablico de Infantil y Primaria que&nbsp;data del a\u00f1o 2003, con posteriores ampliaciones desde 2008 a 2013.&nbsp;Es un Centro de tres l\u00edneas educativas&nbsp;(tres clases por curso) y un aula espec\u00edfica con alumnado con TEA. Tenemos Plan de Apertura con los servicios de aula matinal, comedor y actividades extraescolares.<\/p>\n<p>Contamos con diferentes Planes y Proyectos Educativos as\u00ed como con un profesorado implicado en el proceso de ense\u00f1anza-aprendizaje del alumnado.<\/p>\n<p>En nuestras instalaciones tenemos pizarra digital y aire acondicionado en todas las aulas.<\/p>\n<p>El AMPA &#8220;El Olivar&#8221;, asociaci\u00f3n de madres y padres de nuestro Centro, es parte importante en el funcionamiento del Colegio.<\/p>\n","protected":false},"excerpt":{"rendered":"<p>El CEIP Olivar de Quinto es un colegio de Infantil y Primaria enclavado en la localidad de Montequinto, barrio perteneciente al municipio de Dos Hermanas.&nbsp; El Colegio &#8220;Olivar de Quinto&#8221; es un centro p\u00fablico&#46;&#46;&#46;<\/p>\n","protected":false},"author":12832,"featured_media":0,"parent":0,"menu_order":1,"comment_status":"closed","ping_status":"closed","template":"","meta":{"ngg_post_thumbnail":0,"footnotes":""},"aioseo_notices":[],"_links":{"self":[{"href":"https:\/\/blogsaverroes.juntadeandalucia.es\/olivardequinto\/wp-json\/wp\/v2\/pages\/1091"}],"collection":[{"href":"https:\/\/blogsaverroes.juntadeandalucia.es\/olivardequinto\/wp-json\/wp\/v2\/pages"}],"about":[{"href":"https:\/\/blogsaverroes.juntadeandalucia.es\/olivardequinto\/wp-json\/wp\/v2\/types\/page"}],"author":[{"embeddable":true,"href":"https:\/\/blogsaverroes.juntadeandalucia.es\/olivardequinto\/wp-json\/wp\/v2\/users\/12832"}],"replies":[{"embeddable":true,"href":"https:\/\/blogsaverroes.juntadeandalucia.es\/olivardequinto\/wp-json\/wp\/v2\/comments?post=1091"}],"version-history":[{"count":5,"href":"https:\/\/blogsaverroes.juntadeandalucia.es\/olivardequinto\/wp-json\/wp\/v2\/pages\/1091\/revisions"}],"predecessor-version":[{"id":1491,"href":"https:\/\/blogsaverroes.juntadeandalucia.es\/olivardequinto\/wp-json\/wp\/v2\/pages\/1091\/revisions\/1491"}],"wp:attachment":[{"href":"https:\/\/blogsaverroes.juntadeandalucia.es\/olivardequinto\/wp-json\/wp\/v2\/media?parent=1091"}],"curies":[{"name":"wp","href":"https:\/\/api.w.org\/{rel}","templated":true}]}}