{"id":1135,"date":"2026-01-21T14:00:42","date_gmt":"2026-01-21T13:00:42","guid":{"rendered":"https:\/\/blogsaverroes.juntadeandalucia.es\/olivardequinto\/?page_id=1135"},"modified":"2026-04-13T13:38:22","modified_gmt":"2026-04-13T12:38:22","slug":"nueva-escolarizacion","status":"publish","type":"page","link":"https:\/\/blogsaverroes.juntadeandalucia.es\/olivardequinto\/nueva-escolarizacion\/","title":{"rendered":"NUEVA ESCOLARIZACI\u00d3N"},"content":{"rendered":"<p style=\"text-align: center\">En este espacio se ir\u00e1 introduciendo toda la informaci\u00f3n y novedades sobre la escolarizaci\u00f3n para el curso 2026-2027.<\/p>\n<p style=\"text-align: justify\">La<strong> escolarizaci\u00f3n<\/strong><strong>&nbsp;<\/strong>es un concurso, el alumnado que obtenga m\u00e1s puntos en el procedimiento ocupar\u00e1 la vacante del centro seleccionado como prioritario. Aqu\u00ed pueden ver la baremaci\u00f3n publicada en la orden. <a href=\"https:\/\/blogsaverroes.juntadeandalucia.es\/olivardequinto\/files\/2024\/05\/Baremacion.pdf\" target=\"_blank\" rel=\"noopener\">Baremaci\u00f3n<\/a><\/p>\n<p style=\"text-align: justify\">La normativa que regula la admisi\u00f3n en los colegios es la siguiente: Decreto 21\/2020, de 17 de febrero; y la Orden de 20 de febrero de 2020.&nbsp;<\/p>\n<p style=\"text-align: justify\">El CALENDARIO DE ESCOLARIZACI\u00d3N PARA EL CURSO 2026\/27 (Resoluci\u00f3n de 19 de enero de 2026):<\/p>\n<ul>\n<li style=\"text-align: justify\">Presentaci\u00f3n de&nbsp;<strong>solicitudes<\/strong>, del 1 al 31 de marzo.<\/li>\n<li style=\"text-align: justify\"><span style=\"text-decoration: underline\">Publicaci\u00f3n de la&nbsp;<strong>relaci\u00f3n<\/strong>, baremada o no, <strong>del alumnado solicitante<\/strong>, el 21 de abril<\/span>.&nbsp;<\/li>\n<li style=\"text-align: justify\">El tr\u00e1mite de&nbsp;<strong>audiencia<\/strong>, diez d\u00edas h\u00e1biles desde la publicaci\u00f3n de la lista baremada.<\/li>\n<li style=\"text-align: justify\"><strong>Sorteo&nbsp;<\/strong>p\u00fablico para dirimir empates, sobre 14 de mayo.<\/li>\n<li style=\"text-align: justify\">Publicaci\u00f3n de la<strong> resoluci\u00f3n de admitidos en el centro <\/strong>solicitado como prioritario, sobre el 14 de mayo.<\/li>\n<li style=\"text-align: justify\"><strong>Adjudicaci\u00f3n de plaza <\/strong>escolar al alumnado no admitido en el centro docente elegido como prioritario, sobre el 25 de mayo.<\/li>\n<li style=\"text-align: justify\">El 27 de mayo comenzar\u00e1 el plazo para la presentaci\u00f3n de <strong>recursos&nbsp;de alzada y reclamaciones<\/strong>, un mes desde la publicaci\u00f3n de la adjudicaci\u00f3n de plazas, ante la Delegaci\u00f3n Territorial.<\/li>\n<li style=\"text-align: justify\"><strong>Matriculaci\u00f3n<\/strong>, 1-8 de junio. Pueden firmar la matr\u00edcula virtualmente por DNI electr\u00f3nico, certificado digital o c\u00f3digo iANDE de la Junta de Andaluc\u00eda. Si est\u00e1n matriculados en Escuela Infantil de 1\u00ba ciclo (guarder\u00edas) pueden descargarse iPASEN y aparecer\u00e1 su clave iANDE, en su defecto deben solicitar esta clave en las Escuelas Infantiles.<\/li>\n<li style=\"text-align: justify\">Publicaci\u00f3n de <strong>vacantes tras la matriculaci\u00f3n<\/strong>, sobre el 19 de junio.<\/li>\n<li style=\"text-align: justify\"><strong>Reunificaci\u00f3n<\/strong> de hermanos, solicitud a la Delegaci\u00f3n Territorial, sobre el 24 de junio.<\/li>\n<\/ul>\n<p style=\"text-align: justify\">Como hemos se\u00f1alado anteriormente este a\u00f1o se realizaron tres sesiones de &#8220;<span style=\"text-decoration: underline\"><strong>Puertas Abiertas<\/strong><\/span>&#8220;, atendidas por la Direcci\u00f3n del Centro y la Secretaria (especialista en educaci\u00f3n infantil).<\/p>\n<p>La Jornada consisti\u00f3 en:<\/p>\n<ol>\n<li>Explicaci\u00f3n del proceso de escolarizaci\u00f3n en el SUM de Primaria y resoluci\u00f3n de dudas.<\/li>\n<li>Funcionamiento general del Centro y sus planes-programas-proyectos, y resoluci\u00f3n de dudas.<\/li>\n<li>Se muestra SUM de Infantil.<\/li>\n<li>Se mostrar\u00e1 un aula de Infantil as\u00ed como el funcionamiento de la etapa y resolver dudas de infantil.<\/li>\n<li>Se mostrar\u00e1n los patios.<\/li>\n<li>Se mostrar\u00e1 el comedor y se resolver\u00e1n dudas sobre el Plan de Apertura (aula matinal, comedor y actividades extraescolares).<\/li>\n<\/ol>\n<p style=\"text-align: justify\">Si no ha podido asistir a las Jornadas puede conocer nuestro Centro a trav\u00e9s del siguiente v\u00eddeo:<\/p>\n<ul>\n<li style=\"text-align: justify\"><a href=\"https:\/\/drive.google.com\/file\/d\/1sygXE0xachgJXyTbpFVfnUgt_X001M8V\/view\">V\u00eddeo puertas abiertas (2021).<\/a><\/li>\n<\/ul>\n<p style=\"text-align: justify\">Para saber si su vivienda pertenece a la zona de escolarizaci\u00f3n se publica anualmente un callejero y un plano de la zona de escolarizaci\u00f3n en la p\u00e1gina web de la Consejer\u00eda. Aqu\u00ed pueden ver la <a href=\"https:\/\/blogsaverroes.juntadeandalucia.es\/olivardequinto\/files\/2025\/03\/Mapa-de-Influencia.pdf\">zonificaci\u00f3n<\/a>. Adjuntamos enlace a la <a href=\"https:\/\/www.juntadeandalucia.es\/educacion\/portales\/es\/web\/escolarizacion\" target=\"_blank\" rel=\"noopener\">p\u00e1gina de la Consejer\u00eda de Desarrollo Educativo y Formaci\u00f3n Profesional<\/a> sobre la Escolarizaci\u00f3n 2026\/2027, all\u00ed se encuentra el callejero y dem\u00e1s informaci\u00f3n interesante.<\/p>\n<p style=\"text-align: justify\">Para cualquier consulta puede escribir al correo electr\u00f3nico del Colegio.<\/p>\n<p>Actualizado el 02\/03\/2026<\/p>\n","protected":false},"excerpt":{"rendered":"<p>En este espacio se ir\u00e1 introduciendo toda la informaci\u00f3n y novedades sobre la escolarizaci\u00f3n para el curso 2026-2027. La escolarizaci\u00f3n&nbsp;es un concurso, el alumnado que obtenga m\u00e1s puntos en el procedimiento ocupar\u00e1 la vacante&#46;&#46;&#46;<\/p>\n","protected":false},"author":12832,"featured_media":2004,"parent":0,"menu_order":0,"comment_status":"closed","ping_status":"closed","template":"","meta":{"ngg_post_thumbnail":0,"footnotes":""},"aioseo_notices":[],"_links":{"self":[{"href":"https:\/\/blogsaverroes.juntadeandalucia.es\/olivardequinto\/wp-json\/wp\/v2\/pages\/1135"}],"collection":[{"href":"https:\/\/blogsaverroes.juntadeandalucia.es\/olivardequinto\/wp-json\/wp\/v2\/pages"}],"about":[{"href":"https:\/\/blogsaverroes.juntadeandalucia.es\/olivardequinto\/wp-json\/wp\/v2\/types\/page"}],"author":[{"embeddable":true,"href":"https:\/\/blogsaverroes.juntadeandalucia.es\/olivardequinto\/wp-json\/wp\/v2\/users\/12832"}],"replies":[{"embeddable":true,"href":"https:\/\/blogsaverroes.juntadeandalucia.es\/olivardequinto\/wp-json\/wp\/v2\/comments?post=1135"}],"version-history":[{"count":25,"href":"https:\/\/blogsaverroes.juntadeandalucia.es\/olivardequinto\/wp-json\/wp\/v2\/pages\/1135\/revisions"}],"predecessor-version":[{"id":2068,"href":"https:\/\/blogsaverroes.juntadeandalucia.es\/olivardequinto\/wp-json\/wp\/v2\/pages\/1135\/revisions\/2068"}],"wp:featuredmedia":[{"embeddable":true,"href":"https:\/\/blogsaverroes.juntadeandalucia.es\/olivardequinto\/wp-json\/wp\/v2\/media\/2004"}],"wp:attachment":[{"href":"https:\/\/blogsaverroes.juntadeandalucia.es\/olivardequinto\/wp-json\/wp\/v2\/media?parent=1135"}],"curies":[{"name":"wp","href":"https:\/\/api.w.org\/{rel}","templated":true}]}}