{"id":1141,"date":"2023-01-27T22:31:51","date_gmt":"2023-01-27T21:31:51","guid":{"rendered":"https:\/\/blogsaverroes.juntadeandalucia.es\/olivardequinto\/?page_id=1141"},"modified":"2026-03-23T14:52:01","modified_gmt":"2026-03-23T13:52:01","slug":"menu-comedor","status":"publish","type":"page","link":"https:\/\/blogsaverroes.juntadeandalucia.es\/olivardequinto\/plan-de-apertura\/menu-comedor\/","title":{"rendered":"MEN\u00da COMEDOR"},"content":{"rendered":"<div id=\"tituloItem\" class=\"blockTituloItem\"><span class=\"tituloItem\">Men\u00fa comedor<\/span><\/div>\n<div id=\"contenido_sitio\">\n<p>Consulta aqu\u00ed la planificaci\u00f3n mensual de los men\u00fas del comedor escolar:<\/p>\n<p><a href=\"https:\/\/blogsaverroes.juntadeandalucia.es\/olivardequinto\/files\/2025\/10\/menu-septiembre.pdf\" target=\"_blank\" rel=\"noopener\">SEPTIMBRE<\/a><\/p>\n<p><a href=\"https:\/\/blogsaverroes.juntadeandalucia.es\/olivardequinto\/files\/2025\/10\/menu-octubre.pdf\" target=\"_blank\" rel=\"noopener\">OCTUBRE<\/a><\/p>\n<p><a href=\"https:\/\/blogsaverroes.juntadeandalucia.es\/olivardequinto\/files\/2025\/10\/menu-octubre-dietas.pdf\" target=\"_blank\" rel=\"noopener\">OCTUBRE ALERGIAS E INTOLERANCIAS<\/a><\/p>\n<p><a href=\"https:\/\/blogsaverroes.juntadeandalucia.es\/olivardequinto\/files\/2025\/11\/menu-noviembre.pdf\" target=\"_blank\" rel=\"noopener\">NOVIEMBRE<\/a><\/p>\n<p><a href=\"https:\/\/blogsaverroes.juntadeandalucia.es\/olivardequinto\/files\/2025\/11\/menu-dietas-noviembre.pdf\" target=\"_blank\" rel=\"noopener\">NOVIEMBRE ALERGIAS E INTOLERANCIAS<\/a><\/p>\n<p><a href=\"https:\/\/blogsaverroes.juntadeandalucia.es\/olivardequinto\/files\/2025\/12\/menu-diciembre.pdf\">DICIEMBRE, INCLUIDOS MEN\u00daS INTOLERANCIAS Y ALERGIAS<\/a><\/p>\n<p><a href=\"https:\/\/blogsaverroes.juntadeandalucia.es\/olivardequinto\/files\/2025\/12\/menu-enero.pdf\">ENERO, INCLUIDOS MEN\u00daS INTOLERANCIAS Y ALERGIAS<\/a><\/p>\n<p><a href=\"https:\/\/blogsaverroes.juntadeandalucia.es\/olivardequinto\/files\/2026\/01\/menu-basal-febrero.pdf\">FEBRERO<\/a><\/p>\n<p><a href=\"https:\/\/blogsaverroes.juntadeandalucia.es\/olivardequinto\/files\/2026\/01\/menu-dietas-febrero.pdf\">FEBRERO ALERGIAS E INTOLERANCIAS<\/a><\/p>\n<p><a href=\"https:\/\/blogsaverroes.juntadeandalucia.es\/olivardequinto\/files\/2026\/02\/menu-marzo.pdf\">MARZO, INCLUDOS MEN\u00daS INTOLERANCIAS Y ALERGIAS<\/a><\/p>\n<p><a href=\"https:\/\/blogsaverroes.juntadeandalucia.es\/olivardequinto\/files\/2026\/03\/menu.pdf\">ABRIL, INCLUIDOS MEN\u00daS INTOLERANTES Y ALERGIAS<\/a><\/p>\n<p>MAYO<\/p>\n<p>MAYO ALERGIAS E INTOLERANCIAS<\/p>\n<p>JUNIO<\/p>\n<p>JUNIO ALERGIAS E INTOLERANCIAS<\/p>\n<\/div>\n<div>&nbsp;<\/div>\n","protected":false},"excerpt":{"rendered":"<p>Men\u00fa comedor Consulta aqu\u00ed la planificaci\u00f3n mensual de los men\u00fas del comedor escolar: SEPTIMBRE OCTUBRE OCTUBRE ALERGIAS E INTOLERANCIAS NOVIEMBRE NOVIEMBRE ALERGIAS E INTOLERANCIAS DICIEMBRE, INCLUIDOS MEN\u00daS INTOLERANCIAS Y ALERGIAS ENERO, INCLUIDOS MEN\u00daS INTOLERANCIAS&#46;&#46;&#46;<\/p>\n","protected":false},"author":12832,"featured_media":0,"parent":1144,"menu_order":0,"comment_status":"closed","ping_status":"closed","template":"","meta":{"ngg_post_thumbnail":0,"footnotes":""},"aioseo_notices":[],"_links":{"self":[{"href":"https:\/\/blogsaverroes.juntadeandalucia.es\/olivardequinto\/wp-json\/wp\/v2\/pages\/1141"}],"collection":[{"href":"https:\/\/blogsaverroes.juntadeandalucia.es\/olivardequinto\/wp-json\/wp\/v2\/pages"}],"about":[{"href":"https:\/\/blogsaverroes.juntadeandalucia.es\/olivardequinto\/wp-json\/wp\/v2\/types\/page"}],"author":[{"embeddable":true,"href":"https:\/\/blogsaverroes.juntadeandalucia.es\/olivardequinto\/wp-json\/wp\/v2\/users\/12832"}],"replies":[{"embeddable":true,"href":"https:\/\/blogsaverroes.juntadeandalucia.es\/olivardequinto\/wp-json\/wp\/v2\/comments?post=1141"}],"version-history":[{"count":26,"href":"https:\/\/blogsaverroes.juntadeandalucia.es\/olivardequinto\/wp-json\/wp\/v2\/pages\/1141\/revisions"}],"predecessor-version":[{"id":2049,"href":"https:\/\/blogsaverroes.juntadeandalucia.es\/olivardequinto\/wp-json\/wp\/v2\/pages\/1141\/revisions\/2049"}],"up":[{"embeddable":true,"href":"https:\/\/blogsaverroes.juntadeandalucia.es\/olivardequinto\/wp-json\/wp\/v2\/pages\/1144"}],"wp:attachment":[{"href":"https:\/\/blogsaverroes.juntadeandalucia.es\/olivardequinto\/wp-json\/wp\/v2\/media?parent=1141"}],"curies":[{"name":"wp","href":"https:\/\/api.w.org\/{rel}","templated":true}]}}