{"id":1155,"date":"2023-01-27T22:35:17","date_gmt":"2023-01-27T21:35:17","guid":{"rendered":"https:\/\/blogsaverroes.juntadeandalucia.es\/olivardequinto\/?page_id=1155"},"modified":"2025-11-18T09:24:47","modified_gmt":"2025-11-18T08:24:47","slug":"aula-matinal","status":"publish","type":"page","link":"https:\/\/blogsaverroes.juntadeandalucia.es\/olivardequinto\/plan-de-apertura\/aula-matinal\/","title":{"rendered":"AULA MATINAL"},"content":{"rendered":"<div id=\"tituloItem\" class=\"blockTituloItem\"><span class=\"tituloItem\">AULA MATINAL<\/span><\/div>\n<div id=\"contenido_sitio\">\n<p>El servicio de aula matinal es para atender al alumnado antes del comienzo del horario escolar cuando los padres\/madres\/tutores legales del alumnado est\u00e1n trabajando. Esta dentro del Plan de Apertura de Centro, programa de la Consejer\u00eda de Educaci\u00f3n para ayudar a las familias y conciliar la vida laboral y escolar.<\/p>\n<p>Comienza a las 7:30h hasta las 9:00h de manera ininterrumpida. El alumnado admitido en el servicio puede entrar desde las 7:30h hasta las 8:50h, despu\u00e9s de esta hora no se permite la entrada, dado que comienzan a organizarse para acudir a las aulas.<\/p>\n<p>Para cualquier modificaci\u00f3n de los d\u00edas seleccionados, cuadrantes semanales o mensuales, &#8230; debe escribir antes del \u00faltimo d\u00eda lectivo de la semana al efecto (el viernes de la semana anterior) al correo: <span style=\"color: #ff0000\">41008313.edu@juntadeandalucia.es<\/span><\/p>\n<p>La empresa concesionaria del servicio es G.P. SERVICIOS, S.L. y, para cualquier incidencia, su correo es el siguiente: <span style=\"color: #0000ff\">aulamatinal@gestionprofesional.es<\/span><\/p>\n<p><a href=\"https:\/\/blogsaverroes.juntadeandalucia.es\/olivardequinto\/files\/2024\/09\/Manual-funcionamiento-Acceso-Familiar-Atenea-GESTION.pdf\" target=\"_blank\" rel=\"noopener\">Tutorial para la aplicaci\u00f3n<\/a> de la empresa de aula matinal.<\/p>\n<p>Nuevo <a href=\"https:\/\/gespro.junedu.es\/apps\/admin\/#\/auth\/login\" target=\"_blank\" rel=\"noopener\">enlace a la plataforma<\/a>.<\/p>\n<\/div>\n<div class=\"fechaModif\">\u00daltima actualizaci\u00f3n: 18\/10\/2025<\/div>\n<div>&nbsp;<\/div>\n","protected":false},"excerpt":{"rendered":"<p>AULA MATINAL El servicio de aula matinal es para atender al alumnado antes del comienzo del horario escolar cuando los padres\/madres\/tutores legales del alumnado est\u00e1n trabajando. Esta dentro del Plan de Apertura de Centro,&#46;&#46;&#46;<\/p>\n","protected":false},"author":12832,"featured_media":0,"parent":1144,"menu_order":0,"comment_status":"closed","ping_status":"closed","template":"","meta":{"ngg_post_thumbnail":0,"footnotes":""},"aioseo_notices":[],"_links":{"self":[{"href":"https:\/\/blogsaverroes.juntadeandalucia.es\/olivardequinto\/wp-json\/wp\/v2\/pages\/1155"}],"collection":[{"href":"https:\/\/blogsaverroes.juntadeandalucia.es\/olivardequinto\/wp-json\/wp\/v2\/pages"}],"about":[{"href":"https:\/\/blogsaverroes.juntadeandalucia.es\/olivardequinto\/wp-json\/wp\/v2\/types\/page"}],"author":[{"embeddable":true,"href":"https:\/\/blogsaverroes.juntadeandalucia.es\/olivardequinto\/wp-json\/wp\/v2\/users\/12832"}],"replies":[{"embeddable":true,"href":"https:\/\/blogsaverroes.juntadeandalucia.es\/olivardequinto\/wp-json\/wp\/v2\/comments?post=1155"}],"version-history":[{"count":8,"href":"https:\/\/blogsaverroes.juntadeandalucia.es\/olivardequinto\/wp-json\/wp\/v2\/pages\/1155\/revisions"}],"predecessor-version":[{"id":1961,"href":"https:\/\/blogsaverroes.juntadeandalucia.es\/olivardequinto\/wp-json\/wp\/v2\/pages\/1155\/revisions\/1961"}],"up":[{"embeddable":true,"href":"https:\/\/blogsaverroes.juntadeandalucia.es\/olivardequinto\/wp-json\/wp\/v2\/pages\/1144"}],"wp:attachment":[{"href":"https:\/\/blogsaverroes.juntadeandalucia.es\/olivardequinto\/wp-json\/wp\/v2\/media?parent=1155"}],"curies":[{"name":"wp","href":"https:\/\/api.w.org\/{rel}","templated":true}]}}