{"id":1164,"date":"2023-01-27T22:38:49","date_gmt":"2023-01-27T21:38:49","guid":{"rendered":"https:\/\/blogsaverroes.juntadeandalucia.es\/olivardequinto\/?page_id=1164"},"modified":"2025-11-18T09:38:27","modified_gmt":"2025-11-18T08:38:27","slug":"impresos","status":"publish","type":"page","link":"https:\/\/blogsaverroes.juntadeandalucia.es\/olivardequinto\/impresos\/","title":{"rendered":"IMPRESOS"},"content":{"rendered":"<div id=\"contenido_principal\">\n<table id=\"\" border=\"0\" width=\"100%\" cellspacing=\"0\" cellpadding=\"0\">\n<tbody>\n<tr>\n<td class=\"col-contenido\" valign=\"top\">\n<div id=\"contenido\" class=\"contenido\">\n<div id=\"contenido_sitio\">\n<p style=\"text-align: center\">DOCUMENTOS DE SECRETAR\u00cdA<\/p>\n<p style=\"text-align: justify\">Dentro de este apartado de documentaci\u00f3n del Centro se encuentran diferentes impresos de Secretar\u00eda para agilizar los diferentes tr\u00e1mites que deben entregar en la ventanilla de administraci\u00f3n.<\/p>\n<p style=\"text-align: justify\"><strong>Documento de <a href=\"https:\/\/blogsaverroes.juntadeandalucia.es\/olivardequinto\/files\/2024\/05\/Instancia-general-CEIP-Olivar-de-Quinto.pdf\" target=\"_blank\" rel=\"noopener\">instancia del Centro<\/a><\/strong>: a trav\u00e9s de la cual se pueden solicitar diferentes entrevistas, petici\u00f3n de certificados, diferentes sugerencias, \u2026<\/p>\n<p style=\"text-align: justify\"><strong>Plan de Apertura<\/strong>:<\/p>\n<ul>\n<li style=\"text-align: justify\">Solicitud de <a href=\"https:\/\/blogsaverroes.juntadeandalucia.es\/olivardequinto\/files\/2024\/05\/Baja-del-PAC.pdf\" target=\"_blank\" rel=\"noopener\">baja<\/a> de un determinado servicio del Plan de Apertura.<\/li>\n<li style=\"text-align: justify\"><a href=\"https:\/\/blogsaverroes.juntadeandalucia.es\/olivardequinto\/files\/2024\/05\/ANEXO_II._Plan_de_apertura_de_Centros.pdf\" target=\"_blank\" rel=\"noopener\">ANEXO II<\/a> de solicitud de servicios del Plan de Apertura (Aula Matinal, Comedor y Actividades extraescolares).<\/li>\n<li style=\"text-align: justify\">Impreso de <a href=\"https:\/\/blogsaverroes.juntadeandalucia.es\/olivardequinto\/files\/2024\/05\/bonificacion.pdf\" target=\"_blank\" rel=\"noopener\">bonificaci\u00f3n<\/a> (solo del 1-7 de septiembre o hasta tres d\u00edas despu\u00e9s de ser usuario del primero de los servicios).<\/li>\n<\/ul>\n<p style=\"text-align: justify\"><strong><a href=\"https:\/\/blogsaverroes.juntadeandalucia.es\/olivardequinto\/files\/2024\/05\/Autorizacion-recogida-de-alumno.pdf\" target=\"_blank\" rel=\"noopener\">Autorizaci\u00f3n recogida de alumno<\/a> por personas diferentes a sus tutores legales<\/strong>: Autorizaci\u00f3n para que la alumna\/o sea recogido por una persona no habitual durante el curso.<\/p>\n<p style=\"text-align: justify\"><strong><a href=\"https:\/\/blogsaverroes.juntadeandalucia.es\/olivardequinto\/files\/2024\/05\/Autorizacion-salida.pdf\" target=\"_blank\" rel=\"noopener\">Salida<\/a> del alumnado del Centro sin esperar al adulto<\/strong>: En el caso que las familias decidan que sus hijos\/as pueden salir solos del recinto del Colegio al finalizar la jornada escolar.<\/p>\n<p style=\"text-align: justify\"><strong>Ficha de <a href=\"https:\/\/blogsaverroes.juntadeandalucia.es\/olivardequinto\/files\/2024\/05\/Ficha-de-cambio-de-datos.pdf\" target=\"_blank\" rel=\"noopener\">cambio de datos<\/a>:<\/strong>&nbsp;Si ha cambiado de domicilio, email, tel\u00e9fono, \u2026 deben de informar al Centro con este impreso.<\/p>\n<p style=\"text-align: justify\"><strong><a href=\"https:\/\/blogsaverroes.juntadeandalucia.es\/olivardequinto\/files\/2024\/05\/Autorizacion-imagenes.pdf\" target=\"_blank\" rel=\"noopener\">Autorizaci\u00f3n im\u00e1genes<\/a>\/voz: <\/strong>Si no ha autorizado al tratamiento digital de fotos y v\u00eddeos por parte del Centro y durante el curso cambia de opini\u00f3n para decidir autorizarlo.<\/p>\n<p style=\"text-align: justify\">&nbsp;<\/p>\n<\/div>\n<div class=\"fechaModif\" style=\"text-align: justify\">Actualizaci\u00f3n: 30\/05\/2024<\/div>\n<div>&nbsp;<\/div>\n<\/div>\n<\/td>\n<\/tr>\n<tr>\n<td id=\"curva-col-secciones\" class=\"fondoMenuIzq col-secciones\">&nbsp;<\/td>\n<td class=\"col-contenido\">&nbsp;<\/td>\n<td id=\"curva-col-menu_secundario\" class=\"col-menu_secundario fondoMenuSecundario\">&nbsp;<\/td>\n<\/tr>\n<\/tbody>\n<\/table>\n<\/div>\n<table id=\"footer\" border=\"0\" width=\"100%\" cellspacing=\"0\" cellpadding=\"0\">\n<tbody>\n<tr>\n<td>&nbsp;<\/td>\n<td>&nbsp;<\/td>\n<\/tr>\n<\/tbody>\n<\/table>\n","protected":false},"excerpt":{"rendered":"<p>DOCUMENTOS DE SECRETAR\u00cdA Dentro de este apartado de documentaci\u00f3n del Centro se encuentran diferentes impresos de Secretar\u00eda para agilizar los diferentes tr\u00e1mites que deben entregar en la ventanilla de administraci\u00f3n. Documento de instancia del&#46;&#46;&#46;<\/p>\n","protected":false},"author":12832,"featured_media":0,"parent":0,"menu_order":1,"comment_status":"closed","ping_status":"closed","template":"","meta":{"ngg_post_thumbnail":0,"footnotes":""},"aioseo_notices":[],"_links":{"self":[{"href":"https:\/\/blogsaverroes.juntadeandalucia.es\/olivardequinto\/wp-json\/wp\/v2\/pages\/1164"}],"collection":[{"href":"https:\/\/blogsaverroes.juntadeandalucia.es\/olivardequinto\/wp-json\/wp\/v2\/pages"}],"about":[{"href":"https:\/\/blogsaverroes.juntadeandalucia.es\/olivardequinto\/wp-json\/wp\/v2\/types\/page"}],"author":[{"embeddable":true,"href":"https:\/\/blogsaverroes.juntadeandalucia.es\/olivardequinto\/wp-json\/wp\/v2\/users\/12832"}],"replies":[{"embeddable":true,"href":"https:\/\/blogsaverroes.juntadeandalucia.es\/olivardequinto\/wp-json\/wp\/v2\/comments?post=1164"}],"version-history":[{"count":7,"href":"https:\/\/blogsaverroes.juntadeandalucia.es\/olivardequinto\/wp-json\/wp\/v2\/pages\/1164\/revisions"}],"predecessor-version":[{"id":1965,"href":"https:\/\/blogsaverroes.juntadeandalucia.es\/olivardequinto\/wp-json\/wp\/v2\/pages\/1164\/revisions\/1965"}],"wp:attachment":[{"href":"https:\/\/blogsaverroes.juntadeandalucia.es\/olivardequinto\/wp-json\/wp\/v2\/media?parent=1164"}],"curies":[{"name":"wp","href":"https:\/\/api.w.org\/{rel}","templated":true}]}}