{"id":1191,"date":"2023-01-27T23:10:32","date_gmt":"2023-01-27T22:10:32","guid":{"rendered":"https:\/\/blogsaverroes.juntadeandalucia.es\/olivardequinto\/?page_id=1191"},"modified":"2025-10-06T16:54:36","modified_gmt":"2025-10-06T15:54:36","slug":"calendario-escolar-2","status":"publish","type":"page","link":"https:\/\/blogsaverroes.juntadeandalucia.es\/olivardequinto\/calendario-escolar-2\/","title":{"rendered":"CALENDARIO ESCOLAR"},"content":{"rendered":"<div id=\"tituloItem\" class=\"blockTituloItem\">&nbsp;<\/div>\n<div class=\"blockTituloItem\" style=\"text-align: center\"><strong>CALENDARIO ESCOLAR PARA EL CURSO 2025\/26<\/strong><\/div>\n<div>&nbsp;<\/div>\n<div style=\"text-align: justify\">Aprobado el Calendario Escolar de la provincia de Sevilla para el curso 2025\/2026.<\/div>\n<div style=\"text-align: justify\"><img alt=\"\"><\/div>\n<div><a href=\"https:\/\/blogsaverroes.juntadeandalucia.es\/olivardequinto\/files\/2025\/09\/CALENDARIO-25_26.pdf\" target=\"_blank\" rel=\"noopener\">CALENDARIO-25_26.pdf<\/a><\/div>\n<div>&nbsp;<\/div>\n<div>Adem\u00e1s de los d\u00edas dispuestos en el Calendario Escolar de Sevilla, los d\u00edas de libre disposici\u00f3n (no lectivos) de Dos Hermanas, propuestos por el Consejo Escolar Municipal y aprobados por la Delegaci\u00f3n Territorial de Sevilla son:<\/div>\n<ul>\n<li>20 de octubre, lunes de la Romer\u00eda de Valme.<\/li>\n<li>24 de abril, viernes de Feria de Sevilla.<\/li>\n<li>8 de mayo, viernes de la Feria de Dos Hermanas.<\/li>\n<\/ul>\n<p>Adem\u00e1s el Ayuntamiento de Dos Hermanas proclamar\u00e1 como festivos locales:<\/p>\n<ul style=\"list-style-type: square\">\n<li>7 de mayo, jueves de Feria de Dos Hermanas.<\/li>\n<li>26 de julio, d\u00eda de la Patrona, Sta. Ana (no est\u00e1 en periodo escolar)<\/li>\n<\/ul>\n<div class=\"blockTituloItem\">\u00daltima actualizaci\u00f3n 06\/10\/2025<\/div>\n","protected":false},"excerpt":{"rendered":"<p>&nbsp; CALENDARIO ESCOLAR PARA EL CURSO 2025\/26 &nbsp; Aprobado el Calendario Escolar de la provincia de Sevilla para el curso 2025\/2026. CALENDARIO-25_26.pdf &nbsp; Adem\u00e1s de los d\u00edas dispuestos en el Calendario Escolar de Sevilla,&#46;&#46;&#46;<\/p>\n","protected":false},"author":12832,"featured_media":0,"parent":0,"menu_order":0,"comment_status":"closed","ping_status":"closed","template":"","meta":{"ngg_post_thumbnail":0,"footnotes":""},"aioseo_notices":[],"_links":{"self":[{"href":"https:\/\/blogsaverroes.juntadeandalucia.es\/olivardequinto\/wp-json\/wp\/v2\/pages\/1191"}],"collection":[{"href":"https:\/\/blogsaverroes.juntadeandalucia.es\/olivardequinto\/wp-json\/wp\/v2\/pages"}],"about":[{"href":"https:\/\/blogsaverroes.juntadeandalucia.es\/olivardequinto\/wp-json\/wp\/v2\/types\/page"}],"author":[{"embeddable":true,"href":"https:\/\/blogsaverroes.juntadeandalucia.es\/olivardequinto\/wp-json\/wp\/v2\/users\/12832"}],"replies":[{"embeddable":true,"href":"https:\/\/blogsaverroes.juntadeandalucia.es\/olivardequinto\/wp-json\/wp\/v2\/comments?post=1191"}],"version-history":[{"count":10,"href":"https:\/\/blogsaverroes.juntadeandalucia.es\/olivardequinto\/wp-json\/wp\/v2\/pages\/1191\/revisions"}],"predecessor-version":[{"id":1879,"href":"https:\/\/blogsaverroes.juntadeandalucia.es\/olivardequinto\/wp-json\/wp\/v2\/pages\/1191\/revisions\/1879"}],"wp:attachment":[{"href":"https:\/\/blogsaverroes.juntadeandalucia.es\/olivardequinto\/wp-json\/wp\/v2\/media?parent=1191"}],"curies":[{"name":"wp","href":"https:\/\/api.w.org\/{rel}","templated":true}]}}