{"id":1228,"date":"2023-01-27T23:48:28","date_gmt":"2023-01-27T22:48:28","guid":{"rendered":"https:\/\/blogsaverroes.juntadeandalucia.es\/olivardequinto\/?page_id=1228"},"modified":"2024-05-30T19:02:52","modified_gmt":"2024-05-30T18:02:52","slug":"auladjaque","status":"publish","type":"page","link":"https:\/\/blogsaverroes.juntadeandalucia.es\/olivardequinto\/proyectos-del-centro\/auladjaque\/","title":{"rendered":"AuladJaque"},"content":{"rendered":"<p>Tras la participaci\u00f3n durante este curso en el Torneo de Ajedrez Escolar y la Fiesta del Ajedrez de la Delegaci\u00f3n de Deportes del Exctmo. Ayuntamiento de Dos Hermanas, el pr\u00f3ximo jueves 30 de mayo recogeremos el tercer premio en categor\u00eda benjam\u00edn del Torneo y el segundo premio de la Fiesta del Ajedrez en categor\u00eda alev\u00edn.<\/p>\n<p>Muchas felicidades a todos por participar, a los padres por llevarlos a los Torneos y a los campeones por realizar una buena competici\u00f3n.<\/p>\n<p>Felicidades!!!!<\/p>\n<p>\u00daltima actualizaci\u00f3n 28\/05\/2024<\/p>\n<p>&nbsp;<\/p>\n<p style=\"text-align: center\"><strong>\u00a1Empezamos con nuestro proyecto AulaDjaque!<\/strong><\/p>\n<p>Aprovechando la celebraci\u00f3n del&nbsp;<strong>d\u00eda del ajedrez, 19 de noviembre<\/strong>, empezamos con nuestro proyecto&nbsp;<strong>AulaDjaque<\/strong>, con el cual pretendemos acercar a nuestro alumnado este maravilloso deporte y que se anime a practicarlo dentro y fuera del colegio.<\/p>\n<p>Para m\u00e1s informaci\u00f3n, puedes encontrarla en el <a href=\"http:\/\/\u00a1Empezamos con nuestro proyecto AulaDjaque! Aprovechando la celebraci\u00f3n del d\u00eda del ajedrez, 19 de noviembre, empezamos con nuestro proyecto AulaDjaque, con el cual pretendemos acercar a nuestro alumnado este maravilloso deporte y que se anime a pract\u00edcalo dentro y fuera del colegio.\">blog de coedupaz<\/a><\/p>\n<p><img fetchpriority=\"high\" decoding=\"async\" class=\"size-medium wp-image-171 alignleft\" src=\"https:\/\/blogsaverroes.juntadeandalucia.es\/coedupazolivar2223\/files\/2022\/11\/WhatsApp-Image-2022-11-23-at-14.06.09-225x300.jpeg\" alt=\"\" width=\"225\" height=\"300\"><img decoding=\"async\" class=\"size-medium wp-image-170 alignright\" src=\"https:\/\/blogsaverroes.juntadeandalucia.es\/coedupazolivar2223\/files\/2022\/11\/WhatsApp-Image-2022-11-23-at-14.06.11-225x300.jpeg\" alt=\"\" width=\"225\" height=\"300\"><\/p>\n<p>&nbsp;<\/p>\n<p>&nbsp;<\/p>\n<p>&nbsp;<\/p>\n<p>&nbsp;<\/p>\n<p><img decoding=\"async\" class=\"size-medium wp-image-169 aligncenter\" src=\"https:\/\/blogsaverroes.juntadeandalucia.es\/coedupazolivar2223\/files\/2022\/11\/WhatsApp-Image-2022-11-23-at-14.06.12-225x300.jpeg\" alt=\"\" width=\"225\" height=\"300\"><img loading=\"lazy\" decoding=\"async\" class=\"size-medium wp-image-166 alignright\" src=\"https:\/\/blogsaverroes.juntadeandalucia.es\/coedupazolivar2223\/files\/2022\/11\/WhatsApp-Image-2022-11-23-at-14.06.15-1-225x300.jpeg\" alt=\"\" width=\"225\" height=\"300\"><img loading=\"lazy\" decoding=\"async\" class=\"size-medium wp-image-168 alignleft\" src=\"https:\/\/blogsaverroes.juntadeandalucia.es\/coedupazolivar2223\/files\/2022\/11\/WhatsApp-Image-2022-11-23-at-14.06.13-225x300.jpeg\" alt=\"\" width=\"225\" height=\"300\"><\/p>\n","protected":false},"excerpt":{"rendered":"<p>Tras la participaci\u00f3n durante este curso en el Torneo de Ajedrez Escolar y la Fiesta del Ajedrez de la Delegaci\u00f3n de Deportes del Exctmo. Ayuntamiento de Dos Hermanas, el pr\u00f3ximo jueves 30 de mayo&#46;&#46;&#46;<\/p>\n","protected":false},"author":12832,"featured_media":0,"parent":1219,"menu_order":0,"comment_status":"closed","ping_status":"closed","template":"","meta":{"ngg_post_thumbnail":0,"footnotes":""},"aioseo_notices":[],"_links":{"self":[{"href":"https:\/\/blogsaverroes.juntadeandalucia.es\/olivardequinto\/wp-json\/wp\/v2\/pages\/1228"}],"collection":[{"href":"https:\/\/blogsaverroes.juntadeandalucia.es\/olivardequinto\/wp-json\/wp\/v2\/pages"}],"about":[{"href":"https:\/\/blogsaverroes.juntadeandalucia.es\/olivardequinto\/wp-json\/wp\/v2\/types\/page"}],"author":[{"embeddable":true,"href":"https:\/\/blogsaverroes.juntadeandalucia.es\/olivardequinto\/wp-json\/wp\/v2\/users\/12832"}],"replies":[{"embeddable":true,"href":"https:\/\/blogsaverroes.juntadeandalucia.es\/olivardequinto\/wp-json\/wp\/v2\/comments?post=1228"}],"version-history":[{"count":8,"href":"https:\/\/blogsaverroes.juntadeandalucia.es\/olivardequinto\/wp-json\/wp\/v2\/pages\/1228\/revisions"}],"predecessor-version":[{"id":1442,"href":"https:\/\/blogsaverroes.juntadeandalucia.es\/olivardequinto\/wp-json\/wp\/v2\/pages\/1228\/revisions\/1442"}],"up":[{"embeddable":true,"href":"https:\/\/blogsaverroes.juntadeandalucia.es\/olivardequinto\/wp-json\/wp\/v2\/pages\/1219"}],"wp:attachment":[{"href":"https:\/\/blogsaverroes.juntadeandalucia.es\/olivardequinto\/wp-json\/wp\/v2\/media?parent=1228"}],"curies":[{"name":"wp","href":"https:\/\/api.w.org\/{rel}","templated":true}]}}