{"id":1235,"date":"2023-01-27T23:50:05","date_gmt":"2023-01-27T22:50:05","guid":{"rendered":"https:\/\/blogsaverroes.juntadeandalucia.es\/olivardequinto\/?page_id=1235"},"modified":"2024-05-30T19:02:11","modified_gmt":"2024-05-30T18:02:11","slug":"tde","status":"publish","type":"page","link":"https:\/\/blogsaverroes.juntadeandalucia.es\/olivardequinto\/proyectos-del-centro\/tde\/","title":{"rendered":"TDE"},"content":{"rendered":"<div id=\"contenido_principal\">\n<table id=\"\" border=\"0\" width=\"100%\" cellspacing=\"0\" cellpadding=\"0\">\n<tbody>\n<tr>\n<td class=\"col-contenido\" valign=\"top\">\n<div id=\"contenido\" class=\"contenido\">\n<div id=\"contenido_sitio\">\n<p>En el Colegio contamos con una red cableada de internet en todas las aulas, una red wifi por todo el Centro, tel\u00e9fonos internos en las aulas, ordenadores de sobremesa en las aulas y ciclos, pizarras digitales en todas las aulas y en el aula de religi\u00f3n, m\u00fasica y biblioteca.<\/p>\n<p>Para el funcionamiento de los proyectos en el aula, el alumnado del Centro tiene acceso a un carro de tablets, uno de microport\u00e1tiles y dos carros de ordenadores port\u00e1tiles.<\/p>\n<p>El profesorado del Centro est\u00e1 en continua formaci\u00f3n digital sobre metodolog\u00edas activas para el alumnado, todo coordinado por Paqui Escalera, nuestra coordinadora TDE.<\/p>\n<p>&nbsp;<\/p>\n<\/div>\n<div class=\"fechaModif\">\u00daltima actualizaci\u00f3n: 30\/05\/2024<\/div>\n<div>&nbsp;<\/div>\n<\/div>\n<\/td>\n<\/tr>\n<tr>\n<td id=\"curva-col-secciones\" class=\"fondoMenuIzq col-secciones\">&nbsp;<\/td>\n<td class=\"col-contenido\">&nbsp;<\/td>\n<td id=\"curva-col-menu_secundario\" class=\"col-menu_secundario fondoMenuSecundario\">&nbsp;<\/td>\n<\/tr>\n<\/tbody>\n<\/table>\n<\/div>\n","protected":false},"excerpt":{"rendered":"<p>En el Colegio contamos con una red cableada de internet en todas las aulas, una red wifi por todo el Centro, tel\u00e9fonos internos en las aulas, ordenadores de sobremesa en las aulas y ciclos,&#46;&#46;&#46;<\/p>\n","protected":false},"author":12832,"featured_media":0,"parent":1219,"menu_order":0,"comment_status":"closed","ping_status":"closed","template":"","meta":{"ngg_post_thumbnail":0,"footnotes":""},"aioseo_notices":[],"_links":{"self":[{"href":"https:\/\/blogsaverroes.juntadeandalucia.es\/olivardequinto\/wp-json\/wp\/v2\/pages\/1235"}],"collection":[{"href":"https:\/\/blogsaverroes.juntadeandalucia.es\/olivardequinto\/wp-json\/wp\/v2\/pages"}],"about":[{"href":"https:\/\/blogsaverroes.juntadeandalucia.es\/olivardequinto\/wp-json\/wp\/v2\/types\/page"}],"author":[{"embeddable":true,"href":"https:\/\/blogsaverroes.juntadeandalucia.es\/olivardequinto\/wp-json\/wp\/v2\/users\/12832"}],"replies":[{"embeddable":true,"href":"https:\/\/blogsaverroes.juntadeandalucia.es\/olivardequinto\/wp-json\/wp\/v2\/comments?post=1235"}],"version-history":[{"count":4,"href":"https:\/\/blogsaverroes.juntadeandalucia.es\/olivardequinto\/wp-json\/wp\/v2\/pages\/1235\/revisions"}],"predecessor-version":[{"id":1490,"href":"https:\/\/blogsaverroes.juntadeandalucia.es\/olivardequinto\/wp-json\/wp\/v2\/pages\/1235\/revisions\/1490"}],"up":[{"embeddable":true,"href":"https:\/\/blogsaverroes.juntadeandalucia.es\/olivardequinto\/wp-json\/wp\/v2\/pages\/1219"}],"wp:attachment":[{"href":"https:\/\/blogsaverroes.juntadeandalucia.es\/olivardequinto\/wp-json\/wp\/v2\/media?parent=1235"}],"curies":[{"name":"wp","href":"https:\/\/api.w.org\/{rel}","templated":true}]}}