{"id":1238,"date":"2023-01-27T23:50:17","date_gmt":"2023-01-27T22:50:17","guid":{"rendered":"https:\/\/blogsaverroes.juntadeandalucia.es\/olivardequinto\/?page_id=1238"},"modified":"2024-05-30T19:03:15","modified_gmt":"2024-05-30T18:03:15","slug":"autoproteccion","status":"publish","type":"page","link":"https:\/\/blogsaverroes.juntadeandalucia.es\/olivardequinto\/proyectos-del-centro\/autoproteccion\/","title":{"rendered":"AUTOPROTECCI\u00d3N"},"content":{"rendered":"<p style=\"text-align: center\">PLAN DE AUTOPROTECCI\u00d3N DEL CENTRO Y RIESGOS LABORALES<\/p>\n<p>Coordinado por D\u00f1a. Aurora Garc\u00eda P\u00e9rez<\/p>\n<p>Equipo de trabajo: D. Antonio Mill\u00e1n y d\u00f1a. Marina Aldana.<\/p>\n<p>&nbsp;<\/p>\n<p>Este curso, como novedad, se han ido realizando simulacros de emergencia por nivel, para que el alumnado aprendiera su recorrido, c\u00f3mo actuar, permanecer tranquilos,&#8230; para terminar con el <a href=\"https:\/\/blogsaverroes.juntadeandalucia.es\/coedupazolivar2223\/2023\/02\/10\/simulacro-de-emergencia\/\" target=\"_blank\" rel=\"noopener\">simulacros de emergencia<\/a> del Centro, donde todo el alumnado y equipo docente se reuni\u00f3n en la pista polideportiva del Colegio con \u00e9xito.<\/p>\n<p>Para el segundo simulacro, y gracias a tener un nuevo equipo de m\u00fasica en el Colegio, hemos cambiado la sirena por una sinton\u00eda de emergencia.<\/p>\n<p>Estamos preparados, para las posibles olas de calor, tenemos en cuenta el &#8220;<a href=\"https:\/\/www.juntadeandalucia.es\/educacion\/portals\/web\/ced\/contenidos\/-\/contenidos\/detalle\/protocolo-general-de-actuacion-en-el-ambito-educativo-ante-olas-de-calor-o-altas-temperaturas-excepcionales\" target=\"_blank\" rel=\"noopener\">Protocolo general de actuaciones en el \u00e1mbito educativo ante olas de calor y altas temperaturas excepcionales<\/a>&#8221; que marca la Junta de Andaluc\u00eda. Agradecemos a nuestra AMPA, &#8220;AMPA el Olivar&#8221;, la revisi\u00f3n y puesta a punto de los aires acondicionados del Colegio para que nuestro alumnado y profesorado pueda estar lo mejor posible en los momentos de calor.<\/p>\n<p>\u00daltima actualizaci\u00f3n: 29\/05\/2024<\/p>\n","protected":false},"excerpt":{"rendered":"<p>PLAN DE AUTOPROTECCI\u00d3N DEL CENTRO Y RIESGOS LABORALES Coordinado por D\u00f1a. Aurora Garc\u00eda P\u00e9rez Equipo de trabajo: D. Antonio Mill\u00e1n y d\u00f1a. Marina Aldana. &nbsp; Este curso, como novedad, se han ido realizando simulacros&#46;&#46;&#46;<\/p>\n","protected":false},"author":12832,"featured_media":0,"parent":1219,"menu_order":0,"comment_status":"closed","ping_status":"closed","template":"","meta":{"ngg_post_thumbnail":0,"footnotes":""},"aioseo_notices":[],"_links":{"self":[{"href":"https:\/\/blogsaverroes.juntadeandalucia.es\/olivardequinto\/wp-json\/wp\/v2\/pages\/1238"}],"collection":[{"href":"https:\/\/blogsaverroes.juntadeandalucia.es\/olivardequinto\/wp-json\/wp\/v2\/pages"}],"about":[{"href":"https:\/\/blogsaverroes.juntadeandalucia.es\/olivardequinto\/wp-json\/wp\/v2\/types\/page"}],"author":[{"embeddable":true,"href":"https:\/\/blogsaverroes.juntadeandalucia.es\/olivardequinto\/wp-json\/wp\/v2\/users\/12832"}],"replies":[{"embeddable":true,"href":"https:\/\/blogsaverroes.juntadeandalucia.es\/olivardequinto\/wp-json\/wp\/v2\/comments?post=1238"}],"version-history":[{"count":4,"href":"https:\/\/blogsaverroes.juntadeandalucia.es\/olivardequinto\/wp-json\/wp\/v2\/pages\/1238\/revisions"}],"predecessor-version":[{"id":1441,"href":"https:\/\/blogsaverroes.juntadeandalucia.es\/olivardequinto\/wp-json\/wp\/v2\/pages\/1238\/revisions\/1441"}],"up":[{"embeddable":true,"href":"https:\/\/blogsaverroes.juntadeandalucia.es\/olivardequinto\/wp-json\/wp\/v2\/pages\/1219"}],"wp:attachment":[{"href":"https:\/\/blogsaverroes.juntadeandalucia.es\/olivardequinto\/wp-json\/wp\/v2\/media?parent=1238"}],"curies":[{"name":"wp","href":"https:\/\/api.w.org\/{rel}","templated":true}]}}